{"id":57609,"date":"2022-09-26T12:13:37","date_gmt":"2022-09-26T12:13:37","guid":{"rendered":"https:\/\/sales-ai-agents.com\/templates\/annual-goals\/"},"modified":"2023-12-26T20:44:35","modified_gmt":"2023-12-26T20:44:35","slug":"annual-goals","status":"publish","type":"product","link":"https:\/\/sales-ai-agents.com\/de\/templates\/annual-goals\/","title":{"rendered":"J\u00e4hrliche Ziele"},"content":{"rendered":"<p>&nbsp;<\/p>\n<h2>Vorlage f\u00fcr Jahresziele<\/h2>\n<p class=\"desc-text\">Setzen Sie sich starke Ziele f\u00fcr das ganze Jahr, damit Sie mit der Umsetzung beginnen k\u00f6nnen. Um unsere Ziele zu erreichen, m\u00fcssen wir unsere Tr\u00e4ume in t\u00e4gliche Aktionen umsetzen. Beginnen Sie mit dem Ausf\u00fcllen dieser Vorlage.<\/p>\n<h5>Wie zu verwenden:<\/h5>\n<ul class=\"desc-item_list\">\n<li class=\"desc-item_list__point\">Schreiben Sie Ihre Jahresziele<\/li>\n<li class=\"desc-item_list__point\">Geben Sie die Nummer des Quartals an, in dem das Ziel erreicht werden soll.<\/li>\n<li class=\"desc-item_list__point\">Markieren, wenn das Ziel erreicht ist<\/li>\n<\/ul>\n","protected":false},"excerpt":{"rendered":"<p>Setzen Sie sich mit dieser kostenlosen, anpassbaren Vorlage starke Ziele f\u00fcr das ganze Jahr. Wir sollten sofort mit der Umsetzung beginnen, um unsere Tr\u00e4ume in die Tat umzusetzen.<\/p>\n","protected":false},"featured_media":20628,"template":"","meta":{"_acf_changed":false,"inline_featured_image":false},"product_brand":[],"product_cat":[179,180],"product_tag":[],"class_list":{"0":"post-57609","1":"product","2":"type-product","3":"status-publish","4":"has-post-thumbnail","6":"product_cat-organizers-planners","7":"product_cat-personal","9":"first","10":"instock","11":"virtual","12":"sold-individually","13":"product-type-simple"},"acf":[],"yoast_head":"<!-- This site is optimized with the Yoast SEO plugin v25.3.1 - https:\/\/yoast.com\/wordpress\/plugins\/seo\/ -->\n<title>Vorlage f\u00fcr Jahresziele - Sales AI Agents<\/title>\n<meta name=\"description\" content=\"Setzen Sie sich mit dieser kostenlosen, anpassbaren Vorlage starke Ziele f\u00fcr das ganze Jahr. Beginnen Sie sofort mit Nimbus, um diese Ziele zu erreichen!\" \/>\n<meta name=\"robots\" content=\"index, follow, max-snippet:-1, max-image-preview:large, max-video-preview:-1\" \/>\n<link rel=\"canonical\" href=\"https:\/\/sales-ai-agents.com\/de\/templates\/annual-goals\/\" \/>\n<meta property=\"og:locale\" content=\"de_DE\" \/>\n<meta property=\"og:type\" content=\"article\" \/>\n<meta property=\"og:title\" content=\"Vorlage f\u00fcr Jahresziele - Sales AI Agents\" \/>\n<meta property=\"og:description\" content=\"Setzen Sie sich mit dieser kostenlosen, anpassbaren Vorlage starke Ziele f\u00fcr das ganze Jahr. Beginnen Sie sofort mit Nimbus, um diese Ziele zu erreichen!\" \/>\n<meta property=\"og:url\" content=\"https:\/\/sales-ai-agents.com\/de\/templates\/annual-goals\/\" \/>\n<meta property=\"og:site_name\" content=\"Sales AI Agents\" \/>\n<meta property=\"article:modified_time\" content=\"2023-12-26T20:44:35+00:00\" \/>\n<meta property=\"og:image\" content=\"https:\/\/sales-ai-agents.com\/wp-content\/uploads\/2023\/01\/image-preview121914.png\" \/>\n\t<meta property=\"og:image:width\" content=\"1078\" \/>\n\t<meta property=\"og:image:height\" content=\"809\" \/>\n\t<meta property=\"og:image:type\" content=\"image\/png\" \/>\n<meta name=\"twitter:card\" content=\"summary_large_image\" \/>\n<script type=\"application\/ld+json\" class=\"yoast-schema-graph\">{\"@context\":\"https:\/\/schema.org\",\"@graph\":[{\"@type\":\"WebPage\",\"@id\":\"https:\/\/sales-ai-agents.com\/de\/templates\/annual-goals\/\",\"url\":\"https:\/\/sales-ai-agents.com\/de\/templates\/annual-goals\/\",\"name\":\"Vorlage f\u00fcr Jahresziele - Sales AI Agents\",\"isPartOf\":{\"@id\":\"https:\/\/sales-ai-agents.com\/#website\"},\"primaryImageOfPage\":{\"@id\":\"https:\/\/sales-ai-agents.com\/de\/templates\/annual-goals\/#primaryimage\"},\"image\":{\"@id\":\"https:\/\/sales-ai-agents.com\/de\/templates\/annual-goals\/#primaryimage\"},\"thumbnailUrl\":\"https:\/\/sales-ai-agents.com\/wp-content\/uploads\/2023\/01\/image-preview121914.png\",\"datePublished\":\"2022-09-26T12:13:37+00:00\",\"dateModified\":\"2023-12-26T20:44:35+00:00\",\"description\":\"Setzen Sie sich mit dieser kostenlosen, anpassbaren Vorlage starke Ziele f\u00fcr das ganze Jahr. Beginnen Sie sofort mit Nimbus, um diese Ziele zu erreichen!\",\"inLanguage\":\"de-DE\",\"potentialAction\":[{\"@type\":\"ReadAction\",\"target\":[\"https:\/\/sales-ai-agents.com\/de\/templates\/annual-goals\/\"]}]},{\"@type\":\"ImageObject\",\"inLanguage\":\"de-DE\",\"@id\":\"https:\/\/sales-ai-agents.com\/de\/templates\/annual-goals\/#primaryimage\",\"url\":\"https:\/\/sales-ai-agents.com\/wp-content\/uploads\/2023\/01\/image-preview121914.png\",\"contentUrl\":\"https:\/\/sales-ai-agents.com\/wp-content\/uploads\/2023\/01\/image-preview121914.png\",\"width\":1078,\"height\":809,\"caption\":\"Annual Goals Template - Nimbus Platform\"},{\"@type\":\"WebSite\",\"@id\":\"https:\/\/sales-ai-agents.com\/#website\",\"url\":\"https:\/\/sales-ai-agents.com\/\",\"name\":\"FuseBase\",\"description\":\"Nimbus Platform - Free Online Collaboration Software for Remote Teams. Build your wikis, client portals and more with the Nimbus Platform collaboration tool ? A perfect space for online work\",\"publisher\":{\"@id\":\"https:\/\/sales-ai-agents.com\/#organization\"},\"potentialAction\":[{\"@type\":\"SearchAction\",\"target\":{\"@type\":\"EntryPoint\",\"urlTemplate\":\"https:\/\/sales-ai-agents.com\/?s={search_term_string}\"},\"query-input\":{\"@type\":\"PropertyValueSpecification\",\"valueRequired\":true,\"valueName\":\"search_term_string\"}}],\"inLanguage\":\"de-DE\"},{\"@type\":\"Organization\",\"@id\":\"https:\/\/sales-ai-agents.com\/#organization\",\"name\":\"FuseBase\",\"url\":\"https:\/\/sales-ai-agents.com\/\",\"logo\":{\"@type\":\"ImageObject\",\"inLanguage\":\"de-DE\",\"@id\":\"https:\/\/sales-ai-agents.com\/#\/schema\/logo\/image\/\",\"url\":\"https:\/\/sales-ai-agents.com\/wp-content\/uploads\/2023\/11\/icon-7.svg\",\"contentUrl\":\"https:\/\/sales-ai-agents.com\/wp-content\/uploads\/2023\/11\/icon-7.svg\",\"width\":128,\"height\":128,\"caption\":\"FuseBase\"},\"image\":{\"@id\":\"https:\/\/sales-ai-agents.com\/#\/schema\/logo\/image\/\"}}]}<\/script>\n<!-- \/ Yoast SEO plugin. -->","yoast_head_json":{"title":"Vorlage f\u00fcr Jahresziele - Sales AI Agents","description":"Setzen Sie sich mit dieser kostenlosen, anpassbaren Vorlage starke Ziele f\u00fcr das ganze Jahr. Beginnen Sie sofort mit Nimbus, um diese Ziele zu erreichen!","robots":{"index":"index","follow":"follow","max-snippet":"max-snippet:-1","max-image-preview":"max-image-preview:large","max-video-preview":"max-video-preview:-1"},"canonical":"https:\/\/sales-ai-agents.com\/de\/templates\/annual-goals\/","og_locale":"de_DE","og_type":"article","og_title":"Vorlage f\u00fcr Jahresziele - Sales AI Agents","og_description":"Setzen Sie sich mit dieser kostenlosen, anpassbaren Vorlage starke Ziele f\u00fcr das ganze Jahr. Beginnen Sie sofort mit Nimbus, um diese Ziele zu erreichen!","og_url":"https:\/\/sales-ai-agents.com\/de\/templates\/annual-goals\/","og_site_name":"Sales AI Agents","article_modified_time":"2023-12-26T20:44:35+00:00","og_image":[{"width":1078,"height":809,"url":"https:\/\/sales-ai-agents.com\/wp-content\/uploads\/2023\/01\/image-preview121914.png","type":"image\/png"}],"twitter_card":"summary_large_image","schema":{"@context":"https:\/\/schema.org","@graph":[{"@type":"WebPage","@id":"https:\/\/sales-ai-agents.com\/de\/templates\/annual-goals\/","url":"https:\/\/sales-ai-agents.com\/de\/templates\/annual-goals\/","name":"Vorlage f\u00fcr Jahresziele - Sales AI Agents","isPartOf":{"@id":"https:\/\/sales-ai-agents.com\/#website"},"primaryImageOfPage":{"@id":"https:\/\/sales-ai-agents.com\/de\/templates\/annual-goals\/#primaryimage"},"image":{"@id":"https:\/\/sales-ai-agents.com\/de\/templates\/annual-goals\/#primaryimage"},"thumbnailUrl":"https:\/\/sales-ai-agents.com\/wp-content\/uploads\/2023\/01\/image-preview121914.png","datePublished":"2022-09-26T12:13:37+00:00","dateModified":"2023-12-26T20:44:35+00:00","description":"Setzen Sie sich mit dieser kostenlosen, anpassbaren Vorlage starke Ziele f\u00fcr das ganze Jahr. Beginnen Sie sofort mit Nimbus, um diese Ziele zu erreichen!","inLanguage":"de-DE","potentialAction":[{"@type":"ReadAction","target":["https:\/\/sales-ai-agents.com\/de\/templates\/annual-goals\/"]}]},{"@type":"ImageObject","inLanguage":"de-DE","@id":"https:\/\/sales-ai-agents.com\/de\/templates\/annual-goals\/#primaryimage","url":"https:\/\/sales-ai-agents.com\/wp-content\/uploads\/2023\/01\/image-preview121914.png","contentUrl":"https:\/\/sales-ai-agents.com\/wp-content\/uploads\/2023\/01\/image-preview121914.png","width":1078,"height":809,"caption":"Annual Goals Template - Nimbus Platform"},{"@type":"WebSite","@id":"https:\/\/sales-ai-agents.com\/#website","url":"https:\/\/sales-ai-agents.com\/","name":"FuseBase","description":"Nimbus Platform - Free Online Collaboration Software for Remote Teams. Build your wikis, client portals and more with the Nimbus Platform collaboration tool ? A perfect space for online work","publisher":{"@id":"https:\/\/sales-ai-agents.com\/#organization"},"potentialAction":[{"@type":"SearchAction","target":{"@type":"EntryPoint","urlTemplate":"https:\/\/sales-ai-agents.com\/?s={search_term_string}"},"query-input":{"@type":"PropertyValueSpecification","valueRequired":true,"valueName":"search_term_string"}}],"inLanguage":"de-DE"},{"@type":"Organization","@id":"https:\/\/sales-ai-agents.com\/#organization","name":"FuseBase","url":"https:\/\/sales-ai-agents.com\/","logo":{"@type":"ImageObject","inLanguage":"de-DE","@id":"https:\/\/sales-ai-agents.com\/#\/schema\/logo\/image\/","url":"https:\/\/sales-ai-agents.com\/wp-content\/uploads\/2023\/11\/icon-7.svg","contentUrl":"https:\/\/sales-ai-agents.com\/wp-content\/uploads\/2023\/11\/icon-7.svg","width":128,"height":128,"caption":"FuseBase"},"image":{"@id":"https:\/\/sales-ai-agents.com\/#\/schema\/logo\/image\/"}}]}},"_links":{"self":[{"href":"https:\/\/sales-ai-agents.com\/de\/wp-json\/wp\/v2\/product\/57609","targetHints":{"allow":["GET"]}}],"collection":[{"href":"https:\/\/sales-ai-agents.com\/de\/wp-json\/wp\/v2\/product"}],"about":[{"href":"https:\/\/sales-ai-agents.com\/de\/wp-json\/wp\/v2\/types\/product"}],"wp:featuredmedia":[{"embeddable":true,"href":"https:\/\/sales-ai-agents.com\/de\/wp-json\/wp\/v2\/media\/20628"}],"wp:attachment":[{"href":"https:\/\/sales-ai-agents.com\/de\/wp-json\/wp\/v2\/media?parent=57609"}],"wp:term":[{"taxonomy":"product_brand","embeddable":true,"href":"https:\/\/sales-ai-agents.com\/de\/wp-json\/wp\/v2\/product_brand?post=57609"},{"taxonomy":"product_cat","embeddable":true,"href":"https:\/\/sales-ai-agents.com\/de\/wp-json\/wp\/v2\/product_cat?post=57609"},{"taxonomy":"product_tag","embeddable":true,"href":"https:\/\/sales-ai-agents.com\/de\/wp-json\/wp\/v2\/product_tag?post=57609"}],"curies":[{"name":"wp","href":"https:\/\/api.w.org\/{rel}","templated":true}]}}