{"id":57613,"date":"2022-09-26T12:13:33","date_gmt":"2022-09-26T12:13:33","guid":{"rendered":"https:\/\/sales-ai-agents.com\/templates\/minimalist-weekly-planner\/"},"modified":"2023-12-26T15:03:15","modified_gmt":"2023-12-26T15:03:15","slug":"minimalist-weekly-planner","status":"publish","type":"product","link":"https:\/\/sales-ai-agents.com\/de\/templates\/minimalist-weekly-planner\/","title":{"rendered":"Minimalistischer Wochenplaner"},"content":{"rendered":"<p>&nbsp;<\/p>\n<h2>Minimalistischer Wochenplaner Vorlage<\/h2>\n<p class=\"desc-text\">Unser minimalistischer Wochenplaner verf\u00fcgt \u00fcber eine \u00fcbersichtliche Tabelle und eine Aufgabenliste, damit Sie Ihre Woche m\u00fchelos bew\u00e4ltigen k\u00f6nnen. Legen Sie Ihre Aufgaben, Zust\u00e4ndigkeiten, Fristen und Ereignisse f\u00fcr die Woche fest. Jedes Ereignis kommt in eine beschriftete Box f\u00fcr den entsprechenden Tag. Verwenden Sie die Aufgabenliste, um erledigte Aufgaben abzuhaken, damit Sie sicher sein k\u00f6nnen, dass Sie alle offenen Fragen gekl\u00e4rt haben.<\/p>\n<h5>Wie zu verwenden:<\/h5>\n<ul class=\"desc-item_list\">\n<li class=\"desc-item_list__point\">Denken Sie an Veranstaltungen und Termine f\u00fcr die Woche<\/li>\n<li class=\"desc-item_list__point\">F\u00fcllen Sie die Tabelle mit Ihrem Zeitplan aus<\/li>\n<li class=\"desc-item_list__point\">Jede Aufgabe wird je nach Tag in ein separates Fach gelegt<\/li>\n<li class=\"desc-item_list__point\">Auflistung bestimmter Aufgaben in der Aufgabenliste<\/li>\n<li class=\"desc-item_list__point\">Erledigte Aufgaben nach und nach abhaken<\/li>\n<\/ul>\n","protected":false},"excerpt":{"rendered":"<p>Unser kostenloser, minimalistischer Wochenplaner zeichnet sich durch einen aufger\u00e4umten Tisch und eine To-Do-Liste aus. Legen Sie Ihre Aufgaben, Zust\u00e4ndigkeiten, Fristen und Ereignisse f\u00fcr die Woche einfach fest.<\/p>\n","protected":false},"featured_media":20626,"template":"","meta":{"_acf_changed":false,"inline_featured_image":false},"product_brand":[],"product_cat":[179,180,185],"product_tag":[],"class_list":{"0":"post-57613","1":"product","2":"type-product","3":"status-publish","4":"has-post-thumbnail","6":"product_cat-organizers-planners","7":"product_cat-personal","8":"product_cat-personal-work","10":"first","11":"instock","12":"virtual","13":"sold-individually","14":"product-type-simple"},"acf":[],"yoast_head":"<!-- This site is optimized with the Yoast SEO plugin v25.3.1 - https:\/\/yoast.com\/wordpress\/plugins\/seo\/ -->\n<title>Minimalistischer Wochenplaner Vorlage - Sales AI Agents<\/title>\n<meta name=\"description\" content=\"Unser kostenloser, minimalistischer Wochenplaner zeichnet sich durch einen aufger\u00e4umten Tisch und eine To-Do-Liste aus. Legen Sie Ihre Aufgaben, Zust\u00e4ndigkeiten, Fristen und Ereignisse f\u00fcr die Woche einfach fest.\" \/>\n<meta name=\"robots\" content=\"index, follow, max-snippet:-1, max-image-preview:large, max-video-preview:-1\" \/>\n<link rel=\"canonical\" href=\"https:\/\/sales-ai-agents.com\/de\/templates\/minimalist-weekly-planner\/\" \/>\n<meta property=\"og:locale\" content=\"de_DE\" \/>\n<meta property=\"og:type\" content=\"article\" \/>\n<meta property=\"og:title\" content=\"Minimalistischer Wochenplaner Vorlage - Sales AI Agents\" \/>\n<meta property=\"og:description\" content=\"Unser kostenloser, minimalistischer Wochenplaner zeichnet sich durch einen aufger\u00e4umten Tisch und eine To-Do-Liste aus. Legen Sie Ihre Aufgaben, Zust\u00e4ndigkeiten, Fristen und Ereignisse f\u00fcr die Woche einfach fest.\" \/>\n<meta property=\"og:url\" content=\"https:\/\/sales-ai-agents.com\/de\/templates\/minimalist-weekly-planner\/\" \/>\n<meta property=\"og:site_name\" content=\"Sales AI Agents\" \/>\n<meta property=\"article:modified_time\" content=\"2023-12-26T15:03:15+00:00\" \/>\n<meta property=\"og:image\" content=\"https:\/\/sales-ai-agents.com\/wp-content\/uploads\/2023\/01\/image-preview121911.png\" \/>\n\t<meta property=\"og:image:width\" content=\"1078\" \/>\n\t<meta property=\"og:image:height\" content=\"1571\" \/>\n\t<meta property=\"og:image:type\" content=\"image\/png\" \/>\n<meta name=\"twitter:card\" content=\"summary_large_image\" \/>\n<script type=\"application\/ld+json\" class=\"yoast-schema-graph\">{\"@context\":\"https:\/\/schema.org\",\"@graph\":[{\"@type\":\"WebPage\",\"@id\":\"https:\/\/sales-ai-agents.com\/de\/templates\/minimalist-weekly-planner\/\",\"url\":\"https:\/\/sales-ai-agents.com\/de\/templates\/minimalist-weekly-planner\/\",\"name\":\"Minimalistischer Wochenplaner Vorlage - Sales AI Agents\",\"isPartOf\":{\"@id\":\"https:\/\/sales-ai-agents.com\/#website\"},\"primaryImageOfPage\":{\"@id\":\"https:\/\/sales-ai-agents.com\/de\/templates\/minimalist-weekly-planner\/#primaryimage\"},\"image\":{\"@id\":\"https:\/\/sales-ai-agents.com\/de\/templates\/minimalist-weekly-planner\/#primaryimage\"},\"thumbnailUrl\":\"https:\/\/sales-ai-agents.com\/wp-content\/uploads\/2023\/01\/image-preview121911.png\",\"datePublished\":\"2022-09-26T12:13:33+00:00\",\"dateModified\":\"2023-12-26T15:03:15+00:00\",\"description\":\"Unser kostenloser, minimalistischer Wochenplaner zeichnet sich durch einen aufger\u00e4umten Tisch und eine To-Do-Liste aus. Legen Sie Ihre Aufgaben, Zust\u00e4ndigkeiten, Fristen und Ereignisse f\u00fcr die Woche einfach fest.\",\"inLanguage\":\"de-DE\",\"potentialAction\":[{\"@type\":\"ReadAction\",\"target\":[\"https:\/\/sales-ai-agents.com\/de\/templates\/minimalist-weekly-planner\/\"]}]},{\"@type\":\"ImageObject\",\"inLanguage\":\"de-DE\",\"@id\":\"https:\/\/sales-ai-agents.com\/de\/templates\/minimalist-weekly-planner\/#primaryimage\",\"url\":\"https:\/\/sales-ai-agents.com\/wp-content\/uploads\/2023\/01\/image-preview121911.png\",\"contentUrl\":\"https:\/\/sales-ai-agents.com\/wp-content\/uploads\/2023\/01\/image-preview121911.png\",\"width\":1078,\"height\":1571,\"caption\":\"Minimalist Weekly Planner Template - Nimbus Platform\"},{\"@type\":\"WebSite\",\"@id\":\"https:\/\/sales-ai-agents.com\/#website\",\"url\":\"https:\/\/sales-ai-agents.com\/\",\"name\":\"FuseBase\",\"description\":\"Nimbus Platform - Free Online Collaboration Software for Remote Teams. Build your wikis, client portals and more with the Nimbus Platform collaboration tool ? A perfect space for online work\",\"publisher\":{\"@id\":\"https:\/\/sales-ai-agents.com\/#organization\"},\"potentialAction\":[{\"@type\":\"SearchAction\",\"target\":{\"@type\":\"EntryPoint\",\"urlTemplate\":\"https:\/\/sales-ai-agents.com\/?s={search_term_string}\"},\"query-input\":{\"@type\":\"PropertyValueSpecification\",\"valueRequired\":true,\"valueName\":\"search_term_string\"}}],\"inLanguage\":\"de-DE\"},{\"@type\":\"Organization\",\"@id\":\"https:\/\/sales-ai-agents.com\/#organization\",\"name\":\"FuseBase\",\"url\":\"https:\/\/sales-ai-agents.com\/\",\"logo\":{\"@type\":\"ImageObject\",\"inLanguage\":\"de-DE\",\"@id\":\"https:\/\/sales-ai-agents.com\/#\/schema\/logo\/image\/\",\"url\":\"https:\/\/sales-ai-agents.com\/wp-content\/uploads\/2023\/11\/icon-7.svg\",\"contentUrl\":\"https:\/\/sales-ai-agents.com\/wp-content\/uploads\/2023\/11\/icon-7.svg\",\"width\":128,\"height\":128,\"caption\":\"FuseBase\"},\"image\":{\"@id\":\"https:\/\/sales-ai-agents.com\/#\/schema\/logo\/image\/\"}}]}<\/script>\n<!-- \/ Yoast SEO plugin. -->","yoast_head_json":{"title":"Minimalistischer Wochenplaner Vorlage - Sales AI Agents","description":"Unser kostenloser, minimalistischer Wochenplaner zeichnet sich durch einen aufger\u00e4umten Tisch und eine To-Do-Liste aus. Legen Sie Ihre Aufgaben, Zust\u00e4ndigkeiten, Fristen und Ereignisse f\u00fcr die Woche einfach fest.","robots":{"index":"index","follow":"follow","max-snippet":"max-snippet:-1","max-image-preview":"max-image-preview:large","max-video-preview":"max-video-preview:-1"},"canonical":"https:\/\/sales-ai-agents.com\/de\/templates\/minimalist-weekly-planner\/","og_locale":"de_DE","og_type":"article","og_title":"Minimalistischer Wochenplaner Vorlage - Sales AI Agents","og_description":"Unser kostenloser, minimalistischer Wochenplaner zeichnet sich durch einen aufger\u00e4umten Tisch und eine To-Do-Liste aus. Legen Sie Ihre Aufgaben, Zust\u00e4ndigkeiten, Fristen und Ereignisse f\u00fcr die Woche einfach fest.","og_url":"https:\/\/sales-ai-agents.com\/de\/templates\/minimalist-weekly-planner\/","og_site_name":"Sales AI Agents","article_modified_time":"2023-12-26T15:03:15+00:00","og_image":[{"width":1078,"height":1571,"url":"https:\/\/sales-ai-agents.com\/wp-content\/uploads\/2023\/01\/image-preview121911.png","type":"image\/png"}],"twitter_card":"summary_large_image","schema":{"@context":"https:\/\/schema.org","@graph":[{"@type":"WebPage","@id":"https:\/\/sales-ai-agents.com\/de\/templates\/minimalist-weekly-planner\/","url":"https:\/\/sales-ai-agents.com\/de\/templates\/minimalist-weekly-planner\/","name":"Minimalistischer Wochenplaner Vorlage - Sales AI Agents","isPartOf":{"@id":"https:\/\/sales-ai-agents.com\/#website"},"primaryImageOfPage":{"@id":"https:\/\/sales-ai-agents.com\/de\/templates\/minimalist-weekly-planner\/#primaryimage"},"image":{"@id":"https:\/\/sales-ai-agents.com\/de\/templates\/minimalist-weekly-planner\/#primaryimage"},"thumbnailUrl":"https:\/\/sales-ai-agents.com\/wp-content\/uploads\/2023\/01\/image-preview121911.png","datePublished":"2022-09-26T12:13:33+00:00","dateModified":"2023-12-26T15:03:15+00:00","description":"Unser kostenloser, minimalistischer Wochenplaner zeichnet sich durch einen aufger\u00e4umten Tisch und eine To-Do-Liste aus. Legen Sie Ihre Aufgaben, Zust\u00e4ndigkeiten, Fristen und Ereignisse f\u00fcr die Woche einfach fest.","inLanguage":"de-DE","potentialAction":[{"@type":"ReadAction","target":["https:\/\/sales-ai-agents.com\/de\/templates\/minimalist-weekly-planner\/"]}]},{"@type":"ImageObject","inLanguage":"de-DE","@id":"https:\/\/sales-ai-agents.com\/de\/templates\/minimalist-weekly-planner\/#primaryimage","url":"https:\/\/sales-ai-agents.com\/wp-content\/uploads\/2023\/01\/image-preview121911.png","contentUrl":"https:\/\/sales-ai-agents.com\/wp-content\/uploads\/2023\/01\/image-preview121911.png","width":1078,"height":1571,"caption":"Minimalist Weekly Planner Template - Nimbus Platform"},{"@type":"WebSite","@id":"https:\/\/sales-ai-agents.com\/#website","url":"https:\/\/sales-ai-agents.com\/","name":"FuseBase","description":"Nimbus Platform - Free Online Collaboration Software for Remote Teams. Build your wikis, client portals and more with the Nimbus Platform collaboration tool ? A perfect space for online work","publisher":{"@id":"https:\/\/sales-ai-agents.com\/#organization"},"potentialAction":[{"@type":"SearchAction","target":{"@type":"EntryPoint","urlTemplate":"https:\/\/sales-ai-agents.com\/?s={search_term_string}"},"query-input":{"@type":"PropertyValueSpecification","valueRequired":true,"valueName":"search_term_string"}}],"inLanguage":"de-DE"},{"@type":"Organization","@id":"https:\/\/sales-ai-agents.com\/#organization","name":"FuseBase","url":"https:\/\/sales-ai-agents.com\/","logo":{"@type":"ImageObject","inLanguage":"de-DE","@id":"https:\/\/sales-ai-agents.com\/#\/schema\/logo\/image\/","url":"https:\/\/sales-ai-agents.com\/wp-content\/uploads\/2023\/11\/icon-7.svg","contentUrl":"https:\/\/sales-ai-agents.com\/wp-content\/uploads\/2023\/11\/icon-7.svg","width":128,"height":128,"caption":"FuseBase"},"image":{"@id":"https:\/\/sales-ai-agents.com\/#\/schema\/logo\/image\/"}}]}},"_links":{"self":[{"href":"https:\/\/sales-ai-agents.com\/de\/wp-json\/wp\/v2\/product\/57613","targetHints":{"allow":["GET"]}}],"collection":[{"href":"https:\/\/sales-ai-agents.com\/de\/wp-json\/wp\/v2\/product"}],"about":[{"href":"https:\/\/sales-ai-agents.com\/de\/wp-json\/wp\/v2\/types\/product"}],"wp:featuredmedia":[{"embeddable":true,"href":"https:\/\/sales-ai-agents.com\/de\/wp-json\/wp\/v2\/media\/20626"}],"wp:attachment":[{"href":"https:\/\/sales-ai-agents.com\/de\/wp-json\/wp\/v2\/media?parent=57613"}],"wp:term":[{"taxonomy":"product_brand","embeddable":true,"href":"https:\/\/sales-ai-agents.com\/de\/wp-json\/wp\/v2\/product_brand?post=57613"},{"taxonomy":"product_cat","embeddable":true,"href":"https:\/\/sales-ai-agents.com\/de\/wp-json\/wp\/v2\/product_cat?post=57613"},{"taxonomy":"product_tag","embeddable":true,"href":"https:\/\/sales-ai-agents.com\/de\/wp-json\/wp\/v2\/product_tag?post=57613"}],"curies":[{"name":"wp","href":"https:\/\/api.w.org\/{rel}","templated":true}]}}