{"id":57617,"date":"2022-09-26T12:13:30","date_gmt":"2022-09-26T12:13:30","guid":{"rendered":"https:\/\/sales-ai-agents.com\/templates\/client-proposal\/"},"modified":"2023-12-26T20:24:47","modified_gmt":"2023-12-26T20:24:47","slug":"client-proposal","status":"publish","type":"product","link":"https:\/\/sales-ai-agents.com\/de\/templates\/client-proposal\/","title":{"rendered":"Vorschlag des Kunden"},"content":{"rendered":"<p>&nbsp;<\/p>\n<h2>Vorlage f\u00fcr ein Kundenangebot<\/h2>\n<p class=\"desc-text\">Mit Nimbus k\u00f6nnen Sie alle wichtigen Informationen f\u00fcr Ihr Kundenangebot auf einer einzigen Seite zusammenfassen. F\u00fcgen Sie Ihre Unternehmensbeschreibung hinzu, f\u00fcgen Sie Dateien und Einbettungen ein und laden Sie Ihre potenziellen Kunden ein, ein Treffen mit Ihnen zu buchen, ohne die Registerkarte zu verlassen!<br \/>\nSie k\u00f6nnen auch Chat- oder CTA-Elemente zu Ihren Nimbus-Seiten hinzuf\u00fcgen, damit Ihre Kunden Ihr Angebot leichter annehmen k\u00f6nnen.<\/p>\n<h5>Wie zu verwenden:<\/h5>\n<ul class=\"desc-item_list\">\n<li class=\"desc-item_list__point\">Beginnen Sie damit, wie Sie Ihren Interessenten helfen k\u00f6nnen. Zeigen Sie, was Sie f\u00fcr sie tun werden und welche Ergebnisse Sie damit erzielen k\u00f6nnen.<\/li>\n<li class=\"desc-item_list__point\">F\u00fcgen Sie Informationen \u00fcber Ihr Unternehmen und Ihre Dienstleistungen hinzu.<\/li>\n<li class=\"desc-item_list__point\">Informieren Sie Ihre Interessenten \u00fcber die n\u00e4chsten Schritte: Was sollen sie tun? (Buchen Sie einen Termin, klicken Sie auf die Schaltfl\u00e4che &#8222;Vorschlag annehmen&#8220;).<\/li>\n<li class=\"desc-item_list__point\">Wenn eine Besprechung erforderlich ist, binden Sie Calendly direkt auf der Nimbus-Seite ein. Vergessen Sie nicht, die Punkte aufzuschreiben, die Sie besprechen wollen!<\/li>\n<\/ul>\n","protected":false},"excerpt":{"rendered":"<p>Erstellen Sie mit dieser kostenlosen, anpassbaren Vorlage ein Kundenangebot, das sich abhebt. Beschreiben Sie Ihre Dienstleistungen im Detail, f\u00fcgen Sie alle ben\u00f6tigten Dateien und Links hinzu und vieles mehr.<\/p>\n","protected":false},"featured_media":26536,"template":"","meta":{"_acf_changed":false,"inline_featured_image":false},"product_brand":[],"product_cat":[174,169,196],"product_tag":[],"class_list":{"0":"post-57617","1":"product","2":"type-product","3":"status-publish","4":"has-post-thumbnail","6":"product_cat-marketing-clients","7":"product_cat-entrepreneur","8":"product_cat-sales-proposals","9":"collections-client","11":"first","12":"instock","13":"virtual","14":"sold-individually","15":"product-type-simple"},"acf":[],"yoast_head":"<!-- This site is optimized with the Yoast SEO plugin v25.3.1 - https:\/\/yoast.com\/wordpress\/plugins\/seo\/ -->\n<title>Vorlage f\u00fcr ein Kundenangebot - Sales AI Agents<\/title>\n<meta name=\"description\" content=\"Erstellen Sie mit dieser kostenlosen, anpassbaren Vorlage ein Kundenangebot, das sich abhebt. Beschreiben Sie Ihre Dienstleistungen im Detail, f\u00fcgen Sie alle ben\u00f6tigten Dateien und Links hinzu und vieles mehr!\" \/>\n<meta name=\"robots\" content=\"index, follow, max-snippet:-1, max-image-preview:large, max-video-preview:-1\" \/>\n<link rel=\"canonical\" href=\"https:\/\/sales-ai-agents.com\/de\/templates\/client-proposal\/\" \/>\n<meta property=\"og:locale\" content=\"de_DE\" \/>\n<meta property=\"og:type\" content=\"article\" \/>\n<meta property=\"og:title\" content=\"Vorlage f\u00fcr ein Kundenangebot - Sales AI Agents\" \/>\n<meta property=\"og:description\" content=\"Erstellen Sie mit dieser kostenlosen, anpassbaren Vorlage ein Kundenangebot, das sich abhebt. Beschreiben Sie Ihre Dienstleistungen im Detail, f\u00fcgen Sie alle ben\u00f6tigten Dateien und Links hinzu und vieles mehr!\" \/>\n<meta property=\"og:url\" content=\"https:\/\/sales-ai-agents.com\/de\/templates\/client-proposal\/\" \/>\n<meta property=\"og:site_name\" content=\"Sales AI Agents\" \/>\n<meta property=\"article:modified_time\" content=\"2023-12-26T20:24:47+00:00\" \/>\n<meta property=\"og:image\" content=\"https:\/\/sales-ai-agents.com\/wp-content\/uploads\/2022\/09\/Client-Proposal-Template.png\" \/>\n\t<meta property=\"og:image:width\" content=\"1700\" \/>\n\t<meta property=\"og:image:height\" content=\"1100\" \/>\n\t<meta property=\"og:image:type\" content=\"image\/png\" \/>\n<meta name=\"twitter:card\" content=\"summary_large_image\" \/>\n<script type=\"application\/ld+json\" class=\"yoast-schema-graph\">{\"@context\":\"https:\/\/schema.org\",\"@graph\":[{\"@type\":\"WebPage\",\"@id\":\"https:\/\/sales-ai-agents.com\/de\/templates\/client-proposal\/\",\"url\":\"https:\/\/sales-ai-agents.com\/de\/templates\/client-proposal\/\",\"name\":\"Vorlage f\u00fcr ein Kundenangebot - Sales AI Agents\",\"isPartOf\":{\"@id\":\"https:\/\/sales-ai-agents.com\/#website\"},\"primaryImageOfPage\":{\"@id\":\"https:\/\/sales-ai-agents.com\/de\/templates\/client-proposal\/#primaryimage\"},\"image\":{\"@id\":\"https:\/\/sales-ai-agents.com\/de\/templates\/client-proposal\/#primaryimage\"},\"thumbnailUrl\":\"https:\/\/sales-ai-agents.com\/wp-content\/uploads\/2022\/09\/Client-Proposal-Template.png\",\"datePublished\":\"2022-09-26T12:13:30+00:00\",\"dateModified\":\"2023-12-26T20:24:47+00:00\",\"description\":\"Erstellen Sie mit dieser kostenlosen, anpassbaren Vorlage ein Kundenangebot, das sich abhebt. Beschreiben Sie Ihre Dienstleistungen im Detail, f\u00fcgen Sie alle ben\u00f6tigten Dateien und Links hinzu und vieles mehr!\",\"inLanguage\":\"de-DE\",\"potentialAction\":[{\"@type\":\"ReadAction\",\"target\":[\"https:\/\/sales-ai-agents.com\/de\/templates\/client-proposal\/\"]}]},{\"@type\":\"ImageObject\",\"inLanguage\":\"de-DE\",\"@id\":\"https:\/\/sales-ai-agents.com\/de\/templates\/client-proposal\/#primaryimage\",\"url\":\"https:\/\/sales-ai-agents.com\/wp-content\/uploads\/2022\/09\/Client-Proposal-Template.png\",\"contentUrl\":\"https:\/\/sales-ai-agents.com\/wp-content\/uploads\/2022\/09\/Client-Proposal-Template.png\",\"width\":1700,\"height\":1100,\"caption\":\"Describe your services in detail, add all needed files and links and more\"},{\"@type\":\"WebSite\",\"@id\":\"https:\/\/sales-ai-agents.com\/#website\",\"url\":\"https:\/\/sales-ai-agents.com\/\",\"name\":\"FuseBase\",\"description\":\"Nimbus Platform - Free Online Collaboration Software for Remote Teams. Build your wikis, client portals and more with the Nimbus Platform collaboration tool ? A perfect space for online work\",\"publisher\":{\"@id\":\"https:\/\/sales-ai-agents.com\/#organization\"},\"potentialAction\":[{\"@type\":\"SearchAction\",\"target\":{\"@type\":\"EntryPoint\",\"urlTemplate\":\"https:\/\/sales-ai-agents.com\/?s={search_term_string}\"},\"query-input\":{\"@type\":\"PropertyValueSpecification\",\"valueRequired\":true,\"valueName\":\"search_term_string\"}}],\"inLanguage\":\"de-DE\"},{\"@type\":\"Organization\",\"@id\":\"https:\/\/sales-ai-agents.com\/#organization\",\"name\":\"FuseBase\",\"url\":\"https:\/\/sales-ai-agents.com\/\",\"logo\":{\"@type\":\"ImageObject\",\"inLanguage\":\"de-DE\",\"@id\":\"https:\/\/sales-ai-agents.com\/#\/schema\/logo\/image\/\",\"url\":\"https:\/\/sales-ai-agents.com\/wp-content\/uploads\/2023\/11\/icon-7.svg\",\"contentUrl\":\"https:\/\/sales-ai-agents.com\/wp-content\/uploads\/2023\/11\/icon-7.svg\",\"width\":128,\"height\":128,\"caption\":\"FuseBase\"},\"image\":{\"@id\":\"https:\/\/sales-ai-agents.com\/#\/schema\/logo\/image\/\"}}]}<\/script>\n<!-- \/ Yoast SEO plugin. -->","yoast_head_json":{"title":"Vorlage f\u00fcr ein Kundenangebot - Sales AI Agents","description":"Erstellen Sie mit dieser kostenlosen, anpassbaren Vorlage ein Kundenangebot, das sich abhebt. Beschreiben Sie Ihre Dienstleistungen im Detail, f\u00fcgen Sie alle ben\u00f6tigten Dateien und Links hinzu und vieles mehr!","robots":{"index":"index","follow":"follow","max-snippet":"max-snippet:-1","max-image-preview":"max-image-preview:large","max-video-preview":"max-video-preview:-1"},"canonical":"https:\/\/sales-ai-agents.com\/de\/templates\/client-proposal\/","og_locale":"de_DE","og_type":"article","og_title":"Vorlage f\u00fcr ein Kundenangebot - Sales AI Agents","og_description":"Erstellen Sie mit dieser kostenlosen, anpassbaren Vorlage ein Kundenangebot, das sich abhebt. Beschreiben Sie Ihre Dienstleistungen im Detail, f\u00fcgen Sie alle ben\u00f6tigten Dateien und Links hinzu und vieles mehr!","og_url":"https:\/\/sales-ai-agents.com\/de\/templates\/client-proposal\/","og_site_name":"Sales AI Agents","article_modified_time":"2023-12-26T20:24:47+00:00","og_image":[{"width":1700,"height":1100,"url":"https:\/\/sales-ai-agents.com\/wp-content\/uploads\/2022\/09\/Client-Proposal-Template.png","type":"image\/png"}],"twitter_card":"summary_large_image","schema":{"@context":"https:\/\/schema.org","@graph":[{"@type":"WebPage","@id":"https:\/\/sales-ai-agents.com\/de\/templates\/client-proposal\/","url":"https:\/\/sales-ai-agents.com\/de\/templates\/client-proposal\/","name":"Vorlage f\u00fcr ein Kundenangebot - Sales AI Agents","isPartOf":{"@id":"https:\/\/sales-ai-agents.com\/#website"},"primaryImageOfPage":{"@id":"https:\/\/sales-ai-agents.com\/de\/templates\/client-proposal\/#primaryimage"},"image":{"@id":"https:\/\/sales-ai-agents.com\/de\/templates\/client-proposal\/#primaryimage"},"thumbnailUrl":"https:\/\/sales-ai-agents.com\/wp-content\/uploads\/2022\/09\/Client-Proposal-Template.png","datePublished":"2022-09-26T12:13:30+00:00","dateModified":"2023-12-26T20:24:47+00:00","description":"Erstellen Sie mit dieser kostenlosen, anpassbaren Vorlage ein Kundenangebot, das sich abhebt. Beschreiben Sie Ihre Dienstleistungen im Detail, f\u00fcgen Sie alle ben\u00f6tigten Dateien und Links hinzu und vieles mehr!","inLanguage":"de-DE","potentialAction":[{"@type":"ReadAction","target":["https:\/\/sales-ai-agents.com\/de\/templates\/client-proposal\/"]}]},{"@type":"ImageObject","inLanguage":"de-DE","@id":"https:\/\/sales-ai-agents.com\/de\/templates\/client-proposal\/#primaryimage","url":"https:\/\/sales-ai-agents.com\/wp-content\/uploads\/2022\/09\/Client-Proposal-Template.png","contentUrl":"https:\/\/sales-ai-agents.com\/wp-content\/uploads\/2022\/09\/Client-Proposal-Template.png","width":1700,"height":1100,"caption":"Describe your services in detail, add all needed files and links and more"},{"@type":"WebSite","@id":"https:\/\/sales-ai-agents.com\/#website","url":"https:\/\/sales-ai-agents.com\/","name":"FuseBase","description":"Nimbus Platform - Free Online Collaboration Software for Remote Teams. Build your wikis, client portals and more with the Nimbus Platform collaboration tool ? A perfect space for online work","publisher":{"@id":"https:\/\/sales-ai-agents.com\/#organization"},"potentialAction":[{"@type":"SearchAction","target":{"@type":"EntryPoint","urlTemplate":"https:\/\/sales-ai-agents.com\/?s={search_term_string}"},"query-input":{"@type":"PropertyValueSpecification","valueRequired":true,"valueName":"search_term_string"}}],"inLanguage":"de-DE"},{"@type":"Organization","@id":"https:\/\/sales-ai-agents.com\/#organization","name":"FuseBase","url":"https:\/\/sales-ai-agents.com\/","logo":{"@type":"ImageObject","inLanguage":"de-DE","@id":"https:\/\/sales-ai-agents.com\/#\/schema\/logo\/image\/","url":"https:\/\/sales-ai-agents.com\/wp-content\/uploads\/2023\/11\/icon-7.svg","contentUrl":"https:\/\/sales-ai-agents.com\/wp-content\/uploads\/2023\/11\/icon-7.svg","width":128,"height":128,"caption":"FuseBase"},"image":{"@id":"https:\/\/sales-ai-agents.com\/#\/schema\/logo\/image\/"}}]}},"_links":{"self":[{"href":"https:\/\/sales-ai-agents.com\/de\/wp-json\/wp\/v2\/product\/57617","targetHints":{"allow":["GET"]}}],"collection":[{"href":"https:\/\/sales-ai-agents.com\/de\/wp-json\/wp\/v2\/product"}],"about":[{"href":"https:\/\/sales-ai-agents.com\/de\/wp-json\/wp\/v2\/types\/product"}],"wp:featuredmedia":[{"embeddable":true,"href":"https:\/\/sales-ai-agents.com\/de\/wp-json\/wp\/v2\/media\/26536"}],"wp:attachment":[{"href":"https:\/\/sales-ai-agents.com\/de\/wp-json\/wp\/v2\/media?parent=57617"}],"wp:term":[{"taxonomy":"product_brand","embeddable":true,"href":"https:\/\/sales-ai-agents.com\/de\/wp-json\/wp\/v2\/product_brand?post=57617"},{"taxonomy":"product_cat","embeddable":true,"href":"https:\/\/sales-ai-agents.com\/de\/wp-json\/wp\/v2\/product_cat?post=57617"},{"taxonomy":"product_tag","embeddable":true,"href":"https:\/\/sales-ai-agents.com\/de\/wp-json\/wp\/v2\/product_tag?post=57617"}],"curies":[{"name":"wp","href":"https:\/\/api.w.org\/{rel}","templated":true}]}}