{"id":57630,"date":"2022-09-26T12:13:21","date_gmt":"2022-09-26T12:13:21","guid":{"rendered":"https:\/\/sales-ai-agents.com\/templates\/technical-docs\/"},"modified":"2023-12-26T20:59:25","modified_gmt":"2023-12-26T20:59:25","slug":"technical-docs","status":"publish","type":"product","link":"https:\/\/sales-ai-agents.com\/de\/templates\/technical-docs\/","title":{"rendered":"Technische Dokumente"},"content":{"rendered":"<p>&nbsp;<\/p>\n<h2>Technische Dokumente Vorlage<\/h2>\n<p class=\"desc-text\">Speichern Sie Ihre technischen Dokumente mit Hilfe dieser Vorlage. Sie k\u00f6nnen dieses Dokument von jedem Ger\u00e4t mit Nimbus Note abrufen. F\u00fcgen Sie alle ben\u00f6tigten Dokumente an oder verlinken Sie sie. Notizen und Anforderungen hinzuf\u00fcgen. Geben Sie sie f\u00fcr Ihr Team frei, damit alle bequem auf dieselben Informationen zugreifen k\u00f6nnen.<\/p>\n<h5>Wie zu verwenden:<\/h5>\n<ul class=\"desc-item_list\">\n<li class=\"desc-item_list__point\">Technische Dokumente verlinken oder anh\u00e4ngen<\/li>\n<li class=\"desc-item_list__point\">Hinweise und Anforderungen einbeziehen<\/li>\n<li class=\"desc-item_list__point\">Bei Bedarf Anweisungen hinzuf\u00fcgen<\/li>\n<li class=\"desc-item_list__point\">Teilen Sie mit Ihrem Team<\/li>\n<\/ul>\n","protected":false},"excerpt":{"rendered":"<p>Speichern Sie Ihre technischen Dokumente mit Hilfe dieser Vorlage und greifen Sie einfach darauf zu. Geben Sie sie an Ihr Team weiter, damit alle bequem auf die gleichen Informationen zugreifen k\u00f6nnen.<\/p>\n","protected":false},"featured_media":27435,"template":"","meta":{"_acf_changed":false,"inline_featured_image":false},"product_brand":[],"product_cat":[192],"product_tag":[],"class_list":{"0":"post-57630","1":"product","2":"type-product","3":"status-publish","4":"has-post-thumbnail","6":"product_cat-programmer-engineer","8":"first","9":"instock","10":"virtual","11":"sold-individually","12":"product-type-simple"},"acf":[],"yoast_head":"<!-- This site is optimized with the Yoast SEO plugin v25.3.1 - https:\/\/yoast.com\/wordpress\/plugins\/seo\/ -->\n<title>Technische Dokumente Vorlage - Sales AI Agents<\/title>\n<meta name=\"description\" content=\"Speichern Sie Ihre technischen Dokumente mit dieser Vorlage und greifen Sie einfach darauf zu. Geben Sie sie an Ihr Team weiter, damit alle die gleichen Informationen erhalten.\" \/>\n<meta name=\"robots\" content=\"index, follow, max-snippet:-1, max-image-preview:large, max-video-preview:-1\" \/>\n<link rel=\"canonical\" href=\"https:\/\/sales-ai-agents.com\/de\/templates\/technical-docs\/\" \/>\n<meta property=\"og:locale\" content=\"de_DE\" \/>\n<meta property=\"og:type\" content=\"article\" \/>\n<meta property=\"og:title\" content=\"Technische Dokumente Vorlage - Sales AI Agents\" \/>\n<meta property=\"og:description\" content=\"Speichern Sie Ihre technischen Dokumente mit dieser Vorlage und greifen Sie einfach darauf zu. Geben Sie sie an Ihr Team weiter, damit alle die gleichen Informationen erhalten.\" \/>\n<meta property=\"og:url\" content=\"https:\/\/sales-ai-agents.com\/de\/templates\/technical-docs\/\" \/>\n<meta property=\"og:site_name\" content=\"Sales AI Agents\" \/>\n<meta property=\"article:modified_time\" content=\"2023-12-26T20:59:25+00:00\" \/>\n<meta property=\"og:image\" content=\"https:\/\/sales-ai-agents.com\/wp-content\/uploads\/2022\/09\/Technical-Docs-Template.png\" \/>\n\t<meta property=\"og:image:width\" content=\"1700\" \/>\n\t<meta property=\"og:image:height\" content=\"1100\" \/>\n\t<meta property=\"og:image:type\" content=\"image\/png\" \/>\n<meta name=\"twitter:card\" content=\"summary_large_image\" \/>\n<script type=\"application\/ld+json\" class=\"yoast-schema-graph\">{\"@context\":\"https:\/\/schema.org\",\"@graph\":[{\"@type\":\"WebPage\",\"@id\":\"https:\/\/sales-ai-agents.com\/de\/templates\/technical-docs\/\",\"url\":\"https:\/\/sales-ai-agents.com\/de\/templates\/technical-docs\/\",\"name\":\"Technische Dokumente Vorlage - Sales AI Agents\",\"isPartOf\":{\"@id\":\"https:\/\/sales-ai-agents.com\/#website\"},\"primaryImageOfPage\":{\"@id\":\"https:\/\/sales-ai-agents.com\/de\/templates\/technical-docs\/#primaryimage\"},\"image\":{\"@id\":\"https:\/\/sales-ai-agents.com\/de\/templates\/technical-docs\/#primaryimage\"},\"thumbnailUrl\":\"https:\/\/sales-ai-agents.com\/wp-content\/uploads\/2022\/09\/Technical-Docs-Template.png\",\"datePublished\":\"2022-09-26T12:13:21+00:00\",\"dateModified\":\"2023-12-26T20:59:25+00:00\",\"description\":\"Speichern Sie Ihre technischen Dokumente mit dieser Vorlage und greifen Sie einfach darauf zu. Geben Sie sie an Ihr Team weiter, damit alle die gleichen Informationen erhalten.\",\"inLanguage\":\"de-DE\",\"potentialAction\":[{\"@type\":\"ReadAction\",\"target\":[\"https:\/\/sales-ai-agents.com\/de\/templates\/technical-docs\/\"]}]},{\"@type\":\"ImageObject\",\"inLanguage\":\"de-DE\",\"@id\":\"https:\/\/sales-ai-agents.com\/de\/templates\/technical-docs\/#primaryimage\",\"url\":\"https:\/\/sales-ai-agents.com\/wp-content\/uploads\/2022\/09\/Technical-Docs-Template.png\",\"contentUrl\":\"https:\/\/sales-ai-agents.com\/wp-content\/uploads\/2022\/09\/Technical-Docs-Template.png\",\"width\":1700,\"height\":1100,\"caption\":\"Store your technical documents by using this template and access it easily.\"},{\"@type\":\"WebSite\",\"@id\":\"https:\/\/sales-ai-agents.com\/#website\",\"url\":\"https:\/\/sales-ai-agents.com\/\",\"name\":\"FuseBase\",\"description\":\"Nimbus Platform - Free Online Collaboration Software for Remote Teams. Build your wikis, client portals and more with the Nimbus Platform collaboration tool ? A perfect space for online work\",\"publisher\":{\"@id\":\"https:\/\/sales-ai-agents.com\/#organization\"},\"potentialAction\":[{\"@type\":\"SearchAction\",\"target\":{\"@type\":\"EntryPoint\",\"urlTemplate\":\"https:\/\/sales-ai-agents.com\/?s={search_term_string}\"},\"query-input\":{\"@type\":\"PropertyValueSpecification\",\"valueRequired\":true,\"valueName\":\"search_term_string\"}}],\"inLanguage\":\"de-DE\"},{\"@type\":\"Organization\",\"@id\":\"https:\/\/sales-ai-agents.com\/#organization\",\"name\":\"FuseBase\",\"url\":\"https:\/\/sales-ai-agents.com\/\",\"logo\":{\"@type\":\"ImageObject\",\"inLanguage\":\"de-DE\",\"@id\":\"https:\/\/sales-ai-agents.com\/#\/schema\/logo\/image\/\",\"url\":\"https:\/\/sales-ai-agents.com\/wp-content\/uploads\/2023\/11\/icon-7.svg\",\"contentUrl\":\"https:\/\/sales-ai-agents.com\/wp-content\/uploads\/2023\/11\/icon-7.svg\",\"width\":128,\"height\":128,\"caption\":\"FuseBase\"},\"image\":{\"@id\":\"https:\/\/sales-ai-agents.com\/#\/schema\/logo\/image\/\"}}]}<\/script>\n<!-- \/ Yoast SEO plugin. -->","yoast_head_json":{"title":"Technische Dokumente Vorlage - Sales AI Agents","description":"Speichern Sie Ihre technischen Dokumente mit dieser Vorlage und greifen Sie einfach darauf zu. Geben Sie sie an Ihr Team weiter, damit alle die gleichen Informationen erhalten.","robots":{"index":"index","follow":"follow","max-snippet":"max-snippet:-1","max-image-preview":"max-image-preview:large","max-video-preview":"max-video-preview:-1"},"canonical":"https:\/\/sales-ai-agents.com\/de\/templates\/technical-docs\/","og_locale":"de_DE","og_type":"article","og_title":"Technische Dokumente Vorlage - Sales AI Agents","og_description":"Speichern Sie Ihre technischen Dokumente mit dieser Vorlage und greifen Sie einfach darauf zu. Geben Sie sie an Ihr Team weiter, damit alle die gleichen Informationen erhalten.","og_url":"https:\/\/sales-ai-agents.com\/de\/templates\/technical-docs\/","og_site_name":"Sales AI Agents","article_modified_time":"2023-12-26T20:59:25+00:00","og_image":[{"width":1700,"height":1100,"url":"https:\/\/sales-ai-agents.com\/wp-content\/uploads\/2022\/09\/Technical-Docs-Template.png","type":"image\/png"}],"twitter_card":"summary_large_image","schema":{"@context":"https:\/\/schema.org","@graph":[{"@type":"WebPage","@id":"https:\/\/sales-ai-agents.com\/de\/templates\/technical-docs\/","url":"https:\/\/sales-ai-agents.com\/de\/templates\/technical-docs\/","name":"Technische Dokumente Vorlage - Sales AI Agents","isPartOf":{"@id":"https:\/\/sales-ai-agents.com\/#website"},"primaryImageOfPage":{"@id":"https:\/\/sales-ai-agents.com\/de\/templates\/technical-docs\/#primaryimage"},"image":{"@id":"https:\/\/sales-ai-agents.com\/de\/templates\/technical-docs\/#primaryimage"},"thumbnailUrl":"https:\/\/sales-ai-agents.com\/wp-content\/uploads\/2022\/09\/Technical-Docs-Template.png","datePublished":"2022-09-26T12:13:21+00:00","dateModified":"2023-12-26T20:59:25+00:00","description":"Speichern Sie Ihre technischen Dokumente mit dieser Vorlage und greifen Sie einfach darauf zu. Geben Sie sie an Ihr Team weiter, damit alle die gleichen Informationen erhalten.","inLanguage":"de-DE","potentialAction":[{"@type":"ReadAction","target":["https:\/\/sales-ai-agents.com\/de\/templates\/technical-docs\/"]}]},{"@type":"ImageObject","inLanguage":"de-DE","@id":"https:\/\/sales-ai-agents.com\/de\/templates\/technical-docs\/#primaryimage","url":"https:\/\/sales-ai-agents.com\/wp-content\/uploads\/2022\/09\/Technical-Docs-Template.png","contentUrl":"https:\/\/sales-ai-agents.com\/wp-content\/uploads\/2022\/09\/Technical-Docs-Template.png","width":1700,"height":1100,"caption":"Store your technical documents by using this template and access it easily."},{"@type":"WebSite","@id":"https:\/\/sales-ai-agents.com\/#website","url":"https:\/\/sales-ai-agents.com\/","name":"FuseBase","description":"Nimbus Platform - Free Online Collaboration Software for Remote Teams. Build your wikis, client portals and more with the Nimbus Platform collaboration tool ? A perfect space for online work","publisher":{"@id":"https:\/\/sales-ai-agents.com\/#organization"},"potentialAction":[{"@type":"SearchAction","target":{"@type":"EntryPoint","urlTemplate":"https:\/\/sales-ai-agents.com\/?s={search_term_string}"},"query-input":{"@type":"PropertyValueSpecification","valueRequired":true,"valueName":"search_term_string"}}],"inLanguage":"de-DE"},{"@type":"Organization","@id":"https:\/\/sales-ai-agents.com\/#organization","name":"FuseBase","url":"https:\/\/sales-ai-agents.com\/","logo":{"@type":"ImageObject","inLanguage":"de-DE","@id":"https:\/\/sales-ai-agents.com\/#\/schema\/logo\/image\/","url":"https:\/\/sales-ai-agents.com\/wp-content\/uploads\/2023\/11\/icon-7.svg","contentUrl":"https:\/\/sales-ai-agents.com\/wp-content\/uploads\/2023\/11\/icon-7.svg","width":128,"height":128,"caption":"FuseBase"},"image":{"@id":"https:\/\/sales-ai-agents.com\/#\/schema\/logo\/image\/"}}]}},"_links":{"self":[{"href":"https:\/\/sales-ai-agents.com\/de\/wp-json\/wp\/v2\/product\/57630","targetHints":{"allow":["GET"]}}],"collection":[{"href":"https:\/\/sales-ai-agents.com\/de\/wp-json\/wp\/v2\/product"}],"about":[{"href":"https:\/\/sales-ai-agents.com\/de\/wp-json\/wp\/v2\/types\/product"}],"wp:featuredmedia":[{"embeddable":true,"href":"https:\/\/sales-ai-agents.com\/de\/wp-json\/wp\/v2\/media\/27435"}],"wp:attachment":[{"href":"https:\/\/sales-ai-agents.com\/de\/wp-json\/wp\/v2\/media?parent=57630"}],"wp:term":[{"taxonomy":"product_brand","embeddable":true,"href":"https:\/\/sales-ai-agents.com\/de\/wp-json\/wp\/v2\/product_brand?post=57630"},{"taxonomy":"product_cat","embeddable":true,"href":"https:\/\/sales-ai-agents.com\/de\/wp-json\/wp\/v2\/product_cat?post=57630"},{"taxonomy":"product_tag","embeddable":true,"href":"https:\/\/sales-ai-agents.com\/de\/wp-json\/wp\/v2\/product_tag?post=57630"}],"curies":[{"name":"wp","href":"https:\/\/api.w.org\/{rel}","templated":true}]}}