{"id":57633,"date":"2022-09-26T12:13:18","date_gmt":"2022-09-26T12:13:18","guid":{"rendered":"https:\/\/sales-ai-agents.com\/templates\/lesson-notes\/"},"modified":"2023-12-27T15:29:01","modified_gmt":"2023-12-27T15:29:01","slug":"lesson-notes","status":"publish","type":"product","link":"https:\/\/sales-ai-agents.com\/de\/templates\/lesson-notes\/","title":{"rendered":"Anmerkungen zur Lektion"},"content":{"rendered":"<p>&nbsp;<\/p>\n<h2>Vorlage f\u00fcr Lektionsnotizen<\/h2>\n<p class=\"desc-text\">Das Erstellen von Notizen f\u00fcr jede Unterrichtsstunde oder Klasse kann zeitaufw\u00e4ndig sein. Aus diesem Grund haben wir dieses Dokument erstellt, das die Grundstruktur f\u00fcr die Formatierung Ihrer Kurs- oder Vorlesungsnotizen mit Hilfe spezieller Tools f\u00fcr das Klassenraummanagement bietet. Verwenden Sie den vorgesehenen Platz, um Details auszuf\u00fcllen und Ideen und Anregungen zu sammeln, die Sie mitteilen m\u00f6chten. Nutzen Sie den Platz in der letzten Tabelle, um genau zu planen, was Sie mit Ihren Sch\u00fclern teilen m\u00f6chten. Speichern Sie diese Notizen in Nimbus Note und aktualisieren und verwenden Sie sie f\u00fcr das n\u00e4chste Jahr.<\/p>\n<h5>Wie zu verwenden:<\/h5>\n<ul class=\"desc-item_list\">\n<li class=\"desc-item_list__point\">Informationen \u00fcber Ihren Kurs einf\u00fcgen<\/li>\n<li class=\"desc-item_list__point\">Verlinken Sie Ressourcen oder Referenzen, wie B\u00fccher, Google Slides, Bildungs-Apps usw.<\/li>\n<li class=\"desc-item_list__point\">Schreiben Sie die wichtigsten Erkenntnisse f\u00fcr Ihre Lektion auf<\/li>\n<li class=\"desc-item_list__point\">Erstellen Sie eine Liste der zu stellenden Fragen<\/li>\n<li class=\"desc-item_list__point\">Hinzuf\u00fcgen von Aufgaben in der Tabelle zum Abhaken<\/li>\n<li class=\"desc-item_list__point\">Planen Sie Ihre Notizen im letzten Feld<\/li>\n<\/ul>\n","protected":false},"excerpt":{"rendered":"<p>Das Erstellen von Notizen f\u00fcr jede Unterrichtsstunde oder Klasse kann zeitaufw\u00e4ndig sein. Verwenden Sie diese Vorlage, die die Grundstruktur f\u00fcr die Formatierung Ihrer Kurs- oder Vorlesungsnotizen bietet.<\/p>\n","protected":false},"featured_media":20634,"template":"","meta":{"_acf_changed":false,"inline_featured_image":false},"product_brand":[],"product_cat":[198,197],"product_tag":[],"class_list":{"0":"post-57633","1":"product","2":"type-product","3":"status-publish","4":"has-post-thumbnail","6":"product_cat-teacher","7":"product_cat-student","9":"first","10":"instock","11":"virtual","12":"sold-individually","13":"product-type-simple"},"acf":[],"yoast_head":"<!-- This site is optimized with the Yoast SEO plugin v25.3.1 - https:\/\/yoast.com\/wordpress\/plugins\/seo\/ -->\n<title>Lektionsnotiz-Vorlage - Sales AI Agents<\/title>\n<meta name=\"description\" content=\"Das Erstellen von Notizen f\u00fcr jede Unterrichtsstunde oder Klasse kann schwierig sein. Verwenden Sie diese Vorlage, die die Grundstruktur f\u00fcr die Formatierung Ihrer Kurs- oder Vorlesungsnotizen bietet.\" \/>\n<meta name=\"robots\" content=\"index, follow, max-snippet:-1, max-image-preview:large, max-video-preview:-1\" \/>\n<link rel=\"canonical\" href=\"https:\/\/sales-ai-agents.com\/de\/templates\/lesson-notes\/\" \/>\n<meta property=\"og:locale\" content=\"de_DE\" \/>\n<meta property=\"og:type\" content=\"article\" \/>\n<meta property=\"og:title\" content=\"Lektionsnotiz-Vorlage - Sales AI Agents\" \/>\n<meta property=\"og:description\" content=\"Das Erstellen von Notizen f\u00fcr jede Unterrichtsstunde oder Klasse kann schwierig sein. Verwenden Sie diese Vorlage, die die Grundstruktur f\u00fcr die Formatierung Ihrer Kurs- oder Vorlesungsnotizen bietet.\" \/>\n<meta property=\"og:url\" content=\"https:\/\/sales-ai-agents.com\/de\/templates\/lesson-notes\/\" \/>\n<meta property=\"og:site_name\" content=\"Sales AI Agents\" \/>\n<meta property=\"article:modified_time\" content=\"2023-12-27T15:29:01+00:00\" \/>\n<meta property=\"og:image\" content=\"https:\/\/sales-ai-agents.com\/wp-content\/uploads\/2023\/01\/image-preview121948.png\" \/>\n\t<meta property=\"og:image:width\" content=\"1078\" \/>\n\t<meta property=\"og:image:height\" content=\"1712\" \/>\n\t<meta property=\"og:image:type\" content=\"image\/png\" \/>\n<meta name=\"twitter:card\" content=\"summary_large_image\" \/>\n<script type=\"application\/ld+json\" class=\"yoast-schema-graph\">{\"@context\":\"https:\/\/schema.org\",\"@graph\":[{\"@type\":\"WebPage\",\"@id\":\"https:\/\/sales-ai-agents.com\/de\/templates\/lesson-notes\/\",\"url\":\"https:\/\/sales-ai-agents.com\/de\/templates\/lesson-notes\/\",\"name\":\"Lektionsnotiz-Vorlage - Sales AI Agents\",\"isPartOf\":{\"@id\":\"https:\/\/sales-ai-agents.com\/#website\"},\"primaryImageOfPage\":{\"@id\":\"https:\/\/sales-ai-agents.com\/de\/templates\/lesson-notes\/#primaryimage\"},\"image\":{\"@id\":\"https:\/\/sales-ai-agents.com\/de\/templates\/lesson-notes\/#primaryimage\"},\"thumbnailUrl\":\"https:\/\/sales-ai-agents.com\/wp-content\/uploads\/2023\/01\/image-preview121948.png\",\"datePublished\":\"2022-09-26T12:13:18+00:00\",\"dateModified\":\"2023-12-27T15:29:01+00:00\",\"description\":\"Das Erstellen von Notizen f\u00fcr jede Unterrichtsstunde oder Klasse kann schwierig sein. Verwenden Sie diese Vorlage, die die Grundstruktur f\u00fcr die Formatierung Ihrer Kurs- oder Vorlesungsnotizen bietet.\",\"inLanguage\":\"de-DE\",\"potentialAction\":[{\"@type\":\"ReadAction\",\"target\":[\"https:\/\/sales-ai-agents.com\/de\/templates\/lesson-notes\/\"]}]},{\"@type\":\"ImageObject\",\"inLanguage\":\"de-DE\",\"@id\":\"https:\/\/sales-ai-agents.com\/de\/templates\/lesson-notes\/#primaryimage\",\"url\":\"https:\/\/sales-ai-agents.com\/wp-content\/uploads\/2023\/01\/image-preview121948.png\",\"contentUrl\":\"https:\/\/sales-ai-agents.com\/wp-content\/uploads\/2023\/01\/image-preview121948.png\",\"width\":1078,\"height\":1712,\"caption\":\"Lesson Notes Template - Nimbus Platform\"},{\"@type\":\"WebSite\",\"@id\":\"https:\/\/sales-ai-agents.com\/#website\",\"url\":\"https:\/\/sales-ai-agents.com\/\",\"name\":\"FuseBase\",\"description\":\"Nimbus Platform - Free Online Collaboration Software for Remote Teams. Build your wikis, client portals and more with the Nimbus Platform collaboration tool ? A perfect space for online work\",\"publisher\":{\"@id\":\"https:\/\/sales-ai-agents.com\/#organization\"},\"potentialAction\":[{\"@type\":\"SearchAction\",\"target\":{\"@type\":\"EntryPoint\",\"urlTemplate\":\"https:\/\/sales-ai-agents.com\/?s={search_term_string}\"},\"query-input\":{\"@type\":\"PropertyValueSpecification\",\"valueRequired\":true,\"valueName\":\"search_term_string\"}}],\"inLanguage\":\"de-DE\"},{\"@type\":\"Organization\",\"@id\":\"https:\/\/sales-ai-agents.com\/#organization\",\"name\":\"FuseBase\",\"url\":\"https:\/\/sales-ai-agents.com\/\",\"logo\":{\"@type\":\"ImageObject\",\"inLanguage\":\"de-DE\",\"@id\":\"https:\/\/sales-ai-agents.com\/#\/schema\/logo\/image\/\",\"url\":\"https:\/\/sales-ai-agents.com\/wp-content\/uploads\/2023\/11\/icon-7.svg\",\"contentUrl\":\"https:\/\/sales-ai-agents.com\/wp-content\/uploads\/2023\/11\/icon-7.svg\",\"width\":128,\"height\":128,\"caption\":\"FuseBase\"},\"image\":{\"@id\":\"https:\/\/sales-ai-agents.com\/#\/schema\/logo\/image\/\"}}]}<\/script>\n<!-- \/ Yoast SEO plugin. -->","yoast_head_json":{"title":"Lektionsnotiz-Vorlage - Sales AI Agents","description":"Das Erstellen von Notizen f\u00fcr jede Unterrichtsstunde oder Klasse kann schwierig sein. Verwenden Sie diese Vorlage, die die Grundstruktur f\u00fcr die Formatierung Ihrer Kurs- oder Vorlesungsnotizen bietet.","robots":{"index":"index","follow":"follow","max-snippet":"max-snippet:-1","max-image-preview":"max-image-preview:large","max-video-preview":"max-video-preview:-1"},"canonical":"https:\/\/sales-ai-agents.com\/de\/templates\/lesson-notes\/","og_locale":"de_DE","og_type":"article","og_title":"Lektionsnotiz-Vorlage - Sales AI Agents","og_description":"Das Erstellen von Notizen f\u00fcr jede Unterrichtsstunde oder Klasse kann schwierig sein. Verwenden Sie diese Vorlage, die die Grundstruktur f\u00fcr die Formatierung Ihrer Kurs- oder Vorlesungsnotizen bietet.","og_url":"https:\/\/sales-ai-agents.com\/de\/templates\/lesson-notes\/","og_site_name":"Sales AI Agents","article_modified_time":"2023-12-27T15:29:01+00:00","og_image":[{"width":1078,"height":1712,"url":"https:\/\/sales-ai-agents.com\/wp-content\/uploads\/2023\/01\/image-preview121948.png","type":"image\/png"}],"twitter_card":"summary_large_image","schema":{"@context":"https:\/\/schema.org","@graph":[{"@type":"WebPage","@id":"https:\/\/sales-ai-agents.com\/de\/templates\/lesson-notes\/","url":"https:\/\/sales-ai-agents.com\/de\/templates\/lesson-notes\/","name":"Lektionsnotiz-Vorlage - Sales AI Agents","isPartOf":{"@id":"https:\/\/sales-ai-agents.com\/#website"},"primaryImageOfPage":{"@id":"https:\/\/sales-ai-agents.com\/de\/templates\/lesson-notes\/#primaryimage"},"image":{"@id":"https:\/\/sales-ai-agents.com\/de\/templates\/lesson-notes\/#primaryimage"},"thumbnailUrl":"https:\/\/sales-ai-agents.com\/wp-content\/uploads\/2023\/01\/image-preview121948.png","datePublished":"2022-09-26T12:13:18+00:00","dateModified":"2023-12-27T15:29:01+00:00","description":"Das Erstellen von Notizen f\u00fcr jede Unterrichtsstunde oder Klasse kann schwierig sein. Verwenden Sie diese Vorlage, die die Grundstruktur f\u00fcr die Formatierung Ihrer Kurs- oder Vorlesungsnotizen bietet.","inLanguage":"de-DE","potentialAction":[{"@type":"ReadAction","target":["https:\/\/sales-ai-agents.com\/de\/templates\/lesson-notes\/"]}]},{"@type":"ImageObject","inLanguage":"de-DE","@id":"https:\/\/sales-ai-agents.com\/de\/templates\/lesson-notes\/#primaryimage","url":"https:\/\/sales-ai-agents.com\/wp-content\/uploads\/2023\/01\/image-preview121948.png","contentUrl":"https:\/\/sales-ai-agents.com\/wp-content\/uploads\/2023\/01\/image-preview121948.png","width":1078,"height":1712,"caption":"Lesson Notes Template - Nimbus Platform"},{"@type":"WebSite","@id":"https:\/\/sales-ai-agents.com\/#website","url":"https:\/\/sales-ai-agents.com\/","name":"FuseBase","description":"Nimbus Platform - Free Online Collaboration Software for Remote Teams. Build your wikis, client portals and more with the Nimbus Platform collaboration tool ? A perfect space for online work","publisher":{"@id":"https:\/\/sales-ai-agents.com\/#organization"},"potentialAction":[{"@type":"SearchAction","target":{"@type":"EntryPoint","urlTemplate":"https:\/\/sales-ai-agents.com\/?s={search_term_string}"},"query-input":{"@type":"PropertyValueSpecification","valueRequired":true,"valueName":"search_term_string"}}],"inLanguage":"de-DE"},{"@type":"Organization","@id":"https:\/\/sales-ai-agents.com\/#organization","name":"FuseBase","url":"https:\/\/sales-ai-agents.com\/","logo":{"@type":"ImageObject","inLanguage":"de-DE","@id":"https:\/\/sales-ai-agents.com\/#\/schema\/logo\/image\/","url":"https:\/\/sales-ai-agents.com\/wp-content\/uploads\/2023\/11\/icon-7.svg","contentUrl":"https:\/\/sales-ai-agents.com\/wp-content\/uploads\/2023\/11\/icon-7.svg","width":128,"height":128,"caption":"FuseBase"},"image":{"@id":"https:\/\/sales-ai-agents.com\/#\/schema\/logo\/image\/"}}]}},"_links":{"self":[{"href":"https:\/\/sales-ai-agents.com\/de\/wp-json\/wp\/v2\/product\/57633","targetHints":{"allow":["GET"]}}],"collection":[{"href":"https:\/\/sales-ai-agents.com\/de\/wp-json\/wp\/v2\/product"}],"about":[{"href":"https:\/\/sales-ai-agents.com\/de\/wp-json\/wp\/v2\/types\/product"}],"wp:featuredmedia":[{"embeddable":true,"href":"https:\/\/sales-ai-agents.com\/de\/wp-json\/wp\/v2\/media\/20634"}],"wp:attachment":[{"href":"https:\/\/sales-ai-agents.com\/de\/wp-json\/wp\/v2\/media?parent=57633"}],"wp:term":[{"taxonomy":"product_brand","embeddable":true,"href":"https:\/\/sales-ai-agents.com\/de\/wp-json\/wp\/v2\/product_brand?post=57633"},{"taxonomy":"product_cat","embeddable":true,"href":"https:\/\/sales-ai-agents.com\/de\/wp-json\/wp\/v2\/product_cat?post=57633"},{"taxonomy":"product_tag","embeddable":true,"href":"https:\/\/sales-ai-agents.com\/de\/wp-json\/wp\/v2\/product_tag?post=57633"}],"curies":[{"name":"wp","href":"https:\/\/api.w.org\/{rel}","templated":true}]}}