{"id":57637,"date":"2022-09-26T12:13:12","date_gmt":"2022-09-26T12:13:12","guid":{"rendered":"https:\/\/sales-ai-agents.com\/templates\/weekly-action-plan\/"},"modified":"2023-12-27T15:44:46","modified_gmt":"2023-12-27T15:44:46","slug":"weekly-action-plan","status":"publish","type":"product","link":"https:\/\/sales-ai-agents.com\/de\/templates\/weekly-action-plan\/","title":{"rendered":"W\u00f6chentlicher Aktionsplan"},"content":{"rendered":"<p>&nbsp;<\/p>\n<h2>Vorlage f\u00fcr einen w\u00f6chentlichen Aktionsplan<\/h2>\n<p class=\"desc-text\">Mit der Vorlage W\u00f6chentlicher Aktionsplan in Ihrer Galerie der Produktivit\u00e4tsvorlagen k\u00f6nnen Sie sich mehr Zeit f\u00fcr sich selbst nehmen. Verwenden Sie diese Vorlage, um Ihre Woche zu planen, damit Sie keine Zeit verschwenden und Ihre Aufgaben und Verpflichtungen im Griff haben.<\/p>\n<h5>Wie zu verwenden:<\/h5>\n<ul class=\"desc-item_list\">\n<li class=\"desc-item_list__point\">Listen Sie Ihre drei wichtigsten Meilensteine f\u00fcr die kommende Woche auf und legen Sie fest, was Sie Ihren Zielen n\u00e4her bringen wird<\/li>\n<li class=\"desc-item_list__point\">Legen Sie die Aktionen f\u00fcr jeden Tag der Woche fest<\/li>\n<li class=\"desc-item_list__point\">Legen Sie fest, welche Biohacking-Strategien Sie diese Woche anwenden werden, um produktiv zu sein<\/li>\n<li class=\"desc-item_list__point\">Lassen Sie die Woche Revue passieren, indem Sie die drei wichtigsten Erfolge der Woche bekannt geben<\/li>\n<li class=\"desc-item_list__point\">Z\u00e4hlen Sie jetzt Ihren w\u00f6chentlichen Punktestand<\/li>\n<li class=\"desc-item_list__point\">Bestimmen Sie die Dinge, die Sie in der vergangenen Woche aufgeladen oder ersch\u00f6pft haben, und markieren Sie Ihren Identit\u00e4tstyp<\/li>\n<\/ul>\n","protected":false},"excerpt":{"rendered":"<p>Mit der Vorlage f\u00fcr den w\u00f6chentlichen Aktionsplan k\u00f6nnen Sie sich mehr Zeit f\u00fcr sich selbst nehmen. Verwenden Sie diese Vorlage, um Ihre Woche zu planen und Ihre Aufgaben und Verpflichtungen im Griff zu behalten.<\/p>\n","protected":false},"featured_media":27167,"template":"","meta":{"_acf_changed":false,"inline_featured_image":false},"product_brand":[],"product_cat":[179,180],"product_tag":[],"class_list":{"0":"post-57637","1":"product","2":"type-product","3":"status-publish","4":"has-post-thumbnail","6":"product_cat-organizers-planners","7":"product_cat-personal","9":"first","10":"instock","11":"virtual","12":"sold-individually","13":"product-type-simple"},"acf":[],"yoast_head":"<!-- This site is optimized with the Yoast SEO plugin v25.3.1 - https:\/\/yoast.com\/wordpress\/plugins\/seo\/ -->\n<title>Vorlage f\u00fcr einen w\u00f6chentlichen Aktionsplan - Sales AI Agents<\/title>\n<meta name=\"description\" content=\"Mit der Vorlage f\u00fcr den w\u00f6chentlichen Aktionsplan k\u00f6nnen Sie sich mehr Zeit f\u00fcr sich selbst nehmen. Verwenden Sie diese Vorlage, um Ihre Woche zu planen und Ihre Aufgaben und Verpflichtungen im Griff zu behalten.\" \/>\n<meta name=\"robots\" content=\"index, follow, max-snippet:-1, max-image-preview:large, max-video-preview:-1\" \/>\n<link rel=\"canonical\" href=\"https:\/\/sales-ai-agents.com\/de\/templates\/weekly-action-plan\/\" \/>\n<meta property=\"og:locale\" content=\"de_DE\" \/>\n<meta property=\"og:type\" content=\"article\" \/>\n<meta property=\"og:title\" content=\"Vorlage f\u00fcr einen w\u00f6chentlichen Aktionsplan - Sales AI Agents\" \/>\n<meta property=\"og:description\" content=\"Mit der Vorlage f\u00fcr den w\u00f6chentlichen Aktionsplan k\u00f6nnen Sie sich mehr Zeit f\u00fcr sich selbst nehmen. Verwenden Sie diese Vorlage, um Ihre Woche zu planen und Ihre Aufgaben und Verpflichtungen im Griff zu behalten.\" \/>\n<meta property=\"og:url\" content=\"https:\/\/sales-ai-agents.com\/de\/templates\/weekly-action-plan\/\" \/>\n<meta property=\"og:site_name\" content=\"Sales AI Agents\" \/>\n<meta property=\"article:modified_time\" content=\"2023-12-27T15:44:46+00:00\" \/>\n<meta property=\"og:image\" content=\"https:\/\/sales-ai-agents.com\/wp-content\/uploads\/2022\/09\/Weekly-Action-Plan-Template-Review.png\" \/>\n\t<meta property=\"og:image:width\" content=\"1700\" \/>\n\t<meta property=\"og:image:height\" content=\"1100\" \/>\n\t<meta property=\"og:image:type\" content=\"image\/png\" \/>\n<meta name=\"twitter:card\" content=\"summary_large_image\" \/>\n<script type=\"application\/ld+json\" class=\"yoast-schema-graph\">{\"@context\":\"https:\/\/schema.org\",\"@graph\":[{\"@type\":\"WebPage\",\"@id\":\"https:\/\/sales-ai-agents.com\/de\/templates\/weekly-action-plan\/\",\"url\":\"https:\/\/sales-ai-agents.com\/de\/templates\/weekly-action-plan\/\",\"name\":\"Vorlage f\u00fcr einen w\u00f6chentlichen Aktionsplan - Sales AI Agents\",\"isPartOf\":{\"@id\":\"https:\/\/sales-ai-agents.com\/#website\"},\"primaryImageOfPage\":{\"@id\":\"https:\/\/sales-ai-agents.com\/de\/templates\/weekly-action-plan\/#primaryimage\"},\"image\":{\"@id\":\"https:\/\/sales-ai-agents.com\/de\/templates\/weekly-action-plan\/#primaryimage\"},\"thumbnailUrl\":\"https:\/\/sales-ai-agents.com\/wp-content\/uploads\/2022\/09\/Weekly-Action-Plan-Template-Review.png\",\"datePublished\":\"2022-09-26T12:13:12+00:00\",\"dateModified\":\"2023-12-27T15:44:46+00:00\",\"description\":\"Mit der Vorlage f\u00fcr den w\u00f6chentlichen Aktionsplan k\u00f6nnen Sie sich mehr Zeit f\u00fcr sich selbst nehmen. Verwenden Sie diese Vorlage, um Ihre Woche zu planen und Ihre Aufgaben und Verpflichtungen im Griff zu behalten.\",\"inLanguage\":\"de-DE\",\"potentialAction\":[{\"@type\":\"ReadAction\",\"target\":[\"https:\/\/sales-ai-agents.com\/de\/templates\/weekly-action-plan\/\"]}]},{\"@type\":\"ImageObject\",\"inLanguage\":\"de-DE\",\"@id\":\"https:\/\/sales-ai-agents.com\/de\/templates\/weekly-action-plan\/#primaryimage\",\"url\":\"https:\/\/sales-ai-agents.com\/wp-content\/uploads\/2022\/09\/Weekly-Action-Plan-Template-Review.png\",\"contentUrl\":\"https:\/\/sales-ai-agents.com\/wp-content\/uploads\/2022\/09\/Weekly-Action-Plan-Template-Review.png\",\"width\":1700,\"height\":1100,\"caption\":\"With the Weekly Action Plan template, you can make more time for yourself.\"},{\"@type\":\"WebSite\",\"@id\":\"https:\/\/sales-ai-agents.com\/#website\",\"url\":\"https:\/\/sales-ai-agents.com\/\",\"name\":\"FuseBase\",\"description\":\"Nimbus Platform - Free Online Collaboration Software for Remote Teams. Build your wikis, client portals and more with the Nimbus Platform collaboration tool ? A perfect space for online work\",\"publisher\":{\"@id\":\"https:\/\/sales-ai-agents.com\/#organization\"},\"potentialAction\":[{\"@type\":\"SearchAction\",\"target\":{\"@type\":\"EntryPoint\",\"urlTemplate\":\"https:\/\/sales-ai-agents.com\/?s={search_term_string}\"},\"query-input\":{\"@type\":\"PropertyValueSpecification\",\"valueRequired\":true,\"valueName\":\"search_term_string\"}}],\"inLanguage\":\"de-DE\"},{\"@type\":\"Organization\",\"@id\":\"https:\/\/sales-ai-agents.com\/#organization\",\"name\":\"FuseBase\",\"url\":\"https:\/\/sales-ai-agents.com\/\",\"logo\":{\"@type\":\"ImageObject\",\"inLanguage\":\"de-DE\",\"@id\":\"https:\/\/sales-ai-agents.com\/#\/schema\/logo\/image\/\",\"url\":\"https:\/\/sales-ai-agents.com\/wp-content\/uploads\/2023\/11\/icon-7.svg\",\"contentUrl\":\"https:\/\/sales-ai-agents.com\/wp-content\/uploads\/2023\/11\/icon-7.svg\",\"width\":128,\"height\":128,\"caption\":\"FuseBase\"},\"image\":{\"@id\":\"https:\/\/sales-ai-agents.com\/#\/schema\/logo\/image\/\"}}]}<\/script>\n<!-- \/ Yoast SEO plugin. -->","yoast_head_json":{"title":"Vorlage f\u00fcr einen w\u00f6chentlichen Aktionsplan - Sales AI Agents","description":"Mit der Vorlage f\u00fcr den w\u00f6chentlichen Aktionsplan k\u00f6nnen Sie sich mehr Zeit f\u00fcr sich selbst nehmen. Verwenden Sie diese Vorlage, um Ihre Woche zu planen und Ihre Aufgaben und Verpflichtungen im Griff zu behalten.","robots":{"index":"index","follow":"follow","max-snippet":"max-snippet:-1","max-image-preview":"max-image-preview:large","max-video-preview":"max-video-preview:-1"},"canonical":"https:\/\/sales-ai-agents.com\/de\/templates\/weekly-action-plan\/","og_locale":"de_DE","og_type":"article","og_title":"Vorlage f\u00fcr einen w\u00f6chentlichen Aktionsplan - Sales AI Agents","og_description":"Mit der Vorlage f\u00fcr den w\u00f6chentlichen Aktionsplan k\u00f6nnen Sie sich mehr Zeit f\u00fcr sich selbst nehmen. Verwenden Sie diese Vorlage, um Ihre Woche zu planen und Ihre Aufgaben und Verpflichtungen im Griff zu behalten.","og_url":"https:\/\/sales-ai-agents.com\/de\/templates\/weekly-action-plan\/","og_site_name":"Sales AI Agents","article_modified_time":"2023-12-27T15:44:46+00:00","og_image":[{"width":1700,"height":1100,"url":"https:\/\/sales-ai-agents.com\/wp-content\/uploads\/2022\/09\/Weekly-Action-Plan-Template-Review.png","type":"image\/png"}],"twitter_card":"summary_large_image","schema":{"@context":"https:\/\/schema.org","@graph":[{"@type":"WebPage","@id":"https:\/\/sales-ai-agents.com\/de\/templates\/weekly-action-plan\/","url":"https:\/\/sales-ai-agents.com\/de\/templates\/weekly-action-plan\/","name":"Vorlage f\u00fcr einen w\u00f6chentlichen Aktionsplan - Sales AI Agents","isPartOf":{"@id":"https:\/\/sales-ai-agents.com\/#website"},"primaryImageOfPage":{"@id":"https:\/\/sales-ai-agents.com\/de\/templates\/weekly-action-plan\/#primaryimage"},"image":{"@id":"https:\/\/sales-ai-agents.com\/de\/templates\/weekly-action-plan\/#primaryimage"},"thumbnailUrl":"https:\/\/sales-ai-agents.com\/wp-content\/uploads\/2022\/09\/Weekly-Action-Plan-Template-Review.png","datePublished":"2022-09-26T12:13:12+00:00","dateModified":"2023-12-27T15:44:46+00:00","description":"Mit der Vorlage f\u00fcr den w\u00f6chentlichen Aktionsplan k\u00f6nnen Sie sich mehr Zeit f\u00fcr sich selbst nehmen. Verwenden Sie diese Vorlage, um Ihre Woche zu planen und Ihre Aufgaben und Verpflichtungen im Griff zu behalten.","inLanguage":"de-DE","potentialAction":[{"@type":"ReadAction","target":["https:\/\/sales-ai-agents.com\/de\/templates\/weekly-action-plan\/"]}]},{"@type":"ImageObject","inLanguage":"de-DE","@id":"https:\/\/sales-ai-agents.com\/de\/templates\/weekly-action-plan\/#primaryimage","url":"https:\/\/sales-ai-agents.com\/wp-content\/uploads\/2022\/09\/Weekly-Action-Plan-Template-Review.png","contentUrl":"https:\/\/sales-ai-agents.com\/wp-content\/uploads\/2022\/09\/Weekly-Action-Plan-Template-Review.png","width":1700,"height":1100,"caption":"With the Weekly Action Plan template, you can make more time for yourself."},{"@type":"WebSite","@id":"https:\/\/sales-ai-agents.com\/#website","url":"https:\/\/sales-ai-agents.com\/","name":"FuseBase","description":"Nimbus Platform - Free Online Collaboration Software for Remote Teams. Build your wikis, client portals and more with the Nimbus Platform collaboration tool ? A perfect space for online work","publisher":{"@id":"https:\/\/sales-ai-agents.com\/#organization"},"potentialAction":[{"@type":"SearchAction","target":{"@type":"EntryPoint","urlTemplate":"https:\/\/sales-ai-agents.com\/?s={search_term_string}"},"query-input":{"@type":"PropertyValueSpecification","valueRequired":true,"valueName":"search_term_string"}}],"inLanguage":"de-DE"},{"@type":"Organization","@id":"https:\/\/sales-ai-agents.com\/#organization","name":"FuseBase","url":"https:\/\/sales-ai-agents.com\/","logo":{"@type":"ImageObject","inLanguage":"de-DE","@id":"https:\/\/sales-ai-agents.com\/#\/schema\/logo\/image\/","url":"https:\/\/sales-ai-agents.com\/wp-content\/uploads\/2023\/11\/icon-7.svg","contentUrl":"https:\/\/sales-ai-agents.com\/wp-content\/uploads\/2023\/11\/icon-7.svg","width":128,"height":128,"caption":"FuseBase"},"image":{"@id":"https:\/\/sales-ai-agents.com\/#\/schema\/logo\/image\/"}}]}},"_links":{"self":[{"href":"https:\/\/sales-ai-agents.com\/de\/wp-json\/wp\/v2\/product\/57637","targetHints":{"allow":["GET"]}}],"collection":[{"href":"https:\/\/sales-ai-agents.com\/de\/wp-json\/wp\/v2\/product"}],"about":[{"href":"https:\/\/sales-ai-agents.com\/de\/wp-json\/wp\/v2\/types\/product"}],"wp:featuredmedia":[{"embeddable":true,"href":"https:\/\/sales-ai-agents.com\/de\/wp-json\/wp\/v2\/media\/27167"}],"wp:attachment":[{"href":"https:\/\/sales-ai-agents.com\/de\/wp-json\/wp\/v2\/media?parent=57637"}],"wp:term":[{"taxonomy":"product_brand","embeddable":true,"href":"https:\/\/sales-ai-agents.com\/de\/wp-json\/wp\/v2\/product_brand?post=57637"},{"taxonomy":"product_cat","embeddable":true,"href":"https:\/\/sales-ai-agents.com\/de\/wp-json\/wp\/v2\/product_cat?post=57637"},{"taxonomy":"product_tag","embeddable":true,"href":"https:\/\/sales-ai-agents.com\/de\/wp-json\/wp\/v2\/product_tag?post=57637"}],"curies":[{"name":"wp","href":"https:\/\/api.w.org\/{rel}","templated":true}]}}