{"id":57642,"date":"2022-09-26T12:13:08","date_gmt":"2022-09-26T12:13:08","guid":{"rendered":"https:\/\/sales-ai-agents.com\/templates\/meeting-wrap-up-for-clients\/"},"modified":"2023-12-27T14:29:45","modified_gmt":"2023-12-27T14:29:45","slug":"meeting-wrap-up-for-clients","status":"publish","type":"product","link":"https:\/\/sales-ai-agents.com\/de\/templates\/meeting-wrap-up-for-clients\/","title":{"rendered":"Nachbereitung der Sitzung f\u00fcr Kunden"},"content":{"rendered":"<p>&nbsp;<\/p>\n<h2>Nachbereitung der Sitzung f\u00fcr Kunden<\/h2>\n<p class=\"desc-text\">Organisieren Sie Ihre Sitzungsnotizen mit Nimbus! Auf den Nimbus-Seiten k\u00f6nnen Sie eine Tagesordnung vor der Sitzung, Sitzungsaufzeichnungen und Highlights hinzuf\u00fcgen. Behalten Sie ganz einfach den \u00dcberblick \u00fcber den Projektverlauf!<\/p>\n<h5>Wie zu verwenden:<\/h5>\n<ul class=\"desc-item_list\">\n<li class=\"desc-item_list__point\">Erstellen Sie vor dem Treffen eine Tagesordnung, damit Sie keine wichtigen Punkte vergessen.<\/li>\n<li class=\"desc-item_list__point\">Besprechungsaufzeichnungen hinzuf\u00fcgen.<\/li>\n<li class=\"desc-item_list__point\">Schreiben Sie die H\u00f6hepunkte des Treffens und Ihre n\u00e4chsten Schritte auf.<\/li>\n<li class=\"desc-item_list__point\">Binden Sie bei Bedarf Fakturierungs- oder Feedback-Plattformen ein.<\/li>\n<\/ul>\n","protected":false},"excerpt":{"rendered":"<p>Behalten Sie den \u00dcberblick \u00fcber Ihre Meetings mit unserer Vorlage Meeting Wrap Up! Stellen Sie alle Informationen \u00fcber Meetings auf einer einzigen Seite zusammen und geben Sie sie leicht an Kunden weiter.<\/p>\n","protected":false},"featured_media":25970,"template":"","meta":{"_acf_changed":false,"inline_featured_image":false},"product_brand":[],"product_cat":[177,174,169,194,196],"product_tag":[],"class_list":{"0":"post-57642","1":"product","2":"type-product","3":"status-publish","4":"has-post-thumbnail","6":"product_cat-meeting","7":"product_cat-marketing-clients","8":"product_cat-entrepreneur","9":"product_cat-sales-account","10":"product_cat-sales-proposals","11":"collections-client","13":"first","14":"instock","15":"virtual","16":"sold-individually","17":"product-type-simple"},"acf":[],"yoast_head":"<!-- This site is optimized with the Yoast SEO plugin v25.3.1 - https:\/\/yoast.com\/wordpress\/plugins\/seo\/ -->\n<title>Meeting-Nachbereitung f\u00fcr Kunden Vorlage - Sales AI Agents<\/title>\n<meta name=\"description\" content=\"Behalten Sie den \u00dcberblick \u00fcber Ihre Meetings mit unserer Vorlage Meeting Wrap Up! Stellen Sie alle Informationen \u00fcber Meetings auf einer einzigen Seite zusammen und teilen Sie sie einfach mit Ihren Kunden!\" \/>\n<meta name=\"robots\" content=\"index, follow, max-snippet:-1, max-image-preview:large, max-video-preview:-1\" \/>\n<link rel=\"canonical\" href=\"https:\/\/sales-ai-agents.com\/de\/templates\/meeting-wrap-up-for-clients\/\" \/>\n<meta property=\"og:locale\" content=\"de_DE\" \/>\n<meta property=\"og:type\" content=\"article\" \/>\n<meta property=\"og:title\" content=\"Meeting-Nachbereitung f\u00fcr Kunden Vorlage - Sales AI Agents\" \/>\n<meta property=\"og:description\" content=\"Behalten Sie den \u00dcberblick \u00fcber Ihre Meetings mit unserer Vorlage Meeting Wrap Up! Stellen Sie alle Informationen \u00fcber Meetings auf einer einzigen Seite zusammen und teilen Sie sie einfach mit Ihren Kunden!\" \/>\n<meta property=\"og:url\" content=\"https:\/\/sales-ai-agents.com\/de\/templates\/meeting-wrap-up-for-clients\/\" \/>\n<meta property=\"og:site_name\" content=\"Sales AI Agents\" \/>\n<meta property=\"article:modified_time\" content=\"2023-12-27T14:29:45+00:00\" \/>\n<meta property=\"og:image\" content=\"https:\/\/sales-ai-agents.com\/wp-content\/uploads\/2022\/09\/Meeting-Wrap-Up-for-Clients-Template.png\" \/>\n\t<meta property=\"og:image:width\" content=\"1700\" \/>\n\t<meta property=\"og:image:height\" content=\"1100\" \/>\n\t<meta property=\"og:image:type\" content=\"image\/png\" \/>\n<meta name=\"twitter:card\" content=\"summary_large_image\" \/>\n<script type=\"application\/ld+json\" class=\"yoast-schema-graph\">{\"@context\":\"https:\/\/schema.org\",\"@graph\":[{\"@type\":\"WebPage\",\"@id\":\"https:\/\/sales-ai-agents.com\/de\/templates\/meeting-wrap-up-for-clients\/\",\"url\":\"https:\/\/sales-ai-agents.com\/de\/templates\/meeting-wrap-up-for-clients\/\",\"name\":\"Meeting-Nachbereitung f\u00fcr Kunden Vorlage - Sales AI Agents\",\"isPartOf\":{\"@id\":\"https:\/\/sales-ai-agents.com\/#website\"},\"primaryImageOfPage\":{\"@id\":\"https:\/\/sales-ai-agents.com\/de\/templates\/meeting-wrap-up-for-clients\/#primaryimage\"},\"image\":{\"@id\":\"https:\/\/sales-ai-agents.com\/de\/templates\/meeting-wrap-up-for-clients\/#primaryimage\"},\"thumbnailUrl\":\"https:\/\/sales-ai-agents.com\/wp-content\/uploads\/2022\/09\/Meeting-Wrap-Up-for-Clients-Template.png\",\"datePublished\":\"2022-09-26T12:13:08+00:00\",\"dateModified\":\"2023-12-27T14:29:45+00:00\",\"description\":\"Behalten Sie den \u00dcberblick \u00fcber Ihre Meetings mit unserer Vorlage Meeting Wrap Up! Stellen Sie alle Informationen \u00fcber Meetings auf einer einzigen Seite zusammen und teilen Sie sie einfach mit Ihren Kunden!\",\"inLanguage\":\"de-DE\",\"potentialAction\":[{\"@type\":\"ReadAction\",\"target\":[\"https:\/\/sales-ai-agents.com\/de\/templates\/meeting-wrap-up-for-clients\/\"]}]},{\"@type\":\"ImageObject\",\"inLanguage\":\"de-DE\",\"@id\":\"https:\/\/sales-ai-agents.com\/de\/templates\/meeting-wrap-up-for-clients\/#primaryimage\",\"url\":\"https:\/\/sales-ai-agents.com\/wp-content\/uploads\/2022\/09\/Meeting-Wrap-Up-for-Clients-Template.png\",\"contentUrl\":\"https:\/\/sales-ai-agents.com\/wp-content\/uploads\/2022\/09\/Meeting-Wrap-Up-for-Clients-Template.png\",\"width\":1700,\"height\":1100,\"caption\":\"Keep track of your meetings with our best Meeting Wrap Up template! Put all information about meetings on a single page and share it easily with clients.\"},{\"@type\":\"WebSite\",\"@id\":\"https:\/\/sales-ai-agents.com\/#website\",\"url\":\"https:\/\/sales-ai-agents.com\/\",\"name\":\"FuseBase\",\"description\":\"Nimbus Platform - Free Online Collaboration Software for Remote Teams. Build your wikis, client portals and more with the Nimbus Platform collaboration tool ? A perfect space for online work\",\"publisher\":{\"@id\":\"https:\/\/sales-ai-agents.com\/#organization\"},\"potentialAction\":[{\"@type\":\"SearchAction\",\"target\":{\"@type\":\"EntryPoint\",\"urlTemplate\":\"https:\/\/sales-ai-agents.com\/?s={search_term_string}\"},\"query-input\":{\"@type\":\"PropertyValueSpecification\",\"valueRequired\":true,\"valueName\":\"search_term_string\"}}],\"inLanguage\":\"de-DE\"},{\"@type\":\"Organization\",\"@id\":\"https:\/\/sales-ai-agents.com\/#organization\",\"name\":\"FuseBase\",\"url\":\"https:\/\/sales-ai-agents.com\/\",\"logo\":{\"@type\":\"ImageObject\",\"inLanguage\":\"de-DE\",\"@id\":\"https:\/\/sales-ai-agents.com\/#\/schema\/logo\/image\/\",\"url\":\"https:\/\/sales-ai-agents.com\/wp-content\/uploads\/2023\/11\/icon-7.svg\",\"contentUrl\":\"https:\/\/sales-ai-agents.com\/wp-content\/uploads\/2023\/11\/icon-7.svg\",\"width\":128,\"height\":128,\"caption\":\"FuseBase\"},\"image\":{\"@id\":\"https:\/\/sales-ai-agents.com\/#\/schema\/logo\/image\/\"}}]}<\/script>\n<!-- \/ Yoast SEO plugin. -->","yoast_head_json":{"title":"Meeting-Nachbereitung f\u00fcr Kunden Vorlage - Sales AI Agents","description":"Behalten Sie den \u00dcberblick \u00fcber Ihre Meetings mit unserer Vorlage Meeting Wrap Up! Stellen Sie alle Informationen \u00fcber Meetings auf einer einzigen Seite zusammen und teilen Sie sie einfach mit Ihren Kunden!","robots":{"index":"index","follow":"follow","max-snippet":"max-snippet:-1","max-image-preview":"max-image-preview:large","max-video-preview":"max-video-preview:-1"},"canonical":"https:\/\/sales-ai-agents.com\/de\/templates\/meeting-wrap-up-for-clients\/","og_locale":"de_DE","og_type":"article","og_title":"Meeting-Nachbereitung f\u00fcr Kunden Vorlage - Sales AI Agents","og_description":"Behalten Sie den \u00dcberblick \u00fcber Ihre Meetings mit unserer Vorlage Meeting Wrap Up! Stellen Sie alle Informationen \u00fcber Meetings auf einer einzigen Seite zusammen und teilen Sie sie einfach mit Ihren Kunden!","og_url":"https:\/\/sales-ai-agents.com\/de\/templates\/meeting-wrap-up-for-clients\/","og_site_name":"Sales AI Agents","article_modified_time":"2023-12-27T14:29:45+00:00","og_image":[{"width":1700,"height":1100,"url":"https:\/\/sales-ai-agents.com\/wp-content\/uploads\/2022\/09\/Meeting-Wrap-Up-for-Clients-Template.png","type":"image\/png"}],"twitter_card":"summary_large_image","schema":{"@context":"https:\/\/schema.org","@graph":[{"@type":"WebPage","@id":"https:\/\/sales-ai-agents.com\/de\/templates\/meeting-wrap-up-for-clients\/","url":"https:\/\/sales-ai-agents.com\/de\/templates\/meeting-wrap-up-for-clients\/","name":"Meeting-Nachbereitung f\u00fcr Kunden Vorlage - Sales AI Agents","isPartOf":{"@id":"https:\/\/sales-ai-agents.com\/#website"},"primaryImageOfPage":{"@id":"https:\/\/sales-ai-agents.com\/de\/templates\/meeting-wrap-up-for-clients\/#primaryimage"},"image":{"@id":"https:\/\/sales-ai-agents.com\/de\/templates\/meeting-wrap-up-for-clients\/#primaryimage"},"thumbnailUrl":"https:\/\/sales-ai-agents.com\/wp-content\/uploads\/2022\/09\/Meeting-Wrap-Up-for-Clients-Template.png","datePublished":"2022-09-26T12:13:08+00:00","dateModified":"2023-12-27T14:29:45+00:00","description":"Behalten Sie den \u00dcberblick \u00fcber Ihre Meetings mit unserer Vorlage Meeting Wrap Up! Stellen Sie alle Informationen \u00fcber Meetings auf einer einzigen Seite zusammen und teilen Sie sie einfach mit Ihren Kunden!","inLanguage":"de-DE","potentialAction":[{"@type":"ReadAction","target":["https:\/\/sales-ai-agents.com\/de\/templates\/meeting-wrap-up-for-clients\/"]}]},{"@type":"ImageObject","inLanguage":"de-DE","@id":"https:\/\/sales-ai-agents.com\/de\/templates\/meeting-wrap-up-for-clients\/#primaryimage","url":"https:\/\/sales-ai-agents.com\/wp-content\/uploads\/2022\/09\/Meeting-Wrap-Up-for-Clients-Template.png","contentUrl":"https:\/\/sales-ai-agents.com\/wp-content\/uploads\/2022\/09\/Meeting-Wrap-Up-for-Clients-Template.png","width":1700,"height":1100,"caption":"Keep track of your meetings with our best Meeting Wrap Up template! Put all information about meetings on a single page and share it easily with clients."},{"@type":"WebSite","@id":"https:\/\/sales-ai-agents.com\/#website","url":"https:\/\/sales-ai-agents.com\/","name":"FuseBase","description":"Nimbus Platform - Free Online Collaboration Software for Remote Teams. Build your wikis, client portals and more with the Nimbus Platform collaboration tool ? A perfect space for online work","publisher":{"@id":"https:\/\/sales-ai-agents.com\/#organization"},"potentialAction":[{"@type":"SearchAction","target":{"@type":"EntryPoint","urlTemplate":"https:\/\/sales-ai-agents.com\/?s={search_term_string}"},"query-input":{"@type":"PropertyValueSpecification","valueRequired":true,"valueName":"search_term_string"}}],"inLanguage":"de-DE"},{"@type":"Organization","@id":"https:\/\/sales-ai-agents.com\/#organization","name":"FuseBase","url":"https:\/\/sales-ai-agents.com\/","logo":{"@type":"ImageObject","inLanguage":"de-DE","@id":"https:\/\/sales-ai-agents.com\/#\/schema\/logo\/image\/","url":"https:\/\/sales-ai-agents.com\/wp-content\/uploads\/2023\/11\/icon-7.svg","contentUrl":"https:\/\/sales-ai-agents.com\/wp-content\/uploads\/2023\/11\/icon-7.svg","width":128,"height":128,"caption":"FuseBase"},"image":{"@id":"https:\/\/sales-ai-agents.com\/#\/schema\/logo\/image\/"}}]}},"_links":{"self":[{"href":"https:\/\/sales-ai-agents.com\/de\/wp-json\/wp\/v2\/product\/57642","targetHints":{"allow":["GET"]}}],"collection":[{"href":"https:\/\/sales-ai-agents.com\/de\/wp-json\/wp\/v2\/product"}],"about":[{"href":"https:\/\/sales-ai-agents.com\/de\/wp-json\/wp\/v2\/types\/product"}],"wp:featuredmedia":[{"embeddable":true,"href":"https:\/\/sales-ai-agents.com\/de\/wp-json\/wp\/v2\/media\/25970"}],"wp:attachment":[{"href":"https:\/\/sales-ai-agents.com\/de\/wp-json\/wp\/v2\/media?parent=57642"}],"wp:term":[{"taxonomy":"product_brand","embeddable":true,"href":"https:\/\/sales-ai-agents.com\/de\/wp-json\/wp\/v2\/product_brand?post=57642"},{"taxonomy":"product_cat","embeddable":true,"href":"https:\/\/sales-ai-agents.com\/de\/wp-json\/wp\/v2\/product_cat?post=57642"},{"taxonomy":"product_tag","embeddable":true,"href":"https:\/\/sales-ai-agents.com\/de\/wp-json\/wp\/v2\/product_tag?post=57642"}],"curies":[{"name":"wp","href":"https:\/\/api.w.org\/{rel}","templated":true}]}}