{"id":57647,"date":"2022-09-26T12:12:58","date_gmt":"2022-09-26T12:12:58","guid":{"rendered":"https:\/\/sales-ai-agents.com\/templates\/employee-performance-review-2\/"},"modified":"2023-12-27T19:34:40","modified_gmt":"2023-12-27T19:34:40","slug":"employee-performance-review-2","status":"publish","type":"product","link":"https:\/\/sales-ai-agents.com\/de\/templates\/employee-performance-review-2\/","title":{"rendered":"Detaillierte Leistungs\u00fcberpr\u00fcfung"},"content":{"rendered":"<p>&nbsp;<\/p>\n<h2 class=\"ng-binding ng-scope\">Vorlage f\u00fcr detaillierte Leistungs\u00fcberpr\u00fcfung<\/h2>\n<p class=\"desc-text\">Mitarbeitergespr\u00e4che tragen dazu bei, dass jeder in Ihrem Team \u00fcber Standards, Ziele und Vorgaben Bescheid wei\u00df. Sie sind ein wirksames Mittel, um \u00fcber Fortschritte und Wachstum nachzudenken. Verwenden Sie diese Leistungsvorlage zur Beurteilung Ihrer Mitarbeiter. Stellen Sie sicher, dass Ihre Bewertungen objektiv und standardisiert sind, indem Sie Bewertungen f\u00fcr bestimmte Faktoren verwenden. Geben Sie Bewertungen und Notizen sofort weiter, damit Ihr gesamtes Team schnell auf dem Laufenden ist.<\/p>\n<h5>Wie zu verwenden:<\/h5>\n<ul class=\"desc-item_list\">\n<li class=\"desc-item_list__point\">Details zur Leistungsbeurteilung einbeziehen<\/li>\n<li class=\"desc-item_list__point\">\u00dcberpr\u00fcfen Sie die Bewertungsrubrik<\/li>\n<li class=\"desc-item_list__point\">Vergeben Sie eine Bewertung f\u00fcr jeden Bewertungsfaktor<\/li>\n<li class=\"desc-item_list__point\">F\u00fcgen Sie detaillierte Kommentare zu jedem Faktor hinzu<\/li>\n<li class=\"desc-item_list__point\">Teilen Sie Bewertungen und Beurteilungen mit Ihren Mitarbeitern<\/li>\n<li class=\"desc-item_list__point\">Erlauben Sie einem Mitarbeiter, Kommentare hinzuzuf\u00fcgen<\/li>\n<li class=\"desc-item_list__point\">Unterschreiben und datieren Sie das ausgef\u00fcllte Dokument<\/li>\n<\/ul>\n","protected":false},"excerpt":{"rendered":"<p>Mitarbeitergespr\u00e4che tragen dazu bei, dass jeder in Ihrem Team \u00fcber Standards, Ziele und Vorgaben informiert ist. Verwenden Sie diese Leistungsvorlage zur Beurteilung Ihrer Mitarbeiter.<\/p>\n","protected":false},"featured_media":33981,"template":"","meta":{"_acf_changed":false,"inline_featured_image":false},"product_brand":[],"product_cat":[178],"product_tag":[],"class_list":{"0":"post-57647","1":"product","2":"type-product","3":"status-publish","4":"has-post-thumbnail","6":"product_cat-operations-hr","8":"first","9":"instock","10":"virtual","11":"sold-individually","12":"product-type-simple"},"acf":[],"yoast_head":"<!-- This site is optimized with the Yoast SEO plugin v25.3.1 - https:\/\/yoast.com\/wordpress\/plugins\/seo\/ -->\n<title>Vorlage f\u00fcr detaillierte Leistungs\u00fcberpr\u00fcfung - Sales AI Agents<\/title>\n<meta name=\"description\" content=\"Mitarbeitergespr\u00e4che tragen dazu bei, dass jeder in Ihrem Team \u00fcber Standards, Ziele und Vorgaben Bescheid wei\u00df. Verwenden Sie diese Leistungsvorlage zur Beurteilung Ihrer Mitarbeiter.\" \/>\n<meta name=\"robots\" content=\"index, follow, max-snippet:-1, max-image-preview:large, max-video-preview:-1\" \/>\n<link rel=\"canonical\" href=\"https:\/\/sales-ai-agents.com\/de\/templates\/employee-performance-review-2\/\" \/>\n<meta property=\"og:locale\" content=\"de_DE\" \/>\n<meta property=\"og:type\" content=\"article\" \/>\n<meta property=\"og:title\" content=\"Vorlage f\u00fcr detaillierte Leistungs\u00fcberpr\u00fcfung - Sales AI Agents\" \/>\n<meta property=\"og:description\" content=\"Mitarbeitergespr\u00e4che tragen dazu bei, dass jeder in Ihrem Team \u00fcber Standards, Ziele und Vorgaben Bescheid wei\u00df. Verwenden Sie diese Leistungsvorlage zur Beurteilung Ihrer Mitarbeiter.\" \/>\n<meta property=\"og:url\" content=\"https:\/\/sales-ai-agents.com\/de\/templates\/employee-performance-review-2\/\" \/>\n<meta property=\"og:site_name\" content=\"Sales AI Agents\" \/>\n<meta property=\"article:modified_time\" content=\"2023-12-27T19:34:40+00:00\" \/>\n<meta property=\"og:image\" content=\"https:\/\/sales-ai-agents.com\/wp-content\/uploads\/2022\/09\/Detailed-Performance-Review-Template.png\" \/>\n\t<meta property=\"og:image:width\" content=\"1700\" \/>\n\t<meta property=\"og:image:height\" content=\"1100\" \/>\n\t<meta property=\"og:image:type\" content=\"image\/png\" \/>\n<meta name=\"twitter:card\" content=\"summary_large_image\" \/>\n<script type=\"application\/ld+json\" class=\"yoast-schema-graph\">{\"@context\":\"https:\/\/schema.org\",\"@graph\":[{\"@type\":\"WebPage\",\"@id\":\"https:\/\/sales-ai-agents.com\/de\/templates\/employee-performance-review-2\/\",\"url\":\"https:\/\/sales-ai-agents.com\/de\/templates\/employee-performance-review-2\/\",\"name\":\"Vorlage f\u00fcr detaillierte Leistungs\u00fcberpr\u00fcfung - Sales AI Agents\",\"isPartOf\":{\"@id\":\"https:\/\/sales-ai-agents.com\/#website\"},\"primaryImageOfPage\":{\"@id\":\"https:\/\/sales-ai-agents.com\/de\/templates\/employee-performance-review-2\/#primaryimage\"},\"image\":{\"@id\":\"https:\/\/sales-ai-agents.com\/de\/templates\/employee-performance-review-2\/#primaryimage\"},\"thumbnailUrl\":\"https:\/\/sales-ai-agents.com\/wp-content\/uploads\/2022\/09\/Detailed-Performance-Review-Template.png\",\"datePublished\":\"2022-09-26T12:12:58+00:00\",\"dateModified\":\"2023-12-27T19:34:40+00:00\",\"description\":\"Mitarbeitergespr\u00e4che tragen dazu bei, dass jeder in Ihrem Team \u00fcber Standards, Ziele und Vorgaben Bescheid wei\u00df. Verwenden Sie diese Leistungsvorlage zur Beurteilung Ihrer Mitarbeiter.\",\"inLanguage\":\"de-DE\",\"potentialAction\":[{\"@type\":\"ReadAction\",\"target\":[\"https:\/\/sales-ai-agents.com\/de\/templates\/employee-performance-review-2\/\"]}]},{\"@type\":\"ImageObject\",\"inLanguage\":\"de-DE\",\"@id\":\"https:\/\/sales-ai-agents.com\/de\/templates\/employee-performance-review-2\/#primaryimage\",\"url\":\"https:\/\/sales-ai-agents.com\/wp-content\/uploads\/2022\/09\/Detailed-Performance-Review-Template.png\",\"contentUrl\":\"https:\/\/sales-ai-agents.com\/wp-content\/uploads\/2022\/09\/Detailed-Performance-Review-Template.png\",\"width\":1700,\"height\":1100,\"caption\":\"Detailed Performance Review Template - Nimbus Platform\"},{\"@type\":\"WebSite\",\"@id\":\"https:\/\/sales-ai-agents.com\/#website\",\"url\":\"https:\/\/sales-ai-agents.com\/\",\"name\":\"FuseBase\",\"description\":\"Nimbus Platform - Free Online Collaboration Software for Remote Teams. Build your wikis, client portals and more with the Nimbus Platform collaboration tool ? A perfect space for online work\",\"publisher\":{\"@id\":\"https:\/\/sales-ai-agents.com\/#organization\"},\"potentialAction\":[{\"@type\":\"SearchAction\",\"target\":{\"@type\":\"EntryPoint\",\"urlTemplate\":\"https:\/\/sales-ai-agents.com\/?s={search_term_string}\"},\"query-input\":{\"@type\":\"PropertyValueSpecification\",\"valueRequired\":true,\"valueName\":\"search_term_string\"}}],\"inLanguage\":\"de-DE\"},{\"@type\":\"Organization\",\"@id\":\"https:\/\/sales-ai-agents.com\/#organization\",\"name\":\"FuseBase\",\"url\":\"https:\/\/sales-ai-agents.com\/\",\"logo\":{\"@type\":\"ImageObject\",\"inLanguage\":\"de-DE\",\"@id\":\"https:\/\/sales-ai-agents.com\/#\/schema\/logo\/image\/\",\"url\":\"https:\/\/sales-ai-agents.com\/wp-content\/uploads\/2023\/11\/icon-7.svg\",\"contentUrl\":\"https:\/\/sales-ai-agents.com\/wp-content\/uploads\/2023\/11\/icon-7.svg\",\"width\":128,\"height\":128,\"caption\":\"FuseBase\"},\"image\":{\"@id\":\"https:\/\/sales-ai-agents.com\/#\/schema\/logo\/image\/\"}}]}<\/script>\n<!-- \/ Yoast SEO plugin. -->","yoast_head_json":{"title":"Vorlage f\u00fcr detaillierte Leistungs\u00fcberpr\u00fcfung - Sales AI Agents","description":"Mitarbeitergespr\u00e4che tragen dazu bei, dass jeder in Ihrem Team \u00fcber Standards, Ziele und Vorgaben Bescheid wei\u00df. Verwenden Sie diese Leistungsvorlage zur Beurteilung Ihrer Mitarbeiter.","robots":{"index":"index","follow":"follow","max-snippet":"max-snippet:-1","max-image-preview":"max-image-preview:large","max-video-preview":"max-video-preview:-1"},"canonical":"https:\/\/sales-ai-agents.com\/de\/templates\/employee-performance-review-2\/","og_locale":"de_DE","og_type":"article","og_title":"Vorlage f\u00fcr detaillierte Leistungs\u00fcberpr\u00fcfung - Sales AI Agents","og_description":"Mitarbeitergespr\u00e4che tragen dazu bei, dass jeder in Ihrem Team \u00fcber Standards, Ziele und Vorgaben Bescheid wei\u00df. Verwenden Sie diese Leistungsvorlage zur Beurteilung Ihrer Mitarbeiter.","og_url":"https:\/\/sales-ai-agents.com\/de\/templates\/employee-performance-review-2\/","og_site_name":"Sales AI Agents","article_modified_time":"2023-12-27T19:34:40+00:00","og_image":[{"width":1700,"height":1100,"url":"https:\/\/sales-ai-agents.com\/wp-content\/uploads\/2022\/09\/Detailed-Performance-Review-Template.png","type":"image\/png"}],"twitter_card":"summary_large_image","schema":{"@context":"https:\/\/schema.org","@graph":[{"@type":"WebPage","@id":"https:\/\/sales-ai-agents.com\/de\/templates\/employee-performance-review-2\/","url":"https:\/\/sales-ai-agents.com\/de\/templates\/employee-performance-review-2\/","name":"Vorlage f\u00fcr detaillierte Leistungs\u00fcberpr\u00fcfung - Sales AI Agents","isPartOf":{"@id":"https:\/\/sales-ai-agents.com\/#website"},"primaryImageOfPage":{"@id":"https:\/\/sales-ai-agents.com\/de\/templates\/employee-performance-review-2\/#primaryimage"},"image":{"@id":"https:\/\/sales-ai-agents.com\/de\/templates\/employee-performance-review-2\/#primaryimage"},"thumbnailUrl":"https:\/\/sales-ai-agents.com\/wp-content\/uploads\/2022\/09\/Detailed-Performance-Review-Template.png","datePublished":"2022-09-26T12:12:58+00:00","dateModified":"2023-12-27T19:34:40+00:00","description":"Mitarbeitergespr\u00e4che tragen dazu bei, dass jeder in Ihrem Team \u00fcber Standards, Ziele und Vorgaben Bescheid wei\u00df. Verwenden Sie diese Leistungsvorlage zur Beurteilung Ihrer Mitarbeiter.","inLanguage":"de-DE","potentialAction":[{"@type":"ReadAction","target":["https:\/\/sales-ai-agents.com\/de\/templates\/employee-performance-review-2\/"]}]},{"@type":"ImageObject","inLanguage":"de-DE","@id":"https:\/\/sales-ai-agents.com\/de\/templates\/employee-performance-review-2\/#primaryimage","url":"https:\/\/sales-ai-agents.com\/wp-content\/uploads\/2022\/09\/Detailed-Performance-Review-Template.png","contentUrl":"https:\/\/sales-ai-agents.com\/wp-content\/uploads\/2022\/09\/Detailed-Performance-Review-Template.png","width":1700,"height":1100,"caption":"Detailed Performance Review Template - Nimbus Platform"},{"@type":"WebSite","@id":"https:\/\/sales-ai-agents.com\/#website","url":"https:\/\/sales-ai-agents.com\/","name":"FuseBase","description":"Nimbus Platform - Free Online Collaboration Software for Remote Teams. Build your wikis, client portals and more with the Nimbus Platform collaboration tool ? A perfect space for online work","publisher":{"@id":"https:\/\/sales-ai-agents.com\/#organization"},"potentialAction":[{"@type":"SearchAction","target":{"@type":"EntryPoint","urlTemplate":"https:\/\/sales-ai-agents.com\/?s={search_term_string}"},"query-input":{"@type":"PropertyValueSpecification","valueRequired":true,"valueName":"search_term_string"}}],"inLanguage":"de-DE"},{"@type":"Organization","@id":"https:\/\/sales-ai-agents.com\/#organization","name":"FuseBase","url":"https:\/\/sales-ai-agents.com\/","logo":{"@type":"ImageObject","inLanguage":"de-DE","@id":"https:\/\/sales-ai-agents.com\/#\/schema\/logo\/image\/","url":"https:\/\/sales-ai-agents.com\/wp-content\/uploads\/2023\/11\/icon-7.svg","contentUrl":"https:\/\/sales-ai-agents.com\/wp-content\/uploads\/2023\/11\/icon-7.svg","width":128,"height":128,"caption":"FuseBase"},"image":{"@id":"https:\/\/sales-ai-agents.com\/#\/schema\/logo\/image\/"}}]}},"_links":{"self":[{"href":"https:\/\/sales-ai-agents.com\/de\/wp-json\/wp\/v2\/product\/57647","targetHints":{"allow":["GET"]}}],"collection":[{"href":"https:\/\/sales-ai-agents.com\/de\/wp-json\/wp\/v2\/product"}],"about":[{"href":"https:\/\/sales-ai-agents.com\/de\/wp-json\/wp\/v2\/types\/product"}],"wp:featuredmedia":[{"embeddable":true,"href":"https:\/\/sales-ai-agents.com\/de\/wp-json\/wp\/v2\/media\/33981"}],"wp:attachment":[{"href":"https:\/\/sales-ai-agents.com\/de\/wp-json\/wp\/v2\/media?parent=57647"}],"wp:term":[{"taxonomy":"product_brand","embeddable":true,"href":"https:\/\/sales-ai-agents.com\/de\/wp-json\/wp\/v2\/product_brand?post=57647"},{"taxonomy":"product_cat","embeddable":true,"href":"https:\/\/sales-ai-agents.com\/de\/wp-json\/wp\/v2\/product_cat?post=57647"},{"taxonomy":"product_tag","embeddable":true,"href":"https:\/\/sales-ai-agents.com\/de\/wp-json\/wp\/v2\/product_tag?post=57647"}],"curies":[{"name":"wp","href":"https:\/\/api.w.org\/{rel}","templated":true}]}}