{"id":57652,"date":"2022-09-26T12:12:54","date_gmt":"2022-09-26T12:12:54","guid":{"rendered":"https:\/\/sales-ai-agents.com\/templates\/mom\/"},"modified":"2023-12-26T15:23:53","modified_gmt":"2023-12-26T15:23:53","slug":"mom","status":"publish","type":"product","link":"https:\/\/sales-ai-agents.com\/de\/templates\/mom\/","title":{"rendered":"MOM"},"content":{"rendered":"<p>&nbsp;<\/p>\n<h2>MOM-Vorlage<\/h2>\n<p class=\"desc-text\">Verwenden Sie keine einfachen Textverarbeitungsprogramme mehr, um Ihre Sitzungsprotokolle zu verfassen. Diese Besprechungsvorlage ist in einer \u00fcbersichtlichen Tabelle organisiert, so dass Sie Ihre Notizen leicht nachvollziehen k\u00f6nnen. F\u00fcgen Sie Mitarbeiter hinzu und teilen Sie die Informationen mit Ihrem gesamten Team, damit alle schnell auf dem Laufenden sind. Diese Vorlage eignet sich hervorragend, um Ihre gesamte Gruppe \u00fcber wichtige Aktualisierungen, Ank\u00fcndigungen und vieles mehr zu informieren.<\/p>\n<h5>Wie zu verwenden:<\/h5>\n<ul class=\"desc-item_list\">\n<li class=\"desc-item_list__point\">Name und Datum der Besprechung hinzuf\u00fcgen<\/li>\n<li class=\"desc-item_list__point\">Markieren und erw\u00e4hnen Sie die Teilnehmer<\/li>\n<li class=\"desc-item_list__point\">N\u00e4chste Schritte und Fristen festlegen<\/li>\n<li class=\"desc-item_list__point\">Besprechungsnotizen in das letzte Feld eintragen<\/li>\n<li class=\"desc-item_list__point\">Teilen Sie Ihre Notizen mit Ihrem gesamten Team<\/li>\n<\/ul>\n","protected":false},"excerpt":{"rendered":"<p>Verwenden Sie keine einfachen Textverarbeitungsprogramme mehr, um Ihre Sitzungsprotokolle zu verfassen. Diese Besprechungsvorlage ist tabellarisch aufgebaut, damit Sie Ihre Notizen leicht nachvollziehen k\u00f6nnen.<\/p>\n","protected":false},"featured_media":20616,"template":"","meta":{"_acf_changed":false,"inline_featured_image":false},"product_brand":[],"product_cat":[177,178,191],"product_tag":[],"class_list":{"0":"post-57652","1":"product","2":"type-product","3":"status-publish","4":"has-post-thumbnail","6":"product_cat-meeting","7":"product_cat-operations-hr","8":"product_cat-project-management","9":"collections-team","11":"first","12":"instock","13":"virtual","14":"sold-individually","15":"product-type-simple"},"acf":[],"yoast_head":"<!-- This site is optimized with the Yoast SEO plugin v25.3.1 - https:\/\/yoast.com\/wordpress\/plugins\/seo\/ -->\n<title>MOM Vorlage - Sales AI Agents<\/title>\n<meta name=\"description\" content=\"Verwenden Sie keine einfachen Textverarbeitungsprogramme mehr, um Ihre Sitzungsprotokolle zu verfassen. Diese Besprechungsvorlage ist tabellarisch aufgebaut - so k\u00f6nnen Sie Ihre Notizen leicht nachvollziehen!\" \/>\n<meta name=\"robots\" content=\"index, follow, max-snippet:-1, max-image-preview:large, max-video-preview:-1\" \/>\n<link rel=\"canonical\" href=\"https:\/\/sales-ai-agents.com\/de\/templates\/mom\/\" \/>\n<meta property=\"og:locale\" content=\"de_DE\" \/>\n<meta property=\"og:type\" content=\"article\" \/>\n<meta property=\"og:title\" content=\"MOM Vorlage - Sales AI Agents\" \/>\n<meta property=\"og:description\" content=\"Verwenden Sie keine einfachen Textverarbeitungsprogramme mehr, um Ihre Sitzungsprotokolle zu verfassen. Diese Besprechungsvorlage ist tabellarisch aufgebaut - so k\u00f6nnen Sie Ihre Notizen leicht nachvollziehen!\" \/>\n<meta property=\"og:url\" content=\"https:\/\/sales-ai-agents.com\/de\/templates\/mom\/\" \/>\n<meta property=\"og:site_name\" content=\"Sales AI Agents\" \/>\n<meta property=\"article:modified_time\" content=\"2023-12-26T15:23:53+00:00\" \/>\n<meta property=\"og:image\" content=\"https:\/\/sales-ai-agents.com\/wp-content\/uploads\/2023\/01\/image-preview121839.png\" \/>\n\t<meta property=\"og:image:width\" content=\"1078\" \/>\n\t<meta property=\"og:image:height\" content=\"1150\" \/>\n\t<meta property=\"og:image:type\" content=\"image\/png\" \/>\n<meta name=\"twitter:card\" content=\"summary_large_image\" \/>\n<script type=\"application\/ld+json\" class=\"yoast-schema-graph\">{\"@context\":\"https:\/\/schema.org\",\"@graph\":[{\"@type\":\"WebPage\",\"@id\":\"https:\/\/sales-ai-agents.com\/de\/templates\/mom\/\",\"url\":\"https:\/\/sales-ai-agents.com\/de\/templates\/mom\/\",\"name\":\"MOM Vorlage - Sales AI Agents\",\"isPartOf\":{\"@id\":\"https:\/\/sales-ai-agents.com\/#website\"},\"primaryImageOfPage\":{\"@id\":\"https:\/\/sales-ai-agents.com\/de\/templates\/mom\/#primaryimage\"},\"image\":{\"@id\":\"https:\/\/sales-ai-agents.com\/de\/templates\/mom\/#primaryimage\"},\"thumbnailUrl\":\"https:\/\/sales-ai-agents.com\/wp-content\/uploads\/2023\/01\/image-preview121839.png\",\"datePublished\":\"2022-09-26T12:12:54+00:00\",\"dateModified\":\"2023-12-26T15:23:53+00:00\",\"description\":\"Verwenden Sie keine einfachen Textverarbeitungsprogramme mehr, um Ihre Sitzungsprotokolle zu verfassen. Diese Besprechungsvorlage ist tabellarisch aufgebaut - so k\u00f6nnen Sie Ihre Notizen leicht nachvollziehen!\",\"inLanguage\":\"de-DE\",\"potentialAction\":[{\"@type\":\"ReadAction\",\"target\":[\"https:\/\/sales-ai-agents.com\/de\/templates\/mom\/\"]}]},{\"@type\":\"ImageObject\",\"inLanguage\":\"de-DE\",\"@id\":\"https:\/\/sales-ai-agents.com\/de\/templates\/mom\/#primaryimage\",\"url\":\"https:\/\/sales-ai-agents.com\/wp-content\/uploads\/2023\/01\/image-preview121839.png\",\"contentUrl\":\"https:\/\/sales-ai-agents.com\/wp-content\/uploads\/2023\/01\/image-preview121839.png\",\"width\":1078,\"height\":1150,\"caption\":\"MOM Template - Nimbus Platform\"},{\"@type\":\"WebSite\",\"@id\":\"https:\/\/sales-ai-agents.com\/#website\",\"url\":\"https:\/\/sales-ai-agents.com\/\",\"name\":\"FuseBase\",\"description\":\"Nimbus Platform - Free Online Collaboration Software for Remote Teams. Build your wikis, client portals and more with the Nimbus Platform collaboration tool ? A perfect space for online work\",\"publisher\":{\"@id\":\"https:\/\/sales-ai-agents.com\/#organization\"},\"potentialAction\":[{\"@type\":\"SearchAction\",\"target\":{\"@type\":\"EntryPoint\",\"urlTemplate\":\"https:\/\/sales-ai-agents.com\/?s={search_term_string}\"},\"query-input\":{\"@type\":\"PropertyValueSpecification\",\"valueRequired\":true,\"valueName\":\"search_term_string\"}}],\"inLanguage\":\"de-DE\"},{\"@type\":\"Organization\",\"@id\":\"https:\/\/sales-ai-agents.com\/#organization\",\"name\":\"FuseBase\",\"url\":\"https:\/\/sales-ai-agents.com\/\",\"logo\":{\"@type\":\"ImageObject\",\"inLanguage\":\"de-DE\",\"@id\":\"https:\/\/sales-ai-agents.com\/#\/schema\/logo\/image\/\",\"url\":\"https:\/\/sales-ai-agents.com\/wp-content\/uploads\/2023\/11\/icon-7.svg\",\"contentUrl\":\"https:\/\/sales-ai-agents.com\/wp-content\/uploads\/2023\/11\/icon-7.svg\",\"width\":128,\"height\":128,\"caption\":\"FuseBase\"},\"image\":{\"@id\":\"https:\/\/sales-ai-agents.com\/#\/schema\/logo\/image\/\"}}]}<\/script>\n<!-- \/ Yoast SEO plugin. -->","yoast_head_json":{"title":"MOM Vorlage - Sales AI Agents","description":"Verwenden Sie keine einfachen Textverarbeitungsprogramme mehr, um Ihre Sitzungsprotokolle zu verfassen. Diese Besprechungsvorlage ist tabellarisch aufgebaut - so k\u00f6nnen Sie Ihre Notizen leicht nachvollziehen!","robots":{"index":"index","follow":"follow","max-snippet":"max-snippet:-1","max-image-preview":"max-image-preview:large","max-video-preview":"max-video-preview:-1"},"canonical":"https:\/\/sales-ai-agents.com\/de\/templates\/mom\/","og_locale":"de_DE","og_type":"article","og_title":"MOM Vorlage - Sales AI Agents","og_description":"Verwenden Sie keine einfachen Textverarbeitungsprogramme mehr, um Ihre Sitzungsprotokolle zu verfassen. Diese Besprechungsvorlage ist tabellarisch aufgebaut - so k\u00f6nnen Sie Ihre Notizen leicht nachvollziehen!","og_url":"https:\/\/sales-ai-agents.com\/de\/templates\/mom\/","og_site_name":"Sales AI Agents","article_modified_time":"2023-12-26T15:23:53+00:00","og_image":[{"width":1078,"height":1150,"url":"https:\/\/sales-ai-agents.com\/wp-content\/uploads\/2023\/01\/image-preview121839.png","type":"image\/png"}],"twitter_card":"summary_large_image","schema":{"@context":"https:\/\/schema.org","@graph":[{"@type":"WebPage","@id":"https:\/\/sales-ai-agents.com\/de\/templates\/mom\/","url":"https:\/\/sales-ai-agents.com\/de\/templates\/mom\/","name":"MOM Vorlage - Sales AI Agents","isPartOf":{"@id":"https:\/\/sales-ai-agents.com\/#website"},"primaryImageOfPage":{"@id":"https:\/\/sales-ai-agents.com\/de\/templates\/mom\/#primaryimage"},"image":{"@id":"https:\/\/sales-ai-agents.com\/de\/templates\/mom\/#primaryimage"},"thumbnailUrl":"https:\/\/sales-ai-agents.com\/wp-content\/uploads\/2023\/01\/image-preview121839.png","datePublished":"2022-09-26T12:12:54+00:00","dateModified":"2023-12-26T15:23:53+00:00","description":"Verwenden Sie keine einfachen Textverarbeitungsprogramme mehr, um Ihre Sitzungsprotokolle zu verfassen. Diese Besprechungsvorlage ist tabellarisch aufgebaut - so k\u00f6nnen Sie Ihre Notizen leicht nachvollziehen!","inLanguage":"de-DE","potentialAction":[{"@type":"ReadAction","target":["https:\/\/sales-ai-agents.com\/de\/templates\/mom\/"]}]},{"@type":"ImageObject","inLanguage":"de-DE","@id":"https:\/\/sales-ai-agents.com\/de\/templates\/mom\/#primaryimage","url":"https:\/\/sales-ai-agents.com\/wp-content\/uploads\/2023\/01\/image-preview121839.png","contentUrl":"https:\/\/sales-ai-agents.com\/wp-content\/uploads\/2023\/01\/image-preview121839.png","width":1078,"height":1150,"caption":"MOM Template - Nimbus Platform"},{"@type":"WebSite","@id":"https:\/\/sales-ai-agents.com\/#website","url":"https:\/\/sales-ai-agents.com\/","name":"FuseBase","description":"Nimbus Platform - Free Online Collaboration Software for Remote Teams. Build your wikis, client portals and more with the Nimbus Platform collaboration tool ? A perfect space for online work","publisher":{"@id":"https:\/\/sales-ai-agents.com\/#organization"},"potentialAction":[{"@type":"SearchAction","target":{"@type":"EntryPoint","urlTemplate":"https:\/\/sales-ai-agents.com\/?s={search_term_string}"},"query-input":{"@type":"PropertyValueSpecification","valueRequired":true,"valueName":"search_term_string"}}],"inLanguage":"de-DE"},{"@type":"Organization","@id":"https:\/\/sales-ai-agents.com\/#organization","name":"FuseBase","url":"https:\/\/sales-ai-agents.com\/","logo":{"@type":"ImageObject","inLanguage":"de-DE","@id":"https:\/\/sales-ai-agents.com\/#\/schema\/logo\/image\/","url":"https:\/\/sales-ai-agents.com\/wp-content\/uploads\/2023\/11\/icon-7.svg","contentUrl":"https:\/\/sales-ai-agents.com\/wp-content\/uploads\/2023\/11\/icon-7.svg","width":128,"height":128,"caption":"FuseBase"},"image":{"@id":"https:\/\/sales-ai-agents.com\/#\/schema\/logo\/image\/"}}]}},"_links":{"self":[{"href":"https:\/\/sales-ai-agents.com\/de\/wp-json\/wp\/v2\/product\/57652","targetHints":{"allow":["GET"]}}],"collection":[{"href":"https:\/\/sales-ai-agents.com\/de\/wp-json\/wp\/v2\/product"}],"about":[{"href":"https:\/\/sales-ai-agents.com\/de\/wp-json\/wp\/v2\/types\/product"}],"wp:featuredmedia":[{"embeddable":true,"href":"https:\/\/sales-ai-agents.com\/de\/wp-json\/wp\/v2\/media\/20616"}],"wp:attachment":[{"href":"https:\/\/sales-ai-agents.com\/de\/wp-json\/wp\/v2\/media?parent=57652"}],"wp:term":[{"taxonomy":"product_brand","embeddable":true,"href":"https:\/\/sales-ai-agents.com\/de\/wp-json\/wp\/v2\/product_brand?post=57652"},{"taxonomy":"product_cat","embeddable":true,"href":"https:\/\/sales-ai-agents.com\/de\/wp-json\/wp\/v2\/product_cat?post=57652"},{"taxonomy":"product_tag","embeddable":true,"href":"https:\/\/sales-ai-agents.com\/de\/wp-json\/wp\/v2\/product_tag?post=57652"}],"curies":[{"name":"wp","href":"https:\/\/api.w.org\/{rel}","templated":true}]}}