{"id":57666,"date":"2022-09-26T12:12:50","date_gmt":"2022-09-26T12:12:50","guid":{"rendered":"https:\/\/sales-ai-agents.com\/templates\/lesson-plan-database\/"},"modified":"2023-12-27T15:29:55","modified_gmt":"2023-12-27T15:29:55","slug":"lesson-plan-database","status":"publish","type":"product","link":"https:\/\/sales-ai-agents.com\/de\/templates\/lesson-plan-database\/","title":{"rendered":"Unterrichtsplan-Datenbank"},"content":{"rendered":"<p>&nbsp;<\/p>\n<h2>Lektionsplan-Datenbank-Vorlage<\/h2>\n<p class=\"desc-text\">Als Lehrerin oder Lehrer haben Sie wahrscheinlich einen Berg von Unterrichtsplan-Notizen auf Ihrem Computer. Diese Datenbank, die eine fertige Lehrer-Toolbox und p\u00e4dagogische Werkzeuge enth\u00e4lt, hilft Ihnen, alle Ihre Unterrichtspl\u00e4ne an einem Ort zu organisieren. Behalten Sie den \u00dcberblick \u00fcber unvollst\u00e4ndige Dokumente und kennzeichnen Sie sie farblich, damit sie nicht durchrutschen. Verwenden Sie Etiketten, damit Sie Dateien sp\u00e4ter leicht finden und wiederfinden k\u00f6nnen.<\/p>\n<h5>Wie zu verwenden:<\/h5>\n<ul class=\"desc-item_list\">\n<li class=\"desc-item_list__point\">Nennen Sie den Namen Ihrer Unterrichtsstunde<\/li>\n<li class=\"desc-item_list__point\">F\u00fcgen Sie Ihre Unterrichtsplan-Dateien hinzu<\/li>\n<li class=\"desc-item_list__point\">Geben Sie das geplante Datum der Unterrichtsstunde an<\/li>\n<li class=\"desc-item_list__point\">Aktualisieren Sie den Status: Beendet, In Arbeit oder Nicht begonnen<\/li>\n<li class=\"desc-item_list__point\">Beschriften Sie jeden Unterrichtstyp<\/li>\n<li class=\"desc-item_list__point\">W\u00e4hlen Sie das Datum, an dem die Datei erstellt wurde<\/li>\n<\/ul>\n","protected":false},"excerpt":{"rendered":"<p>Mit dieser Datenbankvorlage k\u00f6nnen Sie alle Ihre Unterrichtspl\u00e4ne an einem Ort aufbewahren. Vermeiden Sie zahlreiche Dateien auf Ihrem Computer, die Ihre Unterrichtsnotizen enthalten.<\/p>\n","protected":false},"featured_media":20608,"template":"","meta":{"_acf_changed":false,"inline_featured_image":false},"product_brand":[],"product_cat":[198,197],"product_tag":[],"class_list":{"0":"post-57666","1":"product","2":"type-product","3":"status-publish","4":"has-post-thumbnail","6":"product_cat-teacher","7":"product_cat-student","9":"first","10":"instock","11":"virtual","12":"sold-individually","13":"product-type-simple"},"acf":[],"yoast_head":"<!-- This site is optimized with the Yoast SEO plugin v25.3.1 - https:\/\/yoast.com\/wordpress\/plugins\/seo\/ -->\n<title>Lektionsplan-Datenbankvorlage - Sales AI Agents<\/title>\n<meta name=\"description\" content=\"Mit dieser Datenbankvorlage k\u00f6nnen Sie alle Ihre Unterrichtspl\u00e4ne an einem Ort aufbewahren. Vermeiden Sie zahlreiche Dateien auf Ihrem Computer mit Nimbus!\" \/>\n<meta name=\"robots\" content=\"index, follow, max-snippet:-1, max-image-preview:large, max-video-preview:-1\" \/>\n<link rel=\"canonical\" href=\"https:\/\/sales-ai-agents.com\/de\/templates\/lesson-plan-database\/\" \/>\n<meta property=\"og:locale\" content=\"de_DE\" \/>\n<meta property=\"og:type\" content=\"article\" \/>\n<meta property=\"og:title\" content=\"Lektionsplan-Datenbankvorlage - Sales AI Agents\" \/>\n<meta property=\"og:description\" content=\"Mit dieser Datenbankvorlage k\u00f6nnen Sie alle Ihre Unterrichtspl\u00e4ne an einem Ort aufbewahren. Vermeiden Sie zahlreiche Dateien auf Ihrem Computer mit Nimbus!\" \/>\n<meta property=\"og:url\" content=\"https:\/\/sales-ai-agents.com\/de\/templates\/lesson-plan-database\/\" \/>\n<meta property=\"og:site_name\" content=\"Sales AI Agents\" \/>\n<meta property=\"article:modified_time\" content=\"2023-12-27T15:29:55+00:00\" \/>\n<meta property=\"og:image\" content=\"https:\/\/sales-ai-agents.com\/wp-content\/uploads\/2023\/01\/image-preview121810.png\" \/>\n\t<meta property=\"og:image:width\" content=\"1078\" \/>\n\t<meta property=\"og:image:height\" content=\"760\" \/>\n\t<meta property=\"og:image:type\" content=\"image\/png\" \/>\n<meta name=\"twitter:card\" content=\"summary_large_image\" \/>\n<script type=\"application\/ld+json\" class=\"yoast-schema-graph\">{\"@context\":\"https:\/\/schema.org\",\"@graph\":[{\"@type\":\"WebPage\",\"@id\":\"https:\/\/sales-ai-agents.com\/de\/templates\/lesson-plan-database\/\",\"url\":\"https:\/\/sales-ai-agents.com\/de\/templates\/lesson-plan-database\/\",\"name\":\"Lektionsplan-Datenbankvorlage - Sales AI Agents\",\"isPartOf\":{\"@id\":\"https:\/\/sales-ai-agents.com\/#website\"},\"primaryImageOfPage\":{\"@id\":\"https:\/\/sales-ai-agents.com\/de\/templates\/lesson-plan-database\/#primaryimage\"},\"image\":{\"@id\":\"https:\/\/sales-ai-agents.com\/de\/templates\/lesson-plan-database\/#primaryimage\"},\"thumbnailUrl\":\"https:\/\/sales-ai-agents.com\/wp-content\/uploads\/2023\/01\/image-preview121810.png\",\"datePublished\":\"2022-09-26T12:12:50+00:00\",\"dateModified\":\"2023-12-27T15:29:55+00:00\",\"description\":\"Mit dieser Datenbankvorlage k\u00f6nnen Sie alle Ihre Unterrichtspl\u00e4ne an einem Ort aufbewahren. Vermeiden Sie zahlreiche Dateien auf Ihrem Computer mit Nimbus!\",\"inLanguage\":\"de-DE\",\"potentialAction\":[{\"@type\":\"ReadAction\",\"target\":[\"https:\/\/sales-ai-agents.com\/de\/templates\/lesson-plan-database\/\"]}]},{\"@type\":\"ImageObject\",\"inLanguage\":\"de-DE\",\"@id\":\"https:\/\/sales-ai-agents.com\/de\/templates\/lesson-plan-database\/#primaryimage\",\"url\":\"https:\/\/sales-ai-agents.com\/wp-content\/uploads\/2023\/01\/image-preview121810.png\",\"contentUrl\":\"https:\/\/sales-ai-agents.com\/wp-content\/uploads\/2023\/01\/image-preview121810.png\",\"width\":1078,\"height\":760,\"caption\":\"Lesson Plan Database Template - Nimbus Platform\"},{\"@type\":\"WebSite\",\"@id\":\"https:\/\/sales-ai-agents.com\/#website\",\"url\":\"https:\/\/sales-ai-agents.com\/\",\"name\":\"FuseBase\",\"description\":\"Nimbus Platform - Free Online Collaboration Software for Remote Teams. Build your wikis, client portals and more with the Nimbus Platform collaboration tool ? A perfect space for online work\",\"publisher\":{\"@id\":\"https:\/\/sales-ai-agents.com\/#organization\"},\"potentialAction\":[{\"@type\":\"SearchAction\",\"target\":{\"@type\":\"EntryPoint\",\"urlTemplate\":\"https:\/\/sales-ai-agents.com\/?s={search_term_string}\"},\"query-input\":{\"@type\":\"PropertyValueSpecification\",\"valueRequired\":true,\"valueName\":\"search_term_string\"}}],\"inLanguage\":\"de-DE\"},{\"@type\":\"Organization\",\"@id\":\"https:\/\/sales-ai-agents.com\/#organization\",\"name\":\"FuseBase\",\"url\":\"https:\/\/sales-ai-agents.com\/\",\"logo\":{\"@type\":\"ImageObject\",\"inLanguage\":\"de-DE\",\"@id\":\"https:\/\/sales-ai-agents.com\/#\/schema\/logo\/image\/\",\"url\":\"https:\/\/sales-ai-agents.com\/wp-content\/uploads\/2023\/11\/icon-7.svg\",\"contentUrl\":\"https:\/\/sales-ai-agents.com\/wp-content\/uploads\/2023\/11\/icon-7.svg\",\"width\":128,\"height\":128,\"caption\":\"FuseBase\"},\"image\":{\"@id\":\"https:\/\/sales-ai-agents.com\/#\/schema\/logo\/image\/\"}}]}<\/script>\n<!-- \/ Yoast SEO plugin. -->","yoast_head_json":{"title":"Lektionsplan-Datenbankvorlage - Sales AI Agents","description":"Mit dieser Datenbankvorlage k\u00f6nnen Sie alle Ihre Unterrichtspl\u00e4ne an einem Ort aufbewahren. Vermeiden Sie zahlreiche Dateien auf Ihrem Computer mit Nimbus!","robots":{"index":"index","follow":"follow","max-snippet":"max-snippet:-1","max-image-preview":"max-image-preview:large","max-video-preview":"max-video-preview:-1"},"canonical":"https:\/\/sales-ai-agents.com\/de\/templates\/lesson-plan-database\/","og_locale":"de_DE","og_type":"article","og_title":"Lektionsplan-Datenbankvorlage - Sales AI Agents","og_description":"Mit dieser Datenbankvorlage k\u00f6nnen Sie alle Ihre Unterrichtspl\u00e4ne an einem Ort aufbewahren. Vermeiden Sie zahlreiche Dateien auf Ihrem Computer mit Nimbus!","og_url":"https:\/\/sales-ai-agents.com\/de\/templates\/lesson-plan-database\/","og_site_name":"Sales AI Agents","article_modified_time":"2023-12-27T15:29:55+00:00","og_image":[{"width":1078,"height":760,"url":"https:\/\/sales-ai-agents.com\/wp-content\/uploads\/2023\/01\/image-preview121810.png","type":"image\/png"}],"twitter_card":"summary_large_image","schema":{"@context":"https:\/\/schema.org","@graph":[{"@type":"WebPage","@id":"https:\/\/sales-ai-agents.com\/de\/templates\/lesson-plan-database\/","url":"https:\/\/sales-ai-agents.com\/de\/templates\/lesson-plan-database\/","name":"Lektionsplan-Datenbankvorlage - Sales AI Agents","isPartOf":{"@id":"https:\/\/sales-ai-agents.com\/#website"},"primaryImageOfPage":{"@id":"https:\/\/sales-ai-agents.com\/de\/templates\/lesson-plan-database\/#primaryimage"},"image":{"@id":"https:\/\/sales-ai-agents.com\/de\/templates\/lesson-plan-database\/#primaryimage"},"thumbnailUrl":"https:\/\/sales-ai-agents.com\/wp-content\/uploads\/2023\/01\/image-preview121810.png","datePublished":"2022-09-26T12:12:50+00:00","dateModified":"2023-12-27T15:29:55+00:00","description":"Mit dieser Datenbankvorlage k\u00f6nnen Sie alle Ihre Unterrichtspl\u00e4ne an einem Ort aufbewahren. Vermeiden Sie zahlreiche Dateien auf Ihrem Computer mit Nimbus!","inLanguage":"de-DE","potentialAction":[{"@type":"ReadAction","target":["https:\/\/sales-ai-agents.com\/de\/templates\/lesson-plan-database\/"]}]},{"@type":"ImageObject","inLanguage":"de-DE","@id":"https:\/\/sales-ai-agents.com\/de\/templates\/lesson-plan-database\/#primaryimage","url":"https:\/\/sales-ai-agents.com\/wp-content\/uploads\/2023\/01\/image-preview121810.png","contentUrl":"https:\/\/sales-ai-agents.com\/wp-content\/uploads\/2023\/01\/image-preview121810.png","width":1078,"height":760,"caption":"Lesson Plan Database Template - Nimbus Platform"},{"@type":"WebSite","@id":"https:\/\/sales-ai-agents.com\/#website","url":"https:\/\/sales-ai-agents.com\/","name":"FuseBase","description":"Nimbus Platform - Free Online Collaboration Software for Remote Teams. Build your wikis, client portals and more with the Nimbus Platform collaboration tool ? A perfect space for online work","publisher":{"@id":"https:\/\/sales-ai-agents.com\/#organization"},"potentialAction":[{"@type":"SearchAction","target":{"@type":"EntryPoint","urlTemplate":"https:\/\/sales-ai-agents.com\/?s={search_term_string}"},"query-input":{"@type":"PropertyValueSpecification","valueRequired":true,"valueName":"search_term_string"}}],"inLanguage":"de-DE"},{"@type":"Organization","@id":"https:\/\/sales-ai-agents.com\/#organization","name":"FuseBase","url":"https:\/\/sales-ai-agents.com\/","logo":{"@type":"ImageObject","inLanguage":"de-DE","@id":"https:\/\/sales-ai-agents.com\/#\/schema\/logo\/image\/","url":"https:\/\/sales-ai-agents.com\/wp-content\/uploads\/2023\/11\/icon-7.svg","contentUrl":"https:\/\/sales-ai-agents.com\/wp-content\/uploads\/2023\/11\/icon-7.svg","width":128,"height":128,"caption":"FuseBase"},"image":{"@id":"https:\/\/sales-ai-agents.com\/#\/schema\/logo\/image\/"}}]}},"_links":{"self":[{"href":"https:\/\/sales-ai-agents.com\/de\/wp-json\/wp\/v2\/product\/57666","targetHints":{"allow":["GET"]}}],"collection":[{"href":"https:\/\/sales-ai-agents.com\/de\/wp-json\/wp\/v2\/product"}],"about":[{"href":"https:\/\/sales-ai-agents.com\/de\/wp-json\/wp\/v2\/types\/product"}],"wp:featuredmedia":[{"embeddable":true,"href":"https:\/\/sales-ai-agents.com\/de\/wp-json\/wp\/v2\/media\/20608"}],"wp:attachment":[{"href":"https:\/\/sales-ai-agents.com\/de\/wp-json\/wp\/v2\/media?parent=57666"}],"wp:term":[{"taxonomy":"product_brand","embeddable":true,"href":"https:\/\/sales-ai-agents.com\/de\/wp-json\/wp\/v2\/product_brand?post=57666"},{"taxonomy":"product_cat","embeddable":true,"href":"https:\/\/sales-ai-agents.com\/de\/wp-json\/wp\/v2\/product_cat?post=57666"},{"taxonomy":"product_tag","embeddable":true,"href":"https:\/\/sales-ai-agents.com\/de\/wp-json\/wp\/v2\/product_tag?post=57666"}],"curies":[{"name":"wp","href":"https:\/\/api.w.org\/{rel}","templated":true}]}}