{"id":57669,"date":"2022-09-26T12:10:32","date_gmt":"2022-09-26T12:10:32","guid":{"rendered":"https:\/\/sales-ai-agents.com\/templates\/product-initiative-description\/"},"modified":"2023-12-26T20:51:36","modified_gmt":"2023-12-26T20:51:36","slug":"product-initiative-description","status":"publish","type":"product","link":"https:\/\/sales-ai-agents.com\/de\/templates\/product-initiative-description\/","title":{"rendered":"Produktinitiative Beschreibung"},"content":{"rendered":"<p>&nbsp;<\/p>\n<h2>Vorlage f\u00fcr die Beschreibung der Produktinitiative<\/h2>\n<p class=\"desc-text\">Mit dieser Vorlage k\u00f6nnen Sie einen Entwurf f\u00fcr Ihre Produkte erstellen. Behalten Sie in diesem \u00fcbersichtlichen Dokument den \u00dcberblick \u00fcber alle Ihre Funktionen. Indem Sie Ihre Pl\u00e4ne, Funktionen und Notizen darlegen, k\u00f6nnen Sie Ihr Team \u00fcber wichtige Details auf dem Laufenden halten. Geben Sie diese Vorlage weiter, um sicherzustellen, dass jeder \u00fcber die wichtigsten Produktinformationen informiert ist.<\/p>\n<h5>Wie zu verwenden:<\/h5>\n<ul class=\"desc-item_list\">\n<li class=\"desc-item_list__point\">Enthalten Sie wichtige Hintergrundinformationen<\/li>\n<li class=\"desc-item_list__point\">Auflistung potenzieller Benutzerprobleme und Fragen<\/li>\n<li class=\"desc-item_list__point\">Brainstorming mit Ihrem Team, um L\u00f6sungen zu finden<\/li>\n<li class=\"desc-item_list__point\">Forschung mit realen Daten hinzuf\u00fcgen<\/li>\n<li class=\"desc-item_list__point\">Definition von Zielen und Erfolgsma\u00dfst\u00e4ben<\/li>\n<li class=\"desc-item_list__point\">Bewerten Sie Ihre Arbeit, wenn alles fertig ist<\/li>\n<\/ul>\n","protected":false},"excerpt":{"rendered":"<p>Verwenden Sie diese kostenlose, anpassbare Vorlage, um eine Blaupause f\u00fcr Ihre erfolgreichen Produkte zu erstellen. Behalten Sie den \u00dcberblick \u00fcber all Ihre Funktionen in diesem \u00fcbersichtlichen Dokument<\/p>\n","protected":false},"featured_media":25481,"template":"","meta":{"_acf_changed":false,"inline_featured_image":false},"product_brand":[],"product_cat":[186,187],"product_tag":[],"class_list":{"0":"post-57669","1":"product","2":"type-product","3":"status-publish","4":"has-post-thumbnail","6":"product_cat-product","7":"product_cat-product-documents","9":"first","10":"instock","11":"virtual","12":"sold-individually","13":"product-type-simple"},"acf":[],"yoast_head":"<!-- This site is optimized with the Yoast SEO plugin v25.3.1 - https:\/\/yoast.com\/wordpress\/plugins\/seo\/ -->\n<title>Vorlage f\u00fcr Produktspezifikationen - Sales AI Agents<\/title>\n<meta name=\"description\" content=\"Verwenden Sie diese kostenlose, anpassbare Vorlage, um eine Blaupause f\u00fcr Ihre erfolgreichen Produkte zu erstellen. Behalten Sie den \u00dcberblick \u00fcber alle Ihre Funktionen mit Nimbus!\" \/>\n<meta name=\"robots\" content=\"index, follow, max-snippet:-1, max-image-preview:large, max-video-preview:-1\" \/>\n<link rel=\"canonical\" href=\"https:\/\/sales-ai-agents.com\/de\/templates\/product-initiative-description\/\" \/>\n<meta property=\"og:locale\" content=\"de_DE\" \/>\n<meta property=\"og:type\" content=\"article\" \/>\n<meta property=\"og:title\" content=\"Vorlage f\u00fcr Produktspezifikationen - Sales AI Agents\" \/>\n<meta property=\"og:description\" content=\"Verwenden Sie diese kostenlose, anpassbare Vorlage, um eine Blaupause f\u00fcr Ihre erfolgreichen Produkte zu erstellen. Behalten Sie den \u00dcberblick \u00fcber alle Ihre Funktionen mit Nimbus!\" \/>\n<meta property=\"og:url\" content=\"https:\/\/sales-ai-agents.com\/de\/templates\/product-initiative-description\/\" \/>\n<meta property=\"og:site_name\" content=\"Sales AI Agents\" \/>\n<meta property=\"article:modified_time\" content=\"2023-12-26T20:51:36+00:00\" \/>\n<meta property=\"og:image\" content=\"https:\/\/sales-ai-agents.com\/wp-content\/uploads\/2022\/09\/Product-Initiative-Description-Template.png\" \/>\n\t<meta property=\"og:image:width\" content=\"1700\" \/>\n\t<meta property=\"og:image:height\" content=\"1100\" \/>\n\t<meta property=\"og:image:type\" content=\"image\/png\" \/>\n<meta name=\"twitter:card\" content=\"summary_large_image\" \/>\n<script type=\"application\/ld+json\" class=\"yoast-schema-graph\">{\"@context\":\"https:\/\/schema.org\",\"@graph\":[{\"@type\":\"WebPage\",\"@id\":\"https:\/\/sales-ai-agents.com\/de\/templates\/product-initiative-description\/\",\"url\":\"https:\/\/sales-ai-agents.com\/de\/templates\/product-initiative-description\/\",\"name\":\"Vorlage f\u00fcr Produktspezifikationen - Sales AI Agents\",\"isPartOf\":{\"@id\":\"https:\/\/sales-ai-agents.com\/#website\"},\"primaryImageOfPage\":{\"@id\":\"https:\/\/sales-ai-agents.com\/de\/templates\/product-initiative-description\/#primaryimage\"},\"image\":{\"@id\":\"https:\/\/sales-ai-agents.com\/de\/templates\/product-initiative-description\/#primaryimage\"},\"thumbnailUrl\":\"https:\/\/sales-ai-agents.com\/wp-content\/uploads\/2022\/09\/Product-Initiative-Description-Template.png\",\"datePublished\":\"2022-09-26T12:10:32+00:00\",\"dateModified\":\"2023-12-26T20:51:36+00:00\",\"description\":\"Verwenden Sie diese kostenlose, anpassbare Vorlage, um eine Blaupause f\u00fcr Ihre erfolgreichen Produkte zu erstellen. Behalten Sie den \u00dcberblick \u00fcber alle Ihre Funktionen mit Nimbus!\",\"inLanguage\":\"de-DE\",\"potentialAction\":[{\"@type\":\"ReadAction\",\"target\":[\"https:\/\/sales-ai-agents.com\/de\/templates\/product-initiative-description\/\"]}]},{\"@type\":\"ImageObject\",\"inLanguage\":\"de-DE\",\"@id\":\"https:\/\/sales-ai-agents.com\/de\/templates\/product-initiative-description\/#primaryimage\",\"url\":\"https:\/\/sales-ai-agents.com\/wp-content\/uploads\/2022\/09\/Product-Initiative-Description-Template.png\",\"contentUrl\":\"https:\/\/sales-ai-agents.com\/wp-content\/uploads\/2022\/09\/Product-Initiative-Description-Template.png\",\"width\":1700,\"height\":1100,\"caption\":\"Using this free customizable template, you can create a blueprint for your successful products.\"},{\"@type\":\"WebSite\",\"@id\":\"https:\/\/sales-ai-agents.com\/#website\",\"url\":\"https:\/\/sales-ai-agents.com\/\",\"name\":\"FuseBase\",\"description\":\"Nimbus Platform - Free Online Collaboration Software for Remote Teams. Build your wikis, client portals and more with the Nimbus Platform collaboration tool ? A perfect space for online work\",\"publisher\":{\"@id\":\"https:\/\/sales-ai-agents.com\/#organization\"},\"potentialAction\":[{\"@type\":\"SearchAction\",\"target\":{\"@type\":\"EntryPoint\",\"urlTemplate\":\"https:\/\/sales-ai-agents.com\/?s={search_term_string}\"},\"query-input\":{\"@type\":\"PropertyValueSpecification\",\"valueRequired\":true,\"valueName\":\"search_term_string\"}}],\"inLanguage\":\"de-DE\"},{\"@type\":\"Organization\",\"@id\":\"https:\/\/sales-ai-agents.com\/#organization\",\"name\":\"FuseBase\",\"url\":\"https:\/\/sales-ai-agents.com\/\",\"logo\":{\"@type\":\"ImageObject\",\"inLanguage\":\"de-DE\",\"@id\":\"https:\/\/sales-ai-agents.com\/#\/schema\/logo\/image\/\",\"url\":\"https:\/\/sales-ai-agents.com\/wp-content\/uploads\/2023\/11\/icon-7.svg\",\"contentUrl\":\"https:\/\/sales-ai-agents.com\/wp-content\/uploads\/2023\/11\/icon-7.svg\",\"width\":128,\"height\":128,\"caption\":\"FuseBase\"},\"image\":{\"@id\":\"https:\/\/sales-ai-agents.com\/#\/schema\/logo\/image\/\"}}]}<\/script>\n<!-- \/ Yoast SEO plugin. -->","yoast_head_json":{"title":"Vorlage f\u00fcr Produktspezifikationen - Sales AI Agents","description":"Verwenden Sie diese kostenlose, anpassbare Vorlage, um eine Blaupause f\u00fcr Ihre erfolgreichen Produkte zu erstellen. Behalten Sie den \u00dcberblick \u00fcber alle Ihre Funktionen mit Nimbus!","robots":{"index":"index","follow":"follow","max-snippet":"max-snippet:-1","max-image-preview":"max-image-preview:large","max-video-preview":"max-video-preview:-1"},"canonical":"https:\/\/sales-ai-agents.com\/de\/templates\/product-initiative-description\/","og_locale":"de_DE","og_type":"article","og_title":"Vorlage f\u00fcr Produktspezifikationen - Sales AI Agents","og_description":"Verwenden Sie diese kostenlose, anpassbare Vorlage, um eine Blaupause f\u00fcr Ihre erfolgreichen Produkte zu erstellen. Behalten Sie den \u00dcberblick \u00fcber alle Ihre Funktionen mit Nimbus!","og_url":"https:\/\/sales-ai-agents.com\/de\/templates\/product-initiative-description\/","og_site_name":"Sales AI Agents","article_modified_time":"2023-12-26T20:51:36+00:00","og_image":[{"width":1700,"height":1100,"url":"https:\/\/sales-ai-agents.com\/wp-content\/uploads\/2022\/09\/Product-Initiative-Description-Template.png","type":"image\/png"}],"twitter_card":"summary_large_image","schema":{"@context":"https:\/\/schema.org","@graph":[{"@type":"WebPage","@id":"https:\/\/sales-ai-agents.com\/de\/templates\/product-initiative-description\/","url":"https:\/\/sales-ai-agents.com\/de\/templates\/product-initiative-description\/","name":"Vorlage f\u00fcr Produktspezifikationen - Sales AI Agents","isPartOf":{"@id":"https:\/\/sales-ai-agents.com\/#website"},"primaryImageOfPage":{"@id":"https:\/\/sales-ai-agents.com\/de\/templates\/product-initiative-description\/#primaryimage"},"image":{"@id":"https:\/\/sales-ai-agents.com\/de\/templates\/product-initiative-description\/#primaryimage"},"thumbnailUrl":"https:\/\/sales-ai-agents.com\/wp-content\/uploads\/2022\/09\/Product-Initiative-Description-Template.png","datePublished":"2022-09-26T12:10:32+00:00","dateModified":"2023-12-26T20:51:36+00:00","description":"Verwenden Sie diese kostenlose, anpassbare Vorlage, um eine Blaupause f\u00fcr Ihre erfolgreichen Produkte zu erstellen. Behalten Sie den \u00dcberblick \u00fcber alle Ihre Funktionen mit Nimbus!","inLanguage":"de-DE","potentialAction":[{"@type":"ReadAction","target":["https:\/\/sales-ai-agents.com\/de\/templates\/product-initiative-description\/"]}]},{"@type":"ImageObject","inLanguage":"de-DE","@id":"https:\/\/sales-ai-agents.com\/de\/templates\/product-initiative-description\/#primaryimage","url":"https:\/\/sales-ai-agents.com\/wp-content\/uploads\/2022\/09\/Product-Initiative-Description-Template.png","contentUrl":"https:\/\/sales-ai-agents.com\/wp-content\/uploads\/2022\/09\/Product-Initiative-Description-Template.png","width":1700,"height":1100,"caption":"Using this free customizable template, you can create a blueprint for your successful products."},{"@type":"WebSite","@id":"https:\/\/sales-ai-agents.com\/#website","url":"https:\/\/sales-ai-agents.com\/","name":"FuseBase","description":"Nimbus Platform - Free Online Collaboration Software for Remote Teams. Build your wikis, client portals and more with the Nimbus Platform collaboration tool ? A perfect space for online work","publisher":{"@id":"https:\/\/sales-ai-agents.com\/#organization"},"potentialAction":[{"@type":"SearchAction","target":{"@type":"EntryPoint","urlTemplate":"https:\/\/sales-ai-agents.com\/?s={search_term_string}"},"query-input":{"@type":"PropertyValueSpecification","valueRequired":true,"valueName":"search_term_string"}}],"inLanguage":"de-DE"},{"@type":"Organization","@id":"https:\/\/sales-ai-agents.com\/#organization","name":"FuseBase","url":"https:\/\/sales-ai-agents.com\/","logo":{"@type":"ImageObject","inLanguage":"de-DE","@id":"https:\/\/sales-ai-agents.com\/#\/schema\/logo\/image\/","url":"https:\/\/sales-ai-agents.com\/wp-content\/uploads\/2023\/11\/icon-7.svg","contentUrl":"https:\/\/sales-ai-agents.com\/wp-content\/uploads\/2023\/11\/icon-7.svg","width":128,"height":128,"caption":"FuseBase"},"image":{"@id":"https:\/\/sales-ai-agents.com\/#\/schema\/logo\/image\/"}}]}},"_links":{"self":[{"href":"https:\/\/sales-ai-agents.com\/de\/wp-json\/wp\/v2\/product\/57669","targetHints":{"allow":["GET"]}}],"collection":[{"href":"https:\/\/sales-ai-agents.com\/de\/wp-json\/wp\/v2\/product"}],"about":[{"href":"https:\/\/sales-ai-agents.com\/de\/wp-json\/wp\/v2\/types\/product"}],"wp:featuredmedia":[{"embeddable":true,"href":"https:\/\/sales-ai-agents.com\/de\/wp-json\/wp\/v2\/media\/25481"}],"wp:attachment":[{"href":"https:\/\/sales-ai-agents.com\/de\/wp-json\/wp\/v2\/media?parent=57669"}],"wp:term":[{"taxonomy":"product_brand","embeddable":true,"href":"https:\/\/sales-ai-agents.com\/de\/wp-json\/wp\/v2\/product_brand?post=57669"},{"taxonomy":"product_cat","embeddable":true,"href":"https:\/\/sales-ai-agents.com\/de\/wp-json\/wp\/v2\/product_cat?post=57669"},{"taxonomy":"product_tag","embeddable":true,"href":"https:\/\/sales-ai-agents.com\/de\/wp-json\/wp\/v2\/product_tag?post=57669"}],"curies":[{"name":"wp","href":"https:\/\/api.w.org\/{rel}","templated":true}]}}