{"id":57678,"date":"2022-09-26T12:10:25","date_gmt":"2022-09-26T12:10:25","guid":{"rendered":"https:\/\/sales-ai-agents.com\/templates\/weekly-meetings\/"},"modified":"2023-12-26T15:37:17","modified_gmt":"2023-12-26T15:37:17","slug":"weekly-meetings","status":"publish","type":"product","link":"https:\/\/sales-ai-agents.com\/de\/templates\/weekly-meetings\/","title":{"rendered":"W\u00f6chentliche Treffen"},"content":{"rendered":"<p>&nbsp;<\/p>\n<h2>Vorlage f\u00fcr w\u00f6chentliche Besprechungen<\/h2>\n<p class=\"desc-text\">W\u00f6chentliche Treffen helfen Ihrem Team, zusammenzuarbeiten und gemeinsam zu reflektieren. Bringen Sie Struktur in Ihre Treffen, indem Sie unsere Vorlage f\u00fcr w\u00f6chentliche Meetings verwenden. Diese Vorlage enth\u00e4lt mehrere Tabellen f\u00fcr die Organisation Ihrer Diskussionen. F\u00fchren Sie eine Retrospektive mit anderen Mitgliedern durch, um die Arbeit zu bewerten. Reflektieren Sie, was gut gelaufen ist, und \u00fcberlegen Sie, in welchen Bereichen Sie sich verbessern k\u00f6nnen. Nutzen Sie Ihre Sitzungsnotizen, um Ihre Projektstrategien zu verbessern, damit Ihr Team seine Ziele stets erreichen kann.<\/p>\n<h5>Wie zu verwenden:<\/h5>\n<ul class=\"desc-item_list\">\n<li class=\"desc-item_list__point\">Datum und Teilnehmer des Treffens angeben<\/li>\n<li class=\"desc-item_list__point\">Besprechen Sie Aspekte Ihres Projekts mit Ihrem Team<\/li>\n<li class=\"desc-item_list__point\">F\u00fcllen Sie die erste Tabelle mit Artikeln aus, die Ihrem Team gefallen haben<\/li>\n<li class=\"desc-item_list__point\">Verwenden Sie die zweite Tabelle, um die fehlenden Elemente zu erfassen<\/li>\n<li class=\"desc-item_list__point\">F\u00fcgen Sie in der dritten Tabelle die von Ihrem Team gew\u00fcnschten Funktionen hinzu<\/li>\n<li class=\"desc-item_list__point\">Beantworten Sie Fragen, um \u00fcber Ihr Projekt zu reflektieren<\/li>\n<li class=\"desc-item_list__point\">Nutzen Sie die Antworten Ihres Teams, um zuk\u00fcnftige Strategien zu verbessern<\/li>\n<\/ul>\n","protected":false},"excerpt":{"rendered":"<p>W\u00f6chentliche Treffen helfen Ihrem Team, zusammenzuarbeiten und gemeinsam zu reflektieren. Bringen Sie Struktur in Ihre Versammlungen, indem Sie unsere kostenlose, anpassbare Vorlage f\u00fcr w\u00f6chentliche Meetings verwenden.<\/p>\n","protected":false},"featured_media":25185,"template":"","meta":{"_acf_changed":false,"inline_featured_image":false},"product_brand":[],"product_cat":[177,178],"product_tag":[],"class_list":{"0":"post-57678","1":"product","2":"type-product","3":"status-publish","4":"has-post-thumbnail","6":"product_cat-meeting","7":"product_cat-operations-hr","8":"collections-team","10":"first","11":"instock","12":"virtual","13":"sold-individually","14":"product-type-simple"},"acf":[],"yoast_head":"<!-- This site is optimized with the Yoast SEO plugin v25.3.1 - https:\/\/yoast.com\/wordpress\/plugins\/seo\/ -->\n<title>Vorlage f\u00fcr w\u00f6chentliche Besprechungen - Sales AI Agents<\/title>\n<meta name=\"description\" content=\"W\u00f6chentliche Treffen helfen Ihrem Team, zusammenzuarbeiten und gemeinsam zu reflektieren. Bringen Sie Struktur in Ihre Versammlungen, indem Sie unsere kostenlose, anpassbare Meeting-Vorlage verwenden.\" \/>\n<meta name=\"robots\" content=\"index, follow, max-snippet:-1, max-image-preview:large, max-video-preview:-1\" \/>\n<link rel=\"canonical\" href=\"https:\/\/sales-ai-agents.com\/de\/templates\/weekly-meetings\/\" \/>\n<meta property=\"og:locale\" content=\"de_DE\" \/>\n<meta property=\"og:type\" content=\"article\" \/>\n<meta property=\"og:title\" content=\"Vorlage f\u00fcr w\u00f6chentliche Besprechungen - Sales AI Agents\" \/>\n<meta property=\"og:description\" content=\"W\u00f6chentliche Treffen helfen Ihrem Team, zusammenzuarbeiten und gemeinsam zu reflektieren. Bringen Sie Struktur in Ihre Versammlungen, indem Sie unsere kostenlose, anpassbare Meeting-Vorlage verwenden.\" \/>\n<meta property=\"og:url\" content=\"https:\/\/sales-ai-agents.com\/de\/templates\/weekly-meetings\/\" \/>\n<meta property=\"og:site_name\" content=\"Sales AI Agents\" \/>\n<meta property=\"article:modified_time\" content=\"2023-12-26T15:37:17+00:00\" \/>\n<meta property=\"og:image\" content=\"https:\/\/sales-ai-agents.com\/wp-content\/uploads\/2022\/09\/Weekly-Meetings-Template.png\" \/>\n\t<meta property=\"og:image:width\" content=\"1700\" \/>\n\t<meta property=\"og:image:height\" content=\"1100\" \/>\n\t<meta property=\"og:image:type\" content=\"image\/png\" \/>\n<meta name=\"twitter:card\" content=\"summary_large_image\" \/>\n<script type=\"application\/ld+json\" class=\"yoast-schema-graph\">{\"@context\":\"https:\/\/schema.org\",\"@graph\":[{\"@type\":\"WebPage\",\"@id\":\"https:\/\/sales-ai-agents.com\/de\/templates\/weekly-meetings\/\",\"url\":\"https:\/\/sales-ai-agents.com\/de\/templates\/weekly-meetings\/\",\"name\":\"Vorlage f\u00fcr w\u00f6chentliche Besprechungen - Sales AI Agents\",\"isPartOf\":{\"@id\":\"https:\/\/sales-ai-agents.com\/#website\"},\"primaryImageOfPage\":{\"@id\":\"https:\/\/sales-ai-agents.com\/de\/templates\/weekly-meetings\/#primaryimage\"},\"image\":{\"@id\":\"https:\/\/sales-ai-agents.com\/de\/templates\/weekly-meetings\/#primaryimage\"},\"thumbnailUrl\":\"https:\/\/sales-ai-agents.com\/wp-content\/uploads\/2022\/09\/Weekly-Meetings-Template.png\",\"datePublished\":\"2022-09-26T12:10:25+00:00\",\"dateModified\":\"2023-12-26T15:37:17+00:00\",\"description\":\"W\u00f6chentliche Treffen helfen Ihrem Team, zusammenzuarbeiten und gemeinsam zu reflektieren. Bringen Sie Struktur in Ihre Versammlungen, indem Sie unsere kostenlose, anpassbare Meeting-Vorlage verwenden.\",\"inLanguage\":\"de-DE\",\"potentialAction\":[{\"@type\":\"ReadAction\",\"target\":[\"https:\/\/sales-ai-agents.com\/de\/templates\/weekly-meetings\/\"]}]},{\"@type\":\"ImageObject\",\"inLanguage\":\"de-DE\",\"@id\":\"https:\/\/sales-ai-agents.com\/de\/templates\/weekly-meetings\/#primaryimage\",\"url\":\"https:\/\/sales-ai-agents.com\/wp-content\/uploads\/2022\/09\/Weekly-Meetings-Template.png\",\"contentUrl\":\"https:\/\/sales-ai-agents.com\/wp-content\/uploads\/2022\/09\/Weekly-Meetings-Template.png\",\"width\":1700,\"height\":1100,\"caption\":\"Weekly meetings help your team to collaborate and reflect together\"},{\"@type\":\"WebSite\",\"@id\":\"https:\/\/sales-ai-agents.com\/#website\",\"url\":\"https:\/\/sales-ai-agents.com\/\",\"name\":\"FuseBase\",\"description\":\"Nimbus Platform - Free Online Collaboration Software for Remote Teams. Build your wikis, client portals and more with the Nimbus Platform collaboration tool ? A perfect space for online work\",\"publisher\":{\"@id\":\"https:\/\/sales-ai-agents.com\/#organization\"},\"potentialAction\":[{\"@type\":\"SearchAction\",\"target\":{\"@type\":\"EntryPoint\",\"urlTemplate\":\"https:\/\/sales-ai-agents.com\/?s={search_term_string}\"},\"query-input\":{\"@type\":\"PropertyValueSpecification\",\"valueRequired\":true,\"valueName\":\"search_term_string\"}}],\"inLanguage\":\"de-DE\"},{\"@type\":\"Organization\",\"@id\":\"https:\/\/sales-ai-agents.com\/#organization\",\"name\":\"FuseBase\",\"url\":\"https:\/\/sales-ai-agents.com\/\",\"logo\":{\"@type\":\"ImageObject\",\"inLanguage\":\"de-DE\",\"@id\":\"https:\/\/sales-ai-agents.com\/#\/schema\/logo\/image\/\",\"url\":\"https:\/\/sales-ai-agents.com\/wp-content\/uploads\/2023\/11\/icon-7.svg\",\"contentUrl\":\"https:\/\/sales-ai-agents.com\/wp-content\/uploads\/2023\/11\/icon-7.svg\",\"width\":128,\"height\":128,\"caption\":\"FuseBase\"},\"image\":{\"@id\":\"https:\/\/sales-ai-agents.com\/#\/schema\/logo\/image\/\"}}]}<\/script>\n<!-- \/ Yoast SEO plugin. -->","yoast_head_json":{"title":"Vorlage f\u00fcr w\u00f6chentliche Besprechungen - Sales AI Agents","description":"W\u00f6chentliche Treffen helfen Ihrem Team, zusammenzuarbeiten und gemeinsam zu reflektieren. Bringen Sie Struktur in Ihre Versammlungen, indem Sie unsere kostenlose, anpassbare Meeting-Vorlage verwenden.","robots":{"index":"index","follow":"follow","max-snippet":"max-snippet:-1","max-image-preview":"max-image-preview:large","max-video-preview":"max-video-preview:-1"},"canonical":"https:\/\/sales-ai-agents.com\/de\/templates\/weekly-meetings\/","og_locale":"de_DE","og_type":"article","og_title":"Vorlage f\u00fcr w\u00f6chentliche Besprechungen - Sales AI Agents","og_description":"W\u00f6chentliche Treffen helfen Ihrem Team, zusammenzuarbeiten und gemeinsam zu reflektieren. Bringen Sie Struktur in Ihre Versammlungen, indem Sie unsere kostenlose, anpassbare Meeting-Vorlage verwenden.","og_url":"https:\/\/sales-ai-agents.com\/de\/templates\/weekly-meetings\/","og_site_name":"Sales AI Agents","article_modified_time":"2023-12-26T15:37:17+00:00","og_image":[{"width":1700,"height":1100,"url":"https:\/\/sales-ai-agents.com\/wp-content\/uploads\/2022\/09\/Weekly-Meetings-Template.png","type":"image\/png"}],"twitter_card":"summary_large_image","schema":{"@context":"https:\/\/schema.org","@graph":[{"@type":"WebPage","@id":"https:\/\/sales-ai-agents.com\/de\/templates\/weekly-meetings\/","url":"https:\/\/sales-ai-agents.com\/de\/templates\/weekly-meetings\/","name":"Vorlage f\u00fcr w\u00f6chentliche Besprechungen - Sales AI Agents","isPartOf":{"@id":"https:\/\/sales-ai-agents.com\/#website"},"primaryImageOfPage":{"@id":"https:\/\/sales-ai-agents.com\/de\/templates\/weekly-meetings\/#primaryimage"},"image":{"@id":"https:\/\/sales-ai-agents.com\/de\/templates\/weekly-meetings\/#primaryimage"},"thumbnailUrl":"https:\/\/sales-ai-agents.com\/wp-content\/uploads\/2022\/09\/Weekly-Meetings-Template.png","datePublished":"2022-09-26T12:10:25+00:00","dateModified":"2023-12-26T15:37:17+00:00","description":"W\u00f6chentliche Treffen helfen Ihrem Team, zusammenzuarbeiten und gemeinsam zu reflektieren. Bringen Sie Struktur in Ihre Versammlungen, indem Sie unsere kostenlose, anpassbare Meeting-Vorlage verwenden.","inLanguage":"de-DE","potentialAction":[{"@type":"ReadAction","target":["https:\/\/sales-ai-agents.com\/de\/templates\/weekly-meetings\/"]}]},{"@type":"ImageObject","inLanguage":"de-DE","@id":"https:\/\/sales-ai-agents.com\/de\/templates\/weekly-meetings\/#primaryimage","url":"https:\/\/sales-ai-agents.com\/wp-content\/uploads\/2022\/09\/Weekly-Meetings-Template.png","contentUrl":"https:\/\/sales-ai-agents.com\/wp-content\/uploads\/2022\/09\/Weekly-Meetings-Template.png","width":1700,"height":1100,"caption":"Weekly meetings help your team to collaborate and reflect together"},{"@type":"WebSite","@id":"https:\/\/sales-ai-agents.com\/#website","url":"https:\/\/sales-ai-agents.com\/","name":"FuseBase","description":"Nimbus Platform - Free Online Collaboration Software for Remote Teams. Build your wikis, client portals and more with the Nimbus Platform collaboration tool ? A perfect space for online work","publisher":{"@id":"https:\/\/sales-ai-agents.com\/#organization"},"potentialAction":[{"@type":"SearchAction","target":{"@type":"EntryPoint","urlTemplate":"https:\/\/sales-ai-agents.com\/?s={search_term_string}"},"query-input":{"@type":"PropertyValueSpecification","valueRequired":true,"valueName":"search_term_string"}}],"inLanguage":"de-DE"},{"@type":"Organization","@id":"https:\/\/sales-ai-agents.com\/#organization","name":"FuseBase","url":"https:\/\/sales-ai-agents.com\/","logo":{"@type":"ImageObject","inLanguage":"de-DE","@id":"https:\/\/sales-ai-agents.com\/#\/schema\/logo\/image\/","url":"https:\/\/sales-ai-agents.com\/wp-content\/uploads\/2023\/11\/icon-7.svg","contentUrl":"https:\/\/sales-ai-agents.com\/wp-content\/uploads\/2023\/11\/icon-7.svg","width":128,"height":128,"caption":"FuseBase"},"image":{"@id":"https:\/\/sales-ai-agents.com\/#\/schema\/logo\/image\/"}}]}},"_links":{"self":[{"href":"https:\/\/sales-ai-agents.com\/de\/wp-json\/wp\/v2\/product\/57678","targetHints":{"allow":["GET"]}}],"collection":[{"href":"https:\/\/sales-ai-agents.com\/de\/wp-json\/wp\/v2\/product"}],"about":[{"href":"https:\/\/sales-ai-agents.com\/de\/wp-json\/wp\/v2\/types\/product"}],"wp:featuredmedia":[{"embeddable":true,"href":"https:\/\/sales-ai-agents.com\/de\/wp-json\/wp\/v2\/media\/25185"}],"wp:attachment":[{"href":"https:\/\/sales-ai-agents.com\/de\/wp-json\/wp\/v2\/media?parent=57678"}],"wp:term":[{"taxonomy":"product_brand","embeddable":true,"href":"https:\/\/sales-ai-agents.com\/de\/wp-json\/wp\/v2\/product_brand?post=57678"},{"taxonomy":"product_cat","embeddable":true,"href":"https:\/\/sales-ai-agents.com\/de\/wp-json\/wp\/v2\/product_cat?post=57678"},{"taxonomy":"product_tag","embeddable":true,"href":"https:\/\/sales-ai-agents.com\/de\/wp-json\/wp\/v2\/product_tag?post=57678"}],"curies":[{"name":"wp","href":"https:\/\/api.w.org\/{rel}","templated":true}]}}