{"id":57682,"date":"2022-09-26T12:10:21","date_gmt":"2022-09-26T12:10:21","guid":{"rendered":"https:\/\/sales-ai-agents.com\/templates\/week-planner\/"},"modified":"2023-12-27T15:42:56","modified_gmt":"2023-12-27T15:42:56","slug":"week-planner","status":"publish","type":"product","link":"https:\/\/sales-ai-agents.com\/de\/templates\/week-planner\/","title":{"rendered":"Wochenplaner"},"content":{"rendered":"<p>&nbsp;<\/p>\n<h2>Woche Planer Vorlage<\/h2>\n<p class=\"desc-text\">Die Erstellung eines einfachen Wochenplans hilft Ihnen, organisiert zu bleiben und vorauszuplanen, und die Verwendung einer vorformatierten Vorlage macht es noch einfacher. Diese Wochenplanervorlage hilft Ihnen, den \u00dcberblick \u00fcber Ihre Aufgaben, Aufgaben und Termine zu behalten, und erm\u00f6glicht Ihnen eine einfache Organisation Ihres pers\u00f6nlichen, schulischen oder beruflichen Zeitplans.<\/p>\n<h5>Wie zu verwenden:<\/h5>\n<ul class=\"desc-item_list\">\n<li class=\"desc-item_list__point\">Tragen Sie Ihre Tagesprotokolle neben dem gew\u00fcnschten Tag ein oder erw\u00e4hnen Sie eine andere ausgef\u00fcllte Tagesprotokollnotiz.<\/li>\n<li class=\"desc-item_list__point\">Markieren Sie t\u00e4glich erledigte Aufgaben, zeigen Sie den t\u00e4glichen Fortschritt an und f\u00fcgen Sie bei Bedarf Notizen \u00fcber Ihre Stimmung hinzu.<\/li>\n<li class=\"desc-item_list__point\">F\u00fcllen Sie die Tabelle mit Ihren w\u00f6chentlichen Zielen und Veranstaltungen\/Terminen.<\/li>\n<\/ul>\n","protected":false},"excerpt":{"rendered":"<p>Diese Wochenplanervorlage hilft Ihnen, den \u00dcberblick \u00fcber Ihre Aufgaben, Aufgaben und Termine zu behalten, und erm\u00f6glicht Ihnen eine einfache Organisation Ihres pers\u00f6nlichen, schulischen oder beruflichen Zeitplans.<\/p>\n","protected":false},"featured_media":27137,"template":"","meta":{"_acf_changed":false,"inline_featured_image":false},"product_brand":[],"product_cat":[179,180],"product_tag":[],"class_list":{"0":"post-57682","1":"product","2":"type-product","3":"status-publish","4":"has-post-thumbnail","6":"product_cat-organizers-planners","7":"product_cat-personal","9":"first","10":"instock","11":"virtual","12":"sold-individually","13":"product-type-simple"},"acf":[],"yoast_head":"<!-- This site is optimized with the Yoast SEO plugin v25.3.1 - https:\/\/yoast.com\/wordpress\/plugins\/seo\/ -->\n<title>Wochenplaner Vorlage - Sales AI Agents<\/title>\n<meta name=\"description\" content=\"Diese Wochenplanervorlage hilft Ihnen, den \u00dcberblick \u00fcber Ihre Aufgaben, Aufgaben und Termine zu behalten, und l\u00e4sst Sie Ihren pers\u00f6nlichen, schulischen oder beruflichen Zeitplan leicht organisieren.\" \/>\n<meta name=\"robots\" content=\"index, follow, max-snippet:-1, max-image-preview:large, max-video-preview:-1\" \/>\n<link rel=\"canonical\" href=\"https:\/\/sales-ai-agents.com\/de\/templates\/week-planner\/\" \/>\n<meta property=\"og:locale\" content=\"de_DE\" \/>\n<meta property=\"og:type\" content=\"article\" \/>\n<meta property=\"og:title\" content=\"Wochenplaner Vorlage - Sales AI Agents\" \/>\n<meta property=\"og:description\" content=\"Diese Wochenplanervorlage hilft Ihnen, den \u00dcberblick \u00fcber Ihre Aufgaben, Aufgaben und Termine zu behalten, und l\u00e4sst Sie Ihren pers\u00f6nlichen, schulischen oder beruflichen Zeitplan leicht organisieren.\" \/>\n<meta property=\"og:url\" content=\"https:\/\/sales-ai-agents.com\/de\/templates\/week-planner\/\" \/>\n<meta property=\"og:site_name\" content=\"Sales AI Agents\" \/>\n<meta property=\"article:modified_time\" content=\"2023-12-27T15:42:56+00:00\" \/>\n<meta property=\"og:image\" content=\"https:\/\/sales-ai-agents.com\/wp-content\/uploads\/2022\/09\/Week-Planner-Template.png\" \/>\n\t<meta property=\"og:image:width\" content=\"1700\" \/>\n\t<meta property=\"og:image:height\" content=\"1100\" \/>\n\t<meta property=\"og:image:type\" content=\"image\/png\" \/>\n<meta name=\"twitter:card\" content=\"summary_large_image\" \/>\n<script type=\"application\/ld+json\" class=\"yoast-schema-graph\">{\"@context\":\"https:\/\/schema.org\",\"@graph\":[{\"@type\":\"WebPage\",\"@id\":\"https:\/\/sales-ai-agents.com\/de\/templates\/week-planner\/\",\"url\":\"https:\/\/sales-ai-agents.com\/de\/templates\/week-planner\/\",\"name\":\"Wochenplaner Vorlage - Sales AI Agents\",\"isPartOf\":{\"@id\":\"https:\/\/sales-ai-agents.com\/#website\"},\"primaryImageOfPage\":{\"@id\":\"https:\/\/sales-ai-agents.com\/de\/templates\/week-planner\/#primaryimage\"},\"image\":{\"@id\":\"https:\/\/sales-ai-agents.com\/de\/templates\/week-planner\/#primaryimage\"},\"thumbnailUrl\":\"https:\/\/sales-ai-agents.com\/wp-content\/uploads\/2022\/09\/Week-Planner-Template.png\",\"datePublished\":\"2022-09-26T12:10:21+00:00\",\"dateModified\":\"2023-12-27T15:42:56+00:00\",\"description\":\"Diese Wochenplanervorlage hilft Ihnen, den \u00dcberblick \u00fcber Ihre Aufgaben, Aufgaben und Termine zu behalten, und l\u00e4sst Sie Ihren pers\u00f6nlichen, schulischen oder beruflichen Zeitplan leicht organisieren.\",\"inLanguage\":\"de-DE\",\"potentialAction\":[{\"@type\":\"ReadAction\",\"target\":[\"https:\/\/sales-ai-agents.com\/de\/templates\/week-planner\/\"]}]},{\"@type\":\"ImageObject\",\"inLanguage\":\"de-DE\",\"@id\":\"https:\/\/sales-ai-agents.com\/de\/templates\/week-planner\/#primaryimage\",\"url\":\"https:\/\/sales-ai-agents.com\/wp-content\/uploads\/2022\/09\/Week-Planner-Template.png\",\"contentUrl\":\"https:\/\/sales-ai-agents.com\/wp-content\/uploads\/2022\/09\/Week-Planner-Template.png\",\"width\":1700,\"height\":1100,\"caption\":\"This weekly planner template helps you keep track of your to-dos, tasks & appointments, and lets you easily organize your personal, school or work schedule,\"},{\"@type\":\"WebSite\",\"@id\":\"https:\/\/sales-ai-agents.com\/#website\",\"url\":\"https:\/\/sales-ai-agents.com\/\",\"name\":\"FuseBase\",\"description\":\"Nimbus Platform - Free Online Collaboration Software for Remote Teams. Build your wikis, client portals and more with the Nimbus Platform collaboration tool ? A perfect space for online work\",\"publisher\":{\"@id\":\"https:\/\/sales-ai-agents.com\/#organization\"},\"potentialAction\":[{\"@type\":\"SearchAction\",\"target\":{\"@type\":\"EntryPoint\",\"urlTemplate\":\"https:\/\/sales-ai-agents.com\/?s={search_term_string}\"},\"query-input\":{\"@type\":\"PropertyValueSpecification\",\"valueRequired\":true,\"valueName\":\"search_term_string\"}}],\"inLanguage\":\"de-DE\"},{\"@type\":\"Organization\",\"@id\":\"https:\/\/sales-ai-agents.com\/#organization\",\"name\":\"FuseBase\",\"url\":\"https:\/\/sales-ai-agents.com\/\",\"logo\":{\"@type\":\"ImageObject\",\"inLanguage\":\"de-DE\",\"@id\":\"https:\/\/sales-ai-agents.com\/#\/schema\/logo\/image\/\",\"url\":\"https:\/\/sales-ai-agents.com\/wp-content\/uploads\/2023\/11\/icon-7.svg\",\"contentUrl\":\"https:\/\/sales-ai-agents.com\/wp-content\/uploads\/2023\/11\/icon-7.svg\",\"width\":128,\"height\":128,\"caption\":\"FuseBase\"},\"image\":{\"@id\":\"https:\/\/sales-ai-agents.com\/#\/schema\/logo\/image\/\"}}]}<\/script>\n<!-- \/ Yoast SEO plugin. -->","yoast_head_json":{"title":"Wochenplaner Vorlage - Sales AI Agents","description":"Diese Wochenplanervorlage hilft Ihnen, den \u00dcberblick \u00fcber Ihre Aufgaben, Aufgaben und Termine zu behalten, und l\u00e4sst Sie Ihren pers\u00f6nlichen, schulischen oder beruflichen Zeitplan leicht organisieren.","robots":{"index":"index","follow":"follow","max-snippet":"max-snippet:-1","max-image-preview":"max-image-preview:large","max-video-preview":"max-video-preview:-1"},"canonical":"https:\/\/sales-ai-agents.com\/de\/templates\/week-planner\/","og_locale":"de_DE","og_type":"article","og_title":"Wochenplaner Vorlage - Sales AI Agents","og_description":"Diese Wochenplanervorlage hilft Ihnen, den \u00dcberblick \u00fcber Ihre Aufgaben, Aufgaben und Termine zu behalten, und l\u00e4sst Sie Ihren pers\u00f6nlichen, schulischen oder beruflichen Zeitplan leicht organisieren.","og_url":"https:\/\/sales-ai-agents.com\/de\/templates\/week-planner\/","og_site_name":"Sales AI Agents","article_modified_time":"2023-12-27T15:42:56+00:00","og_image":[{"width":1700,"height":1100,"url":"https:\/\/sales-ai-agents.com\/wp-content\/uploads\/2022\/09\/Week-Planner-Template.png","type":"image\/png"}],"twitter_card":"summary_large_image","schema":{"@context":"https:\/\/schema.org","@graph":[{"@type":"WebPage","@id":"https:\/\/sales-ai-agents.com\/de\/templates\/week-planner\/","url":"https:\/\/sales-ai-agents.com\/de\/templates\/week-planner\/","name":"Wochenplaner Vorlage - Sales AI Agents","isPartOf":{"@id":"https:\/\/sales-ai-agents.com\/#website"},"primaryImageOfPage":{"@id":"https:\/\/sales-ai-agents.com\/de\/templates\/week-planner\/#primaryimage"},"image":{"@id":"https:\/\/sales-ai-agents.com\/de\/templates\/week-planner\/#primaryimage"},"thumbnailUrl":"https:\/\/sales-ai-agents.com\/wp-content\/uploads\/2022\/09\/Week-Planner-Template.png","datePublished":"2022-09-26T12:10:21+00:00","dateModified":"2023-12-27T15:42:56+00:00","description":"Diese Wochenplanervorlage hilft Ihnen, den \u00dcberblick \u00fcber Ihre Aufgaben, Aufgaben und Termine zu behalten, und l\u00e4sst Sie Ihren pers\u00f6nlichen, schulischen oder beruflichen Zeitplan leicht organisieren.","inLanguage":"de-DE","potentialAction":[{"@type":"ReadAction","target":["https:\/\/sales-ai-agents.com\/de\/templates\/week-planner\/"]}]},{"@type":"ImageObject","inLanguage":"de-DE","@id":"https:\/\/sales-ai-agents.com\/de\/templates\/week-planner\/#primaryimage","url":"https:\/\/sales-ai-agents.com\/wp-content\/uploads\/2022\/09\/Week-Planner-Template.png","contentUrl":"https:\/\/sales-ai-agents.com\/wp-content\/uploads\/2022\/09\/Week-Planner-Template.png","width":1700,"height":1100,"caption":"This weekly planner template helps you keep track of your to-dos, tasks & appointments, and lets you easily organize your personal, school or work schedule,"},{"@type":"WebSite","@id":"https:\/\/sales-ai-agents.com\/#website","url":"https:\/\/sales-ai-agents.com\/","name":"FuseBase","description":"Nimbus Platform - Free Online Collaboration Software for Remote Teams. Build your wikis, client portals and more with the Nimbus Platform collaboration tool ? A perfect space for online work","publisher":{"@id":"https:\/\/sales-ai-agents.com\/#organization"},"potentialAction":[{"@type":"SearchAction","target":{"@type":"EntryPoint","urlTemplate":"https:\/\/sales-ai-agents.com\/?s={search_term_string}"},"query-input":{"@type":"PropertyValueSpecification","valueRequired":true,"valueName":"search_term_string"}}],"inLanguage":"de-DE"},{"@type":"Organization","@id":"https:\/\/sales-ai-agents.com\/#organization","name":"FuseBase","url":"https:\/\/sales-ai-agents.com\/","logo":{"@type":"ImageObject","inLanguage":"de-DE","@id":"https:\/\/sales-ai-agents.com\/#\/schema\/logo\/image\/","url":"https:\/\/sales-ai-agents.com\/wp-content\/uploads\/2023\/11\/icon-7.svg","contentUrl":"https:\/\/sales-ai-agents.com\/wp-content\/uploads\/2023\/11\/icon-7.svg","width":128,"height":128,"caption":"FuseBase"},"image":{"@id":"https:\/\/sales-ai-agents.com\/#\/schema\/logo\/image\/"}}]}},"_links":{"self":[{"href":"https:\/\/sales-ai-agents.com\/de\/wp-json\/wp\/v2\/product\/57682","targetHints":{"allow":["GET"]}}],"collection":[{"href":"https:\/\/sales-ai-agents.com\/de\/wp-json\/wp\/v2\/product"}],"about":[{"href":"https:\/\/sales-ai-agents.com\/de\/wp-json\/wp\/v2\/types\/product"}],"wp:featuredmedia":[{"embeddable":true,"href":"https:\/\/sales-ai-agents.com\/de\/wp-json\/wp\/v2\/media\/27137"}],"wp:attachment":[{"href":"https:\/\/sales-ai-agents.com\/de\/wp-json\/wp\/v2\/media?parent=57682"}],"wp:term":[{"taxonomy":"product_brand","embeddable":true,"href":"https:\/\/sales-ai-agents.com\/de\/wp-json\/wp\/v2\/product_brand?post=57682"},{"taxonomy":"product_cat","embeddable":true,"href":"https:\/\/sales-ai-agents.com\/de\/wp-json\/wp\/v2\/product_cat?post=57682"},{"taxonomy":"product_tag","embeddable":true,"href":"https:\/\/sales-ai-agents.com\/de\/wp-json\/wp\/v2\/product_tag?post=57682"}],"curies":[{"name":"wp","href":"https:\/\/api.w.org\/{rel}","templated":true}]}}