{"id":57688,"date":"2022-09-26T12:10:17","date_gmt":"2022-09-26T12:10:17","guid":{"rendered":"https:\/\/sales-ai-agents.com\/templates\/marketing-plan-tables\/"},"modified":"2023-12-27T15:13:34","modified_gmt":"2023-12-27T15:13:34","slug":"marketing-plan-tables","status":"publish","type":"product","link":"https:\/\/sales-ai-agents.com\/de\/templates\/marketing-plan-tables\/","title":{"rendered":"Marketingplan (Tabellen)"},"content":{"rendered":"<p>&nbsp;<\/p>\n<h2>Marketingplan Vorlage<\/h2>\n<p class=\"desc-text\">Die Erstellung eines gr\u00fcndlichen Plans f\u00fcr Ihre Marketingkampagnen ist ein sicherer Weg zum Erfolg. Beim Start einer Marketingkampagne sind viele verschiedene Bereiche zu beachten &#8211; Fristen, Beteiligte und verschiedene Schritte und Phasen. Nutzen Sie unsere Marketingvorlage, um die einzelnen Schritte zu planen. Farbliche Kennzeichnung der Priorit\u00e4t und des Status der einzelnen Schritte in unseren strukturierten und voll funktionsf\u00e4higen Tabellen. Machen Sie sich die einzelnen Kampagnenphasen klar und leiten Sie die n\u00e4chsten Schritte mit Zuversicht ein.<\/p>\n<h5>Wie zu verwenden:<\/h5>\n<ul class=\"desc-item_list\">\n<li class=\"desc-item_list__point\">Verwenden Sie die Tabellen, um die verschiedenen Phasen zu organisieren<\/li>\n<li class=\"desc-item_list__point\">Einen Titel f\u00fcr jeden Schritt hinzuf\u00fcgen<\/li>\n<li class=\"desc-item_list__point\">Erstellen Sie einen Zeitplan f\u00fcr jede Aufgabe<\/li>\n<li class=\"desc-item_list__point\">Farbcodierung der Spalte zur Angabe der Priorit\u00e4t<\/li>\n<li class=\"desc-item_list__point\">Verwenden Sie Farbe, um den Fortschritt zu verfolgen<\/li>\n<li class=\"desc-item_list__point\">Hinzuf\u00fcgen des f\u00fcr die einzelnen Schritte zust\u00e4ndigen Teams<\/li>\n<\/ul>\n","protected":false},"excerpt":{"rendered":"<p>Nutzen Sie unsere kostenlose, anpassbare Marketingvorlage, um die einzelnen Schritte einer Marketingkampagne zu planen. Leicht zu \u00fcberblicken &#8211; Fristen, Beteiligte und verschiedene Phasen.<\/p>\n","protected":false},"featured_media":26542,"template":"","meta":{"_acf_changed":false,"inline_featured_image":false},"product_brand":[],"product_cat":[171,176,179],"product_tag":[166],"class_list":{"0":"post-57688","1":"product","2":"type-product","3":"status-publish","4":"has-post-thumbnail","6":"product_cat-marketing","7":"product_cat-marketing-strategy","8":"product_cat-organizers-planners","9":"product_tag-hit","11":"first","12":"instock","13":"virtual","14":"sold-individually","15":"product-type-simple"},"acf":[],"yoast_head":"<!-- This site is optimized with the Yoast SEO plugin v25.3.1 - https:\/\/yoast.com\/wordpress\/plugins\/seo\/ -->\n<title>Marketingplan (Tabellen) Vorlage - Sales AI Agents<\/title>\n<meta name=\"description\" content=\"Nutzen Sie unsere kostenlose, anpassbare Marketingvorlage, um die einzelnen Schritte einer Marketingkampagne zu planen. Leicht zu \u00fcberblicken - Fristen, Beteiligte und verschiedene Phasen.\" \/>\n<meta name=\"robots\" content=\"index, follow, max-snippet:-1, max-image-preview:large, max-video-preview:-1\" \/>\n<link rel=\"canonical\" href=\"https:\/\/sales-ai-agents.com\/de\/templates\/marketing-plan-tables\/\" \/>\n<meta property=\"og:locale\" content=\"de_DE\" \/>\n<meta property=\"og:type\" content=\"article\" \/>\n<meta property=\"og:title\" content=\"Marketingplan (Tabellen) Vorlage - Sales AI Agents\" \/>\n<meta property=\"og:description\" content=\"Nutzen Sie unsere kostenlose, anpassbare Marketingvorlage, um die einzelnen Schritte einer Marketingkampagne zu planen. Leicht zu \u00fcberblicken - Fristen, Beteiligte und verschiedene Phasen.\" \/>\n<meta property=\"og:url\" content=\"https:\/\/sales-ai-agents.com\/de\/templates\/marketing-plan-tables\/\" \/>\n<meta property=\"og:site_name\" content=\"Sales AI Agents\" \/>\n<meta property=\"article:modified_time\" content=\"2023-12-27T15:13:34+00:00\" \/>\n<meta property=\"og:image\" content=\"https:\/\/sales-ai-agents.com\/wp-content\/uploads\/2022\/09\/Marketing-Plan-tables-Template.png\" \/>\n\t<meta property=\"og:image:width\" content=\"1700\" \/>\n\t<meta property=\"og:image:height\" content=\"1100\" \/>\n\t<meta property=\"og:image:type\" content=\"image\/png\" \/>\n<meta name=\"twitter:card\" content=\"summary_large_image\" \/>\n<script type=\"application\/ld+json\" class=\"yoast-schema-graph\">{\"@context\":\"https:\/\/schema.org\",\"@graph\":[{\"@type\":\"WebPage\",\"@id\":\"https:\/\/sales-ai-agents.com\/de\/templates\/marketing-plan-tables\/\",\"url\":\"https:\/\/sales-ai-agents.com\/de\/templates\/marketing-plan-tables\/\",\"name\":\"Marketingplan (Tabellen) Vorlage - Sales AI Agents\",\"isPartOf\":{\"@id\":\"https:\/\/sales-ai-agents.com\/#website\"},\"primaryImageOfPage\":{\"@id\":\"https:\/\/sales-ai-agents.com\/de\/templates\/marketing-plan-tables\/#primaryimage\"},\"image\":{\"@id\":\"https:\/\/sales-ai-agents.com\/de\/templates\/marketing-plan-tables\/#primaryimage\"},\"thumbnailUrl\":\"https:\/\/sales-ai-agents.com\/wp-content\/uploads\/2022\/09\/Marketing-Plan-tables-Template.png\",\"datePublished\":\"2022-09-26T12:10:17+00:00\",\"dateModified\":\"2023-12-27T15:13:34+00:00\",\"description\":\"Nutzen Sie unsere kostenlose, anpassbare Marketingvorlage, um die einzelnen Schritte einer Marketingkampagne zu planen. Leicht zu \u00fcberblicken - Fristen, Beteiligte und verschiedene Phasen.\",\"inLanguage\":\"de-DE\",\"potentialAction\":[{\"@type\":\"ReadAction\",\"target\":[\"https:\/\/sales-ai-agents.com\/de\/templates\/marketing-plan-tables\/\"]}]},{\"@type\":\"ImageObject\",\"inLanguage\":\"de-DE\",\"@id\":\"https:\/\/sales-ai-agents.com\/de\/templates\/marketing-plan-tables\/#primaryimage\",\"url\":\"https:\/\/sales-ai-agents.com\/wp-content\/uploads\/2022\/09\/Marketing-Plan-tables-Template.png\",\"contentUrl\":\"https:\/\/sales-ai-agents.com\/wp-content\/uploads\/2022\/09\/Marketing-Plan-tables-Template.png\",\"width\":1700,\"height\":1100,\"caption\":\"Use our free customizable marketing template to lay out each step of marketing campaigns.\"},{\"@type\":\"WebSite\",\"@id\":\"https:\/\/sales-ai-agents.com\/#website\",\"url\":\"https:\/\/sales-ai-agents.com\/\",\"name\":\"FuseBase\",\"description\":\"Nimbus Platform - Free Online Collaboration Software for Remote Teams. Build your wikis, client portals and more with the Nimbus Platform collaboration tool ? A perfect space for online work\",\"publisher\":{\"@id\":\"https:\/\/sales-ai-agents.com\/#organization\"},\"potentialAction\":[{\"@type\":\"SearchAction\",\"target\":{\"@type\":\"EntryPoint\",\"urlTemplate\":\"https:\/\/sales-ai-agents.com\/?s={search_term_string}\"},\"query-input\":{\"@type\":\"PropertyValueSpecification\",\"valueRequired\":true,\"valueName\":\"search_term_string\"}}],\"inLanguage\":\"de-DE\"},{\"@type\":\"Organization\",\"@id\":\"https:\/\/sales-ai-agents.com\/#organization\",\"name\":\"FuseBase\",\"url\":\"https:\/\/sales-ai-agents.com\/\",\"logo\":{\"@type\":\"ImageObject\",\"inLanguage\":\"de-DE\",\"@id\":\"https:\/\/sales-ai-agents.com\/#\/schema\/logo\/image\/\",\"url\":\"https:\/\/sales-ai-agents.com\/wp-content\/uploads\/2023\/11\/icon-7.svg\",\"contentUrl\":\"https:\/\/sales-ai-agents.com\/wp-content\/uploads\/2023\/11\/icon-7.svg\",\"width\":128,\"height\":128,\"caption\":\"FuseBase\"},\"image\":{\"@id\":\"https:\/\/sales-ai-agents.com\/#\/schema\/logo\/image\/\"}}]}<\/script>\n<!-- \/ Yoast SEO plugin. -->","yoast_head_json":{"title":"Marketingplan (Tabellen) Vorlage - Sales AI Agents","description":"Nutzen Sie unsere kostenlose, anpassbare Marketingvorlage, um die einzelnen Schritte einer Marketingkampagne zu planen. Leicht zu \u00fcberblicken - Fristen, Beteiligte und verschiedene Phasen.","robots":{"index":"index","follow":"follow","max-snippet":"max-snippet:-1","max-image-preview":"max-image-preview:large","max-video-preview":"max-video-preview:-1"},"canonical":"https:\/\/sales-ai-agents.com\/de\/templates\/marketing-plan-tables\/","og_locale":"de_DE","og_type":"article","og_title":"Marketingplan (Tabellen) Vorlage - Sales AI Agents","og_description":"Nutzen Sie unsere kostenlose, anpassbare Marketingvorlage, um die einzelnen Schritte einer Marketingkampagne zu planen. Leicht zu \u00fcberblicken - Fristen, Beteiligte und verschiedene Phasen.","og_url":"https:\/\/sales-ai-agents.com\/de\/templates\/marketing-plan-tables\/","og_site_name":"Sales AI Agents","article_modified_time":"2023-12-27T15:13:34+00:00","og_image":[{"width":1700,"height":1100,"url":"https:\/\/sales-ai-agents.com\/wp-content\/uploads\/2022\/09\/Marketing-Plan-tables-Template.png","type":"image\/png"}],"twitter_card":"summary_large_image","schema":{"@context":"https:\/\/schema.org","@graph":[{"@type":"WebPage","@id":"https:\/\/sales-ai-agents.com\/de\/templates\/marketing-plan-tables\/","url":"https:\/\/sales-ai-agents.com\/de\/templates\/marketing-plan-tables\/","name":"Marketingplan (Tabellen) Vorlage - Sales AI Agents","isPartOf":{"@id":"https:\/\/sales-ai-agents.com\/#website"},"primaryImageOfPage":{"@id":"https:\/\/sales-ai-agents.com\/de\/templates\/marketing-plan-tables\/#primaryimage"},"image":{"@id":"https:\/\/sales-ai-agents.com\/de\/templates\/marketing-plan-tables\/#primaryimage"},"thumbnailUrl":"https:\/\/sales-ai-agents.com\/wp-content\/uploads\/2022\/09\/Marketing-Plan-tables-Template.png","datePublished":"2022-09-26T12:10:17+00:00","dateModified":"2023-12-27T15:13:34+00:00","description":"Nutzen Sie unsere kostenlose, anpassbare Marketingvorlage, um die einzelnen Schritte einer Marketingkampagne zu planen. Leicht zu \u00fcberblicken - Fristen, Beteiligte und verschiedene Phasen.","inLanguage":"de-DE","potentialAction":[{"@type":"ReadAction","target":["https:\/\/sales-ai-agents.com\/de\/templates\/marketing-plan-tables\/"]}]},{"@type":"ImageObject","inLanguage":"de-DE","@id":"https:\/\/sales-ai-agents.com\/de\/templates\/marketing-plan-tables\/#primaryimage","url":"https:\/\/sales-ai-agents.com\/wp-content\/uploads\/2022\/09\/Marketing-Plan-tables-Template.png","contentUrl":"https:\/\/sales-ai-agents.com\/wp-content\/uploads\/2022\/09\/Marketing-Plan-tables-Template.png","width":1700,"height":1100,"caption":"Use our free customizable marketing template to lay out each step of marketing campaigns."},{"@type":"WebSite","@id":"https:\/\/sales-ai-agents.com\/#website","url":"https:\/\/sales-ai-agents.com\/","name":"FuseBase","description":"Nimbus Platform - Free Online Collaboration Software for Remote Teams. Build your wikis, client portals and more with the Nimbus Platform collaboration tool ? A perfect space for online work","publisher":{"@id":"https:\/\/sales-ai-agents.com\/#organization"},"potentialAction":[{"@type":"SearchAction","target":{"@type":"EntryPoint","urlTemplate":"https:\/\/sales-ai-agents.com\/?s={search_term_string}"},"query-input":{"@type":"PropertyValueSpecification","valueRequired":true,"valueName":"search_term_string"}}],"inLanguage":"de-DE"},{"@type":"Organization","@id":"https:\/\/sales-ai-agents.com\/#organization","name":"FuseBase","url":"https:\/\/sales-ai-agents.com\/","logo":{"@type":"ImageObject","inLanguage":"de-DE","@id":"https:\/\/sales-ai-agents.com\/#\/schema\/logo\/image\/","url":"https:\/\/sales-ai-agents.com\/wp-content\/uploads\/2023\/11\/icon-7.svg","contentUrl":"https:\/\/sales-ai-agents.com\/wp-content\/uploads\/2023\/11\/icon-7.svg","width":128,"height":128,"caption":"FuseBase"},"image":{"@id":"https:\/\/sales-ai-agents.com\/#\/schema\/logo\/image\/"}}]}},"_links":{"self":[{"href":"https:\/\/sales-ai-agents.com\/de\/wp-json\/wp\/v2\/product\/57688","targetHints":{"allow":["GET"]}}],"collection":[{"href":"https:\/\/sales-ai-agents.com\/de\/wp-json\/wp\/v2\/product"}],"about":[{"href":"https:\/\/sales-ai-agents.com\/de\/wp-json\/wp\/v2\/types\/product"}],"wp:featuredmedia":[{"embeddable":true,"href":"https:\/\/sales-ai-agents.com\/de\/wp-json\/wp\/v2\/media\/26542"}],"wp:attachment":[{"href":"https:\/\/sales-ai-agents.com\/de\/wp-json\/wp\/v2\/media?parent=57688"}],"wp:term":[{"taxonomy":"product_brand","embeddable":true,"href":"https:\/\/sales-ai-agents.com\/de\/wp-json\/wp\/v2\/product_brand?post=57688"},{"taxonomy":"product_cat","embeddable":true,"href":"https:\/\/sales-ai-agents.com\/de\/wp-json\/wp\/v2\/product_cat?post=57688"},{"taxonomy":"product_tag","embeddable":true,"href":"https:\/\/sales-ai-agents.com\/de\/wp-json\/wp\/v2\/product_tag?post=57688"}],"curies":[{"name":"wp","href":"https:\/\/api.w.org\/{rel}","templated":true}]}}