{"id":57693,"date":"2022-09-26T12:10:13","date_gmt":"2022-09-26T12:10:13","guid":{"rendered":"https:\/\/sales-ai-agents.com\/templates\/job-board\/"},"modified":"2023-12-26T20:46:31","modified_gmt":"2023-12-26T20:46:31","slug":"job-board","status":"publish","type":"product","link":"https:\/\/sales-ai-agents.com\/de\/templates\/job-board\/","title":{"rendered":"Stellenb\u00f6rse"},"content":{"rendered":"<p>&nbsp;<\/p>\n<h2>Job Board Vorlage<\/h2>\n<p class=\"desc-text\">Wir haben diese praktische Vorlage f\u00fcr die Stellenanzeigen Ihres Unternehmens erstellt. Um Talente anzuziehen, ist es wichtig, hilfreiche Informationen in Ihre Stellenausschreibungen aufzunehmen. In diesem Dokument k\u00f6nnen Sie Einzelheiten zu den Werten, Zielen und der Arbeitskultur Ihres Unternehmens angeben. Geben Sie ein vollst\u00e4ndiges Profil Ihres Unternehmens und Ihrer Aufgaben an, damit Sie Ihr Unternehmen bekannt machen und die richtigen Bewerber finden k\u00f6nnen.<\/p>\n<h5>Wie zu verwenden:<\/h5>\n<ul class=\"desc-item_list\">\n<li class=\"desc-item_list__point\">Schreiben Sie \u00fcber die Vision und die Werte Ihres Unternehmens<\/li>\n<li class=\"desc-item_list__point\">Auflistung offener Stellen in den Tabellen<\/li>\n<li class=\"desc-item_list__point\">Laden Sie Bilder hoch, die die Kultur Ihres Unternehmens zeigen<\/li>\n<li class=\"desc-item_list__point\">Passen Sie jeden Teil der Vorlage nach Bedarf an<\/li>\n<\/ul>\n","protected":false},"excerpt":{"rendered":"<p>Diese praktische Vorlage ist f\u00fcr die Stellenanzeigen Ihres Unternehmens gedacht. Mit dieser Vorlage k\u00f6nnen Sie Einzelheiten zu den Werten, Zielen und der Arbeitskultur Ihres Unternehmens einf\u00fcgen.<\/p>\n","protected":false},"featured_media":20614,"template":"","meta":{"_acf_changed":false,"inline_featured_image":false},"product_brand":[],"product_cat":[178],"product_tag":[],"class_list":{"0":"post-57693","1":"product","2":"type-product","3":"status-publish","4":"has-post-thumbnail","6":"product_cat-operations-hr","8":"first","9":"instock","10":"virtual","11":"sold-individually","12":"product-type-simple"},"acf":[],"yoast_head":"<!-- This site is optimized with the Yoast SEO plugin v25.3.1 - https:\/\/yoast.com\/wordpress\/plugins\/seo\/ -->\n<title>Job Board Vorlage - Sales AI Agents<\/title>\n<meta name=\"description\" content=\"Diese praktische Vorlage ist f\u00fcr die Stellenanzeigen Ihres Unternehmens gedacht. Mit dieser Vorlage k\u00f6nnen Sie Einzelheiten zu den Werten, Zielen und der Arbeitskultur Ihres Unternehmens einf\u00fcgen.\" \/>\n<meta name=\"robots\" content=\"index, follow, max-snippet:-1, max-image-preview:large, max-video-preview:-1\" \/>\n<link rel=\"canonical\" href=\"https:\/\/sales-ai-agents.com\/de\/templates\/job-board\/\" \/>\n<meta property=\"og:locale\" content=\"de_DE\" \/>\n<meta property=\"og:type\" content=\"article\" \/>\n<meta property=\"og:title\" content=\"Job Board Vorlage - Sales AI Agents\" \/>\n<meta property=\"og:description\" content=\"Diese praktische Vorlage ist f\u00fcr die Stellenanzeigen Ihres Unternehmens gedacht. Mit dieser Vorlage k\u00f6nnen Sie Einzelheiten zu den Werten, Zielen und der Arbeitskultur Ihres Unternehmens einf\u00fcgen.\" \/>\n<meta property=\"og:url\" content=\"https:\/\/sales-ai-agents.com\/de\/templates\/job-board\/\" \/>\n<meta property=\"og:site_name\" content=\"Sales AI Agents\" \/>\n<meta property=\"article:modified_time\" content=\"2023-12-26T20:46:31+00:00\" \/>\n<meta property=\"og:image\" content=\"https:\/\/sales-ai-agents.com\/wp-content\/uploads\/2023\/01\/image-preview121819.png\" \/>\n\t<meta property=\"og:image:width\" content=\"1078\" \/>\n\t<meta property=\"og:image:height\" content=\"1262\" \/>\n\t<meta property=\"og:image:type\" content=\"image\/png\" \/>\n<meta name=\"twitter:card\" content=\"summary_large_image\" \/>\n<script type=\"application\/ld+json\" class=\"yoast-schema-graph\">{\"@context\":\"https:\/\/schema.org\",\"@graph\":[{\"@type\":\"WebPage\",\"@id\":\"https:\/\/sales-ai-agents.com\/de\/templates\/job-board\/\",\"url\":\"https:\/\/sales-ai-agents.com\/de\/templates\/job-board\/\",\"name\":\"Job Board Vorlage - Sales AI Agents\",\"isPartOf\":{\"@id\":\"https:\/\/sales-ai-agents.com\/#website\"},\"primaryImageOfPage\":{\"@id\":\"https:\/\/sales-ai-agents.com\/de\/templates\/job-board\/#primaryimage\"},\"image\":{\"@id\":\"https:\/\/sales-ai-agents.com\/de\/templates\/job-board\/#primaryimage\"},\"thumbnailUrl\":\"https:\/\/sales-ai-agents.com\/wp-content\/uploads\/2023\/01\/image-preview121819.png\",\"datePublished\":\"2022-09-26T12:10:13+00:00\",\"dateModified\":\"2023-12-26T20:46:31+00:00\",\"description\":\"Diese praktische Vorlage ist f\u00fcr die Stellenanzeigen Ihres Unternehmens gedacht. Mit dieser Vorlage k\u00f6nnen Sie Einzelheiten zu den Werten, Zielen und der Arbeitskultur Ihres Unternehmens einf\u00fcgen.\",\"inLanguage\":\"de-DE\",\"potentialAction\":[{\"@type\":\"ReadAction\",\"target\":[\"https:\/\/sales-ai-agents.com\/de\/templates\/job-board\/\"]}]},{\"@type\":\"ImageObject\",\"inLanguage\":\"de-DE\",\"@id\":\"https:\/\/sales-ai-agents.com\/de\/templates\/job-board\/#primaryimage\",\"url\":\"https:\/\/sales-ai-agents.com\/wp-content\/uploads\/2023\/01\/image-preview121819.png\",\"contentUrl\":\"https:\/\/sales-ai-agents.com\/wp-content\/uploads\/2023\/01\/image-preview121819.png\",\"width\":1078,\"height\":1262,\"caption\":\"Job Board Template - Nimbus Platform\"},{\"@type\":\"WebSite\",\"@id\":\"https:\/\/sales-ai-agents.com\/#website\",\"url\":\"https:\/\/sales-ai-agents.com\/\",\"name\":\"FuseBase\",\"description\":\"Nimbus Platform - Free Online Collaboration Software for Remote Teams. Build your wikis, client portals and more with the Nimbus Platform collaboration tool ? A perfect space for online work\",\"publisher\":{\"@id\":\"https:\/\/sales-ai-agents.com\/#organization\"},\"potentialAction\":[{\"@type\":\"SearchAction\",\"target\":{\"@type\":\"EntryPoint\",\"urlTemplate\":\"https:\/\/sales-ai-agents.com\/?s={search_term_string}\"},\"query-input\":{\"@type\":\"PropertyValueSpecification\",\"valueRequired\":true,\"valueName\":\"search_term_string\"}}],\"inLanguage\":\"de-DE\"},{\"@type\":\"Organization\",\"@id\":\"https:\/\/sales-ai-agents.com\/#organization\",\"name\":\"FuseBase\",\"url\":\"https:\/\/sales-ai-agents.com\/\",\"logo\":{\"@type\":\"ImageObject\",\"inLanguage\":\"de-DE\",\"@id\":\"https:\/\/sales-ai-agents.com\/#\/schema\/logo\/image\/\",\"url\":\"https:\/\/sales-ai-agents.com\/wp-content\/uploads\/2023\/11\/icon-7.svg\",\"contentUrl\":\"https:\/\/sales-ai-agents.com\/wp-content\/uploads\/2023\/11\/icon-7.svg\",\"width\":128,\"height\":128,\"caption\":\"FuseBase\"},\"image\":{\"@id\":\"https:\/\/sales-ai-agents.com\/#\/schema\/logo\/image\/\"}}]}<\/script>\n<!-- \/ Yoast SEO plugin. -->","yoast_head_json":{"title":"Job Board Vorlage - Sales AI Agents","description":"Diese praktische Vorlage ist f\u00fcr die Stellenanzeigen Ihres Unternehmens gedacht. Mit dieser Vorlage k\u00f6nnen Sie Einzelheiten zu den Werten, Zielen und der Arbeitskultur Ihres Unternehmens einf\u00fcgen.","robots":{"index":"index","follow":"follow","max-snippet":"max-snippet:-1","max-image-preview":"max-image-preview:large","max-video-preview":"max-video-preview:-1"},"canonical":"https:\/\/sales-ai-agents.com\/de\/templates\/job-board\/","og_locale":"de_DE","og_type":"article","og_title":"Job Board Vorlage - Sales AI Agents","og_description":"Diese praktische Vorlage ist f\u00fcr die Stellenanzeigen Ihres Unternehmens gedacht. Mit dieser Vorlage k\u00f6nnen Sie Einzelheiten zu den Werten, Zielen und der Arbeitskultur Ihres Unternehmens einf\u00fcgen.","og_url":"https:\/\/sales-ai-agents.com\/de\/templates\/job-board\/","og_site_name":"Sales AI Agents","article_modified_time":"2023-12-26T20:46:31+00:00","og_image":[{"width":1078,"height":1262,"url":"https:\/\/sales-ai-agents.com\/wp-content\/uploads\/2023\/01\/image-preview121819.png","type":"image\/png"}],"twitter_card":"summary_large_image","schema":{"@context":"https:\/\/schema.org","@graph":[{"@type":"WebPage","@id":"https:\/\/sales-ai-agents.com\/de\/templates\/job-board\/","url":"https:\/\/sales-ai-agents.com\/de\/templates\/job-board\/","name":"Job Board Vorlage - Sales AI Agents","isPartOf":{"@id":"https:\/\/sales-ai-agents.com\/#website"},"primaryImageOfPage":{"@id":"https:\/\/sales-ai-agents.com\/de\/templates\/job-board\/#primaryimage"},"image":{"@id":"https:\/\/sales-ai-agents.com\/de\/templates\/job-board\/#primaryimage"},"thumbnailUrl":"https:\/\/sales-ai-agents.com\/wp-content\/uploads\/2023\/01\/image-preview121819.png","datePublished":"2022-09-26T12:10:13+00:00","dateModified":"2023-12-26T20:46:31+00:00","description":"Diese praktische Vorlage ist f\u00fcr die Stellenanzeigen Ihres Unternehmens gedacht. Mit dieser Vorlage k\u00f6nnen Sie Einzelheiten zu den Werten, Zielen und der Arbeitskultur Ihres Unternehmens einf\u00fcgen.","inLanguage":"de-DE","potentialAction":[{"@type":"ReadAction","target":["https:\/\/sales-ai-agents.com\/de\/templates\/job-board\/"]}]},{"@type":"ImageObject","inLanguage":"de-DE","@id":"https:\/\/sales-ai-agents.com\/de\/templates\/job-board\/#primaryimage","url":"https:\/\/sales-ai-agents.com\/wp-content\/uploads\/2023\/01\/image-preview121819.png","contentUrl":"https:\/\/sales-ai-agents.com\/wp-content\/uploads\/2023\/01\/image-preview121819.png","width":1078,"height":1262,"caption":"Job Board Template - Nimbus Platform"},{"@type":"WebSite","@id":"https:\/\/sales-ai-agents.com\/#website","url":"https:\/\/sales-ai-agents.com\/","name":"FuseBase","description":"Nimbus Platform - Free Online Collaboration Software for Remote Teams. Build your wikis, client portals and more with the Nimbus Platform collaboration tool ? A perfect space for online work","publisher":{"@id":"https:\/\/sales-ai-agents.com\/#organization"},"potentialAction":[{"@type":"SearchAction","target":{"@type":"EntryPoint","urlTemplate":"https:\/\/sales-ai-agents.com\/?s={search_term_string}"},"query-input":{"@type":"PropertyValueSpecification","valueRequired":true,"valueName":"search_term_string"}}],"inLanguage":"de-DE"},{"@type":"Organization","@id":"https:\/\/sales-ai-agents.com\/#organization","name":"FuseBase","url":"https:\/\/sales-ai-agents.com\/","logo":{"@type":"ImageObject","inLanguage":"de-DE","@id":"https:\/\/sales-ai-agents.com\/#\/schema\/logo\/image\/","url":"https:\/\/sales-ai-agents.com\/wp-content\/uploads\/2023\/11\/icon-7.svg","contentUrl":"https:\/\/sales-ai-agents.com\/wp-content\/uploads\/2023\/11\/icon-7.svg","width":128,"height":128,"caption":"FuseBase"},"image":{"@id":"https:\/\/sales-ai-agents.com\/#\/schema\/logo\/image\/"}}]}},"_links":{"self":[{"href":"https:\/\/sales-ai-agents.com\/de\/wp-json\/wp\/v2\/product\/57693","targetHints":{"allow":["GET"]}}],"collection":[{"href":"https:\/\/sales-ai-agents.com\/de\/wp-json\/wp\/v2\/product"}],"about":[{"href":"https:\/\/sales-ai-agents.com\/de\/wp-json\/wp\/v2\/types\/product"}],"wp:featuredmedia":[{"embeddable":true,"href":"https:\/\/sales-ai-agents.com\/de\/wp-json\/wp\/v2\/media\/20614"}],"wp:attachment":[{"href":"https:\/\/sales-ai-agents.com\/de\/wp-json\/wp\/v2\/media?parent=57693"}],"wp:term":[{"taxonomy":"product_brand","embeddable":true,"href":"https:\/\/sales-ai-agents.com\/de\/wp-json\/wp\/v2\/product_brand?post=57693"},{"taxonomy":"product_cat","embeddable":true,"href":"https:\/\/sales-ai-agents.com\/de\/wp-json\/wp\/v2\/product_cat?post=57693"},{"taxonomy":"product_tag","embeddable":true,"href":"https:\/\/sales-ai-agents.com\/de\/wp-json\/wp\/v2\/product_tag?post=57693"}],"curies":[{"name":"wp","href":"https:\/\/api.w.org\/{rel}","templated":true}]}}