{"id":57696,"date":"2022-09-26T12:10:09","date_gmt":"2022-09-26T12:10:09","guid":{"rendered":"https:\/\/sales-ai-agents.com\/templates\/summer-bucket-list\/"},"modified":"2023-12-26T20:49:35","modified_gmt":"2023-12-26T20:49:35","slug":"summer-bucket-list","status":"publish","type":"product","link":"https:\/\/sales-ai-agents.com\/de\/templates\/summer-bucket-list\/","title":{"rendered":"Sommer-Einkaufsliste"},"content":{"rendered":"<p>&nbsp;<\/p>\n<h2>Sommer Bucket List Vorlage<\/h2>\n<p class=\"desc-text\">F\u00fcllen Sie Ihren Sommer mit neuen positiven Gef\u00fchlen. Diese Vorlage wird Ihnen helfen, neue Aktivit\u00e4ten auszuprobieren und sonnige Tage mit Vergn\u00fcgen zu verbringen. Das Sch\u00f6ne an dieser Vorlage ist, dass Sie sie an Ihre Bed\u00fcrfnisse anpassen k\u00f6nnen. F\u00fcgen Sie der Liste Ihre Optionen hinzu. Markieren Sie die Aktivit\u00e4ten, die Sie gerne ausprobieren m\u00f6chten, mit Farben. Streichen Sie die erledigten Aufgaben ab, und beenden Sie die Liste vor dem 1. September!<\/p>\n<h5>Wie zu verwenden:<\/h5>\n<ul class=\"desc-item_list\">\n<li class=\"desc-item_list__point\">Sehen Sie die Liste durch<\/li>\n<li class=\"desc-item_list__point\">Finden Sie Aktivit\u00e4ten, die Sie gerne machen m\u00f6chten<\/li>\n<li class=\"desc-item_list__point\">Hervorhebung mit Farben Bedeutung<\/li>\n<li class=\"desc-item_list__point\">F\u00fcgen Sie Ihre Optionen hinzu<\/li>\n<li class=\"desc-item_list__point\">Kreuzen Sie jede Aktivit\u00e4t an, wenn sie abgeschlossen ist.<\/li>\n<\/ul>\n","protected":false},"excerpt":{"rendered":"<p>F\u00fcllen Sie Ihren Sommer mit neuen positiven Gef\u00fchlen. Diese kostenlos anpassbare Vorlage wird Ihnen helfen, neue Aktivit\u00e4ten auszuprobieren und sonnige Tage mit Vergn\u00fcgen zu verbringen.<\/p>\n","protected":false},"featured_media":20606,"template":"","meta":{"_acf_changed":false,"inline_featured_image":false},"product_brand":[],"product_cat":[180,181],"product_tag":[],"class_list":{"0":"post-57696","1":"product","2":"type-product","3":"status-publish","4":"has-post-thumbnail","6":"product_cat-personal","7":"product_cat-holidays-planning","9":"first","10":"instock","11":"virtual","12":"sold-individually","13":"product-type-simple"},"acf":[],"yoast_head":"<!-- This site is optimized with the Yoast SEO plugin v25.3.1 - https:\/\/yoast.com\/wordpress\/plugins\/seo\/ -->\n<title>Sommer-Eimerliste\ufe0f Vorlage - Sales AI Agents<\/title>\n<meta name=\"description\" content=\"F\u00fcllen Sie Ihren Sommer mit neuen positiven Gef\u00fchlen. Diese kostenlos anpassbare Vorlage wird Ihnen helfen, neue Aktivit\u00e4ten auszuprobieren und sonnige Tage mit Vergn\u00fcgen zu verbringen.\" \/>\n<meta name=\"robots\" content=\"index, follow, max-snippet:-1, max-image-preview:large, max-video-preview:-1\" \/>\n<link rel=\"canonical\" href=\"https:\/\/sales-ai-agents.com\/de\/templates\/summer-bucket-list\/\" \/>\n<meta property=\"og:locale\" content=\"de_DE\" \/>\n<meta property=\"og:type\" content=\"article\" \/>\n<meta property=\"og:title\" content=\"Sommer-Eimerliste\ufe0f Vorlage - Sales AI Agents\" \/>\n<meta property=\"og:description\" content=\"F\u00fcllen Sie Ihren Sommer mit neuen positiven Gef\u00fchlen. Diese kostenlos anpassbare Vorlage wird Ihnen helfen, neue Aktivit\u00e4ten auszuprobieren und sonnige Tage mit Vergn\u00fcgen zu verbringen.\" \/>\n<meta property=\"og:url\" content=\"https:\/\/sales-ai-agents.com\/de\/templates\/summer-bucket-list\/\" \/>\n<meta property=\"og:site_name\" content=\"Sales AI Agents\" \/>\n<meta property=\"article:modified_time\" content=\"2023-12-26T20:49:35+00:00\" \/>\n<meta property=\"og:image\" content=\"https:\/\/sales-ai-agents.com\/wp-content\/uploads\/2023\/01\/image-preview121751.png\" \/>\n\t<meta property=\"og:image:width\" content=\"1078\" \/>\n\t<meta property=\"og:image:height\" content=\"1026\" \/>\n\t<meta property=\"og:image:type\" content=\"image\/png\" \/>\n<meta name=\"twitter:card\" content=\"summary_large_image\" \/>\n<script type=\"application\/ld+json\" class=\"yoast-schema-graph\">{\"@context\":\"https:\/\/schema.org\",\"@graph\":[{\"@type\":\"WebPage\",\"@id\":\"https:\/\/sales-ai-agents.com\/de\/templates\/summer-bucket-list\/\",\"url\":\"https:\/\/sales-ai-agents.com\/de\/templates\/summer-bucket-list\/\",\"name\":\"Sommer-Eimerliste\ufe0f Vorlage - Sales AI Agents\",\"isPartOf\":{\"@id\":\"https:\/\/sales-ai-agents.com\/#website\"},\"primaryImageOfPage\":{\"@id\":\"https:\/\/sales-ai-agents.com\/de\/templates\/summer-bucket-list\/#primaryimage\"},\"image\":{\"@id\":\"https:\/\/sales-ai-agents.com\/de\/templates\/summer-bucket-list\/#primaryimage\"},\"thumbnailUrl\":\"https:\/\/sales-ai-agents.com\/wp-content\/uploads\/2023\/01\/image-preview121751.png\",\"datePublished\":\"2022-09-26T12:10:09+00:00\",\"dateModified\":\"2023-12-26T20:49:35+00:00\",\"description\":\"F\u00fcllen Sie Ihren Sommer mit neuen positiven Gef\u00fchlen. Diese kostenlos anpassbare Vorlage wird Ihnen helfen, neue Aktivit\u00e4ten auszuprobieren und sonnige Tage mit Vergn\u00fcgen zu verbringen.\",\"inLanguage\":\"de-DE\",\"potentialAction\":[{\"@type\":\"ReadAction\",\"target\":[\"https:\/\/sales-ai-agents.com\/de\/templates\/summer-bucket-list\/\"]}]},{\"@type\":\"ImageObject\",\"inLanguage\":\"de-DE\",\"@id\":\"https:\/\/sales-ai-agents.com\/de\/templates\/summer-bucket-list\/#primaryimage\",\"url\":\"https:\/\/sales-ai-agents.com\/wp-content\/uploads\/2023\/01\/image-preview121751.png\",\"contentUrl\":\"https:\/\/sales-ai-agents.com\/wp-content\/uploads\/2023\/01\/image-preview121751.png\",\"width\":1078,\"height\":1026,\"caption\":\"Summer Bucket List Template - Nimbus Platform\"},{\"@type\":\"WebSite\",\"@id\":\"https:\/\/sales-ai-agents.com\/#website\",\"url\":\"https:\/\/sales-ai-agents.com\/\",\"name\":\"FuseBase\",\"description\":\"Nimbus Platform - Free Online Collaboration Software for Remote Teams. Build your wikis, client portals and more with the Nimbus Platform collaboration tool ? A perfect space for online work\",\"publisher\":{\"@id\":\"https:\/\/sales-ai-agents.com\/#organization\"},\"potentialAction\":[{\"@type\":\"SearchAction\",\"target\":{\"@type\":\"EntryPoint\",\"urlTemplate\":\"https:\/\/sales-ai-agents.com\/?s={search_term_string}\"},\"query-input\":{\"@type\":\"PropertyValueSpecification\",\"valueRequired\":true,\"valueName\":\"search_term_string\"}}],\"inLanguage\":\"de-DE\"},{\"@type\":\"Organization\",\"@id\":\"https:\/\/sales-ai-agents.com\/#organization\",\"name\":\"FuseBase\",\"url\":\"https:\/\/sales-ai-agents.com\/\",\"logo\":{\"@type\":\"ImageObject\",\"inLanguage\":\"de-DE\",\"@id\":\"https:\/\/sales-ai-agents.com\/#\/schema\/logo\/image\/\",\"url\":\"https:\/\/sales-ai-agents.com\/wp-content\/uploads\/2023\/11\/icon-7.svg\",\"contentUrl\":\"https:\/\/sales-ai-agents.com\/wp-content\/uploads\/2023\/11\/icon-7.svg\",\"width\":128,\"height\":128,\"caption\":\"FuseBase\"},\"image\":{\"@id\":\"https:\/\/sales-ai-agents.com\/#\/schema\/logo\/image\/\"}}]}<\/script>\n<!-- \/ Yoast SEO plugin. -->","yoast_head_json":{"title":"Sommer-Eimerliste\ufe0f Vorlage - Sales AI Agents","description":"F\u00fcllen Sie Ihren Sommer mit neuen positiven Gef\u00fchlen. Diese kostenlos anpassbare Vorlage wird Ihnen helfen, neue Aktivit\u00e4ten auszuprobieren und sonnige Tage mit Vergn\u00fcgen zu verbringen.","robots":{"index":"index","follow":"follow","max-snippet":"max-snippet:-1","max-image-preview":"max-image-preview:large","max-video-preview":"max-video-preview:-1"},"canonical":"https:\/\/sales-ai-agents.com\/de\/templates\/summer-bucket-list\/","og_locale":"de_DE","og_type":"article","og_title":"Sommer-Eimerliste\ufe0f Vorlage - Sales AI Agents","og_description":"F\u00fcllen Sie Ihren Sommer mit neuen positiven Gef\u00fchlen. Diese kostenlos anpassbare Vorlage wird Ihnen helfen, neue Aktivit\u00e4ten auszuprobieren und sonnige Tage mit Vergn\u00fcgen zu verbringen.","og_url":"https:\/\/sales-ai-agents.com\/de\/templates\/summer-bucket-list\/","og_site_name":"Sales AI Agents","article_modified_time":"2023-12-26T20:49:35+00:00","og_image":[{"width":1078,"height":1026,"url":"https:\/\/sales-ai-agents.com\/wp-content\/uploads\/2023\/01\/image-preview121751.png","type":"image\/png"}],"twitter_card":"summary_large_image","schema":{"@context":"https:\/\/schema.org","@graph":[{"@type":"WebPage","@id":"https:\/\/sales-ai-agents.com\/de\/templates\/summer-bucket-list\/","url":"https:\/\/sales-ai-agents.com\/de\/templates\/summer-bucket-list\/","name":"Sommer-Eimerliste\ufe0f Vorlage - Sales AI Agents","isPartOf":{"@id":"https:\/\/sales-ai-agents.com\/#website"},"primaryImageOfPage":{"@id":"https:\/\/sales-ai-agents.com\/de\/templates\/summer-bucket-list\/#primaryimage"},"image":{"@id":"https:\/\/sales-ai-agents.com\/de\/templates\/summer-bucket-list\/#primaryimage"},"thumbnailUrl":"https:\/\/sales-ai-agents.com\/wp-content\/uploads\/2023\/01\/image-preview121751.png","datePublished":"2022-09-26T12:10:09+00:00","dateModified":"2023-12-26T20:49:35+00:00","description":"F\u00fcllen Sie Ihren Sommer mit neuen positiven Gef\u00fchlen. Diese kostenlos anpassbare Vorlage wird Ihnen helfen, neue Aktivit\u00e4ten auszuprobieren und sonnige Tage mit Vergn\u00fcgen zu verbringen.","inLanguage":"de-DE","potentialAction":[{"@type":"ReadAction","target":["https:\/\/sales-ai-agents.com\/de\/templates\/summer-bucket-list\/"]}]},{"@type":"ImageObject","inLanguage":"de-DE","@id":"https:\/\/sales-ai-agents.com\/de\/templates\/summer-bucket-list\/#primaryimage","url":"https:\/\/sales-ai-agents.com\/wp-content\/uploads\/2023\/01\/image-preview121751.png","contentUrl":"https:\/\/sales-ai-agents.com\/wp-content\/uploads\/2023\/01\/image-preview121751.png","width":1078,"height":1026,"caption":"Summer Bucket List Template - Nimbus Platform"},{"@type":"WebSite","@id":"https:\/\/sales-ai-agents.com\/#website","url":"https:\/\/sales-ai-agents.com\/","name":"FuseBase","description":"Nimbus Platform - Free Online Collaboration Software for Remote Teams. Build your wikis, client portals and more with the Nimbus Platform collaboration tool ? A perfect space for online work","publisher":{"@id":"https:\/\/sales-ai-agents.com\/#organization"},"potentialAction":[{"@type":"SearchAction","target":{"@type":"EntryPoint","urlTemplate":"https:\/\/sales-ai-agents.com\/?s={search_term_string}"},"query-input":{"@type":"PropertyValueSpecification","valueRequired":true,"valueName":"search_term_string"}}],"inLanguage":"de-DE"},{"@type":"Organization","@id":"https:\/\/sales-ai-agents.com\/#organization","name":"FuseBase","url":"https:\/\/sales-ai-agents.com\/","logo":{"@type":"ImageObject","inLanguage":"de-DE","@id":"https:\/\/sales-ai-agents.com\/#\/schema\/logo\/image\/","url":"https:\/\/sales-ai-agents.com\/wp-content\/uploads\/2023\/11\/icon-7.svg","contentUrl":"https:\/\/sales-ai-agents.com\/wp-content\/uploads\/2023\/11\/icon-7.svg","width":128,"height":128,"caption":"FuseBase"},"image":{"@id":"https:\/\/sales-ai-agents.com\/#\/schema\/logo\/image\/"}}]}},"_links":{"self":[{"href":"https:\/\/sales-ai-agents.com\/de\/wp-json\/wp\/v2\/product\/57696","targetHints":{"allow":["GET"]}}],"collection":[{"href":"https:\/\/sales-ai-agents.com\/de\/wp-json\/wp\/v2\/product"}],"about":[{"href":"https:\/\/sales-ai-agents.com\/de\/wp-json\/wp\/v2\/types\/product"}],"wp:featuredmedia":[{"embeddable":true,"href":"https:\/\/sales-ai-agents.com\/de\/wp-json\/wp\/v2\/media\/20606"}],"wp:attachment":[{"href":"https:\/\/sales-ai-agents.com\/de\/wp-json\/wp\/v2\/media?parent=57696"}],"wp:term":[{"taxonomy":"product_brand","embeddable":true,"href":"https:\/\/sales-ai-agents.com\/de\/wp-json\/wp\/v2\/product_brand?post=57696"},{"taxonomy":"product_cat","embeddable":true,"href":"https:\/\/sales-ai-agents.com\/de\/wp-json\/wp\/v2\/product_cat?post=57696"},{"taxonomy":"product_tag","embeddable":true,"href":"https:\/\/sales-ai-agents.com\/de\/wp-json\/wp\/v2\/product_tag?post=57696"}],"curies":[{"name":"wp","href":"https:\/\/api.w.org\/{rel}","templated":true}]}}