{"id":57699,"date":"2022-09-26T12:10:06","date_gmt":"2022-09-26T12:10:06","guid":{"rendered":"https:\/\/sales-ai-agents.com\/templates\/daily-schedule\/"},"modified":"2023-12-26T15:05:35","modified_gmt":"2023-12-26T15:05:35","slug":"daily-schedule","status":"publish","type":"product","link":"https:\/\/sales-ai-agents.com\/de\/templates\/daily-schedule\/","title":{"rendered":"T\u00e4glicher Zeitplan"},"content":{"rendered":"<p>&nbsp;<\/p>\n<h2>Tagesplan Vorlage<\/h2>\n<p class=\"desc-text\">Ein einziger Tag kann mit einer Vielzahl von Veranstaltungen, Aufgaben und Terminen vollgepackt sein. Es ist leicht, sich von den Aufgaben und Verantwortlichkeiten \u00fcberw\u00e4ltigt zu f\u00fchlen, aber keine Sorge, wir haben diese Vorlage f\u00fcr einen Tagesplan erstellt, damit Sie den \u00dcberblick behalten. Verwenden Sie diese Vorlage, um Besorgungen, Aktivit\u00e4ten und Veranstaltungen f\u00fcr Ihre ganze Woche zu planen. Organisieren Sie Ihre Arbeit auf die Stunde genau. Wenn Sie einen umfassenden Zeitplan erstellen, werden Sie nichts verpassen.<\/p>\n<h5>Wie zu verwenden:<\/h5>\n<ul class=\"desc-item_list\">\n<li class=\"desc-item_list__point\">Finden Sie den genauen Tag und die Uhrzeit Ihrer Veranstaltung<\/li>\n<li class=\"desc-item_list__point\">Hinzuf\u00fcgen der Aufgabe zur Tabelle<\/li>\n<li class=\"desc-item_list__point\">Veranstaltungen stundengenau organisieren<\/li>\n<li class=\"desc-item_list__point\">Konsultieren Sie Ihren Terminkalender, wenn Sie Ihre Woche planen<\/li>\n<\/ul>\n","protected":false},"excerpt":{"rendered":"<p>Ein einziger Tag kann mit einer Vielzahl von Veranstaltungen, Aufgaben und Terminen vollgepackt sein. Verwenden Sie diese kostenlose, anpassbare Vorlage f\u00fcr einen Tagesplan, damit Sie den \u00dcberblick behalten.<\/p>\n","protected":false},"featured_media":27418,"template":"","meta":{"_acf_changed":false,"inline_featured_image":false},"product_brand":[],"product_cat":[179,180],"product_tag":[],"class_list":{"0":"post-57699","1":"product","2":"type-product","3":"status-publish","4":"has-post-thumbnail","6":"product_cat-organizers-planners","7":"product_cat-personal","9":"first","10":"instock","11":"virtual","12":"sold-individually","13":"product-type-simple"},"acf":[],"yoast_head":"<!-- This site is optimized with the Yoast SEO plugin v25.3.1 - https:\/\/yoast.com\/wordpress\/plugins\/seo\/ -->\n<title>Tagesplan Vorlage - Sales AI Agents<\/title>\n<meta name=\"description\" content=\"Ein einziger Tag kann mit einer Vielzahl von Veranstaltungen, Aufgaben und Terminen vollgepackt sein. Verwenden Sie diese kostenlose, anpassbare Vorlage f\u00fcr einen Tagesplan, um den \u00dcberblick zu behalten.\" \/>\n<meta name=\"robots\" content=\"index, follow, max-snippet:-1, max-image-preview:large, max-video-preview:-1\" \/>\n<link rel=\"canonical\" href=\"https:\/\/sales-ai-agents.com\/de\/templates\/daily-schedule\/\" \/>\n<meta property=\"og:locale\" content=\"de_DE\" \/>\n<meta property=\"og:type\" content=\"article\" \/>\n<meta property=\"og:title\" content=\"Tagesplan Vorlage - Sales AI Agents\" \/>\n<meta property=\"og:description\" content=\"Ein einziger Tag kann mit einer Vielzahl von Veranstaltungen, Aufgaben und Terminen vollgepackt sein. Verwenden Sie diese kostenlose, anpassbare Vorlage f\u00fcr einen Tagesplan, um den \u00dcberblick zu behalten.\" \/>\n<meta property=\"og:url\" content=\"https:\/\/sales-ai-agents.com\/de\/templates\/daily-schedule\/\" \/>\n<meta property=\"og:site_name\" content=\"Sales AI Agents\" \/>\n<meta property=\"article:modified_time\" content=\"2023-12-26T15:05:35+00:00\" \/>\n<meta property=\"og:image\" content=\"https:\/\/sales-ai-agents.com\/wp-content\/uploads\/2022\/09\/Daily-Schedule-Template.png\" \/>\n\t<meta property=\"og:image:width\" content=\"1700\" \/>\n\t<meta property=\"og:image:height\" content=\"1100\" \/>\n\t<meta property=\"og:image:type\" content=\"image\/png\" \/>\n<meta name=\"twitter:card\" content=\"summary_large_image\" \/>\n<script type=\"application\/ld+json\" class=\"yoast-schema-graph\">{\"@context\":\"https:\/\/schema.org\",\"@graph\":[{\"@type\":\"WebPage\",\"@id\":\"https:\/\/sales-ai-agents.com\/de\/templates\/daily-schedule\/\",\"url\":\"https:\/\/sales-ai-agents.com\/de\/templates\/daily-schedule\/\",\"name\":\"Tagesplan Vorlage - Sales AI Agents\",\"isPartOf\":{\"@id\":\"https:\/\/sales-ai-agents.com\/#website\"},\"primaryImageOfPage\":{\"@id\":\"https:\/\/sales-ai-agents.com\/de\/templates\/daily-schedule\/#primaryimage\"},\"image\":{\"@id\":\"https:\/\/sales-ai-agents.com\/de\/templates\/daily-schedule\/#primaryimage\"},\"thumbnailUrl\":\"https:\/\/sales-ai-agents.com\/wp-content\/uploads\/2022\/09\/Daily-Schedule-Template.png\",\"datePublished\":\"2022-09-26T12:10:06+00:00\",\"dateModified\":\"2023-12-26T15:05:35+00:00\",\"description\":\"Ein einziger Tag kann mit einer Vielzahl von Veranstaltungen, Aufgaben und Terminen vollgepackt sein. Verwenden Sie diese kostenlose, anpassbare Vorlage f\u00fcr einen Tagesplan, um den \u00dcberblick zu behalten.\",\"inLanguage\":\"de-DE\",\"potentialAction\":[{\"@type\":\"ReadAction\",\"target\":[\"https:\/\/sales-ai-agents.com\/de\/templates\/daily-schedule\/\"]}]},{\"@type\":\"ImageObject\",\"inLanguage\":\"de-DE\",\"@id\":\"https:\/\/sales-ai-agents.com\/de\/templates\/daily-schedule\/#primaryimage\",\"url\":\"https:\/\/sales-ai-agents.com\/wp-content\/uploads\/2022\/09\/Daily-Schedule-Template.png\",\"contentUrl\":\"https:\/\/sales-ai-agents.com\/wp-content\/uploads\/2022\/09\/Daily-Schedule-Template.png\",\"width\":1700,\"height\":1100,\"caption\":\"se this free customizable daily schedule template to help you keep track of everything.\"},{\"@type\":\"WebSite\",\"@id\":\"https:\/\/sales-ai-agents.com\/#website\",\"url\":\"https:\/\/sales-ai-agents.com\/\",\"name\":\"FuseBase\",\"description\":\"Nimbus Platform - Free Online Collaboration Software for Remote Teams. Build your wikis, client portals and more with the Nimbus Platform collaboration tool ? A perfect space for online work\",\"publisher\":{\"@id\":\"https:\/\/sales-ai-agents.com\/#organization\"},\"potentialAction\":[{\"@type\":\"SearchAction\",\"target\":{\"@type\":\"EntryPoint\",\"urlTemplate\":\"https:\/\/sales-ai-agents.com\/?s={search_term_string}\"},\"query-input\":{\"@type\":\"PropertyValueSpecification\",\"valueRequired\":true,\"valueName\":\"search_term_string\"}}],\"inLanguage\":\"de-DE\"},{\"@type\":\"Organization\",\"@id\":\"https:\/\/sales-ai-agents.com\/#organization\",\"name\":\"FuseBase\",\"url\":\"https:\/\/sales-ai-agents.com\/\",\"logo\":{\"@type\":\"ImageObject\",\"inLanguage\":\"de-DE\",\"@id\":\"https:\/\/sales-ai-agents.com\/#\/schema\/logo\/image\/\",\"url\":\"https:\/\/sales-ai-agents.com\/wp-content\/uploads\/2023\/11\/icon-7.svg\",\"contentUrl\":\"https:\/\/sales-ai-agents.com\/wp-content\/uploads\/2023\/11\/icon-7.svg\",\"width\":128,\"height\":128,\"caption\":\"FuseBase\"},\"image\":{\"@id\":\"https:\/\/sales-ai-agents.com\/#\/schema\/logo\/image\/\"}}]}<\/script>\n<!-- \/ Yoast SEO plugin. -->","yoast_head_json":{"title":"Tagesplan Vorlage - Sales AI Agents","description":"Ein einziger Tag kann mit einer Vielzahl von Veranstaltungen, Aufgaben und Terminen vollgepackt sein. Verwenden Sie diese kostenlose, anpassbare Vorlage f\u00fcr einen Tagesplan, um den \u00dcberblick zu behalten.","robots":{"index":"index","follow":"follow","max-snippet":"max-snippet:-1","max-image-preview":"max-image-preview:large","max-video-preview":"max-video-preview:-1"},"canonical":"https:\/\/sales-ai-agents.com\/de\/templates\/daily-schedule\/","og_locale":"de_DE","og_type":"article","og_title":"Tagesplan Vorlage - Sales AI Agents","og_description":"Ein einziger Tag kann mit einer Vielzahl von Veranstaltungen, Aufgaben und Terminen vollgepackt sein. Verwenden Sie diese kostenlose, anpassbare Vorlage f\u00fcr einen Tagesplan, um den \u00dcberblick zu behalten.","og_url":"https:\/\/sales-ai-agents.com\/de\/templates\/daily-schedule\/","og_site_name":"Sales AI Agents","article_modified_time":"2023-12-26T15:05:35+00:00","og_image":[{"width":1700,"height":1100,"url":"https:\/\/sales-ai-agents.com\/wp-content\/uploads\/2022\/09\/Daily-Schedule-Template.png","type":"image\/png"}],"twitter_card":"summary_large_image","schema":{"@context":"https:\/\/schema.org","@graph":[{"@type":"WebPage","@id":"https:\/\/sales-ai-agents.com\/de\/templates\/daily-schedule\/","url":"https:\/\/sales-ai-agents.com\/de\/templates\/daily-schedule\/","name":"Tagesplan Vorlage - Sales AI Agents","isPartOf":{"@id":"https:\/\/sales-ai-agents.com\/#website"},"primaryImageOfPage":{"@id":"https:\/\/sales-ai-agents.com\/de\/templates\/daily-schedule\/#primaryimage"},"image":{"@id":"https:\/\/sales-ai-agents.com\/de\/templates\/daily-schedule\/#primaryimage"},"thumbnailUrl":"https:\/\/sales-ai-agents.com\/wp-content\/uploads\/2022\/09\/Daily-Schedule-Template.png","datePublished":"2022-09-26T12:10:06+00:00","dateModified":"2023-12-26T15:05:35+00:00","description":"Ein einziger Tag kann mit einer Vielzahl von Veranstaltungen, Aufgaben und Terminen vollgepackt sein. Verwenden Sie diese kostenlose, anpassbare Vorlage f\u00fcr einen Tagesplan, um den \u00dcberblick zu behalten.","inLanguage":"de-DE","potentialAction":[{"@type":"ReadAction","target":["https:\/\/sales-ai-agents.com\/de\/templates\/daily-schedule\/"]}]},{"@type":"ImageObject","inLanguage":"de-DE","@id":"https:\/\/sales-ai-agents.com\/de\/templates\/daily-schedule\/#primaryimage","url":"https:\/\/sales-ai-agents.com\/wp-content\/uploads\/2022\/09\/Daily-Schedule-Template.png","contentUrl":"https:\/\/sales-ai-agents.com\/wp-content\/uploads\/2022\/09\/Daily-Schedule-Template.png","width":1700,"height":1100,"caption":"se this free customizable daily schedule template to help you keep track of everything."},{"@type":"WebSite","@id":"https:\/\/sales-ai-agents.com\/#website","url":"https:\/\/sales-ai-agents.com\/","name":"FuseBase","description":"Nimbus Platform - Free Online Collaboration Software for Remote Teams. Build your wikis, client portals and more with the Nimbus Platform collaboration tool ? A perfect space for online work","publisher":{"@id":"https:\/\/sales-ai-agents.com\/#organization"},"potentialAction":[{"@type":"SearchAction","target":{"@type":"EntryPoint","urlTemplate":"https:\/\/sales-ai-agents.com\/?s={search_term_string}"},"query-input":{"@type":"PropertyValueSpecification","valueRequired":true,"valueName":"search_term_string"}}],"inLanguage":"de-DE"},{"@type":"Organization","@id":"https:\/\/sales-ai-agents.com\/#organization","name":"FuseBase","url":"https:\/\/sales-ai-agents.com\/","logo":{"@type":"ImageObject","inLanguage":"de-DE","@id":"https:\/\/sales-ai-agents.com\/#\/schema\/logo\/image\/","url":"https:\/\/sales-ai-agents.com\/wp-content\/uploads\/2023\/11\/icon-7.svg","contentUrl":"https:\/\/sales-ai-agents.com\/wp-content\/uploads\/2023\/11\/icon-7.svg","width":128,"height":128,"caption":"FuseBase"},"image":{"@id":"https:\/\/sales-ai-agents.com\/#\/schema\/logo\/image\/"}}]}},"_links":{"self":[{"href":"https:\/\/sales-ai-agents.com\/de\/wp-json\/wp\/v2\/product\/57699","targetHints":{"allow":["GET"]}}],"collection":[{"href":"https:\/\/sales-ai-agents.com\/de\/wp-json\/wp\/v2\/product"}],"about":[{"href":"https:\/\/sales-ai-agents.com\/de\/wp-json\/wp\/v2\/types\/product"}],"wp:featuredmedia":[{"embeddable":true,"href":"https:\/\/sales-ai-agents.com\/de\/wp-json\/wp\/v2\/media\/27418"}],"wp:attachment":[{"href":"https:\/\/sales-ai-agents.com\/de\/wp-json\/wp\/v2\/media?parent=57699"}],"wp:term":[{"taxonomy":"product_brand","embeddable":true,"href":"https:\/\/sales-ai-agents.com\/de\/wp-json\/wp\/v2\/product_brand?post=57699"},{"taxonomy":"product_cat","embeddable":true,"href":"https:\/\/sales-ai-agents.com\/de\/wp-json\/wp\/v2\/product_cat?post=57699"},{"taxonomy":"product_tag","embeddable":true,"href":"https:\/\/sales-ai-agents.com\/de\/wp-json\/wp\/v2\/product_tag?post=57699"}],"curies":[{"name":"wp","href":"https:\/\/api.w.org\/{rel}","templated":true}]}}