{"id":57703,"date":"2022-09-26T12:10:02","date_gmt":"2022-09-26T12:10:02","guid":{"rendered":"https:\/\/sales-ai-agents.com\/templates\/character-profile\/"},"modified":"2023-12-27T14:15:57","modified_gmt":"2023-12-27T14:15:57","slug":"character-profile","status":"publish","type":"product","link":"https:\/\/sales-ai-agents.com\/de\/templates\/character-profile\/","title":{"rendered":"Charakter-Profil"},"content":{"rendered":"<p>&nbsp;<\/p>\n<h2>Charakterprofil-Vorlage<\/h2>\n<p class=\"desc-text\">Indem Sie den Hintergrund und die Eigenschaften Ihrer Figur skizzieren, k\u00f6nnen Sie ein lebendiges Profil erstellen und sie zum Leben erwecken. Geschichten beinhalten komplexe Charaktere mit einzigartigen Hintergrundgeschichten, Motivationen und Pers\u00f6nlichkeiten. Wir haben diese Vorlage erstellt, um Sie beim Schreiben zu unterst\u00fctzen. Erstellen Sie f\u00fcr jede Ihrer Hauptfiguren ein Profil. Verstehen Sie sie besser, damit Sie eine klare Geschichte entwerfen k\u00f6nnen.<\/p>\n<h5>Wie zu verwenden:<\/h5>\n<ul class=\"desc-item_list\">\n<li class=\"desc-item_list__point\">F\u00fcge ein Bild deines Charakters hinzu<\/li>\n<li class=\"desc-item_list__point\">Details \u00fcber ihren Hintergrund hinzuf\u00fcgen<\/li>\n<li class=\"desc-item_list__point\">eine Beschreibung ihrer Pers\u00f6nlichkeit enthalten<\/li>\n<li class=\"desc-item_list__point\">Schreiben Sie \u00fcber ihre k\u00f6rperlichen Merkmale<\/li>\n<li class=\"desc-item_list__point\">Vergessen Sie nicht, ihre Gewohnheiten und Eigenheiten aufzulisten<\/li>\n<\/ul>\n","protected":false},"excerpt":{"rendered":"<p>Indem Sie den Hintergrund und die Eigenschaften Ihrer Figur skizzieren, k\u00f6nnen Sie ein lebendiges Profil erstellen und sie zum Leben erwecken. Verwenden Sie dazu die kostenlose anpassbare Vorlage.<\/p>\n","protected":false},"featured_media":20602,"template":"","meta":{"_acf_changed":false,"inline_featured_image":false},"product_brand":[],"product_cat":[178],"product_tag":[],"class_list":{"0":"post-57703","1":"product","2":"type-product","3":"status-publish","4":"has-post-thumbnail","6":"product_cat-operations-hr","8":"first","9":"instock","10":"virtual","11":"sold-individually","12":"product-type-simple"},"acf":[],"yoast_head":"<!-- This site is optimized with the Yoast SEO plugin v25.3.1 - https:\/\/yoast.com\/wordpress\/plugins\/seo\/ -->\n<title>Charakterprofil-Vorlage - Sales AI Agents<\/title>\n<meta name=\"description\" content=\"Indem Sie den Hintergrund und die Eigenschaften Ihrer Figur skizzieren, k\u00f6nnen Sie ein lebendiges Profil erstellen und sie zum Leben erwecken. Verwenden Sie dazu die kostenlose anpassbare Vorlage.\" \/>\n<meta name=\"robots\" content=\"index, follow, max-snippet:-1, max-image-preview:large, max-video-preview:-1\" \/>\n<link rel=\"canonical\" href=\"https:\/\/sales-ai-agents.com\/de\/templates\/character-profile\/\" \/>\n<meta property=\"og:locale\" content=\"de_DE\" \/>\n<meta property=\"og:type\" content=\"article\" \/>\n<meta property=\"og:title\" content=\"Charakterprofil-Vorlage - Sales AI Agents\" \/>\n<meta property=\"og:description\" content=\"Indem Sie den Hintergrund und die Eigenschaften Ihrer Figur skizzieren, k\u00f6nnen Sie ein lebendiges Profil erstellen und sie zum Leben erwecken. Verwenden Sie dazu die kostenlose anpassbare Vorlage.\" \/>\n<meta property=\"og:url\" content=\"https:\/\/sales-ai-agents.com\/de\/templates\/character-profile\/\" \/>\n<meta property=\"og:site_name\" content=\"Sales AI Agents\" \/>\n<meta property=\"article:modified_time\" content=\"2023-12-27T14:15:57+00:00\" \/>\n<meta property=\"og:image\" content=\"https:\/\/sales-ai-agents.com\/wp-content\/uploads\/2023\/01\/image-preview121747.png\" \/>\n\t<meta property=\"og:image:width\" content=\"1078\" \/>\n\t<meta property=\"og:image:height\" content=\"935\" \/>\n\t<meta property=\"og:image:type\" content=\"image\/png\" \/>\n<meta name=\"twitter:card\" content=\"summary_large_image\" \/>\n<script type=\"application\/ld+json\" class=\"yoast-schema-graph\">{\"@context\":\"https:\/\/schema.org\",\"@graph\":[{\"@type\":\"WebPage\",\"@id\":\"https:\/\/sales-ai-agents.com\/de\/templates\/character-profile\/\",\"url\":\"https:\/\/sales-ai-agents.com\/de\/templates\/character-profile\/\",\"name\":\"Charakterprofil-Vorlage - Sales AI Agents\",\"isPartOf\":{\"@id\":\"https:\/\/sales-ai-agents.com\/#website\"},\"primaryImageOfPage\":{\"@id\":\"https:\/\/sales-ai-agents.com\/de\/templates\/character-profile\/#primaryimage\"},\"image\":{\"@id\":\"https:\/\/sales-ai-agents.com\/de\/templates\/character-profile\/#primaryimage\"},\"thumbnailUrl\":\"https:\/\/sales-ai-agents.com\/wp-content\/uploads\/2023\/01\/image-preview121747.png\",\"datePublished\":\"2022-09-26T12:10:02+00:00\",\"dateModified\":\"2023-12-27T14:15:57+00:00\",\"description\":\"Indem Sie den Hintergrund und die Eigenschaften Ihrer Figur skizzieren, k\u00f6nnen Sie ein lebendiges Profil erstellen und sie zum Leben erwecken. Verwenden Sie dazu die kostenlose anpassbare Vorlage.\",\"inLanguage\":\"de-DE\",\"potentialAction\":[{\"@type\":\"ReadAction\",\"target\":[\"https:\/\/sales-ai-agents.com\/de\/templates\/character-profile\/\"]}]},{\"@type\":\"ImageObject\",\"inLanguage\":\"de-DE\",\"@id\":\"https:\/\/sales-ai-agents.com\/de\/templates\/character-profile\/#primaryimage\",\"url\":\"https:\/\/sales-ai-agents.com\/wp-content\/uploads\/2023\/01\/image-preview121747.png\",\"contentUrl\":\"https:\/\/sales-ai-agents.com\/wp-content\/uploads\/2023\/01\/image-preview121747.png\",\"width\":1078,\"height\":935,\"caption\":\"Character Profile Template - Nimbus Platform\"},{\"@type\":\"WebSite\",\"@id\":\"https:\/\/sales-ai-agents.com\/#website\",\"url\":\"https:\/\/sales-ai-agents.com\/\",\"name\":\"FuseBase\",\"description\":\"Nimbus Platform - Free Online Collaboration Software for Remote Teams. Build your wikis, client portals and more with the Nimbus Platform collaboration tool ? A perfect space for online work\",\"publisher\":{\"@id\":\"https:\/\/sales-ai-agents.com\/#organization\"},\"potentialAction\":[{\"@type\":\"SearchAction\",\"target\":{\"@type\":\"EntryPoint\",\"urlTemplate\":\"https:\/\/sales-ai-agents.com\/?s={search_term_string}\"},\"query-input\":{\"@type\":\"PropertyValueSpecification\",\"valueRequired\":true,\"valueName\":\"search_term_string\"}}],\"inLanguage\":\"de-DE\"},{\"@type\":\"Organization\",\"@id\":\"https:\/\/sales-ai-agents.com\/#organization\",\"name\":\"FuseBase\",\"url\":\"https:\/\/sales-ai-agents.com\/\",\"logo\":{\"@type\":\"ImageObject\",\"inLanguage\":\"de-DE\",\"@id\":\"https:\/\/sales-ai-agents.com\/#\/schema\/logo\/image\/\",\"url\":\"https:\/\/sales-ai-agents.com\/wp-content\/uploads\/2023\/11\/icon-7.svg\",\"contentUrl\":\"https:\/\/sales-ai-agents.com\/wp-content\/uploads\/2023\/11\/icon-7.svg\",\"width\":128,\"height\":128,\"caption\":\"FuseBase\"},\"image\":{\"@id\":\"https:\/\/sales-ai-agents.com\/#\/schema\/logo\/image\/\"}}]}<\/script>\n<!-- \/ Yoast SEO plugin. -->","yoast_head_json":{"title":"Charakterprofil-Vorlage - Sales AI Agents","description":"Indem Sie den Hintergrund und die Eigenschaften Ihrer Figur skizzieren, k\u00f6nnen Sie ein lebendiges Profil erstellen und sie zum Leben erwecken. Verwenden Sie dazu die kostenlose anpassbare Vorlage.","robots":{"index":"index","follow":"follow","max-snippet":"max-snippet:-1","max-image-preview":"max-image-preview:large","max-video-preview":"max-video-preview:-1"},"canonical":"https:\/\/sales-ai-agents.com\/de\/templates\/character-profile\/","og_locale":"de_DE","og_type":"article","og_title":"Charakterprofil-Vorlage - Sales AI Agents","og_description":"Indem Sie den Hintergrund und die Eigenschaften Ihrer Figur skizzieren, k\u00f6nnen Sie ein lebendiges Profil erstellen und sie zum Leben erwecken. Verwenden Sie dazu die kostenlose anpassbare Vorlage.","og_url":"https:\/\/sales-ai-agents.com\/de\/templates\/character-profile\/","og_site_name":"Sales AI Agents","article_modified_time":"2023-12-27T14:15:57+00:00","og_image":[{"width":1078,"height":935,"url":"https:\/\/sales-ai-agents.com\/wp-content\/uploads\/2023\/01\/image-preview121747.png","type":"image\/png"}],"twitter_card":"summary_large_image","schema":{"@context":"https:\/\/schema.org","@graph":[{"@type":"WebPage","@id":"https:\/\/sales-ai-agents.com\/de\/templates\/character-profile\/","url":"https:\/\/sales-ai-agents.com\/de\/templates\/character-profile\/","name":"Charakterprofil-Vorlage - Sales AI Agents","isPartOf":{"@id":"https:\/\/sales-ai-agents.com\/#website"},"primaryImageOfPage":{"@id":"https:\/\/sales-ai-agents.com\/de\/templates\/character-profile\/#primaryimage"},"image":{"@id":"https:\/\/sales-ai-agents.com\/de\/templates\/character-profile\/#primaryimage"},"thumbnailUrl":"https:\/\/sales-ai-agents.com\/wp-content\/uploads\/2023\/01\/image-preview121747.png","datePublished":"2022-09-26T12:10:02+00:00","dateModified":"2023-12-27T14:15:57+00:00","description":"Indem Sie den Hintergrund und die Eigenschaften Ihrer Figur skizzieren, k\u00f6nnen Sie ein lebendiges Profil erstellen und sie zum Leben erwecken. Verwenden Sie dazu die kostenlose anpassbare Vorlage.","inLanguage":"de-DE","potentialAction":[{"@type":"ReadAction","target":["https:\/\/sales-ai-agents.com\/de\/templates\/character-profile\/"]}]},{"@type":"ImageObject","inLanguage":"de-DE","@id":"https:\/\/sales-ai-agents.com\/de\/templates\/character-profile\/#primaryimage","url":"https:\/\/sales-ai-agents.com\/wp-content\/uploads\/2023\/01\/image-preview121747.png","contentUrl":"https:\/\/sales-ai-agents.com\/wp-content\/uploads\/2023\/01\/image-preview121747.png","width":1078,"height":935,"caption":"Character Profile Template - Nimbus Platform"},{"@type":"WebSite","@id":"https:\/\/sales-ai-agents.com\/#website","url":"https:\/\/sales-ai-agents.com\/","name":"FuseBase","description":"Nimbus Platform - Free Online Collaboration Software for Remote Teams. Build your wikis, client portals and more with the Nimbus Platform collaboration tool ? A perfect space for online work","publisher":{"@id":"https:\/\/sales-ai-agents.com\/#organization"},"potentialAction":[{"@type":"SearchAction","target":{"@type":"EntryPoint","urlTemplate":"https:\/\/sales-ai-agents.com\/?s={search_term_string}"},"query-input":{"@type":"PropertyValueSpecification","valueRequired":true,"valueName":"search_term_string"}}],"inLanguage":"de-DE"},{"@type":"Organization","@id":"https:\/\/sales-ai-agents.com\/#organization","name":"FuseBase","url":"https:\/\/sales-ai-agents.com\/","logo":{"@type":"ImageObject","inLanguage":"de-DE","@id":"https:\/\/sales-ai-agents.com\/#\/schema\/logo\/image\/","url":"https:\/\/sales-ai-agents.com\/wp-content\/uploads\/2023\/11\/icon-7.svg","contentUrl":"https:\/\/sales-ai-agents.com\/wp-content\/uploads\/2023\/11\/icon-7.svg","width":128,"height":128,"caption":"FuseBase"},"image":{"@id":"https:\/\/sales-ai-agents.com\/#\/schema\/logo\/image\/"}}]}},"_links":{"self":[{"href":"https:\/\/sales-ai-agents.com\/de\/wp-json\/wp\/v2\/product\/57703","targetHints":{"allow":["GET"]}}],"collection":[{"href":"https:\/\/sales-ai-agents.com\/de\/wp-json\/wp\/v2\/product"}],"about":[{"href":"https:\/\/sales-ai-agents.com\/de\/wp-json\/wp\/v2\/types\/product"}],"wp:featuredmedia":[{"embeddable":true,"href":"https:\/\/sales-ai-agents.com\/de\/wp-json\/wp\/v2\/media\/20602"}],"wp:attachment":[{"href":"https:\/\/sales-ai-agents.com\/de\/wp-json\/wp\/v2\/media?parent=57703"}],"wp:term":[{"taxonomy":"product_brand","embeddable":true,"href":"https:\/\/sales-ai-agents.com\/de\/wp-json\/wp\/v2\/product_brand?post=57703"},{"taxonomy":"product_cat","embeddable":true,"href":"https:\/\/sales-ai-agents.com\/de\/wp-json\/wp\/v2\/product_cat?post=57703"},{"taxonomy":"product_tag","embeddable":true,"href":"https:\/\/sales-ai-agents.com\/de\/wp-json\/wp\/v2\/product_tag?post=57703"}],"curies":[{"name":"wp","href":"https:\/\/api.w.org\/{rel}","templated":true}]}}