{"id":57706,"date":"2022-09-26T12:09:58","date_gmt":"2022-09-26T12:09:58","guid":{"rendered":"https:\/\/sales-ai-agents.com\/templates\/brainstorm-session\/"},"modified":"2023-12-26T16:02:45","modified_gmt":"2023-12-26T16:02:45","slug":"brainstorm-session","status":"publish","type":"product","link":"https:\/\/sales-ai-agents.com\/de\/templates\/brainstorm-session\/","title":{"rendered":"Brainstorming-Sitzung"},"content":{"rendered":"<p>&nbsp;<\/p>\n<h2>Vorlage f\u00fcr Brainstorming-Sitzung<\/h2>\n<p class=\"desc-text\">Bei der Planung einer Veranstaltung kann es hilfreich sein, ein Brainstorming durchzuf\u00fchren. Mit dieser Brainstorming-Vorlage k\u00f6nnen Sie Ideen f\u00fcr Ihre Veranstaltung auflisten. Lassen Sie sich von den Speisen und Getr\u00e4nken, der Unterhaltung und den Themen inspirieren. F\u00fcgen Sie einen Link ein, um zu zeigen, woher Sie Ihre Inspiration haben. Durch die Auflistung verschiedener Vorschl\u00e4ge k\u00f6nnen Sie sich darauf konzentrieren, was Sie f\u00fcr Ihre Veranstaltung vorsehen.<\/p>\n<h5>Wie zu verwenden:<\/h5>\n<ul class=\"desc-item_list\">\n<li class=\"desc-item_list__point\">Details zu Ihrer Veranstaltung hinzuf\u00fcgen<\/li>\n<li class=\"desc-item_list__point\">\u00dcberlegen Sie sich verschiedene Kategorien zur Vorbereitung<\/li>\n<li class=\"desc-item_list__point\">Brainstorming von Ideen f\u00fcr jede Kategorie<\/li>\n<li class=\"desc-item_list__point\">Ressourcen zur Inspiration einbeziehen<\/li>\n<li class=\"desc-item_list__point\">Entscheiden Sie nach dem Brainstorming \u00fcber die endg\u00fcltigen Pl\u00e4ne<\/li>\n<\/ul>\n","protected":false},"excerpt":{"rendered":"<p>Mit dieser Brainstorming-Vorlage k\u00f6nnen Sie verschiedene Ideen f\u00fcr Ihre Veranstaltung auflisten. Lassen Sie sich von den Speisen und Getr\u00e4nken, der Unterhaltung und den Themen inspirieren.<\/p>\n","protected":false},"featured_media":20674,"template":"","meta":{"_acf_changed":false,"inline_featured_image":false},"product_brand":[],"product_cat":[170],"product_tag":[],"class_list":{"0":"post-57706","1":"product","2":"type-product","3":"status-publish","4":"has-post-thumbnail","6":"product_cat-events","8":"first","9":"instock","10":"virtual","11":"sold-individually","12":"product-type-simple"},"acf":[],"yoast_head":"<!-- This site is optimized with the Yoast SEO plugin v25.3.1 - https:\/\/yoast.com\/wordpress\/plugins\/seo\/ -->\n<title>Vorlage f\u00fcr Brainstorming-Sitzung - Sales AI Agents<\/title>\n<meta name=\"description\" content=\"Mit dieser Brainstorming-Vorlage k\u00f6nnen Sie verschiedene Ideen f\u00fcr Ihre Veranstaltung auflisten. Lassen Sie sich von den Speisen und Getr\u00e4nken, der Unterhaltung und den Themen inspirieren.\" \/>\n<meta name=\"robots\" content=\"index, follow, max-snippet:-1, max-image-preview:large, max-video-preview:-1\" \/>\n<link rel=\"canonical\" href=\"https:\/\/sales-ai-agents.com\/de\/templates\/brainstorm-session\/\" \/>\n<meta property=\"og:locale\" content=\"de_DE\" \/>\n<meta property=\"og:type\" content=\"article\" \/>\n<meta property=\"og:title\" content=\"Vorlage f\u00fcr Brainstorming-Sitzung - Sales AI Agents\" \/>\n<meta property=\"og:description\" content=\"Mit dieser Brainstorming-Vorlage k\u00f6nnen Sie verschiedene Ideen f\u00fcr Ihre Veranstaltung auflisten. Lassen Sie sich von den Speisen und Getr\u00e4nken, der Unterhaltung und den Themen inspirieren.\" \/>\n<meta property=\"og:url\" content=\"https:\/\/sales-ai-agents.com\/de\/templates\/brainstorm-session\/\" \/>\n<meta property=\"og:site_name\" content=\"Sales AI Agents\" \/>\n<meta property=\"article:modified_time\" content=\"2023-12-26T16:02:45+00:00\" \/>\n<meta property=\"og:image\" content=\"https:\/\/sales-ai-agents.com\/wp-content\/uploads\/2023\/01\/image-preview122202.png\" \/>\n\t<meta property=\"og:image:width\" content=\"1078\" \/>\n\t<meta property=\"og:image:height\" content=\"1515\" \/>\n\t<meta property=\"og:image:type\" content=\"image\/png\" \/>\n<meta name=\"twitter:card\" content=\"summary_large_image\" \/>\n<script type=\"application\/ld+json\" class=\"yoast-schema-graph\">{\"@context\":\"https:\/\/schema.org\",\"@graph\":[{\"@type\":\"WebPage\",\"@id\":\"https:\/\/sales-ai-agents.com\/de\/templates\/brainstorm-session\/\",\"url\":\"https:\/\/sales-ai-agents.com\/de\/templates\/brainstorm-session\/\",\"name\":\"Vorlage f\u00fcr Brainstorming-Sitzung - Sales AI Agents\",\"isPartOf\":{\"@id\":\"https:\/\/sales-ai-agents.com\/#website\"},\"primaryImageOfPage\":{\"@id\":\"https:\/\/sales-ai-agents.com\/de\/templates\/brainstorm-session\/#primaryimage\"},\"image\":{\"@id\":\"https:\/\/sales-ai-agents.com\/de\/templates\/brainstorm-session\/#primaryimage\"},\"thumbnailUrl\":\"https:\/\/sales-ai-agents.com\/wp-content\/uploads\/2023\/01\/image-preview122202.png\",\"datePublished\":\"2022-09-26T12:09:58+00:00\",\"dateModified\":\"2023-12-26T16:02:45+00:00\",\"description\":\"Mit dieser Brainstorming-Vorlage k\u00f6nnen Sie verschiedene Ideen f\u00fcr Ihre Veranstaltung auflisten. Lassen Sie sich von den Speisen und Getr\u00e4nken, der Unterhaltung und den Themen inspirieren.\",\"inLanguage\":\"de-DE\",\"potentialAction\":[{\"@type\":\"ReadAction\",\"target\":[\"https:\/\/sales-ai-agents.com\/de\/templates\/brainstorm-session\/\"]}]},{\"@type\":\"ImageObject\",\"inLanguage\":\"de-DE\",\"@id\":\"https:\/\/sales-ai-agents.com\/de\/templates\/brainstorm-session\/#primaryimage\",\"url\":\"https:\/\/sales-ai-agents.com\/wp-content\/uploads\/2023\/01\/image-preview122202.png\",\"contentUrl\":\"https:\/\/sales-ai-agents.com\/wp-content\/uploads\/2023\/01\/image-preview122202.png\",\"width\":1078,\"height\":1515,\"caption\":\"Brainstorm Session Template - Nimbus Platform\"},{\"@type\":\"WebSite\",\"@id\":\"https:\/\/sales-ai-agents.com\/#website\",\"url\":\"https:\/\/sales-ai-agents.com\/\",\"name\":\"FuseBase\",\"description\":\"Nimbus Platform - Free Online Collaboration Software for Remote Teams. Build your wikis, client portals and more with the Nimbus Platform collaboration tool ? A perfect space for online work\",\"publisher\":{\"@id\":\"https:\/\/sales-ai-agents.com\/#organization\"},\"potentialAction\":[{\"@type\":\"SearchAction\",\"target\":{\"@type\":\"EntryPoint\",\"urlTemplate\":\"https:\/\/sales-ai-agents.com\/?s={search_term_string}\"},\"query-input\":{\"@type\":\"PropertyValueSpecification\",\"valueRequired\":true,\"valueName\":\"search_term_string\"}}],\"inLanguage\":\"de-DE\"},{\"@type\":\"Organization\",\"@id\":\"https:\/\/sales-ai-agents.com\/#organization\",\"name\":\"FuseBase\",\"url\":\"https:\/\/sales-ai-agents.com\/\",\"logo\":{\"@type\":\"ImageObject\",\"inLanguage\":\"de-DE\",\"@id\":\"https:\/\/sales-ai-agents.com\/#\/schema\/logo\/image\/\",\"url\":\"https:\/\/sales-ai-agents.com\/wp-content\/uploads\/2023\/11\/icon-7.svg\",\"contentUrl\":\"https:\/\/sales-ai-agents.com\/wp-content\/uploads\/2023\/11\/icon-7.svg\",\"width\":128,\"height\":128,\"caption\":\"FuseBase\"},\"image\":{\"@id\":\"https:\/\/sales-ai-agents.com\/#\/schema\/logo\/image\/\"}}]}<\/script>\n<!-- \/ Yoast SEO plugin. -->","yoast_head_json":{"title":"Vorlage f\u00fcr Brainstorming-Sitzung - Sales AI Agents","description":"Mit dieser Brainstorming-Vorlage k\u00f6nnen Sie verschiedene Ideen f\u00fcr Ihre Veranstaltung auflisten. Lassen Sie sich von den Speisen und Getr\u00e4nken, der Unterhaltung und den Themen inspirieren.","robots":{"index":"index","follow":"follow","max-snippet":"max-snippet:-1","max-image-preview":"max-image-preview:large","max-video-preview":"max-video-preview:-1"},"canonical":"https:\/\/sales-ai-agents.com\/de\/templates\/brainstorm-session\/","og_locale":"de_DE","og_type":"article","og_title":"Vorlage f\u00fcr Brainstorming-Sitzung - Sales AI Agents","og_description":"Mit dieser Brainstorming-Vorlage k\u00f6nnen Sie verschiedene Ideen f\u00fcr Ihre Veranstaltung auflisten. Lassen Sie sich von den Speisen und Getr\u00e4nken, der Unterhaltung und den Themen inspirieren.","og_url":"https:\/\/sales-ai-agents.com\/de\/templates\/brainstorm-session\/","og_site_name":"Sales AI Agents","article_modified_time":"2023-12-26T16:02:45+00:00","og_image":[{"width":1078,"height":1515,"url":"https:\/\/sales-ai-agents.com\/wp-content\/uploads\/2023\/01\/image-preview122202.png","type":"image\/png"}],"twitter_card":"summary_large_image","schema":{"@context":"https:\/\/schema.org","@graph":[{"@type":"WebPage","@id":"https:\/\/sales-ai-agents.com\/de\/templates\/brainstorm-session\/","url":"https:\/\/sales-ai-agents.com\/de\/templates\/brainstorm-session\/","name":"Vorlage f\u00fcr Brainstorming-Sitzung - Sales AI Agents","isPartOf":{"@id":"https:\/\/sales-ai-agents.com\/#website"},"primaryImageOfPage":{"@id":"https:\/\/sales-ai-agents.com\/de\/templates\/brainstorm-session\/#primaryimage"},"image":{"@id":"https:\/\/sales-ai-agents.com\/de\/templates\/brainstorm-session\/#primaryimage"},"thumbnailUrl":"https:\/\/sales-ai-agents.com\/wp-content\/uploads\/2023\/01\/image-preview122202.png","datePublished":"2022-09-26T12:09:58+00:00","dateModified":"2023-12-26T16:02:45+00:00","description":"Mit dieser Brainstorming-Vorlage k\u00f6nnen Sie verschiedene Ideen f\u00fcr Ihre Veranstaltung auflisten. Lassen Sie sich von den Speisen und Getr\u00e4nken, der Unterhaltung und den Themen inspirieren.","inLanguage":"de-DE","potentialAction":[{"@type":"ReadAction","target":["https:\/\/sales-ai-agents.com\/de\/templates\/brainstorm-session\/"]}]},{"@type":"ImageObject","inLanguage":"de-DE","@id":"https:\/\/sales-ai-agents.com\/de\/templates\/brainstorm-session\/#primaryimage","url":"https:\/\/sales-ai-agents.com\/wp-content\/uploads\/2023\/01\/image-preview122202.png","contentUrl":"https:\/\/sales-ai-agents.com\/wp-content\/uploads\/2023\/01\/image-preview122202.png","width":1078,"height":1515,"caption":"Brainstorm Session Template - Nimbus Platform"},{"@type":"WebSite","@id":"https:\/\/sales-ai-agents.com\/#website","url":"https:\/\/sales-ai-agents.com\/","name":"FuseBase","description":"Nimbus Platform - Free Online Collaboration Software for Remote Teams. Build your wikis, client portals and more with the Nimbus Platform collaboration tool ? A perfect space for online work","publisher":{"@id":"https:\/\/sales-ai-agents.com\/#organization"},"potentialAction":[{"@type":"SearchAction","target":{"@type":"EntryPoint","urlTemplate":"https:\/\/sales-ai-agents.com\/?s={search_term_string}"},"query-input":{"@type":"PropertyValueSpecification","valueRequired":true,"valueName":"search_term_string"}}],"inLanguage":"de-DE"},{"@type":"Organization","@id":"https:\/\/sales-ai-agents.com\/#organization","name":"FuseBase","url":"https:\/\/sales-ai-agents.com\/","logo":{"@type":"ImageObject","inLanguage":"de-DE","@id":"https:\/\/sales-ai-agents.com\/#\/schema\/logo\/image\/","url":"https:\/\/sales-ai-agents.com\/wp-content\/uploads\/2023\/11\/icon-7.svg","contentUrl":"https:\/\/sales-ai-agents.com\/wp-content\/uploads\/2023\/11\/icon-7.svg","width":128,"height":128,"caption":"FuseBase"},"image":{"@id":"https:\/\/sales-ai-agents.com\/#\/schema\/logo\/image\/"}}]}},"_links":{"self":[{"href":"https:\/\/sales-ai-agents.com\/de\/wp-json\/wp\/v2\/product\/57706","targetHints":{"allow":["GET"]}}],"collection":[{"href":"https:\/\/sales-ai-agents.com\/de\/wp-json\/wp\/v2\/product"}],"about":[{"href":"https:\/\/sales-ai-agents.com\/de\/wp-json\/wp\/v2\/types\/product"}],"wp:featuredmedia":[{"embeddable":true,"href":"https:\/\/sales-ai-agents.com\/de\/wp-json\/wp\/v2\/media\/20674"}],"wp:attachment":[{"href":"https:\/\/sales-ai-agents.com\/de\/wp-json\/wp\/v2\/media?parent=57706"}],"wp:term":[{"taxonomy":"product_brand","embeddable":true,"href":"https:\/\/sales-ai-agents.com\/de\/wp-json\/wp\/v2\/product_brand?post=57706"},{"taxonomy":"product_cat","embeddable":true,"href":"https:\/\/sales-ai-agents.com\/de\/wp-json\/wp\/v2\/product_cat?post=57706"},{"taxonomy":"product_tag","embeddable":true,"href":"https:\/\/sales-ai-agents.com\/de\/wp-json\/wp\/v2\/product_tag?post=57706"}],"curies":[{"name":"wp","href":"https:\/\/api.w.org\/{rel}","templated":true}]}}