{"id":57710,"date":"2022-09-26T12:09:55","date_gmt":"2022-09-26T12:09:55","guid":{"rendered":"https:\/\/sales-ai-agents.com\/templates\/progress-update\/"},"modified":"2023-12-27T19:32:35","modified_gmt":"2023-12-27T19:32:35","slug":"progress-update","status":"publish","type":"product","link":"https:\/\/sales-ai-agents.com\/de\/templates\/progress-update\/","title":{"rendered":"Aktueller Stand der Dinge"},"content":{"rendered":"<p>&nbsp;<\/p>\n<h2>Vorlage f\u00fcr Fortschrittsaktualisierung<\/h2>\n<p class=\"desc-text\">Stellen Sie sicher, dass Ihr Team auf derselben Seite steht. Informieren Sie sich \u00fcber die Fortschritte, indem Sie Sitzungen abhalten. \u00dcberpr\u00fcfung der Informationen aus fr\u00fcheren Sitzungen und Ausarbeitung relevanter Themen f\u00fcr die Diskussion. Halten Sie alle Beteiligten auf dem Laufenden, und l\u00f6sen Sie Probleme, damit Ihr Team kontinuierlich Fortschritte macht.<\/p>\n<h5>Wie zu verwenden:<\/h5>\n<ul class=\"desc-item_list\">\n<li class=\"desc-item_list__point\">Wiederholung bereits behandelter Themen<\/li>\n<li class=\"desc-item_list__point\">Neue Themen zur Diskussion stellen<\/li>\n<li class=\"desc-item_list__point\">Identifizierung potenzieller Hindernisse<\/li>\n<li class=\"desc-item_list__point\">N\u00e4chste Schritte erstellen<\/li>\n<\/ul>\n","protected":false},"excerpt":{"rendered":"<p>Mit dieser kostenlosen, anpassbaren Vorlage k\u00f6nnen Sie alle Beteiligten \u00fcber Ihr Projekt auf dem Laufenden halten. Er\u00f6rterung und L\u00f6sung von Problemen, damit die Fortschritte Ihres Teams nicht abrei\u00dfen<\/p>\n","protected":false},"featured_media":20680,"template":"","meta":{"_acf_changed":false,"inline_featured_image":false},"product_brand":[],"product_cat":[178,179,191],"product_tag":[],"class_list":{"0":"post-57710","1":"product","2":"type-product","3":"status-publish","4":"has-post-thumbnail","6":"product_cat-operations-hr","7":"product_cat-organizers-planners","8":"product_cat-project-management","9":"collections-team","11":"first","12":"instock","13":"virtual","14":"sold-individually","15":"product-type-simple"},"acf":[],"yoast_head":"<!-- This site is optimized with the Yoast SEO plugin v25.3.1 - https:\/\/yoast.com\/wordpress\/plugins\/seo\/ -->\n<title>Fortschrittsaktualisierungsvorlage - Sales AI Agents<\/title>\n<meta name=\"description\" content=\"Mit dieser kostenlosen, anpassbaren Vorlage k\u00f6nnen Sie alle Beteiligten \u00fcber Ihr Projekt auf dem Laufenden halten. Er\u00f6rterung und L\u00f6sung von Problemen, damit die Fortschritte Ihres Teams nicht abrei\u00dfen\" \/>\n<meta name=\"robots\" content=\"index, follow, max-snippet:-1, max-image-preview:large, max-video-preview:-1\" \/>\n<link rel=\"canonical\" href=\"https:\/\/sales-ai-agents.com\/de\/templates\/progress-update\/\" \/>\n<meta property=\"og:locale\" content=\"de_DE\" \/>\n<meta property=\"og:type\" content=\"article\" \/>\n<meta property=\"og:title\" content=\"Fortschrittsaktualisierungsvorlage - Sales AI Agents\" \/>\n<meta property=\"og:description\" content=\"Mit dieser kostenlosen, anpassbaren Vorlage k\u00f6nnen Sie alle Beteiligten \u00fcber Ihr Projekt auf dem Laufenden halten. Er\u00f6rterung und L\u00f6sung von Problemen, damit die Fortschritte Ihres Teams nicht abrei\u00dfen\" \/>\n<meta property=\"og:url\" content=\"https:\/\/sales-ai-agents.com\/de\/templates\/progress-update\/\" \/>\n<meta property=\"og:site_name\" content=\"Sales AI Agents\" \/>\n<meta property=\"article:modified_time\" content=\"2023-12-27T19:32:35+00:00\" \/>\n<meta property=\"og:image\" content=\"https:\/\/sales-ai-agents.com\/wp-content\/uploads\/2023\/01\/image-preview122223.png\" \/>\n\t<meta property=\"og:image:width\" content=\"1078\" \/>\n\t<meta property=\"og:image:height\" content=\"1056\" \/>\n\t<meta property=\"og:image:type\" content=\"image\/png\" \/>\n<meta name=\"twitter:card\" content=\"summary_large_image\" \/>\n<script type=\"application\/ld+json\" class=\"yoast-schema-graph\">{\"@context\":\"https:\/\/schema.org\",\"@graph\":[{\"@type\":\"WebPage\",\"@id\":\"https:\/\/sales-ai-agents.com\/de\/templates\/progress-update\/\",\"url\":\"https:\/\/sales-ai-agents.com\/de\/templates\/progress-update\/\",\"name\":\"Fortschrittsaktualisierungsvorlage - Sales AI Agents\",\"isPartOf\":{\"@id\":\"https:\/\/sales-ai-agents.com\/#website\"},\"primaryImageOfPage\":{\"@id\":\"https:\/\/sales-ai-agents.com\/de\/templates\/progress-update\/#primaryimage\"},\"image\":{\"@id\":\"https:\/\/sales-ai-agents.com\/de\/templates\/progress-update\/#primaryimage\"},\"thumbnailUrl\":\"https:\/\/sales-ai-agents.com\/wp-content\/uploads\/2023\/01\/image-preview122223.png\",\"datePublished\":\"2022-09-26T12:09:55+00:00\",\"dateModified\":\"2023-12-27T19:32:35+00:00\",\"description\":\"Mit dieser kostenlosen, anpassbaren Vorlage k\u00f6nnen Sie alle Beteiligten \u00fcber Ihr Projekt auf dem Laufenden halten. Er\u00f6rterung und L\u00f6sung von Problemen, damit die Fortschritte Ihres Teams nicht abrei\u00dfen\",\"inLanguage\":\"de-DE\",\"potentialAction\":[{\"@type\":\"ReadAction\",\"target\":[\"https:\/\/sales-ai-agents.com\/de\/templates\/progress-update\/\"]}]},{\"@type\":\"ImageObject\",\"inLanguage\":\"de-DE\",\"@id\":\"https:\/\/sales-ai-agents.com\/de\/templates\/progress-update\/#primaryimage\",\"url\":\"https:\/\/sales-ai-agents.com\/wp-content\/uploads\/2023\/01\/image-preview122223.png\",\"contentUrl\":\"https:\/\/sales-ai-agents.com\/wp-content\/uploads\/2023\/01\/image-preview122223.png\",\"width\":1078,\"height\":1056,\"caption\":\"Progress Update Template - Nimbus Platform\"},{\"@type\":\"WebSite\",\"@id\":\"https:\/\/sales-ai-agents.com\/#website\",\"url\":\"https:\/\/sales-ai-agents.com\/\",\"name\":\"FuseBase\",\"description\":\"Nimbus Platform - Free Online Collaboration Software for Remote Teams. Build your wikis, client portals and more with the Nimbus Platform collaboration tool ? A perfect space for online work\",\"publisher\":{\"@id\":\"https:\/\/sales-ai-agents.com\/#organization\"},\"potentialAction\":[{\"@type\":\"SearchAction\",\"target\":{\"@type\":\"EntryPoint\",\"urlTemplate\":\"https:\/\/sales-ai-agents.com\/?s={search_term_string}\"},\"query-input\":{\"@type\":\"PropertyValueSpecification\",\"valueRequired\":true,\"valueName\":\"search_term_string\"}}],\"inLanguage\":\"de-DE\"},{\"@type\":\"Organization\",\"@id\":\"https:\/\/sales-ai-agents.com\/#organization\",\"name\":\"FuseBase\",\"url\":\"https:\/\/sales-ai-agents.com\/\",\"logo\":{\"@type\":\"ImageObject\",\"inLanguage\":\"de-DE\",\"@id\":\"https:\/\/sales-ai-agents.com\/#\/schema\/logo\/image\/\",\"url\":\"https:\/\/sales-ai-agents.com\/wp-content\/uploads\/2023\/11\/icon-7.svg\",\"contentUrl\":\"https:\/\/sales-ai-agents.com\/wp-content\/uploads\/2023\/11\/icon-7.svg\",\"width\":128,\"height\":128,\"caption\":\"FuseBase\"},\"image\":{\"@id\":\"https:\/\/sales-ai-agents.com\/#\/schema\/logo\/image\/\"}}]}<\/script>\n<!-- \/ Yoast SEO plugin. -->","yoast_head_json":{"title":"Fortschrittsaktualisierungsvorlage - Sales AI Agents","description":"Mit dieser kostenlosen, anpassbaren Vorlage k\u00f6nnen Sie alle Beteiligten \u00fcber Ihr Projekt auf dem Laufenden halten. Er\u00f6rterung und L\u00f6sung von Problemen, damit die Fortschritte Ihres Teams nicht abrei\u00dfen","robots":{"index":"index","follow":"follow","max-snippet":"max-snippet:-1","max-image-preview":"max-image-preview:large","max-video-preview":"max-video-preview:-1"},"canonical":"https:\/\/sales-ai-agents.com\/de\/templates\/progress-update\/","og_locale":"de_DE","og_type":"article","og_title":"Fortschrittsaktualisierungsvorlage - Sales AI Agents","og_description":"Mit dieser kostenlosen, anpassbaren Vorlage k\u00f6nnen Sie alle Beteiligten \u00fcber Ihr Projekt auf dem Laufenden halten. Er\u00f6rterung und L\u00f6sung von Problemen, damit die Fortschritte Ihres Teams nicht abrei\u00dfen","og_url":"https:\/\/sales-ai-agents.com\/de\/templates\/progress-update\/","og_site_name":"Sales AI Agents","article_modified_time":"2023-12-27T19:32:35+00:00","og_image":[{"width":1078,"height":1056,"url":"https:\/\/sales-ai-agents.com\/wp-content\/uploads\/2023\/01\/image-preview122223.png","type":"image\/png"}],"twitter_card":"summary_large_image","schema":{"@context":"https:\/\/schema.org","@graph":[{"@type":"WebPage","@id":"https:\/\/sales-ai-agents.com\/de\/templates\/progress-update\/","url":"https:\/\/sales-ai-agents.com\/de\/templates\/progress-update\/","name":"Fortschrittsaktualisierungsvorlage - Sales AI Agents","isPartOf":{"@id":"https:\/\/sales-ai-agents.com\/#website"},"primaryImageOfPage":{"@id":"https:\/\/sales-ai-agents.com\/de\/templates\/progress-update\/#primaryimage"},"image":{"@id":"https:\/\/sales-ai-agents.com\/de\/templates\/progress-update\/#primaryimage"},"thumbnailUrl":"https:\/\/sales-ai-agents.com\/wp-content\/uploads\/2023\/01\/image-preview122223.png","datePublished":"2022-09-26T12:09:55+00:00","dateModified":"2023-12-27T19:32:35+00:00","description":"Mit dieser kostenlosen, anpassbaren Vorlage k\u00f6nnen Sie alle Beteiligten \u00fcber Ihr Projekt auf dem Laufenden halten. Er\u00f6rterung und L\u00f6sung von Problemen, damit die Fortschritte Ihres Teams nicht abrei\u00dfen","inLanguage":"de-DE","potentialAction":[{"@type":"ReadAction","target":["https:\/\/sales-ai-agents.com\/de\/templates\/progress-update\/"]}]},{"@type":"ImageObject","inLanguage":"de-DE","@id":"https:\/\/sales-ai-agents.com\/de\/templates\/progress-update\/#primaryimage","url":"https:\/\/sales-ai-agents.com\/wp-content\/uploads\/2023\/01\/image-preview122223.png","contentUrl":"https:\/\/sales-ai-agents.com\/wp-content\/uploads\/2023\/01\/image-preview122223.png","width":1078,"height":1056,"caption":"Progress Update Template - Nimbus Platform"},{"@type":"WebSite","@id":"https:\/\/sales-ai-agents.com\/#website","url":"https:\/\/sales-ai-agents.com\/","name":"FuseBase","description":"Nimbus Platform - Free Online Collaboration Software for Remote Teams. Build your wikis, client portals and more with the Nimbus Platform collaboration tool ? A perfect space for online work","publisher":{"@id":"https:\/\/sales-ai-agents.com\/#organization"},"potentialAction":[{"@type":"SearchAction","target":{"@type":"EntryPoint","urlTemplate":"https:\/\/sales-ai-agents.com\/?s={search_term_string}"},"query-input":{"@type":"PropertyValueSpecification","valueRequired":true,"valueName":"search_term_string"}}],"inLanguage":"de-DE"},{"@type":"Organization","@id":"https:\/\/sales-ai-agents.com\/#organization","name":"FuseBase","url":"https:\/\/sales-ai-agents.com\/","logo":{"@type":"ImageObject","inLanguage":"de-DE","@id":"https:\/\/sales-ai-agents.com\/#\/schema\/logo\/image\/","url":"https:\/\/sales-ai-agents.com\/wp-content\/uploads\/2023\/11\/icon-7.svg","contentUrl":"https:\/\/sales-ai-agents.com\/wp-content\/uploads\/2023\/11\/icon-7.svg","width":128,"height":128,"caption":"FuseBase"},"image":{"@id":"https:\/\/sales-ai-agents.com\/#\/schema\/logo\/image\/"}}]}},"_links":{"self":[{"href":"https:\/\/sales-ai-agents.com\/de\/wp-json\/wp\/v2\/product\/57710","targetHints":{"allow":["GET"]}}],"collection":[{"href":"https:\/\/sales-ai-agents.com\/de\/wp-json\/wp\/v2\/product"}],"about":[{"href":"https:\/\/sales-ai-agents.com\/de\/wp-json\/wp\/v2\/types\/product"}],"wp:featuredmedia":[{"embeddable":true,"href":"https:\/\/sales-ai-agents.com\/de\/wp-json\/wp\/v2\/media\/20680"}],"wp:attachment":[{"href":"https:\/\/sales-ai-agents.com\/de\/wp-json\/wp\/v2\/media?parent=57710"}],"wp:term":[{"taxonomy":"product_brand","embeddable":true,"href":"https:\/\/sales-ai-agents.com\/de\/wp-json\/wp\/v2\/product_brand?post=57710"},{"taxonomy":"product_cat","embeddable":true,"href":"https:\/\/sales-ai-agents.com\/de\/wp-json\/wp\/v2\/product_cat?post=57710"},{"taxonomy":"product_tag","embeddable":true,"href":"https:\/\/sales-ai-agents.com\/de\/wp-json\/wp\/v2\/product_tag?post=57710"}],"curies":[{"name":"wp","href":"https:\/\/api.w.org\/{rel}","templated":true}]}}