{"id":57715,"date":"2022-09-26T12:09:52","date_gmt":"2022-09-26T12:09:52","guid":{"rendered":"https:\/\/sales-ai-agents.com\/templates\/sales-lead-card\/"},"modified":"2023-12-26T15:59:06","modified_gmt":"2023-12-26T15:59:06","slug":"sales-lead-card","status":"publish","type":"product","link":"https:\/\/sales-ai-agents.com\/de\/templates\/sales-lead-card\/","title":{"rendered":"Verkaufsleitfaden"},"content":{"rendered":"<p>&nbsp;<\/p>\n<h2>Verkaufsleiter karte Vorlage<\/h2>\n<p class=\"desc-text\">Mit dieser Vorlage k\u00f6nnen Sie wichtige Details abhaken, um sich auf ein Gespr\u00e4ch vorzubereiten. Planen Sie gr\u00fcndlich und gehen Sie die wichtigsten Punkte durch, bevor Sie sich mit Ihrem Kunden treffen. Anhand dieser Checkliste k\u00f6nnen Sie Ihre Ziele definieren, wichtige Kundeninformationen einbeziehen und Schmerzpunkte notieren, die Sie ber\u00fccksichtigen sollten.<\/p>\n<h5>Wie zu verwenden:<\/h5>\n<ul class=\"desc-item_list\">\n<li class=\"desc-item_list__point\">Ziele der Aufforderung auflisten<\/li>\n<li class=\"desc-item_list__point\">Sammeln Sie wichtige Informationen \u00fcber den Kunden<\/li>\n<li class=\"desc-item_list__point\">Notieren Sie die Bed\u00fcrfnisse und W\u00fcnsche des Kunden<\/li>\n<li class=\"desc-item_list__point\">Fragen planen<\/li>\n<\/ul>\n","protected":false},"excerpt":{"rendered":"<p>Mit dieser Verkaufskarte k\u00f6nnen Sie wichtige Details abhaken, um sich auf einen Anruf vorzubereiten. Definieren Sie Ihre Ziele, einschlie\u00dflich der Kundeninformationen und der Schmerzpunkte.<\/p>\n","protected":false},"featured_media":25835,"template":"","meta":{"_acf_changed":false,"inline_featured_image":false},"product_brand":[],"product_cat":[193,195],"product_tag":[],"class_list":{"0":"post-57715","1":"product","2":"type-product","3":"status-publish","4":"has-post-thumbnail","6":"product_cat-sales","7":"product_cat-sales-management","9":"first","10":"instock","11":"virtual","12":"sold-individually","13":"product-type-simple"},"acf":[],"yoast_head":"<!-- This site is optimized with the Yoast SEO plugin v25.3.1 - https:\/\/yoast.com\/wordpress\/plugins\/seo\/ -->\n<title>Sales Lead Card Vorlage - Sales AI Agents<\/title>\n<meta name=\"description\" content=\"Mit dieser Vorlage k\u00f6nnen Sie wichtige Details abhaken, um sich auf ein Gespr\u00e4ch vorzubereiten. Definieren Sie Ihre Ziele, f\u00fcgen Sie Kundeninformationen hinzu und notieren Sie Schmerzpunkte.\" \/>\n<meta name=\"robots\" content=\"index, follow, max-snippet:-1, max-image-preview:large, max-video-preview:-1\" \/>\n<link rel=\"canonical\" href=\"https:\/\/sales-ai-agents.com\/de\/templates\/sales-lead-card\/\" \/>\n<meta property=\"og:locale\" content=\"de_DE\" \/>\n<meta property=\"og:type\" content=\"article\" \/>\n<meta property=\"og:title\" content=\"Sales Lead Card Vorlage - Sales AI Agents\" \/>\n<meta property=\"og:description\" content=\"Mit dieser Vorlage k\u00f6nnen Sie wichtige Details abhaken, um sich auf ein Gespr\u00e4ch vorzubereiten. Definieren Sie Ihre Ziele, f\u00fcgen Sie Kundeninformationen hinzu und notieren Sie Schmerzpunkte.\" \/>\n<meta property=\"og:url\" content=\"https:\/\/sales-ai-agents.com\/de\/templates\/sales-lead-card\/\" \/>\n<meta property=\"og:site_name\" content=\"Sales AI Agents\" \/>\n<meta property=\"article:modified_time\" content=\"2023-12-26T15:59:06+00:00\" \/>\n<meta property=\"og:image\" content=\"https:\/\/sales-ai-agents.com\/wp-content\/uploads\/2022\/09\/Sales-Lead-Card-Template.png\" \/>\n\t<meta property=\"og:image:width\" content=\"1700\" \/>\n\t<meta property=\"og:image:height\" content=\"1100\" \/>\n\t<meta property=\"og:image:type\" content=\"image\/png\" \/>\n<meta name=\"twitter:card\" content=\"summary_large_image\" \/>\n<script type=\"application\/ld+json\" class=\"yoast-schema-graph\">{\"@context\":\"https:\/\/schema.org\",\"@graph\":[{\"@type\":\"WebPage\",\"@id\":\"https:\/\/sales-ai-agents.com\/de\/templates\/sales-lead-card\/\",\"url\":\"https:\/\/sales-ai-agents.com\/de\/templates\/sales-lead-card\/\",\"name\":\"Sales Lead Card Vorlage - Sales AI Agents\",\"isPartOf\":{\"@id\":\"https:\/\/sales-ai-agents.com\/#website\"},\"primaryImageOfPage\":{\"@id\":\"https:\/\/sales-ai-agents.com\/de\/templates\/sales-lead-card\/#primaryimage\"},\"image\":{\"@id\":\"https:\/\/sales-ai-agents.com\/de\/templates\/sales-lead-card\/#primaryimage\"},\"thumbnailUrl\":\"https:\/\/sales-ai-agents.com\/wp-content\/uploads\/2022\/09\/Sales-Lead-Card-Template.png\",\"datePublished\":\"2022-09-26T12:09:52+00:00\",\"dateModified\":\"2023-12-26T15:59:06+00:00\",\"description\":\"Mit dieser Vorlage k\u00f6nnen Sie wichtige Details abhaken, um sich auf ein Gespr\u00e4ch vorzubereiten. Definieren Sie Ihre Ziele, f\u00fcgen Sie Kundeninformationen hinzu und notieren Sie Schmerzpunkte.\",\"inLanguage\":\"de-DE\",\"potentialAction\":[{\"@type\":\"ReadAction\",\"target\":[\"https:\/\/sales-ai-agents.com\/de\/templates\/sales-lead-card\/\"]}]},{\"@type\":\"ImageObject\",\"inLanguage\":\"de-DE\",\"@id\":\"https:\/\/sales-ai-agents.com\/de\/templates\/sales-lead-card\/#primaryimage\",\"url\":\"https:\/\/sales-ai-agents.com\/wp-content\/uploads\/2022\/09\/Sales-Lead-Card-Template.png\",\"contentUrl\":\"https:\/\/sales-ai-agents.com\/wp-content\/uploads\/2022\/09\/Sales-Lead-Card-Template.png\",\"width\":1700,\"height\":1100,\"caption\":\"With this template, you can check off important details to prepare for a call.\"},{\"@type\":\"WebSite\",\"@id\":\"https:\/\/sales-ai-agents.com\/#website\",\"url\":\"https:\/\/sales-ai-agents.com\/\",\"name\":\"FuseBase\",\"description\":\"Nimbus Platform - Free Online Collaboration Software for Remote Teams. Build your wikis, client portals and more with the Nimbus Platform collaboration tool ? A perfect space for online work\",\"publisher\":{\"@id\":\"https:\/\/sales-ai-agents.com\/#organization\"},\"potentialAction\":[{\"@type\":\"SearchAction\",\"target\":{\"@type\":\"EntryPoint\",\"urlTemplate\":\"https:\/\/sales-ai-agents.com\/?s={search_term_string}\"},\"query-input\":{\"@type\":\"PropertyValueSpecification\",\"valueRequired\":true,\"valueName\":\"search_term_string\"}}],\"inLanguage\":\"de-DE\"},{\"@type\":\"Organization\",\"@id\":\"https:\/\/sales-ai-agents.com\/#organization\",\"name\":\"FuseBase\",\"url\":\"https:\/\/sales-ai-agents.com\/\",\"logo\":{\"@type\":\"ImageObject\",\"inLanguage\":\"de-DE\",\"@id\":\"https:\/\/sales-ai-agents.com\/#\/schema\/logo\/image\/\",\"url\":\"https:\/\/sales-ai-agents.com\/wp-content\/uploads\/2023\/11\/icon-7.svg\",\"contentUrl\":\"https:\/\/sales-ai-agents.com\/wp-content\/uploads\/2023\/11\/icon-7.svg\",\"width\":128,\"height\":128,\"caption\":\"FuseBase\"},\"image\":{\"@id\":\"https:\/\/sales-ai-agents.com\/#\/schema\/logo\/image\/\"}}]}<\/script>\n<!-- \/ Yoast SEO plugin. -->","yoast_head_json":{"title":"Sales Lead Card Vorlage - Sales AI Agents","description":"Mit dieser Vorlage k\u00f6nnen Sie wichtige Details abhaken, um sich auf ein Gespr\u00e4ch vorzubereiten. Definieren Sie Ihre Ziele, f\u00fcgen Sie Kundeninformationen hinzu und notieren Sie Schmerzpunkte.","robots":{"index":"index","follow":"follow","max-snippet":"max-snippet:-1","max-image-preview":"max-image-preview:large","max-video-preview":"max-video-preview:-1"},"canonical":"https:\/\/sales-ai-agents.com\/de\/templates\/sales-lead-card\/","og_locale":"de_DE","og_type":"article","og_title":"Sales Lead Card Vorlage - Sales AI Agents","og_description":"Mit dieser Vorlage k\u00f6nnen Sie wichtige Details abhaken, um sich auf ein Gespr\u00e4ch vorzubereiten. Definieren Sie Ihre Ziele, f\u00fcgen Sie Kundeninformationen hinzu und notieren Sie Schmerzpunkte.","og_url":"https:\/\/sales-ai-agents.com\/de\/templates\/sales-lead-card\/","og_site_name":"Sales AI Agents","article_modified_time":"2023-12-26T15:59:06+00:00","og_image":[{"width":1700,"height":1100,"url":"https:\/\/sales-ai-agents.com\/wp-content\/uploads\/2022\/09\/Sales-Lead-Card-Template.png","type":"image\/png"}],"twitter_card":"summary_large_image","schema":{"@context":"https:\/\/schema.org","@graph":[{"@type":"WebPage","@id":"https:\/\/sales-ai-agents.com\/de\/templates\/sales-lead-card\/","url":"https:\/\/sales-ai-agents.com\/de\/templates\/sales-lead-card\/","name":"Sales Lead Card Vorlage - Sales AI Agents","isPartOf":{"@id":"https:\/\/sales-ai-agents.com\/#website"},"primaryImageOfPage":{"@id":"https:\/\/sales-ai-agents.com\/de\/templates\/sales-lead-card\/#primaryimage"},"image":{"@id":"https:\/\/sales-ai-agents.com\/de\/templates\/sales-lead-card\/#primaryimage"},"thumbnailUrl":"https:\/\/sales-ai-agents.com\/wp-content\/uploads\/2022\/09\/Sales-Lead-Card-Template.png","datePublished":"2022-09-26T12:09:52+00:00","dateModified":"2023-12-26T15:59:06+00:00","description":"Mit dieser Vorlage k\u00f6nnen Sie wichtige Details abhaken, um sich auf ein Gespr\u00e4ch vorzubereiten. Definieren Sie Ihre Ziele, f\u00fcgen Sie Kundeninformationen hinzu und notieren Sie Schmerzpunkte.","inLanguage":"de-DE","potentialAction":[{"@type":"ReadAction","target":["https:\/\/sales-ai-agents.com\/de\/templates\/sales-lead-card\/"]}]},{"@type":"ImageObject","inLanguage":"de-DE","@id":"https:\/\/sales-ai-agents.com\/de\/templates\/sales-lead-card\/#primaryimage","url":"https:\/\/sales-ai-agents.com\/wp-content\/uploads\/2022\/09\/Sales-Lead-Card-Template.png","contentUrl":"https:\/\/sales-ai-agents.com\/wp-content\/uploads\/2022\/09\/Sales-Lead-Card-Template.png","width":1700,"height":1100,"caption":"With this template, you can check off important details to prepare for a call."},{"@type":"WebSite","@id":"https:\/\/sales-ai-agents.com\/#website","url":"https:\/\/sales-ai-agents.com\/","name":"FuseBase","description":"Nimbus Platform - Free Online Collaboration Software for Remote Teams. Build your wikis, client portals and more with the Nimbus Platform collaboration tool ? A perfect space for online work","publisher":{"@id":"https:\/\/sales-ai-agents.com\/#organization"},"potentialAction":[{"@type":"SearchAction","target":{"@type":"EntryPoint","urlTemplate":"https:\/\/sales-ai-agents.com\/?s={search_term_string}"},"query-input":{"@type":"PropertyValueSpecification","valueRequired":true,"valueName":"search_term_string"}}],"inLanguage":"de-DE"},{"@type":"Organization","@id":"https:\/\/sales-ai-agents.com\/#organization","name":"FuseBase","url":"https:\/\/sales-ai-agents.com\/","logo":{"@type":"ImageObject","inLanguage":"de-DE","@id":"https:\/\/sales-ai-agents.com\/#\/schema\/logo\/image\/","url":"https:\/\/sales-ai-agents.com\/wp-content\/uploads\/2023\/11\/icon-7.svg","contentUrl":"https:\/\/sales-ai-agents.com\/wp-content\/uploads\/2023\/11\/icon-7.svg","width":128,"height":128,"caption":"FuseBase"},"image":{"@id":"https:\/\/sales-ai-agents.com\/#\/schema\/logo\/image\/"}}]}},"_links":{"self":[{"href":"https:\/\/sales-ai-agents.com\/de\/wp-json\/wp\/v2\/product\/57715","targetHints":{"allow":["GET"]}}],"collection":[{"href":"https:\/\/sales-ai-agents.com\/de\/wp-json\/wp\/v2\/product"}],"about":[{"href":"https:\/\/sales-ai-agents.com\/de\/wp-json\/wp\/v2\/types\/product"}],"wp:featuredmedia":[{"embeddable":true,"href":"https:\/\/sales-ai-agents.com\/de\/wp-json\/wp\/v2\/media\/25835"}],"wp:attachment":[{"href":"https:\/\/sales-ai-agents.com\/de\/wp-json\/wp\/v2\/media?parent=57715"}],"wp:term":[{"taxonomy":"product_brand","embeddable":true,"href":"https:\/\/sales-ai-agents.com\/de\/wp-json\/wp\/v2\/product_brand?post=57715"},{"taxonomy":"product_cat","embeddable":true,"href":"https:\/\/sales-ai-agents.com\/de\/wp-json\/wp\/v2\/product_cat?post=57715"},{"taxonomy":"product_tag","embeddable":true,"href":"https:\/\/sales-ai-agents.com\/de\/wp-json\/wp\/v2\/product_tag?post=57715"}],"curies":[{"name":"wp","href":"https:\/\/api.w.org\/{rel}","templated":true}]}}