{"id":57719,"date":"2022-09-26T12:09:48","date_gmt":"2022-09-26T12:09:48","guid":{"rendered":"https:\/\/sales-ai-agents.com\/templates\/my-plans-for-the-week-ahead-vertical\/"},"modified":"2023-12-27T15:16:33","modified_gmt":"2023-12-27T15:16:33","slug":"my-plans-for-the-week-ahead-vertical","status":"publish","type":"product","link":"https:\/\/sales-ai-agents.com\/de\/templates\/my-plans-for-the-week-ahead-vertical\/","title":{"rendered":"Meine Pl\u00e4ne f\u00fcr die kommende Woche (vertikal)"},"content":{"rendered":"<p>&nbsp;<\/p>\n<h2>Meine Pl\u00e4ne f\u00fcr die kommende Woche (vertikal) Vorlage<\/h2>\n<p class=\"desc-text\">Der Beginn einer neuen Woche kann \u00c4ngste ausl\u00f6sen. Wenn Sie an bevorstehende Fristen, Aufgaben und Auftr\u00e4ge denken, k\u00f6nnen Sie sich Sorgen machen, was auf Sie zukommt. Aus diesem Grund haben wir diese Vorlage f\u00fcr Ihre Pl\u00e4ne erstellt. Durch eine fr\u00fchzeitige Planung k\u00f6nnen Sie sich Stress und Hektik in letzter Minute ersparen. Verwenden Sie diese Vorlage, um Ihre gesamte Woche zu planen und die wichtigsten Aufgaben einzutragen. Strukturieren Sie Ihre Pl\u00e4ne so, dass Sie Ihre Zeit optimal nutzen und produktiv arbeiten k\u00f6nnen.<\/p>\n<h5>Wie zu verwenden:<\/h5>\n<ul class=\"desc-item_list\">\n<li class=\"desc-item_list__point\">Listen Sie Punkte, Fristen und Aufgaben f\u00fcr jeden Tag auf<\/li>\n<li class=\"desc-item_list__point\">Erstellen Sie eine Checkliste der zu erledigenden Dinge<\/li>\n<li class=\"desc-item_list__point\">Verwenden Sie Kontrollk\u00e4stchen, um Anrufe und E-Mails zu verfolgen<\/li>\n<li class=\"desc-item_list__point\">Erstellen Sie eine vollst\u00e4ndige Liste der zu erledigenden Dinge<\/li>\n<li class=\"desc-item_list__point\">Notizen f\u00fcr die Woche hinzuf\u00fcgen<\/li>\n<\/ul>\n","protected":false},"excerpt":{"rendered":"<p>Wenn Sie an bevorstehende Termine, Aufgaben und Auftr\u00e4ge denken, k\u00f6nnen Sie sich Sorgen machen. Nutzen Sie diese Vorlage, um Stress abzubauen und Ihre Arbeitswoche zu planen.<\/p>\n","protected":false},"featured_media":20666,"template":"","meta":{"_acf_changed":false,"inline_featured_image":false},"product_brand":[],"product_cat":[179,180,185],"product_tag":[],"class_list":{"0":"post-57719","1":"product","2":"type-product","3":"status-publish","4":"has-post-thumbnail","6":"product_cat-organizers-planners","7":"product_cat-personal","8":"product_cat-personal-work","10":"first","11":"instock","12":"virtual","13":"sold-individually","14":"product-type-simple"},"acf":[],"yoast_head":"<!-- This site is optimized with the Yoast SEO plugin v25.3.1 - https:\/\/yoast.com\/wordpress\/plugins\/seo\/ -->\n<title>Meine Pl\u00e4ne f\u00fcr die kommende Woche Vorlage - Sales AI Agents<\/title>\n<meta name=\"description\" content=\"Wenn Sie an bevorstehende Termine, Aufgaben und Auftr\u00e4ge denken, k\u00f6nnen Sie sich Sorgen machen. Nutzen Sie diese Vorlage, um Stress abzubauen und Ihre Arbeitswoche zu planen.\" \/>\n<meta name=\"robots\" content=\"index, follow, max-snippet:-1, max-image-preview:large, max-video-preview:-1\" \/>\n<link rel=\"canonical\" href=\"https:\/\/sales-ai-agents.com\/de\/templates\/my-plans-for-the-week-ahead-vertical\/\" \/>\n<meta property=\"og:locale\" content=\"de_DE\" \/>\n<meta property=\"og:type\" content=\"article\" \/>\n<meta property=\"og:title\" content=\"Meine Pl\u00e4ne f\u00fcr die kommende Woche Vorlage - Sales AI Agents\" \/>\n<meta property=\"og:description\" content=\"Wenn Sie an bevorstehende Termine, Aufgaben und Auftr\u00e4ge denken, k\u00f6nnen Sie sich Sorgen machen. Nutzen Sie diese Vorlage, um Stress abzubauen und Ihre Arbeitswoche zu planen.\" \/>\n<meta property=\"og:url\" content=\"https:\/\/sales-ai-agents.com\/de\/templates\/my-plans-for-the-week-ahead-vertical\/\" \/>\n<meta property=\"og:site_name\" content=\"Sales AI Agents\" \/>\n<meta property=\"article:modified_time\" content=\"2023-12-27T15:16:33+00:00\" \/>\n<meta property=\"og:image\" content=\"https:\/\/sales-ai-agents.com\/wp-content\/uploads\/2023\/01\/image-preview122137.png\" \/>\n\t<meta property=\"og:image:width\" content=\"1078\" \/>\n\t<meta property=\"og:image:height\" content=\"1521\" \/>\n\t<meta property=\"og:image:type\" content=\"image\/png\" \/>\n<meta name=\"twitter:card\" content=\"summary_large_image\" \/>\n<script type=\"application\/ld+json\" class=\"yoast-schema-graph\">{\"@context\":\"https:\/\/schema.org\",\"@graph\":[{\"@type\":\"WebPage\",\"@id\":\"https:\/\/sales-ai-agents.com\/de\/templates\/my-plans-for-the-week-ahead-vertical\/\",\"url\":\"https:\/\/sales-ai-agents.com\/de\/templates\/my-plans-for-the-week-ahead-vertical\/\",\"name\":\"Meine Pl\u00e4ne f\u00fcr die kommende Woche Vorlage - Sales AI Agents\",\"isPartOf\":{\"@id\":\"https:\/\/sales-ai-agents.com\/#website\"},\"primaryImageOfPage\":{\"@id\":\"https:\/\/sales-ai-agents.com\/de\/templates\/my-plans-for-the-week-ahead-vertical\/#primaryimage\"},\"image\":{\"@id\":\"https:\/\/sales-ai-agents.com\/de\/templates\/my-plans-for-the-week-ahead-vertical\/#primaryimage\"},\"thumbnailUrl\":\"https:\/\/sales-ai-agents.com\/wp-content\/uploads\/2023\/01\/image-preview122137.png\",\"datePublished\":\"2022-09-26T12:09:48+00:00\",\"dateModified\":\"2023-12-27T15:16:33+00:00\",\"description\":\"Wenn Sie an bevorstehende Termine, Aufgaben und Auftr\u00e4ge denken, k\u00f6nnen Sie sich Sorgen machen. Nutzen Sie diese Vorlage, um Stress abzubauen und Ihre Arbeitswoche zu planen.\",\"inLanguage\":\"de-DE\",\"potentialAction\":[{\"@type\":\"ReadAction\",\"target\":[\"https:\/\/sales-ai-agents.com\/de\/templates\/my-plans-for-the-week-ahead-vertical\/\"]}]},{\"@type\":\"ImageObject\",\"inLanguage\":\"de-DE\",\"@id\":\"https:\/\/sales-ai-agents.com\/de\/templates\/my-plans-for-the-week-ahead-vertical\/#primaryimage\",\"url\":\"https:\/\/sales-ai-agents.com\/wp-content\/uploads\/2023\/01\/image-preview122137.png\",\"contentUrl\":\"https:\/\/sales-ai-agents.com\/wp-content\/uploads\/2023\/01\/image-preview122137.png\",\"width\":1078,\"height\":1521,\"caption\":\"My Plans for the Week Ahead Template - Nimbus Platform\"},{\"@type\":\"WebSite\",\"@id\":\"https:\/\/sales-ai-agents.com\/#website\",\"url\":\"https:\/\/sales-ai-agents.com\/\",\"name\":\"FuseBase\",\"description\":\"Nimbus Platform - Free Online Collaboration Software for Remote Teams. Build your wikis, client portals and more with the Nimbus Platform collaboration tool ? A perfect space for online work\",\"publisher\":{\"@id\":\"https:\/\/sales-ai-agents.com\/#organization\"},\"potentialAction\":[{\"@type\":\"SearchAction\",\"target\":{\"@type\":\"EntryPoint\",\"urlTemplate\":\"https:\/\/sales-ai-agents.com\/?s={search_term_string}\"},\"query-input\":{\"@type\":\"PropertyValueSpecification\",\"valueRequired\":true,\"valueName\":\"search_term_string\"}}],\"inLanguage\":\"de-DE\"},{\"@type\":\"Organization\",\"@id\":\"https:\/\/sales-ai-agents.com\/#organization\",\"name\":\"FuseBase\",\"url\":\"https:\/\/sales-ai-agents.com\/\",\"logo\":{\"@type\":\"ImageObject\",\"inLanguage\":\"de-DE\",\"@id\":\"https:\/\/sales-ai-agents.com\/#\/schema\/logo\/image\/\",\"url\":\"https:\/\/sales-ai-agents.com\/wp-content\/uploads\/2023\/11\/icon-7.svg\",\"contentUrl\":\"https:\/\/sales-ai-agents.com\/wp-content\/uploads\/2023\/11\/icon-7.svg\",\"width\":128,\"height\":128,\"caption\":\"FuseBase\"},\"image\":{\"@id\":\"https:\/\/sales-ai-agents.com\/#\/schema\/logo\/image\/\"}}]}<\/script>\n<!-- \/ Yoast SEO plugin. -->","yoast_head_json":{"title":"Meine Pl\u00e4ne f\u00fcr die kommende Woche Vorlage - Sales AI Agents","description":"Wenn Sie an bevorstehende Termine, Aufgaben und Auftr\u00e4ge denken, k\u00f6nnen Sie sich Sorgen machen. Nutzen Sie diese Vorlage, um Stress abzubauen und Ihre Arbeitswoche zu planen.","robots":{"index":"index","follow":"follow","max-snippet":"max-snippet:-1","max-image-preview":"max-image-preview:large","max-video-preview":"max-video-preview:-1"},"canonical":"https:\/\/sales-ai-agents.com\/de\/templates\/my-plans-for-the-week-ahead-vertical\/","og_locale":"de_DE","og_type":"article","og_title":"Meine Pl\u00e4ne f\u00fcr die kommende Woche Vorlage - Sales AI Agents","og_description":"Wenn Sie an bevorstehende Termine, Aufgaben und Auftr\u00e4ge denken, k\u00f6nnen Sie sich Sorgen machen. Nutzen Sie diese Vorlage, um Stress abzubauen und Ihre Arbeitswoche zu planen.","og_url":"https:\/\/sales-ai-agents.com\/de\/templates\/my-plans-for-the-week-ahead-vertical\/","og_site_name":"Sales AI Agents","article_modified_time":"2023-12-27T15:16:33+00:00","og_image":[{"width":1078,"height":1521,"url":"https:\/\/sales-ai-agents.com\/wp-content\/uploads\/2023\/01\/image-preview122137.png","type":"image\/png"}],"twitter_card":"summary_large_image","schema":{"@context":"https:\/\/schema.org","@graph":[{"@type":"WebPage","@id":"https:\/\/sales-ai-agents.com\/de\/templates\/my-plans-for-the-week-ahead-vertical\/","url":"https:\/\/sales-ai-agents.com\/de\/templates\/my-plans-for-the-week-ahead-vertical\/","name":"Meine Pl\u00e4ne f\u00fcr die kommende Woche Vorlage - Sales AI Agents","isPartOf":{"@id":"https:\/\/sales-ai-agents.com\/#website"},"primaryImageOfPage":{"@id":"https:\/\/sales-ai-agents.com\/de\/templates\/my-plans-for-the-week-ahead-vertical\/#primaryimage"},"image":{"@id":"https:\/\/sales-ai-agents.com\/de\/templates\/my-plans-for-the-week-ahead-vertical\/#primaryimage"},"thumbnailUrl":"https:\/\/sales-ai-agents.com\/wp-content\/uploads\/2023\/01\/image-preview122137.png","datePublished":"2022-09-26T12:09:48+00:00","dateModified":"2023-12-27T15:16:33+00:00","description":"Wenn Sie an bevorstehende Termine, Aufgaben und Auftr\u00e4ge denken, k\u00f6nnen Sie sich Sorgen machen. Nutzen Sie diese Vorlage, um Stress abzubauen und Ihre Arbeitswoche zu planen.","inLanguage":"de-DE","potentialAction":[{"@type":"ReadAction","target":["https:\/\/sales-ai-agents.com\/de\/templates\/my-plans-for-the-week-ahead-vertical\/"]}]},{"@type":"ImageObject","inLanguage":"de-DE","@id":"https:\/\/sales-ai-agents.com\/de\/templates\/my-plans-for-the-week-ahead-vertical\/#primaryimage","url":"https:\/\/sales-ai-agents.com\/wp-content\/uploads\/2023\/01\/image-preview122137.png","contentUrl":"https:\/\/sales-ai-agents.com\/wp-content\/uploads\/2023\/01\/image-preview122137.png","width":1078,"height":1521,"caption":"My Plans for the Week Ahead Template - Nimbus Platform"},{"@type":"WebSite","@id":"https:\/\/sales-ai-agents.com\/#website","url":"https:\/\/sales-ai-agents.com\/","name":"FuseBase","description":"Nimbus Platform - Free Online Collaboration Software for Remote Teams. Build your wikis, client portals and more with the Nimbus Platform collaboration tool ? A perfect space for online work","publisher":{"@id":"https:\/\/sales-ai-agents.com\/#organization"},"potentialAction":[{"@type":"SearchAction","target":{"@type":"EntryPoint","urlTemplate":"https:\/\/sales-ai-agents.com\/?s={search_term_string}"},"query-input":{"@type":"PropertyValueSpecification","valueRequired":true,"valueName":"search_term_string"}}],"inLanguage":"de-DE"},{"@type":"Organization","@id":"https:\/\/sales-ai-agents.com\/#organization","name":"FuseBase","url":"https:\/\/sales-ai-agents.com\/","logo":{"@type":"ImageObject","inLanguage":"de-DE","@id":"https:\/\/sales-ai-agents.com\/#\/schema\/logo\/image\/","url":"https:\/\/sales-ai-agents.com\/wp-content\/uploads\/2023\/11\/icon-7.svg","contentUrl":"https:\/\/sales-ai-agents.com\/wp-content\/uploads\/2023\/11\/icon-7.svg","width":128,"height":128,"caption":"FuseBase"},"image":{"@id":"https:\/\/sales-ai-agents.com\/#\/schema\/logo\/image\/"}}]}},"_links":{"self":[{"href":"https:\/\/sales-ai-agents.com\/de\/wp-json\/wp\/v2\/product\/57719","targetHints":{"allow":["GET"]}}],"collection":[{"href":"https:\/\/sales-ai-agents.com\/de\/wp-json\/wp\/v2\/product"}],"about":[{"href":"https:\/\/sales-ai-agents.com\/de\/wp-json\/wp\/v2\/types\/product"}],"wp:featuredmedia":[{"embeddable":true,"href":"https:\/\/sales-ai-agents.com\/de\/wp-json\/wp\/v2\/media\/20666"}],"wp:attachment":[{"href":"https:\/\/sales-ai-agents.com\/de\/wp-json\/wp\/v2\/media?parent=57719"}],"wp:term":[{"taxonomy":"product_brand","embeddable":true,"href":"https:\/\/sales-ai-agents.com\/de\/wp-json\/wp\/v2\/product_brand?post=57719"},{"taxonomy":"product_cat","embeddable":true,"href":"https:\/\/sales-ai-agents.com\/de\/wp-json\/wp\/v2\/product_cat?post=57719"},{"taxonomy":"product_tag","embeddable":true,"href":"https:\/\/sales-ai-agents.com\/de\/wp-json\/wp\/v2\/product_tag?post=57719"}],"curies":[{"name":"wp","href":"https:\/\/api.w.org\/{rel}","templated":true}]}}