{"id":57722,"date":"2022-09-26T12:09:15","date_gmt":"2022-09-26T12:09:15","guid":{"rendered":"https:\/\/sales-ai-agents.com\/templates\/sprint-plans\/"},"modified":"2023-12-27T14:28:48","modified_gmt":"2023-12-27T14:28:48","slug":"sprint-plans","status":"publish","type":"product","link":"https:\/\/sales-ai-agents.com\/de\/templates\/sprint-plans\/","title":{"rendered":"Sprint-Pl\u00e4ne"},"content":{"rendered":"<p>&nbsp;<\/p>\n<h2>Sprint-Pl\u00e4ne Vorlage<\/h2>\n<p class=\"desc-text\">Bei der Verwaltung von Zeitpl\u00e4nen f\u00fcr Projekte kann es leicht passieren, dass man mit mehreren Aufgaben und Terminen \u00fcberfordert ist. Wenn Ihr Team alles an einem Ort strukturieren m\u00f6chte, dann werfen Sie einen Blick auf unsere Vorlage f\u00fcr Sprintpl\u00e4ne. Sie k\u00f6nnen Ihre Iterationen planen, indem Sie sie in Sprints mit einzelnen Tabellen unterteilen. F\u00fcgen Sie Aufgaben hinzu und weisen Sie den einzelnen Teammitgliedern Arbeit zu. Stellen Sie Ihre Pl\u00e4ne in einem einzigen Dokument zusammen und halten Sie Ihr gesamtes Team in der Verantwortung.<\/p>\n<h5>Wie zu verwenden:<\/h5>\n<ul class=\"desc-item_list\">\n<li class=\"desc-item_list__point\">Aufgaben f\u00fcr jeden Sprint hinzuf\u00fcgen<\/li>\n<li class=\"desc-item_list__point\">Weisen Sie f\u00fcr jede Aufgabe ein Teammitglied zu<\/li>\n<li class=\"desc-item_list__point\">Verwenden Sie Farben zur Kennzeichnung von Priorit\u00e4tsstufen und Status<\/li>\n<li class=\"desc-item_list__point\">Sch\u00e4tzen Sie die Dauer der einzelnen Aufgaben<\/li>\n<li class=\"desc-item_list__point\">Erstellen Sie so viele Sprints, wie Sie ben\u00f6tigen<\/li>\n<li class=\"desc-item_list__point\">Teilen Sie mit Ihrem gesamten Team<\/li>\n<\/ul>\n","protected":false},"excerpt":{"rendered":"<p>Bei der Verwaltung von Zeitpl\u00e4nen f\u00fcr Projekte kann es leicht passieren, dass man sich mit Aufgaben und Terminen \u00fcberfordert f\u00fchlt. Um alles an einem Ort zu strukturieren, verwenden Sie eine Sprintplan-Vorlage!<\/p>\n","protected":false},"featured_media":27473,"template":"","meta":{"_acf_changed":false,"inline_featured_image":false},"product_brand":[],"product_cat":[192,191],"product_tag":[],"class_list":{"0":"post-57722","1":"product","2":"type-product","3":"status-publish","4":"has-post-thumbnail","6":"product_cat-programmer-engineer","7":"product_cat-project-management","9":"first","10":"instock","11":"virtual","12":"sold-individually","13":"product-type-simple"},"acf":[],"yoast_head":"<!-- This site is optimized with the Yoast SEO plugin v25.3.1 - https:\/\/yoast.com\/wordpress\/plugins\/seo\/ -->\n<title>Sprint-Pl\u00e4ne Vorlage - Sales AI Agents<\/title>\n<meta name=\"description\" content=\"Bei der Verwaltung von Zeitpl\u00e4nen f\u00fcr Projekte kann es leicht passieren, dass man sich mit Aufgaben und Terminen \u00fcberfordert f\u00fchlt. Um alles an einem Ort zu strukturieren, verwenden Sie eine Sprintplan-Vorlage!\" \/>\n<meta name=\"robots\" content=\"index, follow, max-snippet:-1, max-image-preview:large, max-video-preview:-1\" \/>\n<link rel=\"canonical\" href=\"https:\/\/sales-ai-agents.com\/de\/templates\/sprint-plans\/\" \/>\n<meta property=\"og:locale\" content=\"de_DE\" \/>\n<meta property=\"og:type\" content=\"article\" \/>\n<meta property=\"og:title\" content=\"Sprint-Pl\u00e4ne Vorlage - Sales AI Agents\" \/>\n<meta property=\"og:description\" content=\"Bei der Verwaltung von Zeitpl\u00e4nen f\u00fcr Projekte kann es leicht passieren, dass man sich mit Aufgaben und Terminen \u00fcberfordert f\u00fchlt. Um alles an einem Ort zu strukturieren, verwenden Sie eine Sprintplan-Vorlage!\" \/>\n<meta property=\"og:url\" content=\"https:\/\/sales-ai-agents.com\/de\/templates\/sprint-plans\/\" \/>\n<meta property=\"og:site_name\" content=\"Sales AI Agents\" \/>\n<meta property=\"article:modified_time\" content=\"2023-12-27T14:28:48+00:00\" \/>\n<meta property=\"og:image\" content=\"https:\/\/sales-ai-agents.com\/wp-content\/uploads\/2022\/09\/Sprint-Plans-Template.png\" \/>\n\t<meta property=\"og:image:width\" content=\"1700\" \/>\n\t<meta property=\"og:image:height\" content=\"1100\" \/>\n\t<meta property=\"og:image:type\" content=\"image\/png\" \/>\n<meta name=\"twitter:card\" content=\"summary_large_image\" \/>\n<script type=\"application\/ld+json\" class=\"yoast-schema-graph\">{\"@context\":\"https:\/\/schema.org\",\"@graph\":[{\"@type\":\"WebPage\",\"@id\":\"https:\/\/sales-ai-agents.com\/de\/templates\/sprint-plans\/\",\"url\":\"https:\/\/sales-ai-agents.com\/de\/templates\/sprint-plans\/\",\"name\":\"Sprint-Pl\u00e4ne Vorlage - Sales AI Agents\",\"isPartOf\":{\"@id\":\"https:\/\/sales-ai-agents.com\/#website\"},\"primaryImageOfPage\":{\"@id\":\"https:\/\/sales-ai-agents.com\/de\/templates\/sprint-plans\/#primaryimage\"},\"image\":{\"@id\":\"https:\/\/sales-ai-agents.com\/de\/templates\/sprint-plans\/#primaryimage\"},\"thumbnailUrl\":\"https:\/\/sales-ai-agents.com\/wp-content\/uploads\/2022\/09\/Sprint-Plans-Template.png\",\"datePublished\":\"2022-09-26T12:09:15+00:00\",\"dateModified\":\"2023-12-27T14:28:48+00:00\",\"description\":\"Bei der Verwaltung von Zeitpl\u00e4nen f\u00fcr Projekte kann es leicht passieren, dass man sich mit Aufgaben und Terminen \u00fcberfordert f\u00fchlt. Um alles an einem Ort zu strukturieren, verwenden Sie eine Sprintplan-Vorlage!\",\"inLanguage\":\"de-DE\",\"potentialAction\":[{\"@type\":\"ReadAction\",\"target\":[\"https:\/\/sales-ai-agents.com\/de\/templates\/sprint-plans\/\"]}]},{\"@type\":\"ImageObject\",\"inLanguage\":\"de-DE\",\"@id\":\"https:\/\/sales-ai-agents.com\/de\/templates\/sprint-plans\/#primaryimage\",\"url\":\"https:\/\/sales-ai-agents.com\/wp-content\/uploads\/2022\/09\/Sprint-Plans-Template.png\",\"contentUrl\":\"https:\/\/sales-ai-agents.com\/wp-content\/uploads\/2022\/09\/Sprint-Plans-Template.png\",\"width\":1700,\"height\":1100,\"caption\":\"When managing timelines for projects, it can be easy to feel swamped with tasks and deadlines.\"},{\"@type\":\"WebSite\",\"@id\":\"https:\/\/sales-ai-agents.com\/#website\",\"url\":\"https:\/\/sales-ai-agents.com\/\",\"name\":\"FuseBase\",\"description\":\"Nimbus Platform - Free Online Collaboration Software for Remote Teams. Build your wikis, client portals and more with the Nimbus Platform collaboration tool ? A perfect space for online work\",\"publisher\":{\"@id\":\"https:\/\/sales-ai-agents.com\/#organization\"},\"potentialAction\":[{\"@type\":\"SearchAction\",\"target\":{\"@type\":\"EntryPoint\",\"urlTemplate\":\"https:\/\/sales-ai-agents.com\/?s={search_term_string}\"},\"query-input\":{\"@type\":\"PropertyValueSpecification\",\"valueRequired\":true,\"valueName\":\"search_term_string\"}}],\"inLanguage\":\"de-DE\"},{\"@type\":\"Organization\",\"@id\":\"https:\/\/sales-ai-agents.com\/#organization\",\"name\":\"FuseBase\",\"url\":\"https:\/\/sales-ai-agents.com\/\",\"logo\":{\"@type\":\"ImageObject\",\"inLanguage\":\"de-DE\",\"@id\":\"https:\/\/sales-ai-agents.com\/#\/schema\/logo\/image\/\",\"url\":\"https:\/\/sales-ai-agents.com\/wp-content\/uploads\/2023\/11\/icon-7.svg\",\"contentUrl\":\"https:\/\/sales-ai-agents.com\/wp-content\/uploads\/2023\/11\/icon-7.svg\",\"width\":128,\"height\":128,\"caption\":\"FuseBase\"},\"image\":{\"@id\":\"https:\/\/sales-ai-agents.com\/#\/schema\/logo\/image\/\"}}]}<\/script>\n<!-- \/ Yoast SEO plugin. -->","yoast_head_json":{"title":"Sprint-Pl\u00e4ne Vorlage - Sales AI Agents","description":"Bei der Verwaltung von Zeitpl\u00e4nen f\u00fcr Projekte kann es leicht passieren, dass man sich mit Aufgaben und Terminen \u00fcberfordert f\u00fchlt. Um alles an einem Ort zu strukturieren, verwenden Sie eine Sprintplan-Vorlage!","robots":{"index":"index","follow":"follow","max-snippet":"max-snippet:-1","max-image-preview":"max-image-preview:large","max-video-preview":"max-video-preview:-1"},"canonical":"https:\/\/sales-ai-agents.com\/de\/templates\/sprint-plans\/","og_locale":"de_DE","og_type":"article","og_title":"Sprint-Pl\u00e4ne Vorlage - Sales AI Agents","og_description":"Bei der Verwaltung von Zeitpl\u00e4nen f\u00fcr Projekte kann es leicht passieren, dass man sich mit Aufgaben und Terminen \u00fcberfordert f\u00fchlt. Um alles an einem Ort zu strukturieren, verwenden Sie eine Sprintplan-Vorlage!","og_url":"https:\/\/sales-ai-agents.com\/de\/templates\/sprint-plans\/","og_site_name":"Sales AI Agents","article_modified_time":"2023-12-27T14:28:48+00:00","og_image":[{"width":1700,"height":1100,"url":"https:\/\/sales-ai-agents.com\/wp-content\/uploads\/2022\/09\/Sprint-Plans-Template.png","type":"image\/png"}],"twitter_card":"summary_large_image","schema":{"@context":"https:\/\/schema.org","@graph":[{"@type":"WebPage","@id":"https:\/\/sales-ai-agents.com\/de\/templates\/sprint-plans\/","url":"https:\/\/sales-ai-agents.com\/de\/templates\/sprint-plans\/","name":"Sprint-Pl\u00e4ne Vorlage - Sales AI Agents","isPartOf":{"@id":"https:\/\/sales-ai-agents.com\/#website"},"primaryImageOfPage":{"@id":"https:\/\/sales-ai-agents.com\/de\/templates\/sprint-plans\/#primaryimage"},"image":{"@id":"https:\/\/sales-ai-agents.com\/de\/templates\/sprint-plans\/#primaryimage"},"thumbnailUrl":"https:\/\/sales-ai-agents.com\/wp-content\/uploads\/2022\/09\/Sprint-Plans-Template.png","datePublished":"2022-09-26T12:09:15+00:00","dateModified":"2023-12-27T14:28:48+00:00","description":"Bei der Verwaltung von Zeitpl\u00e4nen f\u00fcr Projekte kann es leicht passieren, dass man sich mit Aufgaben und Terminen \u00fcberfordert f\u00fchlt. Um alles an einem Ort zu strukturieren, verwenden Sie eine Sprintplan-Vorlage!","inLanguage":"de-DE","potentialAction":[{"@type":"ReadAction","target":["https:\/\/sales-ai-agents.com\/de\/templates\/sprint-plans\/"]}]},{"@type":"ImageObject","inLanguage":"de-DE","@id":"https:\/\/sales-ai-agents.com\/de\/templates\/sprint-plans\/#primaryimage","url":"https:\/\/sales-ai-agents.com\/wp-content\/uploads\/2022\/09\/Sprint-Plans-Template.png","contentUrl":"https:\/\/sales-ai-agents.com\/wp-content\/uploads\/2022\/09\/Sprint-Plans-Template.png","width":1700,"height":1100,"caption":"When managing timelines for projects, it can be easy to feel swamped with tasks and deadlines."},{"@type":"WebSite","@id":"https:\/\/sales-ai-agents.com\/#website","url":"https:\/\/sales-ai-agents.com\/","name":"FuseBase","description":"Nimbus Platform - Free Online Collaboration Software for Remote Teams. Build your wikis, client portals and more with the Nimbus Platform collaboration tool ? A perfect space for online work","publisher":{"@id":"https:\/\/sales-ai-agents.com\/#organization"},"potentialAction":[{"@type":"SearchAction","target":{"@type":"EntryPoint","urlTemplate":"https:\/\/sales-ai-agents.com\/?s={search_term_string}"},"query-input":{"@type":"PropertyValueSpecification","valueRequired":true,"valueName":"search_term_string"}}],"inLanguage":"de-DE"},{"@type":"Organization","@id":"https:\/\/sales-ai-agents.com\/#organization","name":"FuseBase","url":"https:\/\/sales-ai-agents.com\/","logo":{"@type":"ImageObject","inLanguage":"de-DE","@id":"https:\/\/sales-ai-agents.com\/#\/schema\/logo\/image\/","url":"https:\/\/sales-ai-agents.com\/wp-content\/uploads\/2023\/11\/icon-7.svg","contentUrl":"https:\/\/sales-ai-agents.com\/wp-content\/uploads\/2023\/11\/icon-7.svg","width":128,"height":128,"caption":"FuseBase"},"image":{"@id":"https:\/\/sales-ai-agents.com\/#\/schema\/logo\/image\/"}}]}},"_links":{"self":[{"href":"https:\/\/sales-ai-agents.com\/de\/wp-json\/wp\/v2\/product\/57722","targetHints":{"allow":["GET"]}}],"collection":[{"href":"https:\/\/sales-ai-agents.com\/de\/wp-json\/wp\/v2\/product"}],"about":[{"href":"https:\/\/sales-ai-agents.com\/de\/wp-json\/wp\/v2\/types\/product"}],"wp:featuredmedia":[{"embeddable":true,"href":"https:\/\/sales-ai-agents.com\/de\/wp-json\/wp\/v2\/media\/27473"}],"wp:attachment":[{"href":"https:\/\/sales-ai-agents.com\/de\/wp-json\/wp\/v2\/media?parent=57722"}],"wp:term":[{"taxonomy":"product_brand","embeddable":true,"href":"https:\/\/sales-ai-agents.com\/de\/wp-json\/wp\/v2\/product_brand?post=57722"},{"taxonomy":"product_cat","embeddable":true,"href":"https:\/\/sales-ai-agents.com\/de\/wp-json\/wp\/v2\/product_cat?post=57722"},{"taxonomy":"product_tag","embeddable":true,"href":"https:\/\/sales-ai-agents.com\/de\/wp-json\/wp\/v2\/product_tag?post=57722"}],"curies":[{"name":"wp","href":"https:\/\/api.w.org\/{rel}","templated":true}]}}