{"id":57738,"date":"2022-09-26T12:08:58","date_gmt":"2022-09-26T12:08:58","guid":{"rendered":"https:\/\/sales-ai-agents.com\/templates\/project-overview\/"},"modified":"2023-12-27T19:35:35","modified_gmt":"2023-12-27T19:35:35","slug":"project-overview","status":"publish","type":"product","link":"https:\/\/sales-ai-agents.com\/de\/templates\/project-overview\/","title":{"rendered":"\u00dcberblick \u00fcber das Projekt"},"content":{"rendered":"<p>&nbsp;<\/p>\n<h2>Projekt\u00fcbersichtsvorlage<\/h2>\n<p class=\"desc-text\">Die Projekt\u00fcbersichtsvorlage hilft Ihnen, alle Details in einem einzigen Blatt zu sammeln, in dem Sie den gesamten Prozess Ihrer Arbeit sehen k\u00f6nnen. So k\u00f6nnen Sie Aufgaben schnell und effizient durchf\u00fchren und kontrollieren.<\/p>\n<h5>Wie zu verwenden:<\/h5>\n<ul class=\"desc-item_list\">\n<li class=\"desc-item_list__point\">F\u00fcgen Sie die Projektinformationen hinzu<\/li>\n<li class=\"desc-item_list__point\">Geben Sie das zust\u00e4ndige Mitglied an<\/li>\n<li class=\"desc-item_list__point\">Legen Sie die Projektfristen fest<\/li>\n<li class=\"desc-item_list__point\">Projekte nach Priorit\u00e4ten ordnen<\/li>\n<li class=\"desc-item_list__point\">F\u00fcllen Sie die entsprechenden Felder nach und nach aus<\/li>\n<li class=\"desc-item_list__point\">Verfolgen Sie den Fortschritt der Ausf\u00fchrung<\/li>\n<li class=\"desc-item_list__point\">Duplizieren Sie die Vorlage, um die Arbeit f\u00fcr den n\u00e4chsten Monat zu planen<\/li>\n<\/ul>\n","protected":false},"excerpt":{"rendered":"<p>Die kostenlose, anpassbare Projekt\u00fcbersichtsvorlage hilft Ihnen, alle Details in einem einzigen Blatt zusammenzufassen, in dem Sie den gesamten Prozess Ihrer Arbeit sehen k\u00f6nnen.<\/p>\n","protected":false},"featured_media":25697,"template":"","meta":{"_acf_changed":false,"inline_featured_image":false},"product_brand":[],"product_cat":[186,191],"product_tag":[],"class_list":{"0":"post-57738","1":"product","2":"type-product","3":"status-publish","4":"has-post-thumbnail","6":"product_cat-product","7":"product_cat-project-management","9":"first","10":"instock","11":"virtual","12":"sold-individually","13":"product-type-simple"},"acf":[],"yoast_head":"<!-- This site is optimized with the Yoast SEO plugin v25.3.1 - https:\/\/yoast.com\/wordpress\/plugins\/seo\/ -->\n<title>Projekt\u00fcbersichtsvorlage - Sales AI Agents<\/title>\n<meta name=\"description\" content=\"Die kostenlose, anpassbare Projekt\u00fcbersichtsvorlage hilft Ihnen, alle Details in einem einzigen Blatt zusammenzufassen, in dem Sie den gesamten Prozess Ihrer Arbeit sehen k\u00f6nnen.\" \/>\n<meta name=\"robots\" content=\"index, follow, max-snippet:-1, max-image-preview:large, max-video-preview:-1\" \/>\n<link rel=\"canonical\" href=\"https:\/\/sales-ai-agents.com\/de\/templates\/project-overview\/\" \/>\n<meta property=\"og:locale\" content=\"de_DE\" \/>\n<meta property=\"og:type\" content=\"article\" \/>\n<meta property=\"og:title\" content=\"Projekt\u00fcbersichtsvorlage - Sales AI Agents\" \/>\n<meta property=\"og:description\" content=\"Die kostenlose, anpassbare Projekt\u00fcbersichtsvorlage hilft Ihnen, alle Details in einem einzigen Blatt zusammenzufassen, in dem Sie den gesamten Prozess Ihrer Arbeit sehen k\u00f6nnen.\" \/>\n<meta property=\"og:url\" content=\"https:\/\/sales-ai-agents.com\/de\/templates\/project-overview\/\" \/>\n<meta property=\"og:site_name\" content=\"Sales AI Agents\" \/>\n<meta property=\"article:modified_time\" content=\"2023-12-27T19:35:35+00:00\" \/>\n<meta property=\"og:image\" content=\"https:\/\/sales-ai-agents.com\/wp-content\/uploads\/2022\/09\/Project-Overview-Template.png\" \/>\n\t<meta property=\"og:image:width\" content=\"1700\" \/>\n\t<meta property=\"og:image:height\" content=\"1100\" \/>\n\t<meta property=\"og:image:type\" content=\"image\/png\" \/>\n<meta name=\"twitter:card\" content=\"summary_large_image\" \/>\n<script type=\"application\/ld+json\" class=\"yoast-schema-graph\">{\"@context\":\"https:\/\/schema.org\",\"@graph\":[{\"@type\":\"WebPage\",\"@id\":\"https:\/\/sales-ai-agents.com\/de\/templates\/project-overview\/\",\"url\":\"https:\/\/sales-ai-agents.com\/de\/templates\/project-overview\/\",\"name\":\"Projekt\u00fcbersichtsvorlage - Sales AI Agents\",\"isPartOf\":{\"@id\":\"https:\/\/sales-ai-agents.com\/#website\"},\"primaryImageOfPage\":{\"@id\":\"https:\/\/sales-ai-agents.com\/de\/templates\/project-overview\/#primaryimage\"},\"image\":{\"@id\":\"https:\/\/sales-ai-agents.com\/de\/templates\/project-overview\/#primaryimage\"},\"thumbnailUrl\":\"https:\/\/sales-ai-agents.com\/wp-content\/uploads\/2022\/09\/Project-Overview-Template.png\",\"datePublished\":\"2022-09-26T12:08:58+00:00\",\"dateModified\":\"2023-12-27T19:35:35+00:00\",\"description\":\"Die kostenlose, anpassbare Projekt\u00fcbersichtsvorlage hilft Ihnen, alle Details in einem einzigen Blatt zusammenzufassen, in dem Sie den gesamten Prozess Ihrer Arbeit sehen k\u00f6nnen.\",\"inLanguage\":\"de-DE\",\"potentialAction\":[{\"@type\":\"ReadAction\",\"target\":[\"https:\/\/sales-ai-agents.com\/de\/templates\/project-overview\/\"]}]},{\"@type\":\"ImageObject\",\"inLanguage\":\"de-DE\",\"@id\":\"https:\/\/sales-ai-agents.com\/de\/templates\/project-overview\/#primaryimage\",\"url\":\"https:\/\/sales-ai-agents.com\/wp-content\/uploads\/2022\/09\/Project-Overview-Template.png\",\"contentUrl\":\"https:\/\/sales-ai-agents.com\/wp-content\/uploads\/2022\/09\/Project-Overview-Template.png\",\"width\":1700,\"height\":1100,\"caption\":\"The free customizable project overview template will help you collect all your details in a single sheet where you can see the entire process of your work.\"},{\"@type\":\"WebSite\",\"@id\":\"https:\/\/sales-ai-agents.com\/#website\",\"url\":\"https:\/\/sales-ai-agents.com\/\",\"name\":\"FuseBase\",\"description\":\"Nimbus Platform - Free Online Collaboration Software for Remote Teams. Build your wikis, client portals and more with the Nimbus Platform collaboration tool ? A perfect space for online work\",\"publisher\":{\"@id\":\"https:\/\/sales-ai-agents.com\/#organization\"},\"potentialAction\":[{\"@type\":\"SearchAction\",\"target\":{\"@type\":\"EntryPoint\",\"urlTemplate\":\"https:\/\/sales-ai-agents.com\/?s={search_term_string}\"},\"query-input\":{\"@type\":\"PropertyValueSpecification\",\"valueRequired\":true,\"valueName\":\"search_term_string\"}}],\"inLanguage\":\"de-DE\"},{\"@type\":\"Organization\",\"@id\":\"https:\/\/sales-ai-agents.com\/#organization\",\"name\":\"FuseBase\",\"url\":\"https:\/\/sales-ai-agents.com\/\",\"logo\":{\"@type\":\"ImageObject\",\"inLanguage\":\"de-DE\",\"@id\":\"https:\/\/sales-ai-agents.com\/#\/schema\/logo\/image\/\",\"url\":\"https:\/\/sales-ai-agents.com\/wp-content\/uploads\/2023\/11\/icon-7.svg\",\"contentUrl\":\"https:\/\/sales-ai-agents.com\/wp-content\/uploads\/2023\/11\/icon-7.svg\",\"width\":128,\"height\":128,\"caption\":\"FuseBase\"},\"image\":{\"@id\":\"https:\/\/sales-ai-agents.com\/#\/schema\/logo\/image\/\"}}]}<\/script>\n<!-- \/ Yoast SEO plugin. -->","yoast_head_json":{"title":"Projekt\u00fcbersichtsvorlage - Sales AI Agents","description":"Die kostenlose, anpassbare Projekt\u00fcbersichtsvorlage hilft Ihnen, alle Details in einem einzigen Blatt zusammenzufassen, in dem Sie den gesamten Prozess Ihrer Arbeit sehen k\u00f6nnen.","robots":{"index":"index","follow":"follow","max-snippet":"max-snippet:-1","max-image-preview":"max-image-preview:large","max-video-preview":"max-video-preview:-1"},"canonical":"https:\/\/sales-ai-agents.com\/de\/templates\/project-overview\/","og_locale":"de_DE","og_type":"article","og_title":"Projekt\u00fcbersichtsvorlage - Sales AI Agents","og_description":"Die kostenlose, anpassbare Projekt\u00fcbersichtsvorlage hilft Ihnen, alle Details in einem einzigen Blatt zusammenzufassen, in dem Sie den gesamten Prozess Ihrer Arbeit sehen k\u00f6nnen.","og_url":"https:\/\/sales-ai-agents.com\/de\/templates\/project-overview\/","og_site_name":"Sales AI Agents","article_modified_time":"2023-12-27T19:35:35+00:00","og_image":[{"width":1700,"height":1100,"url":"https:\/\/sales-ai-agents.com\/wp-content\/uploads\/2022\/09\/Project-Overview-Template.png","type":"image\/png"}],"twitter_card":"summary_large_image","schema":{"@context":"https:\/\/schema.org","@graph":[{"@type":"WebPage","@id":"https:\/\/sales-ai-agents.com\/de\/templates\/project-overview\/","url":"https:\/\/sales-ai-agents.com\/de\/templates\/project-overview\/","name":"Projekt\u00fcbersichtsvorlage - Sales AI Agents","isPartOf":{"@id":"https:\/\/sales-ai-agents.com\/#website"},"primaryImageOfPage":{"@id":"https:\/\/sales-ai-agents.com\/de\/templates\/project-overview\/#primaryimage"},"image":{"@id":"https:\/\/sales-ai-agents.com\/de\/templates\/project-overview\/#primaryimage"},"thumbnailUrl":"https:\/\/sales-ai-agents.com\/wp-content\/uploads\/2022\/09\/Project-Overview-Template.png","datePublished":"2022-09-26T12:08:58+00:00","dateModified":"2023-12-27T19:35:35+00:00","description":"Die kostenlose, anpassbare Projekt\u00fcbersichtsvorlage hilft Ihnen, alle Details in einem einzigen Blatt zusammenzufassen, in dem Sie den gesamten Prozess Ihrer Arbeit sehen k\u00f6nnen.","inLanguage":"de-DE","potentialAction":[{"@type":"ReadAction","target":["https:\/\/sales-ai-agents.com\/de\/templates\/project-overview\/"]}]},{"@type":"ImageObject","inLanguage":"de-DE","@id":"https:\/\/sales-ai-agents.com\/de\/templates\/project-overview\/#primaryimage","url":"https:\/\/sales-ai-agents.com\/wp-content\/uploads\/2022\/09\/Project-Overview-Template.png","contentUrl":"https:\/\/sales-ai-agents.com\/wp-content\/uploads\/2022\/09\/Project-Overview-Template.png","width":1700,"height":1100,"caption":"The free customizable project overview template will help you collect all your details in a single sheet where you can see the entire process of your work."},{"@type":"WebSite","@id":"https:\/\/sales-ai-agents.com\/#website","url":"https:\/\/sales-ai-agents.com\/","name":"FuseBase","description":"Nimbus Platform - Free Online Collaboration Software for Remote Teams. Build your wikis, client portals and more with the Nimbus Platform collaboration tool ? A perfect space for online work","publisher":{"@id":"https:\/\/sales-ai-agents.com\/#organization"},"potentialAction":[{"@type":"SearchAction","target":{"@type":"EntryPoint","urlTemplate":"https:\/\/sales-ai-agents.com\/?s={search_term_string}"},"query-input":{"@type":"PropertyValueSpecification","valueRequired":true,"valueName":"search_term_string"}}],"inLanguage":"de-DE"},{"@type":"Organization","@id":"https:\/\/sales-ai-agents.com\/#organization","name":"FuseBase","url":"https:\/\/sales-ai-agents.com\/","logo":{"@type":"ImageObject","inLanguage":"de-DE","@id":"https:\/\/sales-ai-agents.com\/#\/schema\/logo\/image\/","url":"https:\/\/sales-ai-agents.com\/wp-content\/uploads\/2023\/11\/icon-7.svg","contentUrl":"https:\/\/sales-ai-agents.com\/wp-content\/uploads\/2023\/11\/icon-7.svg","width":128,"height":128,"caption":"FuseBase"},"image":{"@id":"https:\/\/sales-ai-agents.com\/#\/schema\/logo\/image\/"}}]}},"_links":{"self":[{"href":"https:\/\/sales-ai-agents.com\/de\/wp-json\/wp\/v2\/product\/57738","targetHints":{"allow":["GET"]}}],"collection":[{"href":"https:\/\/sales-ai-agents.com\/de\/wp-json\/wp\/v2\/product"}],"about":[{"href":"https:\/\/sales-ai-agents.com\/de\/wp-json\/wp\/v2\/types\/product"}],"wp:featuredmedia":[{"embeddable":true,"href":"https:\/\/sales-ai-agents.com\/de\/wp-json\/wp\/v2\/media\/25697"}],"wp:attachment":[{"href":"https:\/\/sales-ai-agents.com\/de\/wp-json\/wp\/v2\/media?parent=57738"}],"wp:term":[{"taxonomy":"product_brand","embeddable":true,"href":"https:\/\/sales-ai-agents.com\/de\/wp-json\/wp\/v2\/product_brand?post=57738"},{"taxonomy":"product_cat","embeddable":true,"href":"https:\/\/sales-ai-agents.com\/de\/wp-json\/wp\/v2\/product_cat?post=57738"},{"taxonomy":"product_tag","embeddable":true,"href":"https:\/\/sales-ai-agents.com\/de\/wp-json\/wp\/v2\/product_tag?post=57738"}],"curies":[{"name":"wp","href":"https:\/\/api.w.org\/{rel}","templated":true}]}}