{"id":57742,"date":"2022-09-26T12:08:55","date_gmt":"2022-09-26T12:08:55","guid":{"rendered":"https:\/\/sales-ai-agents.com\/templates\/product-specification-sheet\/"},"modified":"2023-12-26T20:47:41","modified_gmt":"2023-12-26T20:47:41","slug":"product-specification-sheet","status":"publish","type":"product","link":"https:\/\/sales-ai-agents.com\/de\/templates\/product-specification-sheet\/","title":{"rendered":"Produktspezifikationsblatt"},"content":{"rendered":"<p>&nbsp;<\/p>\n<h2>Produktspezifikationsblatt Vorlage<\/h2>\n<p class=\"desc-text\">Ein Produktdatenblatt hilft Ihnen zu definieren, worum es bei Ihrem Produkt geht. Er enth\u00e4lt Informationen \u00fcber die Merkmale, die F\u00e4higkeiten und das Aussehen eines Produkts. Um Ihnen Zeit zu sparen, haben wir diese Vorlage f\u00fcr Produktspezifikationen f\u00fcr Sie erstellt. Sie k\u00f6nnen es nutzen, um Informationen mit Ihren Teams oder Interessengruppen zu teilen. Verwenden Sie es als Rahmen f\u00fcr Ihr Projekt und beziehen Sie sich darauf, um sicherzustellen, dass Sie alle wesentlichen Anforderungen erf\u00fcllt haben.<\/p>\n<h5>Wie zu verwenden:<\/h5>\n<ul class=\"desc-item_list\">\n<li class=\"desc-item_list__point\">Laden Sie ein Bild Ihres Firmenlogos hoch<\/li>\n<li class=\"desc-item_list__point\">Spezifikationsdetails in die Tabelle einf\u00fcgen<\/li>\n<li class=\"desc-item_list__point\">Hintergrundinformationen hinzuf\u00fcgen<\/li>\n<li class=\"desc-item_list__point\">Testergebnisse in die Tabelle einf\u00fcgen<\/li>\n<li class=\"desc-item_list__point\">F\u00fcgen Sie Fotos von Ihrem Produkt bei<\/li>\n<li class=\"desc-item_list__point\">Teilen Sie mit Ihrem Team<\/li>\n<\/ul>\n","protected":false},"excerpt":{"rendered":"<p>Eine Vorlage f\u00fcr eine Produktspezifikation hilft Ihnen zu definieren, worum es bei Ihrem Produkt geht. Er enth\u00e4lt Informationen \u00fcber die Merkmale, die F\u00e4higkeiten und das Aussehen eines Produkts.<\/p>\n","protected":false},"featured_media":20654,"template":"","meta":{"_acf_changed":false,"inline_featured_image":false},"product_brand":[],"product_cat":[186,187],"product_tag":[],"class_list":{"0":"post-57742","1":"product","2":"type-product","3":"status-publish","4":"has-post-thumbnail","6":"product_cat-product","7":"product_cat-product-documents","9":"first","10":"instock","11":"virtual","12":"sold-individually","13":"product-type-simple"},"acf":[],"yoast_head":"<!-- This site is optimized with the Yoast SEO plugin v25.3.1 - https:\/\/yoast.com\/wordpress\/plugins\/seo\/ -->\n<title>Produktspezifikationsblatt Vorlage - Sales AI Agents<\/title>\n<meta name=\"description\" content=\"Eine Vorlage f\u00fcr eine Produktspezifikation hilft Ihnen zu definieren, worum es bei Ihrem Produkt geht. Nutzen Sie es, um die Funktionen, M\u00f6glichkeiten und das Aussehen des Produkts im Auge zu behalten.\" \/>\n<meta name=\"robots\" content=\"index, follow, max-snippet:-1, max-image-preview:large, max-video-preview:-1\" \/>\n<link rel=\"canonical\" href=\"https:\/\/sales-ai-agents.com\/de\/templates\/product-specification-sheet\/\" \/>\n<meta property=\"og:locale\" content=\"de_DE\" \/>\n<meta property=\"og:type\" content=\"article\" \/>\n<meta property=\"og:title\" content=\"Produktspezifikationsblatt Vorlage - Sales AI Agents\" \/>\n<meta property=\"og:description\" content=\"Eine Vorlage f\u00fcr eine Produktspezifikation hilft Ihnen zu definieren, worum es bei Ihrem Produkt geht. Nutzen Sie es, um die Funktionen, M\u00f6glichkeiten und das Aussehen des Produkts im Auge zu behalten.\" \/>\n<meta property=\"og:url\" content=\"https:\/\/sales-ai-agents.com\/de\/templates\/product-specification-sheet\/\" \/>\n<meta property=\"og:site_name\" content=\"Sales AI Agents\" \/>\n<meta property=\"article:modified_time\" content=\"2023-12-26T20:47:41+00:00\" \/>\n<meta property=\"og:image\" content=\"https:\/\/sales-ai-agents.com\/wp-content\/uploads\/2023\/01\/image-preview122050.png\" \/>\n\t<meta property=\"og:image:width\" content=\"1078\" \/>\n\t<meta property=\"og:image:height\" content=\"1497\" \/>\n\t<meta property=\"og:image:type\" content=\"image\/png\" \/>\n<meta name=\"twitter:card\" content=\"summary_large_image\" \/>\n<script type=\"application\/ld+json\" class=\"yoast-schema-graph\">{\"@context\":\"https:\/\/schema.org\",\"@graph\":[{\"@type\":\"WebPage\",\"@id\":\"https:\/\/sales-ai-agents.com\/de\/templates\/product-specification-sheet\/\",\"url\":\"https:\/\/sales-ai-agents.com\/de\/templates\/product-specification-sheet\/\",\"name\":\"Produktspezifikationsblatt Vorlage - Sales AI Agents\",\"isPartOf\":{\"@id\":\"https:\/\/sales-ai-agents.com\/#website\"},\"primaryImageOfPage\":{\"@id\":\"https:\/\/sales-ai-agents.com\/de\/templates\/product-specification-sheet\/#primaryimage\"},\"image\":{\"@id\":\"https:\/\/sales-ai-agents.com\/de\/templates\/product-specification-sheet\/#primaryimage\"},\"thumbnailUrl\":\"https:\/\/sales-ai-agents.com\/wp-content\/uploads\/2023\/01\/image-preview122050.png\",\"datePublished\":\"2022-09-26T12:08:55+00:00\",\"dateModified\":\"2023-12-26T20:47:41+00:00\",\"description\":\"Eine Vorlage f\u00fcr eine Produktspezifikation hilft Ihnen zu definieren, worum es bei Ihrem Produkt geht. Nutzen Sie es, um die Funktionen, M\u00f6glichkeiten und das Aussehen des Produkts im Auge zu behalten.\",\"inLanguage\":\"de-DE\",\"potentialAction\":[{\"@type\":\"ReadAction\",\"target\":[\"https:\/\/sales-ai-agents.com\/de\/templates\/product-specification-sheet\/\"]}]},{\"@type\":\"ImageObject\",\"inLanguage\":\"de-DE\",\"@id\":\"https:\/\/sales-ai-agents.com\/de\/templates\/product-specification-sheet\/#primaryimage\",\"url\":\"https:\/\/sales-ai-agents.com\/wp-content\/uploads\/2023\/01\/image-preview122050.png\",\"contentUrl\":\"https:\/\/sales-ai-agents.com\/wp-content\/uploads\/2023\/01\/image-preview122050.png\",\"width\":1078,\"height\":1497,\"caption\":\"Product Specification Sheet Template - Nimbus Platform\"},{\"@type\":\"WebSite\",\"@id\":\"https:\/\/sales-ai-agents.com\/#website\",\"url\":\"https:\/\/sales-ai-agents.com\/\",\"name\":\"FuseBase\",\"description\":\"Nimbus Platform - Free Online Collaboration Software for Remote Teams. Build your wikis, client portals and more with the Nimbus Platform collaboration tool ? A perfect space for online work\",\"publisher\":{\"@id\":\"https:\/\/sales-ai-agents.com\/#organization\"},\"potentialAction\":[{\"@type\":\"SearchAction\",\"target\":{\"@type\":\"EntryPoint\",\"urlTemplate\":\"https:\/\/sales-ai-agents.com\/?s={search_term_string}\"},\"query-input\":{\"@type\":\"PropertyValueSpecification\",\"valueRequired\":true,\"valueName\":\"search_term_string\"}}],\"inLanguage\":\"de-DE\"},{\"@type\":\"Organization\",\"@id\":\"https:\/\/sales-ai-agents.com\/#organization\",\"name\":\"FuseBase\",\"url\":\"https:\/\/sales-ai-agents.com\/\",\"logo\":{\"@type\":\"ImageObject\",\"inLanguage\":\"de-DE\",\"@id\":\"https:\/\/sales-ai-agents.com\/#\/schema\/logo\/image\/\",\"url\":\"https:\/\/sales-ai-agents.com\/wp-content\/uploads\/2023\/11\/icon-7.svg\",\"contentUrl\":\"https:\/\/sales-ai-agents.com\/wp-content\/uploads\/2023\/11\/icon-7.svg\",\"width\":128,\"height\":128,\"caption\":\"FuseBase\"},\"image\":{\"@id\":\"https:\/\/sales-ai-agents.com\/#\/schema\/logo\/image\/\"}}]}<\/script>\n<!-- \/ Yoast SEO plugin. -->","yoast_head_json":{"title":"Produktspezifikationsblatt Vorlage - Sales AI Agents","description":"Eine Vorlage f\u00fcr eine Produktspezifikation hilft Ihnen zu definieren, worum es bei Ihrem Produkt geht. Nutzen Sie es, um die Funktionen, M\u00f6glichkeiten und das Aussehen des Produkts im Auge zu behalten.","robots":{"index":"index","follow":"follow","max-snippet":"max-snippet:-1","max-image-preview":"max-image-preview:large","max-video-preview":"max-video-preview:-1"},"canonical":"https:\/\/sales-ai-agents.com\/de\/templates\/product-specification-sheet\/","og_locale":"de_DE","og_type":"article","og_title":"Produktspezifikationsblatt Vorlage - Sales AI Agents","og_description":"Eine Vorlage f\u00fcr eine Produktspezifikation hilft Ihnen zu definieren, worum es bei Ihrem Produkt geht. Nutzen Sie es, um die Funktionen, M\u00f6glichkeiten und das Aussehen des Produkts im Auge zu behalten.","og_url":"https:\/\/sales-ai-agents.com\/de\/templates\/product-specification-sheet\/","og_site_name":"Sales AI Agents","article_modified_time":"2023-12-26T20:47:41+00:00","og_image":[{"width":1078,"height":1497,"url":"https:\/\/sales-ai-agents.com\/wp-content\/uploads\/2023\/01\/image-preview122050.png","type":"image\/png"}],"twitter_card":"summary_large_image","schema":{"@context":"https:\/\/schema.org","@graph":[{"@type":"WebPage","@id":"https:\/\/sales-ai-agents.com\/de\/templates\/product-specification-sheet\/","url":"https:\/\/sales-ai-agents.com\/de\/templates\/product-specification-sheet\/","name":"Produktspezifikationsblatt Vorlage - Sales AI Agents","isPartOf":{"@id":"https:\/\/sales-ai-agents.com\/#website"},"primaryImageOfPage":{"@id":"https:\/\/sales-ai-agents.com\/de\/templates\/product-specification-sheet\/#primaryimage"},"image":{"@id":"https:\/\/sales-ai-agents.com\/de\/templates\/product-specification-sheet\/#primaryimage"},"thumbnailUrl":"https:\/\/sales-ai-agents.com\/wp-content\/uploads\/2023\/01\/image-preview122050.png","datePublished":"2022-09-26T12:08:55+00:00","dateModified":"2023-12-26T20:47:41+00:00","description":"Eine Vorlage f\u00fcr eine Produktspezifikation hilft Ihnen zu definieren, worum es bei Ihrem Produkt geht. Nutzen Sie es, um die Funktionen, M\u00f6glichkeiten und das Aussehen des Produkts im Auge zu behalten.","inLanguage":"de-DE","potentialAction":[{"@type":"ReadAction","target":["https:\/\/sales-ai-agents.com\/de\/templates\/product-specification-sheet\/"]}]},{"@type":"ImageObject","inLanguage":"de-DE","@id":"https:\/\/sales-ai-agents.com\/de\/templates\/product-specification-sheet\/#primaryimage","url":"https:\/\/sales-ai-agents.com\/wp-content\/uploads\/2023\/01\/image-preview122050.png","contentUrl":"https:\/\/sales-ai-agents.com\/wp-content\/uploads\/2023\/01\/image-preview122050.png","width":1078,"height":1497,"caption":"Product Specification Sheet Template - Nimbus Platform"},{"@type":"WebSite","@id":"https:\/\/sales-ai-agents.com\/#website","url":"https:\/\/sales-ai-agents.com\/","name":"FuseBase","description":"Nimbus Platform - Free Online Collaboration Software for Remote Teams. Build your wikis, client portals and more with the Nimbus Platform collaboration tool ? A perfect space for online work","publisher":{"@id":"https:\/\/sales-ai-agents.com\/#organization"},"potentialAction":[{"@type":"SearchAction","target":{"@type":"EntryPoint","urlTemplate":"https:\/\/sales-ai-agents.com\/?s={search_term_string}"},"query-input":{"@type":"PropertyValueSpecification","valueRequired":true,"valueName":"search_term_string"}}],"inLanguage":"de-DE"},{"@type":"Organization","@id":"https:\/\/sales-ai-agents.com\/#organization","name":"FuseBase","url":"https:\/\/sales-ai-agents.com\/","logo":{"@type":"ImageObject","inLanguage":"de-DE","@id":"https:\/\/sales-ai-agents.com\/#\/schema\/logo\/image\/","url":"https:\/\/sales-ai-agents.com\/wp-content\/uploads\/2023\/11\/icon-7.svg","contentUrl":"https:\/\/sales-ai-agents.com\/wp-content\/uploads\/2023\/11\/icon-7.svg","width":128,"height":128,"caption":"FuseBase"},"image":{"@id":"https:\/\/sales-ai-agents.com\/#\/schema\/logo\/image\/"}}]}},"_links":{"self":[{"href":"https:\/\/sales-ai-agents.com\/de\/wp-json\/wp\/v2\/product\/57742","targetHints":{"allow":["GET"]}}],"collection":[{"href":"https:\/\/sales-ai-agents.com\/de\/wp-json\/wp\/v2\/product"}],"about":[{"href":"https:\/\/sales-ai-agents.com\/de\/wp-json\/wp\/v2\/types\/product"}],"wp:featuredmedia":[{"embeddable":true,"href":"https:\/\/sales-ai-agents.com\/de\/wp-json\/wp\/v2\/media\/20654"}],"wp:attachment":[{"href":"https:\/\/sales-ai-agents.com\/de\/wp-json\/wp\/v2\/media?parent=57742"}],"wp:term":[{"taxonomy":"product_brand","embeddable":true,"href":"https:\/\/sales-ai-agents.com\/de\/wp-json\/wp\/v2\/product_brand?post=57742"},{"taxonomy":"product_cat","embeddable":true,"href":"https:\/\/sales-ai-agents.com\/de\/wp-json\/wp\/v2\/product_cat?post=57742"},{"taxonomy":"product_tag","embeddable":true,"href":"https:\/\/sales-ai-agents.com\/de\/wp-json\/wp\/v2\/product_tag?post=57742"}],"curies":[{"name":"wp","href":"https:\/\/api.w.org\/{rel}","templated":true}]}}