{"id":57745,"date":"2022-09-26T12:08:52","date_gmt":"2022-09-26T12:08:52","guid":{"rendered":"https:\/\/sales-ai-agents.com\/templates\/project-tracker-2\/"},"modified":"2023-12-26T14:46:59","modified_gmt":"2023-12-26T14:46:59","slug":"project-tracker-2","status":"publish","type":"product","link":"https:\/\/sales-ai-agents.com\/de\/templates\/project-tracker-2\/","title":{"rendered":"Projekt-Aufgaben-Tracker"},"content":{"rendered":"<p>&nbsp;<\/p>\n<h2>Projekt Task Tracker Vorlage<\/h2>\n<p class=\"desc-text\">Bei Gruppenprojekten wird jedem eine Rolle zugeteilt. Um mit den Aufgaben der Mitglieder Schritt zu halten und ein gutes Schulprojekt zu realisieren, f\u00fcllen Sie diesen praktischen Tracker aus. Aktualisieren Sie jede Phase und sehen Sie, welche Aufgaben erledigt werden m\u00fcssen. Halten Sie alle auf dem Laufenden, damit Sie mehr erreichen k\u00f6nnen. Mit einem kompetenten Projektmanagement und ein wenig Planung ist die Zusammenarbeit einfach.<\/p>\n<h5>Wie zu verwenden:<\/h5>\n<ul class=\"desc-item_list\">\n<li class=\"desc-item_list__point\">Nennung der Mitglieder in der Tabelle<\/li>\n<li class=\"desc-item_list__point\">Kennzeichnen Sie ihre aktuelle Stufe<\/li>\n<li class=\"desc-item_list__point\">Liste der zu erledigenden Aufgaben<\/li>\n<li class=\"desc-item_list__point\">Fristen setzen und Priorit\u00e4tsstufe markieren<\/li>\n<\/ul>\n","protected":false},"excerpt":{"rendered":"<p>Bei Gruppenprojekten hat jeder eine Aufgabe zu erf\u00fcllen. Um mit den Aufgaben Ihrer Mitglieder Schritt zu halten, beobachten Sie ihre Fortschritte und Notizen und f\u00fcllen Sie diese kostenlose, anpassbare Vorlage aus.<\/p>\n","protected":false},"featured_media":20716,"template":"","meta":{"_acf_changed":false,"inline_featured_image":false},"product_brand":[],"product_cat":[191,197],"product_tag":[],"class_list":{"0":"post-57745","1":"product","2":"type-product","3":"status-publish","4":"has-post-thumbnail","6":"product_cat-project-management","7":"product_cat-student","9":"first","10":"instock","11":"virtual","12":"sold-individually","13":"product-type-simple"},"acf":[],"yoast_head":"<!-- This site is optimized with the Yoast SEO plugin v25.3.1 - https:\/\/yoast.com\/wordpress\/plugins\/seo\/ -->\n<title>Projekt-Aufgabenverfolgungsvorlage - Sales AI Agents<\/title>\n<meta name=\"description\" content=\"Bei Gruppenprojekten hat jeder eine Aufgabe zu erf\u00fcllen. Behalten Sie den \u00dcberblick \u00fcber die Aufgaben Ihrer Mitglieder, ihre Fortschritte und Notizen mit der Nimbus-Vorlage!\" \/>\n<meta name=\"robots\" content=\"index, follow, max-snippet:-1, max-image-preview:large, max-video-preview:-1\" \/>\n<link rel=\"canonical\" href=\"https:\/\/sales-ai-agents.com\/de\/templates\/project-tracker-2\/\" \/>\n<meta property=\"og:locale\" content=\"de_DE\" \/>\n<meta property=\"og:type\" content=\"article\" \/>\n<meta property=\"og:title\" content=\"Projekt-Aufgabenverfolgungsvorlage - Sales AI Agents\" \/>\n<meta property=\"og:description\" content=\"Bei Gruppenprojekten hat jeder eine Aufgabe zu erf\u00fcllen. Behalten Sie den \u00dcberblick \u00fcber die Aufgaben Ihrer Mitglieder, ihre Fortschritte und Notizen mit der Nimbus-Vorlage!\" \/>\n<meta property=\"og:url\" content=\"https:\/\/sales-ai-agents.com\/de\/templates\/project-tracker-2\/\" \/>\n<meta property=\"og:site_name\" content=\"Sales AI Agents\" \/>\n<meta property=\"article:modified_time\" content=\"2023-12-26T14:46:59+00:00\" \/>\n<meta property=\"og:image\" content=\"https:\/\/sales-ai-agents.com\/wp-content\/uploads\/2023\/01\/image-preview122439.png\" \/>\n\t<meta property=\"og:image:width\" content=\"1078\" \/>\n\t<meta property=\"og:image:height\" content=\"760\" \/>\n\t<meta property=\"og:image:type\" content=\"image\/png\" \/>\n<meta name=\"twitter:card\" content=\"summary_large_image\" \/>\n<script type=\"application\/ld+json\" class=\"yoast-schema-graph\">{\"@context\":\"https:\/\/schema.org\",\"@graph\":[{\"@type\":\"WebPage\",\"@id\":\"https:\/\/sales-ai-agents.com\/de\/templates\/project-tracker-2\/\",\"url\":\"https:\/\/sales-ai-agents.com\/de\/templates\/project-tracker-2\/\",\"name\":\"Projekt-Aufgabenverfolgungsvorlage - Sales AI Agents\",\"isPartOf\":{\"@id\":\"https:\/\/sales-ai-agents.com\/#website\"},\"primaryImageOfPage\":{\"@id\":\"https:\/\/sales-ai-agents.com\/de\/templates\/project-tracker-2\/#primaryimage\"},\"image\":{\"@id\":\"https:\/\/sales-ai-agents.com\/de\/templates\/project-tracker-2\/#primaryimage\"},\"thumbnailUrl\":\"https:\/\/sales-ai-agents.com\/wp-content\/uploads\/2023\/01\/image-preview122439.png\",\"datePublished\":\"2022-09-26T12:08:52+00:00\",\"dateModified\":\"2023-12-26T14:46:59+00:00\",\"description\":\"Bei Gruppenprojekten hat jeder eine Aufgabe zu erf\u00fcllen. Behalten Sie den \u00dcberblick \u00fcber die Aufgaben Ihrer Mitglieder, ihre Fortschritte und Notizen mit der Nimbus-Vorlage!\",\"inLanguage\":\"de-DE\",\"potentialAction\":[{\"@type\":\"ReadAction\",\"target\":[\"https:\/\/sales-ai-agents.com\/de\/templates\/project-tracker-2\/\"]}]},{\"@type\":\"ImageObject\",\"inLanguage\":\"de-DE\",\"@id\":\"https:\/\/sales-ai-agents.com\/de\/templates\/project-tracker-2\/#primaryimage\",\"url\":\"https:\/\/sales-ai-agents.com\/wp-content\/uploads\/2023\/01\/image-preview122439.png\",\"contentUrl\":\"https:\/\/sales-ai-agents.com\/wp-content\/uploads\/2023\/01\/image-preview122439.png\",\"width\":1078,\"height\":760,\"caption\":\"Project Task Tracker Template - Nimbus Platform\"},{\"@type\":\"WebSite\",\"@id\":\"https:\/\/sales-ai-agents.com\/#website\",\"url\":\"https:\/\/sales-ai-agents.com\/\",\"name\":\"FuseBase\",\"description\":\"Nimbus Platform - Free Online Collaboration Software for Remote Teams. Build your wikis, client portals and more with the Nimbus Platform collaboration tool ? A perfect space for online work\",\"publisher\":{\"@id\":\"https:\/\/sales-ai-agents.com\/#organization\"},\"potentialAction\":[{\"@type\":\"SearchAction\",\"target\":{\"@type\":\"EntryPoint\",\"urlTemplate\":\"https:\/\/sales-ai-agents.com\/?s={search_term_string}\"},\"query-input\":{\"@type\":\"PropertyValueSpecification\",\"valueRequired\":true,\"valueName\":\"search_term_string\"}}],\"inLanguage\":\"de-DE\"},{\"@type\":\"Organization\",\"@id\":\"https:\/\/sales-ai-agents.com\/#organization\",\"name\":\"FuseBase\",\"url\":\"https:\/\/sales-ai-agents.com\/\",\"logo\":{\"@type\":\"ImageObject\",\"inLanguage\":\"de-DE\",\"@id\":\"https:\/\/sales-ai-agents.com\/#\/schema\/logo\/image\/\",\"url\":\"https:\/\/sales-ai-agents.com\/wp-content\/uploads\/2023\/11\/icon-7.svg\",\"contentUrl\":\"https:\/\/sales-ai-agents.com\/wp-content\/uploads\/2023\/11\/icon-7.svg\",\"width\":128,\"height\":128,\"caption\":\"FuseBase\"},\"image\":{\"@id\":\"https:\/\/sales-ai-agents.com\/#\/schema\/logo\/image\/\"}}]}<\/script>\n<!-- \/ Yoast SEO plugin. -->","yoast_head_json":{"title":"Projekt-Aufgabenverfolgungsvorlage - Sales AI Agents","description":"Bei Gruppenprojekten hat jeder eine Aufgabe zu erf\u00fcllen. Behalten Sie den \u00dcberblick \u00fcber die Aufgaben Ihrer Mitglieder, ihre Fortschritte und Notizen mit der Nimbus-Vorlage!","robots":{"index":"index","follow":"follow","max-snippet":"max-snippet:-1","max-image-preview":"max-image-preview:large","max-video-preview":"max-video-preview:-1"},"canonical":"https:\/\/sales-ai-agents.com\/de\/templates\/project-tracker-2\/","og_locale":"de_DE","og_type":"article","og_title":"Projekt-Aufgabenverfolgungsvorlage - Sales AI Agents","og_description":"Bei Gruppenprojekten hat jeder eine Aufgabe zu erf\u00fcllen. Behalten Sie den \u00dcberblick \u00fcber die Aufgaben Ihrer Mitglieder, ihre Fortschritte und Notizen mit der Nimbus-Vorlage!","og_url":"https:\/\/sales-ai-agents.com\/de\/templates\/project-tracker-2\/","og_site_name":"Sales AI Agents","article_modified_time":"2023-12-26T14:46:59+00:00","og_image":[{"width":1078,"height":760,"url":"https:\/\/sales-ai-agents.com\/wp-content\/uploads\/2023\/01\/image-preview122439.png","type":"image\/png"}],"twitter_card":"summary_large_image","schema":{"@context":"https:\/\/schema.org","@graph":[{"@type":"WebPage","@id":"https:\/\/sales-ai-agents.com\/de\/templates\/project-tracker-2\/","url":"https:\/\/sales-ai-agents.com\/de\/templates\/project-tracker-2\/","name":"Projekt-Aufgabenverfolgungsvorlage - Sales AI Agents","isPartOf":{"@id":"https:\/\/sales-ai-agents.com\/#website"},"primaryImageOfPage":{"@id":"https:\/\/sales-ai-agents.com\/de\/templates\/project-tracker-2\/#primaryimage"},"image":{"@id":"https:\/\/sales-ai-agents.com\/de\/templates\/project-tracker-2\/#primaryimage"},"thumbnailUrl":"https:\/\/sales-ai-agents.com\/wp-content\/uploads\/2023\/01\/image-preview122439.png","datePublished":"2022-09-26T12:08:52+00:00","dateModified":"2023-12-26T14:46:59+00:00","description":"Bei Gruppenprojekten hat jeder eine Aufgabe zu erf\u00fcllen. Behalten Sie den \u00dcberblick \u00fcber die Aufgaben Ihrer Mitglieder, ihre Fortschritte und Notizen mit der Nimbus-Vorlage!","inLanguage":"de-DE","potentialAction":[{"@type":"ReadAction","target":["https:\/\/sales-ai-agents.com\/de\/templates\/project-tracker-2\/"]}]},{"@type":"ImageObject","inLanguage":"de-DE","@id":"https:\/\/sales-ai-agents.com\/de\/templates\/project-tracker-2\/#primaryimage","url":"https:\/\/sales-ai-agents.com\/wp-content\/uploads\/2023\/01\/image-preview122439.png","contentUrl":"https:\/\/sales-ai-agents.com\/wp-content\/uploads\/2023\/01\/image-preview122439.png","width":1078,"height":760,"caption":"Project Task Tracker Template - Nimbus Platform"},{"@type":"WebSite","@id":"https:\/\/sales-ai-agents.com\/#website","url":"https:\/\/sales-ai-agents.com\/","name":"FuseBase","description":"Nimbus Platform - Free Online Collaboration Software for Remote Teams. Build your wikis, client portals and more with the Nimbus Platform collaboration tool ? A perfect space for online work","publisher":{"@id":"https:\/\/sales-ai-agents.com\/#organization"},"potentialAction":[{"@type":"SearchAction","target":{"@type":"EntryPoint","urlTemplate":"https:\/\/sales-ai-agents.com\/?s={search_term_string}"},"query-input":{"@type":"PropertyValueSpecification","valueRequired":true,"valueName":"search_term_string"}}],"inLanguage":"de-DE"},{"@type":"Organization","@id":"https:\/\/sales-ai-agents.com\/#organization","name":"FuseBase","url":"https:\/\/sales-ai-agents.com\/","logo":{"@type":"ImageObject","inLanguage":"de-DE","@id":"https:\/\/sales-ai-agents.com\/#\/schema\/logo\/image\/","url":"https:\/\/sales-ai-agents.com\/wp-content\/uploads\/2023\/11\/icon-7.svg","contentUrl":"https:\/\/sales-ai-agents.com\/wp-content\/uploads\/2023\/11\/icon-7.svg","width":128,"height":128,"caption":"FuseBase"},"image":{"@id":"https:\/\/sales-ai-agents.com\/#\/schema\/logo\/image\/"}}]}},"_links":{"self":[{"href":"https:\/\/sales-ai-agents.com\/de\/wp-json\/wp\/v2\/product\/57745","targetHints":{"allow":["GET"]}}],"collection":[{"href":"https:\/\/sales-ai-agents.com\/de\/wp-json\/wp\/v2\/product"}],"about":[{"href":"https:\/\/sales-ai-agents.com\/de\/wp-json\/wp\/v2\/types\/product"}],"wp:featuredmedia":[{"embeddable":true,"href":"https:\/\/sales-ai-agents.com\/de\/wp-json\/wp\/v2\/media\/20716"}],"wp:attachment":[{"href":"https:\/\/sales-ai-agents.com\/de\/wp-json\/wp\/v2\/media?parent=57745"}],"wp:term":[{"taxonomy":"product_brand","embeddable":true,"href":"https:\/\/sales-ai-agents.com\/de\/wp-json\/wp\/v2\/product_brand?post=57745"},{"taxonomy":"product_cat","embeddable":true,"href":"https:\/\/sales-ai-agents.com\/de\/wp-json\/wp\/v2\/product_cat?post=57745"},{"taxonomy":"product_tag","embeddable":true,"href":"https:\/\/sales-ai-agents.com\/de\/wp-json\/wp\/v2\/product_tag?post=57745"}],"curies":[{"name":"wp","href":"https:\/\/api.w.org\/{rel}","templated":true}]}}