{"id":57749,"date":"2022-09-26T12:08:49","date_gmt":"2022-09-26T12:08:49","guid":{"rendered":"https:\/\/sales-ai-agents.com\/templates\/project-plan\/"},"modified":"2023-12-26T15:09:18","modified_gmt":"2023-12-26T15:09:18","slug":"project-plan","status":"publish","type":"product","link":"https:\/\/sales-ai-agents.com\/de\/templates\/project-plan\/","title":{"rendered":"Projektplan"},"content":{"rendered":"<p>&nbsp;<\/p>\n<h2>Projektplan-Vorlage<\/h2>\n<p class=\"desc-text\">Eine effektive Planung kann Ihnen helfen, effizienter und effektiver auf die Ziele Ihres Projekts hinzuarbeiten. Diese Projektplanungsvorlage erm\u00f6glicht es Ihnen, Ihren Zweck und Ihre Ziele zu definieren. Legen Sie gemeinsam mit Ihrem Team die wichtigsten Schritte fest und delegieren Sie die Aufgaben entsprechend. Alle Mitglieder des Entscheidungsgremiums k\u00f6nnen sich auf den neuesten Stand bringen.<\/p>\n<h5>Wie zu verwenden:<\/h5>\n<ul class=\"desc-item_list\">\n<li class=\"desc-item_list__point\">Legen Sie die Ziele Ihres Projekts fest<\/li>\n<li class=\"desc-item_list__point\">Details hinzuf\u00fcgen, einschlie\u00dflich Startdatum und Priorit\u00e4tsstufe<\/li>\n<li class=\"desc-item_list__point\">Einschlie\u00dflich der wichtigsten zu erreichenden Etappenziele<\/li>\n<li class=\"desc-item_list__point\">Aktualisieren Sie den Status von Meilensteinen w\u00e4hrend der Arbeit<\/li>\n<li class=\"desc-item_list__point\">Teammitglieder markieren, damit jeder Zugang hat<\/li>\n<\/ul>\n","protected":false},"excerpt":{"rendered":"<p>Eine effektive Planung kann Ihnen helfen, Ihre Projektziele effizienter zu erreichen. Diese Projektplanungsvorlage hilft Ihnen, Ihren Zweck und Ihre Ziele zu definieren.<\/p>\n","protected":false},"featured_media":20714,"template":"","meta":{"_acf_changed":false,"inline_featured_image":false},"product_brand":[],"product_cat":[186,191],"product_tag":[],"class_list":{"0":"post-57749","1":"product","2":"type-product","3":"status-publish","4":"has-post-thumbnail","6":"product_cat-product","7":"product_cat-project-management","9":"first","10":"instock","11":"virtual","12":"sold-individually","13":"product-type-simple"},"acf":[],"yoast_head":"<!-- This site is optimized with the Yoast SEO plugin v25.3.1 - https:\/\/yoast.com\/wordpress\/plugins\/seo\/ -->\n<title>Projektplan Vorlage - Sales AI Agents<\/title>\n<meta name=\"description\" content=\"Eine effektive Planung kann Ihnen helfen, Ihre Projektziele effizienter zu erreichen. Diese Nimbus-Vorlage hilft Ihnen, Ihren Zweck und Ihre Ziele zu definieren.\" \/>\n<meta name=\"robots\" content=\"index, follow, max-snippet:-1, max-image-preview:large, max-video-preview:-1\" \/>\n<link rel=\"canonical\" href=\"https:\/\/sales-ai-agents.com\/de\/templates\/project-plan\/\" \/>\n<meta property=\"og:locale\" content=\"de_DE\" \/>\n<meta property=\"og:type\" content=\"article\" \/>\n<meta property=\"og:title\" content=\"Projektplan Vorlage - Sales AI Agents\" \/>\n<meta property=\"og:description\" content=\"Eine effektive Planung kann Ihnen helfen, Ihre Projektziele effizienter zu erreichen. Diese Nimbus-Vorlage hilft Ihnen, Ihren Zweck und Ihre Ziele zu definieren.\" \/>\n<meta property=\"og:url\" content=\"https:\/\/sales-ai-agents.com\/de\/templates\/project-plan\/\" \/>\n<meta property=\"og:site_name\" content=\"Sales AI Agents\" \/>\n<meta property=\"article:modified_time\" content=\"2023-12-26T15:09:18+00:00\" \/>\n<meta property=\"og:image\" content=\"https:\/\/sales-ai-agents.com\/wp-content\/uploads\/2023\/01\/image-preview122437.png\" \/>\n\t<meta property=\"og:image:width\" content=\"1078\" \/>\n\t<meta property=\"og:image:height\" content=\"1290\" \/>\n\t<meta property=\"og:image:type\" content=\"image\/png\" \/>\n<meta name=\"twitter:card\" content=\"summary_large_image\" \/>\n<script type=\"application\/ld+json\" class=\"yoast-schema-graph\">{\"@context\":\"https:\/\/schema.org\",\"@graph\":[{\"@type\":\"WebPage\",\"@id\":\"https:\/\/sales-ai-agents.com\/de\/templates\/project-plan\/\",\"url\":\"https:\/\/sales-ai-agents.com\/de\/templates\/project-plan\/\",\"name\":\"Projektplan Vorlage - Sales AI Agents\",\"isPartOf\":{\"@id\":\"https:\/\/sales-ai-agents.com\/#website\"},\"primaryImageOfPage\":{\"@id\":\"https:\/\/sales-ai-agents.com\/de\/templates\/project-plan\/#primaryimage\"},\"image\":{\"@id\":\"https:\/\/sales-ai-agents.com\/de\/templates\/project-plan\/#primaryimage\"},\"thumbnailUrl\":\"https:\/\/sales-ai-agents.com\/wp-content\/uploads\/2023\/01\/image-preview122437.png\",\"datePublished\":\"2022-09-26T12:08:49+00:00\",\"dateModified\":\"2023-12-26T15:09:18+00:00\",\"description\":\"Eine effektive Planung kann Ihnen helfen, Ihre Projektziele effizienter zu erreichen. Diese Nimbus-Vorlage hilft Ihnen, Ihren Zweck und Ihre Ziele zu definieren.\",\"inLanguage\":\"de-DE\",\"potentialAction\":[{\"@type\":\"ReadAction\",\"target\":[\"https:\/\/sales-ai-agents.com\/de\/templates\/project-plan\/\"]}]},{\"@type\":\"ImageObject\",\"inLanguage\":\"de-DE\",\"@id\":\"https:\/\/sales-ai-agents.com\/de\/templates\/project-plan\/#primaryimage\",\"url\":\"https:\/\/sales-ai-agents.com\/wp-content\/uploads\/2023\/01\/image-preview122437.png\",\"contentUrl\":\"https:\/\/sales-ai-agents.com\/wp-content\/uploads\/2023\/01\/image-preview122437.png\",\"width\":1078,\"height\":1290,\"caption\":\"Project Plan Template - Nimbus Platform\"},{\"@type\":\"WebSite\",\"@id\":\"https:\/\/sales-ai-agents.com\/#website\",\"url\":\"https:\/\/sales-ai-agents.com\/\",\"name\":\"FuseBase\",\"description\":\"Nimbus Platform - Free Online Collaboration Software for Remote Teams. Build your wikis, client portals and more with the Nimbus Platform collaboration tool ? A perfect space for online work\",\"publisher\":{\"@id\":\"https:\/\/sales-ai-agents.com\/#organization\"},\"potentialAction\":[{\"@type\":\"SearchAction\",\"target\":{\"@type\":\"EntryPoint\",\"urlTemplate\":\"https:\/\/sales-ai-agents.com\/?s={search_term_string}\"},\"query-input\":{\"@type\":\"PropertyValueSpecification\",\"valueRequired\":true,\"valueName\":\"search_term_string\"}}],\"inLanguage\":\"de-DE\"},{\"@type\":\"Organization\",\"@id\":\"https:\/\/sales-ai-agents.com\/#organization\",\"name\":\"FuseBase\",\"url\":\"https:\/\/sales-ai-agents.com\/\",\"logo\":{\"@type\":\"ImageObject\",\"inLanguage\":\"de-DE\",\"@id\":\"https:\/\/sales-ai-agents.com\/#\/schema\/logo\/image\/\",\"url\":\"https:\/\/sales-ai-agents.com\/wp-content\/uploads\/2023\/11\/icon-7.svg\",\"contentUrl\":\"https:\/\/sales-ai-agents.com\/wp-content\/uploads\/2023\/11\/icon-7.svg\",\"width\":128,\"height\":128,\"caption\":\"FuseBase\"},\"image\":{\"@id\":\"https:\/\/sales-ai-agents.com\/#\/schema\/logo\/image\/\"}}]}<\/script>\n<!-- \/ Yoast SEO plugin. -->","yoast_head_json":{"title":"Projektplan Vorlage - Sales AI Agents","description":"Eine effektive Planung kann Ihnen helfen, Ihre Projektziele effizienter zu erreichen. Diese Nimbus-Vorlage hilft Ihnen, Ihren Zweck und Ihre Ziele zu definieren.","robots":{"index":"index","follow":"follow","max-snippet":"max-snippet:-1","max-image-preview":"max-image-preview:large","max-video-preview":"max-video-preview:-1"},"canonical":"https:\/\/sales-ai-agents.com\/de\/templates\/project-plan\/","og_locale":"de_DE","og_type":"article","og_title":"Projektplan Vorlage - Sales AI Agents","og_description":"Eine effektive Planung kann Ihnen helfen, Ihre Projektziele effizienter zu erreichen. Diese Nimbus-Vorlage hilft Ihnen, Ihren Zweck und Ihre Ziele zu definieren.","og_url":"https:\/\/sales-ai-agents.com\/de\/templates\/project-plan\/","og_site_name":"Sales AI Agents","article_modified_time":"2023-12-26T15:09:18+00:00","og_image":[{"width":1078,"height":1290,"url":"https:\/\/sales-ai-agents.com\/wp-content\/uploads\/2023\/01\/image-preview122437.png","type":"image\/png"}],"twitter_card":"summary_large_image","schema":{"@context":"https:\/\/schema.org","@graph":[{"@type":"WebPage","@id":"https:\/\/sales-ai-agents.com\/de\/templates\/project-plan\/","url":"https:\/\/sales-ai-agents.com\/de\/templates\/project-plan\/","name":"Projektplan Vorlage - Sales AI Agents","isPartOf":{"@id":"https:\/\/sales-ai-agents.com\/#website"},"primaryImageOfPage":{"@id":"https:\/\/sales-ai-agents.com\/de\/templates\/project-plan\/#primaryimage"},"image":{"@id":"https:\/\/sales-ai-agents.com\/de\/templates\/project-plan\/#primaryimage"},"thumbnailUrl":"https:\/\/sales-ai-agents.com\/wp-content\/uploads\/2023\/01\/image-preview122437.png","datePublished":"2022-09-26T12:08:49+00:00","dateModified":"2023-12-26T15:09:18+00:00","description":"Eine effektive Planung kann Ihnen helfen, Ihre Projektziele effizienter zu erreichen. Diese Nimbus-Vorlage hilft Ihnen, Ihren Zweck und Ihre Ziele zu definieren.","inLanguage":"de-DE","potentialAction":[{"@type":"ReadAction","target":["https:\/\/sales-ai-agents.com\/de\/templates\/project-plan\/"]}]},{"@type":"ImageObject","inLanguage":"de-DE","@id":"https:\/\/sales-ai-agents.com\/de\/templates\/project-plan\/#primaryimage","url":"https:\/\/sales-ai-agents.com\/wp-content\/uploads\/2023\/01\/image-preview122437.png","contentUrl":"https:\/\/sales-ai-agents.com\/wp-content\/uploads\/2023\/01\/image-preview122437.png","width":1078,"height":1290,"caption":"Project Plan Template - Nimbus Platform"},{"@type":"WebSite","@id":"https:\/\/sales-ai-agents.com\/#website","url":"https:\/\/sales-ai-agents.com\/","name":"FuseBase","description":"Nimbus Platform - Free Online Collaboration Software for Remote Teams. Build your wikis, client portals and more with the Nimbus Platform collaboration tool ? A perfect space for online work","publisher":{"@id":"https:\/\/sales-ai-agents.com\/#organization"},"potentialAction":[{"@type":"SearchAction","target":{"@type":"EntryPoint","urlTemplate":"https:\/\/sales-ai-agents.com\/?s={search_term_string}"},"query-input":{"@type":"PropertyValueSpecification","valueRequired":true,"valueName":"search_term_string"}}],"inLanguage":"de-DE"},{"@type":"Organization","@id":"https:\/\/sales-ai-agents.com\/#organization","name":"FuseBase","url":"https:\/\/sales-ai-agents.com\/","logo":{"@type":"ImageObject","inLanguage":"de-DE","@id":"https:\/\/sales-ai-agents.com\/#\/schema\/logo\/image\/","url":"https:\/\/sales-ai-agents.com\/wp-content\/uploads\/2023\/11\/icon-7.svg","contentUrl":"https:\/\/sales-ai-agents.com\/wp-content\/uploads\/2023\/11\/icon-7.svg","width":128,"height":128,"caption":"FuseBase"},"image":{"@id":"https:\/\/sales-ai-agents.com\/#\/schema\/logo\/image\/"}}]}},"_links":{"self":[{"href":"https:\/\/sales-ai-agents.com\/de\/wp-json\/wp\/v2\/product\/57749","targetHints":{"allow":["GET"]}}],"collection":[{"href":"https:\/\/sales-ai-agents.com\/de\/wp-json\/wp\/v2\/product"}],"about":[{"href":"https:\/\/sales-ai-agents.com\/de\/wp-json\/wp\/v2\/types\/product"}],"wp:featuredmedia":[{"embeddable":true,"href":"https:\/\/sales-ai-agents.com\/de\/wp-json\/wp\/v2\/media\/20714"}],"wp:attachment":[{"href":"https:\/\/sales-ai-agents.com\/de\/wp-json\/wp\/v2\/media?parent=57749"}],"wp:term":[{"taxonomy":"product_brand","embeddable":true,"href":"https:\/\/sales-ai-agents.com\/de\/wp-json\/wp\/v2\/product_brand?post=57749"},{"taxonomy":"product_cat","embeddable":true,"href":"https:\/\/sales-ai-agents.com\/de\/wp-json\/wp\/v2\/product_cat?post=57749"},{"taxonomy":"product_tag","embeddable":true,"href":"https:\/\/sales-ai-agents.com\/de\/wp-json\/wp\/v2\/product_tag?post=57749"}],"curies":[{"name":"wp","href":"https:\/\/api.w.org\/{rel}","templated":true}]}}