{"id":57811,"date":"2022-09-26T12:08:33","date_gmt":"2022-09-26T12:08:33","guid":{"rendered":"https:\/\/sales-ai-agents.com\/templates\/one-on-one-meetings\/"},"modified":"2023-12-26T15:55:27","modified_gmt":"2023-12-26T15:55:27","slug":"one-on-one-meetings","status":"publish","type":"product","link":"https:\/\/sales-ai-agents.com\/de\/templates\/one-on-one-meetings\/","title":{"rendered":"Pers\u00f6nliche Begegnungen"},"content":{"rendered":"<p>&nbsp;<\/p>\n<h2>Vorlage f\u00fcr One-on-One Meetings<\/h2>\n<p class=\"desc-text\">In Einzelgespr\u00e4chen k\u00f6nnen Sie mit Ihren Mitarbeitern kommunizieren und sich \u00fcber deren Projekte und Aufgaben informieren. Erstellen Sie eine Tagesordnung und machen Sie sich Notizen, um effektive Einzelgespr\u00e4che zu f\u00fchren. Diese Vorlage hilft Ihnen, Ziele zu setzen und sich an wichtige Informationen zu erinnern.<\/p>\n<h5>Wie zu verwenden:<\/h5>\n<ul class=\"desc-item_list\">\n<li class=\"desc-item_list__point\">Erstellen Sie eine Agenda<\/li>\n<li class=\"desc-item_list__point\">Machen Sie sich Notizen zu relevanten Informationen<\/li>\n<li class=\"desc-item_list__point\">Treffen mit Folgeaufgaben abschlie\u00dfen<\/li>\n<\/ul>\n","protected":false},"excerpt":{"rendered":"<p>In Einzelgespr\u00e4chen k\u00f6nnen Sie mit den Mitarbeitern kommunizieren und sich \u00fcber deren Aufgaben informieren. Verwenden Sie diese Vorlage, um Ziele zu erstellen und sich an wichtige Informationen zu erinnern.<\/p>\n","protected":false},"featured_media":25235,"template":"","meta":{"_acf_changed":false,"inline_featured_image":false},"product_brand":[],"product_cat":[177,178],"product_tag":[],"class_list":{"0":"post-57811","1":"product","2":"type-product","3":"status-publish","4":"has-post-thumbnail","6":"product_cat-meeting","7":"product_cat-operations-hr","9":"first","10":"instock","11":"virtual","12":"sold-individually","13":"product-type-simple"},"acf":[],"yoast_head":"<!-- This site is optimized with the Yoast SEO plugin v25.3.1 - https:\/\/yoast.com\/wordpress\/plugins\/seo\/ -->\n<title>Vorlage f\u00fcr Einzelgespr\u00e4che - Sales AI Agents<\/title>\n<meta name=\"description\" content=\"In Einzelgespr\u00e4chen k\u00f6nnen Sie mit den Mitarbeitern kommunizieren und sich \u00fcber deren Aufgaben informieren. Verwenden Sie diese Vorlage, um Ziele zu erstellen und sich Informationen zu merken!\" \/>\n<meta name=\"robots\" content=\"index, follow, max-snippet:-1, max-image-preview:large, max-video-preview:-1\" \/>\n<link rel=\"canonical\" href=\"https:\/\/sales-ai-agents.com\/de\/templates\/one-on-one-meetings\/\" \/>\n<meta property=\"og:locale\" content=\"de_DE\" \/>\n<meta property=\"og:type\" content=\"article\" \/>\n<meta property=\"og:title\" content=\"Vorlage f\u00fcr Einzelgespr\u00e4che - Sales AI Agents\" \/>\n<meta property=\"og:description\" content=\"In Einzelgespr\u00e4chen k\u00f6nnen Sie mit den Mitarbeitern kommunizieren und sich \u00fcber deren Aufgaben informieren. Verwenden Sie diese Vorlage, um Ziele zu erstellen und sich Informationen zu merken!\" \/>\n<meta property=\"og:url\" content=\"https:\/\/sales-ai-agents.com\/de\/templates\/one-on-one-meetings\/\" \/>\n<meta property=\"og:site_name\" content=\"Sales AI Agents\" \/>\n<meta property=\"article:modified_time\" content=\"2023-12-26T15:55:27+00:00\" \/>\n<meta property=\"og:image\" content=\"https:\/\/sales-ai-agents.com\/wp-content\/uploads\/2022\/09\/One-On-One-Meetings-Template-Nimbus-Platform.png\" \/>\n\t<meta property=\"og:image:width\" content=\"1700\" \/>\n\t<meta property=\"og:image:height\" content=\"1100\" \/>\n\t<meta property=\"og:image:type\" content=\"image\/png\" \/>\n<meta name=\"twitter:card\" content=\"summary_large_image\" \/>\n<script type=\"application\/ld+json\" class=\"yoast-schema-graph\">{\"@context\":\"https:\/\/schema.org\",\"@graph\":[{\"@type\":\"WebPage\",\"@id\":\"https:\/\/sales-ai-agents.com\/de\/templates\/one-on-one-meetings\/\",\"url\":\"https:\/\/sales-ai-agents.com\/de\/templates\/one-on-one-meetings\/\",\"name\":\"Vorlage f\u00fcr Einzelgespr\u00e4che - Sales AI Agents\",\"isPartOf\":{\"@id\":\"https:\/\/sales-ai-agents.com\/#website\"},\"primaryImageOfPage\":{\"@id\":\"https:\/\/sales-ai-agents.com\/de\/templates\/one-on-one-meetings\/#primaryimage\"},\"image\":{\"@id\":\"https:\/\/sales-ai-agents.com\/de\/templates\/one-on-one-meetings\/#primaryimage\"},\"thumbnailUrl\":\"https:\/\/sales-ai-agents.com\/wp-content\/uploads\/2022\/09\/One-On-One-Meetings-Template-Nimbus-Platform.png\",\"datePublished\":\"2022-09-26T12:08:33+00:00\",\"dateModified\":\"2023-12-26T15:55:27+00:00\",\"description\":\"In Einzelgespr\u00e4chen k\u00f6nnen Sie mit den Mitarbeitern kommunizieren und sich \u00fcber deren Aufgaben informieren. Verwenden Sie diese Vorlage, um Ziele zu erstellen und sich Informationen zu merken!\",\"inLanguage\":\"de-DE\",\"potentialAction\":[{\"@type\":\"ReadAction\",\"target\":[\"https:\/\/sales-ai-agents.com\/de\/templates\/one-on-one-meetings\/\"]}]},{\"@type\":\"ImageObject\",\"inLanguage\":\"de-DE\",\"@id\":\"https:\/\/sales-ai-agents.com\/de\/templates\/one-on-one-meetings\/#primaryimage\",\"url\":\"https:\/\/sales-ai-agents.com\/wp-content\/uploads\/2022\/09\/One-On-One-Meetings-Template-Nimbus-Platform.png\",\"contentUrl\":\"https:\/\/sales-ai-agents.com\/wp-content\/uploads\/2022\/09\/One-On-One-Meetings-Template-Nimbus-Platform.png\",\"width\":1700,\"height\":1100,\"caption\":\"Individual meetings allow you to communicate with employees and learn about their tasks.\"},{\"@type\":\"WebSite\",\"@id\":\"https:\/\/sales-ai-agents.com\/#website\",\"url\":\"https:\/\/sales-ai-agents.com\/\",\"name\":\"FuseBase\",\"description\":\"Nimbus Platform - Free Online Collaboration Software for Remote Teams. Build your wikis, client portals and more with the Nimbus Platform collaboration tool ? A perfect space for online work\",\"publisher\":{\"@id\":\"https:\/\/sales-ai-agents.com\/#organization\"},\"potentialAction\":[{\"@type\":\"SearchAction\",\"target\":{\"@type\":\"EntryPoint\",\"urlTemplate\":\"https:\/\/sales-ai-agents.com\/?s={search_term_string}\"},\"query-input\":{\"@type\":\"PropertyValueSpecification\",\"valueRequired\":true,\"valueName\":\"search_term_string\"}}],\"inLanguage\":\"de-DE\"},{\"@type\":\"Organization\",\"@id\":\"https:\/\/sales-ai-agents.com\/#organization\",\"name\":\"FuseBase\",\"url\":\"https:\/\/sales-ai-agents.com\/\",\"logo\":{\"@type\":\"ImageObject\",\"inLanguage\":\"de-DE\",\"@id\":\"https:\/\/sales-ai-agents.com\/#\/schema\/logo\/image\/\",\"url\":\"https:\/\/sales-ai-agents.com\/wp-content\/uploads\/2023\/11\/icon-7.svg\",\"contentUrl\":\"https:\/\/sales-ai-agents.com\/wp-content\/uploads\/2023\/11\/icon-7.svg\",\"width\":128,\"height\":128,\"caption\":\"FuseBase\"},\"image\":{\"@id\":\"https:\/\/sales-ai-agents.com\/#\/schema\/logo\/image\/\"}}]}<\/script>\n<!-- \/ Yoast SEO plugin. -->","yoast_head_json":{"title":"Vorlage f\u00fcr Einzelgespr\u00e4che - Sales AI Agents","description":"In Einzelgespr\u00e4chen k\u00f6nnen Sie mit den Mitarbeitern kommunizieren und sich \u00fcber deren Aufgaben informieren. Verwenden Sie diese Vorlage, um Ziele zu erstellen und sich Informationen zu merken!","robots":{"index":"index","follow":"follow","max-snippet":"max-snippet:-1","max-image-preview":"max-image-preview:large","max-video-preview":"max-video-preview:-1"},"canonical":"https:\/\/sales-ai-agents.com\/de\/templates\/one-on-one-meetings\/","og_locale":"de_DE","og_type":"article","og_title":"Vorlage f\u00fcr Einzelgespr\u00e4che - Sales AI Agents","og_description":"In Einzelgespr\u00e4chen k\u00f6nnen Sie mit den Mitarbeitern kommunizieren und sich \u00fcber deren Aufgaben informieren. Verwenden Sie diese Vorlage, um Ziele zu erstellen und sich Informationen zu merken!","og_url":"https:\/\/sales-ai-agents.com\/de\/templates\/one-on-one-meetings\/","og_site_name":"Sales AI Agents","article_modified_time":"2023-12-26T15:55:27+00:00","og_image":[{"width":1700,"height":1100,"url":"https:\/\/sales-ai-agents.com\/wp-content\/uploads\/2022\/09\/One-On-One-Meetings-Template-Nimbus-Platform.png","type":"image\/png"}],"twitter_card":"summary_large_image","schema":{"@context":"https:\/\/schema.org","@graph":[{"@type":"WebPage","@id":"https:\/\/sales-ai-agents.com\/de\/templates\/one-on-one-meetings\/","url":"https:\/\/sales-ai-agents.com\/de\/templates\/one-on-one-meetings\/","name":"Vorlage f\u00fcr Einzelgespr\u00e4che - Sales AI Agents","isPartOf":{"@id":"https:\/\/sales-ai-agents.com\/#website"},"primaryImageOfPage":{"@id":"https:\/\/sales-ai-agents.com\/de\/templates\/one-on-one-meetings\/#primaryimage"},"image":{"@id":"https:\/\/sales-ai-agents.com\/de\/templates\/one-on-one-meetings\/#primaryimage"},"thumbnailUrl":"https:\/\/sales-ai-agents.com\/wp-content\/uploads\/2022\/09\/One-On-One-Meetings-Template-Nimbus-Platform.png","datePublished":"2022-09-26T12:08:33+00:00","dateModified":"2023-12-26T15:55:27+00:00","description":"In Einzelgespr\u00e4chen k\u00f6nnen Sie mit den Mitarbeitern kommunizieren und sich \u00fcber deren Aufgaben informieren. Verwenden Sie diese Vorlage, um Ziele zu erstellen und sich Informationen zu merken!","inLanguage":"de-DE","potentialAction":[{"@type":"ReadAction","target":["https:\/\/sales-ai-agents.com\/de\/templates\/one-on-one-meetings\/"]}]},{"@type":"ImageObject","inLanguage":"de-DE","@id":"https:\/\/sales-ai-agents.com\/de\/templates\/one-on-one-meetings\/#primaryimage","url":"https:\/\/sales-ai-agents.com\/wp-content\/uploads\/2022\/09\/One-On-One-Meetings-Template-Nimbus-Platform.png","contentUrl":"https:\/\/sales-ai-agents.com\/wp-content\/uploads\/2022\/09\/One-On-One-Meetings-Template-Nimbus-Platform.png","width":1700,"height":1100,"caption":"Individual meetings allow you to communicate with employees and learn about their tasks."},{"@type":"WebSite","@id":"https:\/\/sales-ai-agents.com\/#website","url":"https:\/\/sales-ai-agents.com\/","name":"FuseBase","description":"Nimbus Platform - Free Online Collaboration Software for Remote Teams. Build your wikis, client portals and more with the Nimbus Platform collaboration tool ? A perfect space for online work","publisher":{"@id":"https:\/\/sales-ai-agents.com\/#organization"},"potentialAction":[{"@type":"SearchAction","target":{"@type":"EntryPoint","urlTemplate":"https:\/\/sales-ai-agents.com\/?s={search_term_string}"},"query-input":{"@type":"PropertyValueSpecification","valueRequired":true,"valueName":"search_term_string"}}],"inLanguage":"de-DE"},{"@type":"Organization","@id":"https:\/\/sales-ai-agents.com\/#organization","name":"FuseBase","url":"https:\/\/sales-ai-agents.com\/","logo":{"@type":"ImageObject","inLanguage":"de-DE","@id":"https:\/\/sales-ai-agents.com\/#\/schema\/logo\/image\/","url":"https:\/\/sales-ai-agents.com\/wp-content\/uploads\/2023\/11\/icon-7.svg","contentUrl":"https:\/\/sales-ai-agents.com\/wp-content\/uploads\/2023\/11\/icon-7.svg","width":128,"height":128,"caption":"FuseBase"},"image":{"@id":"https:\/\/sales-ai-agents.com\/#\/schema\/logo\/image\/"}}]}},"_links":{"self":[{"href":"https:\/\/sales-ai-agents.com\/de\/wp-json\/wp\/v2\/product\/57811","targetHints":{"allow":["GET"]}}],"collection":[{"href":"https:\/\/sales-ai-agents.com\/de\/wp-json\/wp\/v2\/product"}],"about":[{"href":"https:\/\/sales-ai-agents.com\/de\/wp-json\/wp\/v2\/types\/product"}],"wp:featuredmedia":[{"embeddable":true,"href":"https:\/\/sales-ai-agents.com\/de\/wp-json\/wp\/v2\/media\/25235"}],"wp:attachment":[{"href":"https:\/\/sales-ai-agents.com\/de\/wp-json\/wp\/v2\/media?parent=57811"}],"wp:term":[{"taxonomy":"product_brand","embeddable":true,"href":"https:\/\/sales-ai-agents.com\/de\/wp-json\/wp\/v2\/product_brand?post=57811"},{"taxonomy":"product_cat","embeddable":true,"href":"https:\/\/sales-ai-agents.com\/de\/wp-json\/wp\/v2\/product_cat?post=57811"},{"taxonomy":"product_tag","embeddable":true,"href":"https:\/\/sales-ai-agents.com\/de\/wp-json\/wp\/v2\/product_tag?post=57811"}],"curies":[{"name":"wp","href":"https:\/\/api.w.org\/{rel}","templated":true}]}}