{"id":57816,"date":"2022-09-26T12:08:31","date_gmt":"2022-09-26T12:08:31","guid":{"rendered":"https:\/\/sales-ai-agents.com\/templates\/competitors-analysis\/"},"modified":"2023-12-26T20:30:04","modified_gmt":"2023-12-26T20:30:04","slug":"competitors-analysis","status":"publish","type":"product","link":"https:\/\/sales-ai-agents.com\/de\/templates\/competitors-analysis\/","title":{"rendered":"Analyse der Wettbewerber"},"content":{"rendered":"<p>&nbsp;<\/p>\n<h2>Vorlage f\u00fcr die Analyse von Wettbewerbern<\/h2>\n<p>Verwenden Sie diese Vorlage, um Informationen \u00fcber Ihre Konkurrenz zu organisieren. Erstellen Sie ein Profil Ihres Mitbewerbers und listen Sie dessen Hauptmerkmale, Aufgaben und F\u00e4higkeiten auf. Analysieren Sie ihre Strategien und achten Sie darauf, wie sie verschiedene Instrumente wie soziale Medien oder Online-Werbung einsetzen. F\u00fchren Sie eine gr\u00fcndliche Analyse ihrer Angebote durch, damit Sie eine Strategie f\u00fcr Ihre Marke entwickeln k\u00f6nnen.<\/p>\n","protected":false},"excerpt":{"rendered":"<p>Verwenden Sie diese anpassbare Vorlage f\u00fcr Marketingkampagnen. Skizzieren Sie alles, von der Konkurrenzforschung und dem Messaging bis hin zu den Marketingprogrammen, die Sie durchf\u00fchren werden<\/p>\n","protected":false},"featured_media":24969,"template":"","meta":{"_acf_changed":false,"inline_featured_image":false},"product_brand":[],"product_cat":[171,172,179],"product_tag":[],"class_list":{"0":"post-57816","1":"product","2":"type-product","3":"status-publish","4":"has-post-thumbnail","6":"product_cat-marketing","7":"product_cat-marketing-analysis","8":"product_cat-organizers-planners","10":"first","11":"instock","12":"virtual","13":"sold-individually","14":"product-type-simple"},"acf":[],"yoast_head":"<!-- This site is optimized with the Yoast SEO plugin v25.3.1 - https:\/\/yoast.com\/wordpress\/plugins\/seo\/ -->\n<title>Vorlage f\u00fcr Konkurrenzanalyse - Sales AI Agents<\/title>\n<meta name=\"description\" content=\"Verwenden Sie diese anpassbare Vorlage f\u00fcr Marketingkampagnen. Erl\u00e4utern Sie alles, von der Konkurrenzforschung und der Kommunikation bis hin zu den Marketingprogrammen, die Sie durchf\u00fchren.\" \/>\n<meta name=\"robots\" content=\"index, follow, max-snippet:-1, max-image-preview:large, max-video-preview:-1\" \/>\n<link rel=\"canonical\" href=\"https:\/\/sales-ai-agents.com\/de\/templates\/competitors-analysis\/\" \/>\n<meta property=\"og:locale\" content=\"de_DE\" \/>\n<meta property=\"og:type\" content=\"article\" \/>\n<meta property=\"og:title\" content=\"Vorlage f\u00fcr Konkurrenzanalyse - Sales AI Agents\" \/>\n<meta property=\"og:description\" content=\"Verwenden Sie diese anpassbare Vorlage f\u00fcr Marketingkampagnen. Erl\u00e4utern Sie alles, von der Konkurrenzforschung und der Kommunikation bis hin zu den Marketingprogrammen, die Sie durchf\u00fchren.\" \/>\n<meta property=\"og:url\" content=\"https:\/\/sales-ai-agents.com\/de\/templates\/competitors-analysis\/\" \/>\n<meta property=\"og:site_name\" content=\"Sales AI Agents\" \/>\n<meta property=\"article:modified_time\" content=\"2023-12-26T20:30:04+00:00\" \/>\n<meta property=\"og:image\" content=\"https:\/\/sales-ai-agents.com\/wp-content\/uploads\/2022\/09\/Competitors-Analysis.png\" \/>\n\t<meta property=\"og:image:width\" content=\"1700\" \/>\n\t<meta property=\"og:image:height\" content=\"1100\" \/>\n\t<meta property=\"og:image:type\" content=\"image\/png\" \/>\n<meta name=\"twitter:card\" content=\"summary_large_image\" \/>\n<script type=\"application\/ld+json\" class=\"yoast-schema-graph\">{\"@context\":\"https:\/\/schema.org\",\"@graph\":[{\"@type\":\"WebPage\",\"@id\":\"https:\/\/sales-ai-agents.com\/de\/templates\/competitors-analysis\/\",\"url\":\"https:\/\/sales-ai-agents.com\/de\/templates\/competitors-analysis\/\",\"name\":\"Vorlage f\u00fcr Konkurrenzanalyse - Sales AI Agents\",\"isPartOf\":{\"@id\":\"https:\/\/sales-ai-agents.com\/#website\"},\"primaryImageOfPage\":{\"@id\":\"https:\/\/sales-ai-agents.com\/de\/templates\/competitors-analysis\/#primaryimage\"},\"image\":{\"@id\":\"https:\/\/sales-ai-agents.com\/de\/templates\/competitors-analysis\/#primaryimage\"},\"thumbnailUrl\":\"https:\/\/sales-ai-agents.com\/wp-content\/uploads\/2022\/09\/Competitors-Analysis.png\",\"datePublished\":\"2022-09-26T12:08:31+00:00\",\"dateModified\":\"2023-12-26T20:30:04+00:00\",\"description\":\"Verwenden Sie diese anpassbare Vorlage f\u00fcr Marketingkampagnen. Erl\u00e4utern Sie alles, von der Konkurrenzforschung und der Kommunikation bis hin zu den Marketingprogrammen, die Sie durchf\u00fchren.\",\"inLanguage\":\"de-DE\",\"potentialAction\":[{\"@type\":\"ReadAction\",\"target\":[\"https:\/\/sales-ai-agents.com\/de\/templates\/competitors-analysis\/\"]}]},{\"@type\":\"ImageObject\",\"inLanguage\":\"de-DE\",\"@id\":\"https:\/\/sales-ai-agents.com\/de\/templates\/competitors-analysis\/#primaryimage\",\"url\":\"https:\/\/sales-ai-agents.com\/wp-content\/uploads\/2022\/09\/Competitors-Analysis.png\",\"contentUrl\":\"https:\/\/sales-ai-agents.com\/wp-content\/uploads\/2022\/09\/Competitors-Analysis.png\",\"width\":1700,\"height\":1100,\"caption\":\"To organize information about your competition, use this template.\"},{\"@type\":\"WebSite\",\"@id\":\"https:\/\/sales-ai-agents.com\/#website\",\"url\":\"https:\/\/sales-ai-agents.com\/\",\"name\":\"FuseBase\",\"description\":\"Nimbus Platform - Free Online Collaboration Software for Remote Teams. Build your wikis, client portals and more with the Nimbus Platform collaboration tool ? A perfect space for online work\",\"publisher\":{\"@id\":\"https:\/\/sales-ai-agents.com\/#organization\"},\"potentialAction\":[{\"@type\":\"SearchAction\",\"target\":{\"@type\":\"EntryPoint\",\"urlTemplate\":\"https:\/\/sales-ai-agents.com\/?s={search_term_string}\"},\"query-input\":{\"@type\":\"PropertyValueSpecification\",\"valueRequired\":true,\"valueName\":\"search_term_string\"}}],\"inLanguage\":\"de-DE\"},{\"@type\":\"Organization\",\"@id\":\"https:\/\/sales-ai-agents.com\/#organization\",\"name\":\"FuseBase\",\"url\":\"https:\/\/sales-ai-agents.com\/\",\"logo\":{\"@type\":\"ImageObject\",\"inLanguage\":\"de-DE\",\"@id\":\"https:\/\/sales-ai-agents.com\/#\/schema\/logo\/image\/\",\"url\":\"https:\/\/sales-ai-agents.com\/wp-content\/uploads\/2023\/11\/icon-7.svg\",\"contentUrl\":\"https:\/\/sales-ai-agents.com\/wp-content\/uploads\/2023\/11\/icon-7.svg\",\"width\":128,\"height\":128,\"caption\":\"FuseBase\"},\"image\":{\"@id\":\"https:\/\/sales-ai-agents.com\/#\/schema\/logo\/image\/\"}}]}<\/script>\n<!-- \/ Yoast SEO plugin. -->","yoast_head_json":{"title":"Vorlage f\u00fcr Konkurrenzanalyse - Sales AI Agents","description":"Verwenden Sie diese anpassbare Vorlage f\u00fcr Marketingkampagnen. Erl\u00e4utern Sie alles, von der Konkurrenzforschung und der Kommunikation bis hin zu den Marketingprogrammen, die Sie durchf\u00fchren.","robots":{"index":"index","follow":"follow","max-snippet":"max-snippet:-1","max-image-preview":"max-image-preview:large","max-video-preview":"max-video-preview:-1"},"canonical":"https:\/\/sales-ai-agents.com\/de\/templates\/competitors-analysis\/","og_locale":"de_DE","og_type":"article","og_title":"Vorlage f\u00fcr Konkurrenzanalyse - Sales AI Agents","og_description":"Verwenden Sie diese anpassbare Vorlage f\u00fcr Marketingkampagnen. Erl\u00e4utern Sie alles, von der Konkurrenzforschung und der Kommunikation bis hin zu den Marketingprogrammen, die Sie durchf\u00fchren.","og_url":"https:\/\/sales-ai-agents.com\/de\/templates\/competitors-analysis\/","og_site_name":"Sales AI Agents","article_modified_time":"2023-12-26T20:30:04+00:00","og_image":[{"width":1700,"height":1100,"url":"https:\/\/sales-ai-agents.com\/wp-content\/uploads\/2022\/09\/Competitors-Analysis.png","type":"image\/png"}],"twitter_card":"summary_large_image","schema":{"@context":"https:\/\/schema.org","@graph":[{"@type":"WebPage","@id":"https:\/\/sales-ai-agents.com\/de\/templates\/competitors-analysis\/","url":"https:\/\/sales-ai-agents.com\/de\/templates\/competitors-analysis\/","name":"Vorlage f\u00fcr Konkurrenzanalyse - Sales AI Agents","isPartOf":{"@id":"https:\/\/sales-ai-agents.com\/#website"},"primaryImageOfPage":{"@id":"https:\/\/sales-ai-agents.com\/de\/templates\/competitors-analysis\/#primaryimage"},"image":{"@id":"https:\/\/sales-ai-agents.com\/de\/templates\/competitors-analysis\/#primaryimage"},"thumbnailUrl":"https:\/\/sales-ai-agents.com\/wp-content\/uploads\/2022\/09\/Competitors-Analysis.png","datePublished":"2022-09-26T12:08:31+00:00","dateModified":"2023-12-26T20:30:04+00:00","description":"Verwenden Sie diese anpassbare Vorlage f\u00fcr Marketingkampagnen. Erl\u00e4utern Sie alles, von der Konkurrenzforschung und der Kommunikation bis hin zu den Marketingprogrammen, die Sie durchf\u00fchren.","inLanguage":"de-DE","potentialAction":[{"@type":"ReadAction","target":["https:\/\/sales-ai-agents.com\/de\/templates\/competitors-analysis\/"]}]},{"@type":"ImageObject","inLanguage":"de-DE","@id":"https:\/\/sales-ai-agents.com\/de\/templates\/competitors-analysis\/#primaryimage","url":"https:\/\/sales-ai-agents.com\/wp-content\/uploads\/2022\/09\/Competitors-Analysis.png","contentUrl":"https:\/\/sales-ai-agents.com\/wp-content\/uploads\/2022\/09\/Competitors-Analysis.png","width":1700,"height":1100,"caption":"To organize information about your competition, use this template."},{"@type":"WebSite","@id":"https:\/\/sales-ai-agents.com\/#website","url":"https:\/\/sales-ai-agents.com\/","name":"FuseBase","description":"Nimbus Platform - Free Online Collaboration Software for Remote Teams. Build your wikis, client portals and more with the Nimbus Platform collaboration tool ? A perfect space for online work","publisher":{"@id":"https:\/\/sales-ai-agents.com\/#organization"},"potentialAction":[{"@type":"SearchAction","target":{"@type":"EntryPoint","urlTemplate":"https:\/\/sales-ai-agents.com\/?s={search_term_string}"},"query-input":{"@type":"PropertyValueSpecification","valueRequired":true,"valueName":"search_term_string"}}],"inLanguage":"de-DE"},{"@type":"Organization","@id":"https:\/\/sales-ai-agents.com\/#organization","name":"FuseBase","url":"https:\/\/sales-ai-agents.com\/","logo":{"@type":"ImageObject","inLanguage":"de-DE","@id":"https:\/\/sales-ai-agents.com\/#\/schema\/logo\/image\/","url":"https:\/\/sales-ai-agents.com\/wp-content\/uploads\/2023\/11\/icon-7.svg","contentUrl":"https:\/\/sales-ai-agents.com\/wp-content\/uploads\/2023\/11\/icon-7.svg","width":128,"height":128,"caption":"FuseBase"},"image":{"@id":"https:\/\/sales-ai-agents.com\/#\/schema\/logo\/image\/"}}]}},"_links":{"self":[{"href":"https:\/\/sales-ai-agents.com\/de\/wp-json\/wp\/v2\/product\/57816","targetHints":{"allow":["GET"]}}],"collection":[{"href":"https:\/\/sales-ai-agents.com\/de\/wp-json\/wp\/v2\/product"}],"about":[{"href":"https:\/\/sales-ai-agents.com\/de\/wp-json\/wp\/v2\/types\/product"}],"wp:featuredmedia":[{"embeddable":true,"href":"https:\/\/sales-ai-agents.com\/de\/wp-json\/wp\/v2\/media\/24969"}],"wp:attachment":[{"href":"https:\/\/sales-ai-agents.com\/de\/wp-json\/wp\/v2\/media?parent=57816"}],"wp:term":[{"taxonomy":"product_brand","embeddable":true,"href":"https:\/\/sales-ai-agents.com\/de\/wp-json\/wp\/v2\/product_brand?post=57816"},{"taxonomy":"product_cat","embeddable":true,"href":"https:\/\/sales-ai-agents.com\/de\/wp-json\/wp\/v2\/product_cat?post=57816"},{"taxonomy":"product_tag","embeddable":true,"href":"https:\/\/sales-ai-agents.com\/de\/wp-json\/wp\/v2\/product_tag?post=57816"}],"curies":[{"name":"wp","href":"https:\/\/api.w.org\/{rel}","templated":true}]}}