{"id":57820,"date":"2022-09-26T12:08:27","date_gmt":"2022-09-26T12:08:27","guid":{"rendered":"https:\/\/sales-ai-agents.com\/templates\/sales-script\/"},"modified":"2023-12-27T15:27:50","modified_gmt":"2023-12-27T15:27:50","slug":"sales-script","status":"publish","type":"product","link":"https:\/\/sales-ai-agents.com\/de\/templates\/sales-script\/","title":{"rendered":"Verkaufsskript"},"content":{"rendered":"<p>&nbsp;<\/p>\n<h2>Skript Vorlage<\/h2>\n<p class=\"desc-text\">Verkaufsgespr\u00e4che und -gespr\u00e4che k\u00f6nnen ohne vorherige Planung oder Strukturierung entmutigend sein. Anstatt ohne Plan in ein Gespr\u00e4ch zu gehen, k\u00f6nnen Sie sich mit unserer Skriptvorlage genau \u00fcberlegen, was Sie sagen wollen. Mit dieser Vorlage k\u00f6nnen Sie eine Strategie f\u00fcr Er\u00f6ffnungs- und Abschlusserkl\u00e4rungen sowie f\u00fcr die n\u00e4chsten Schritte erstellen. Nutzen Sie unsere Vorlage, um mit einem erfolgreichen Plan in Ihre Gespr\u00e4che und Verhandlungen zu gehen.<\/p>\n<h5>Wie zu verwenden:<\/h5>\n<ul class=\"desc-item_list\">\n<li class=\"desc-item_list__point\">Erarbeiten Sie einen Plan f\u00fcr jeden Abschnitt des Drehbuchs<\/li>\n<li class=\"desc-item_list__point\">Beginnen Sie mit Hintergrundinformationen zu Ihrer Arbeit<\/li>\n<li class=\"desc-item_list__point\">F\u00fcllen Sie die Er\u00f6ffnungserkl\u00e4rung mit Ihren Zielen und Absichten aus<\/li>\n<li class=\"desc-item_list__point\">Entwickeln Sie qualifizierte Fragen, die Sie stellen k\u00f6nnen<\/li>\n<li class=\"desc-item_list__point\">Schlussbemerkungen einbeziehen<\/li>\n<li class=\"desc-item_list__point\">Erarbeiten Sie ein Skript f\u00fcr die n\u00e4chsten Schritte<\/li>\n<\/ul>\n","protected":false},"excerpt":{"rendered":"<p>Verkaufsgespr\u00e4che und -gespr\u00e4che k\u00f6nnen ohne vorherige Planung oder Strukturierung entmutigend sein. Anstatt ohne Plan in ein Gespr\u00e4ch zu gehen, sollten Sie unsere Vorlage f\u00fcr ein Verkaufsskript ausprobieren.<\/p>\n","protected":false},"featured_media":25788,"template":"","meta":{"_acf_changed":false,"inline_featured_image":false},"product_brand":[],"product_cat":[193,195],"product_tag":[],"class_list":{"0":"post-57820","1":"product","2":"type-product","3":"status-publish","4":"has-post-thumbnail","6":"product_cat-sales","7":"product_cat-sales-management","9":"first","10":"instock","11":"virtual","12":"sold-individually","13":"product-type-simple"},"acf":[],"yoast_head":"<!-- This site is optimized with the Yoast SEO plugin v25.3.1 - https:\/\/yoast.com\/wordpress\/plugins\/seo\/ -->\n<title>Verkaufsskript Vorlage - Sales AI Agents<\/title>\n<meta name=\"description\" content=\"Verkaufsgespr\u00e4che und -gespr\u00e4che k\u00f6nnen ohne vorherige Planung oder Strukturierung entmutigend sein. Anstatt ohne Plan in ein Gespr\u00e4ch zu gehen, sollten Sie unsere Skriptvorlage ausprobieren.\" \/>\n<meta name=\"robots\" content=\"index, follow, max-snippet:-1, max-image-preview:large, max-video-preview:-1\" \/>\n<link rel=\"canonical\" href=\"https:\/\/sales-ai-agents.com\/de\/templates\/sales-script\/\" \/>\n<meta property=\"og:locale\" content=\"de_DE\" \/>\n<meta property=\"og:type\" content=\"article\" \/>\n<meta property=\"og:title\" content=\"Verkaufsskript Vorlage - Sales AI Agents\" \/>\n<meta property=\"og:description\" content=\"Verkaufsgespr\u00e4che und -gespr\u00e4che k\u00f6nnen ohne vorherige Planung oder Strukturierung entmutigend sein. Anstatt ohne Plan in ein Gespr\u00e4ch zu gehen, sollten Sie unsere Skriptvorlage ausprobieren.\" \/>\n<meta property=\"og:url\" content=\"https:\/\/sales-ai-agents.com\/de\/templates\/sales-script\/\" \/>\n<meta property=\"og:site_name\" content=\"Sales AI Agents\" \/>\n<meta property=\"article:modified_time\" content=\"2023-12-27T15:27:50+00:00\" \/>\n<meta property=\"og:image\" content=\"https:\/\/sales-ai-agents.com\/wp-content\/uploads\/2022\/09\/Sales-Script-Template.png\" \/>\n\t<meta property=\"og:image:width\" content=\"1700\" \/>\n\t<meta property=\"og:image:height\" content=\"1100\" \/>\n\t<meta property=\"og:image:type\" content=\"image\/png\" \/>\n<meta name=\"twitter:card\" content=\"summary_large_image\" \/>\n<script type=\"application\/ld+json\" class=\"yoast-schema-graph\">{\"@context\":\"https:\/\/schema.org\",\"@graph\":[{\"@type\":\"WebPage\",\"@id\":\"https:\/\/sales-ai-agents.com\/de\/templates\/sales-script\/\",\"url\":\"https:\/\/sales-ai-agents.com\/de\/templates\/sales-script\/\",\"name\":\"Verkaufsskript Vorlage - Sales AI Agents\",\"isPartOf\":{\"@id\":\"https:\/\/sales-ai-agents.com\/#website\"},\"primaryImageOfPage\":{\"@id\":\"https:\/\/sales-ai-agents.com\/de\/templates\/sales-script\/#primaryimage\"},\"image\":{\"@id\":\"https:\/\/sales-ai-agents.com\/de\/templates\/sales-script\/#primaryimage\"},\"thumbnailUrl\":\"https:\/\/sales-ai-agents.com\/wp-content\/uploads\/2022\/09\/Sales-Script-Template.png\",\"datePublished\":\"2022-09-26T12:08:27+00:00\",\"dateModified\":\"2023-12-27T15:27:50+00:00\",\"description\":\"Verkaufsgespr\u00e4che und -gespr\u00e4che k\u00f6nnen ohne vorherige Planung oder Strukturierung entmutigend sein. Anstatt ohne Plan in ein Gespr\u00e4ch zu gehen, sollten Sie unsere Skriptvorlage ausprobieren.\",\"inLanguage\":\"de-DE\",\"potentialAction\":[{\"@type\":\"ReadAction\",\"target\":[\"https:\/\/sales-ai-agents.com\/de\/templates\/sales-script\/\"]}]},{\"@type\":\"ImageObject\",\"inLanguage\":\"de-DE\",\"@id\":\"https:\/\/sales-ai-agents.com\/de\/templates\/sales-script\/#primaryimage\",\"url\":\"https:\/\/sales-ai-agents.com\/wp-content\/uploads\/2022\/09\/Sales-Script-Template.png\",\"contentUrl\":\"https:\/\/sales-ai-agents.com\/wp-content\/uploads\/2022\/09\/Sales-Script-Template.png\",\"width\":1700,\"height\":1100,\"caption\":\"Sales calls and pitches can be daunting without prior planning or structuring.\"},{\"@type\":\"WebSite\",\"@id\":\"https:\/\/sales-ai-agents.com\/#website\",\"url\":\"https:\/\/sales-ai-agents.com\/\",\"name\":\"FuseBase\",\"description\":\"Nimbus Platform - Free Online Collaboration Software for Remote Teams. Build your wikis, client portals and more with the Nimbus Platform collaboration tool ? A perfect space for online work\",\"publisher\":{\"@id\":\"https:\/\/sales-ai-agents.com\/#organization\"},\"potentialAction\":[{\"@type\":\"SearchAction\",\"target\":{\"@type\":\"EntryPoint\",\"urlTemplate\":\"https:\/\/sales-ai-agents.com\/?s={search_term_string}\"},\"query-input\":{\"@type\":\"PropertyValueSpecification\",\"valueRequired\":true,\"valueName\":\"search_term_string\"}}],\"inLanguage\":\"de-DE\"},{\"@type\":\"Organization\",\"@id\":\"https:\/\/sales-ai-agents.com\/#organization\",\"name\":\"FuseBase\",\"url\":\"https:\/\/sales-ai-agents.com\/\",\"logo\":{\"@type\":\"ImageObject\",\"inLanguage\":\"de-DE\",\"@id\":\"https:\/\/sales-ai-agents.com\/#\/schema\/logo\/image\/\",\"url\":\"https:\/\/sales-ai-agents.com\/wp-content\/uploads\/2023\/11\/icon-7.svg\",\"contentUrl\":\"https:\/\/sales-ai-agents.com\/wp-content\/uploads\/2023\/11\/icon-7.svg\",\"width\":128,\"height\":128,\"caption\":\"FuseBase\"},\"image\":{\"@id\":\"https:\/\/sales-ai-agents.com\/#\/schema\/logo\/image\/\"}}]}<\/script>\n<!-- \/ Yoast SEO plugin. -->","yoast_head_json":{"title":"Verkaufsskript Vorlage - Sales AI Agents","description":"Verkaufsgespr\u00e4che und -gespr\u00e4che k\u00f6nnen ohne vorherige Planung oder Strukturierung entmutigend sein. Anstatt ohne Plan in ein Gespr\u00e4ch zu gehen, sollten Sie unsere Skriptvorlage ausprobieren.","robots":{"index":"index","follow":"follow","max-snippet":"max-snippet:-1","max-image-preview":"max-image-preview:large","max-video-preview":"max-video-preview:-1"},"canonical":"https:\/\/sales-ai-agents.com\/de\/templates\/sales-script\/","og_locale":"de_DE","og_type":"article","og_title":"Verkaufsskript Vorlage - Sales AI Agents","og_description":"Verkaufsgespr\u00e4che und -gespr\u00e4che k\u00f6nnen ohne vorherige Planung oder Strukturierung entmutigend sein. Anstatt ohne Plan in ein Gespr\u00e4ch zu gehen, sollten Sie unsere Skriptvorlage ausprobieren.","og_url":"https:\/\/sales-ai-agents.com\/de\/templates\/sales-script\/","og_site_name":"Sales AI Agents","article_modified_time":"2023-12-27T15:27:50+00:00","og_image":[{"width":1700,"height":1100,"url":"https:\/\/sales-ai-agents.com\/wp-content\/uploads\/2022\/09\/Sales-Script-Template.png","type":"image\/png"}],"twitter_card":"summary_large_image","schema":{"@context":"https:\/\/schema.org","@graph":[{"@type":"WebPage","@id":"https:\/\/sales-ai-agents.com\/de\/templates\/sales-script\/","url":"https:\/\/sales-ai-agents.com\/de\/templates\/sales-script\/","name":"Verkaufsskript Vorlage - Sales AI Agents","isPartOf":{"@id":"https:\/\/sales-ai-agents.com\/#website"},"primaryImageOfPage":{"@id":"https:\/\/sales-ai-agents.com\/de\/templates\/sales-script\/#primaryimage"},"image":{"@id":"https:\/\/sales-ai-agents.com\/de\/templates\/sales-script\/#primaryimage"},"thumbnailUrl":"https:\/\/sales-ai-agents.com\/wp-content\/uploads\/2022\/09\/Sales-Script-Template.png","datePublished":"2022-09-26T12:08:27+00:00","dateModified":"2023-12-27T15:27:50+00:00","description":"Verkaufsgespr\u00e4che und -gespr\u00e4che k\u00f6nnen ohne vorherige Planung oder Strukturierung entmutigend sein. Anstatt ohne Plan in ein Gespr\u00e4ch zu gehen, sollten Sie unsere Skriptvorlage ausprobieren.","inLanguage":"de-DE","potentialAction":[{"@type":"ReadAction","target":["https:\/\/sales-ai-agents.com\/de\/templates\/sales-script\/"]}]},{"@type":"ImageObject","inLanguage":"de-DE","@id":"https:\/\/sales-ai-agents.com\/de\/templates\/sales-script\/#primaryimage","url":"https:\/\/sales-ai-agents.com\/wp-content\/uploads\/2022\/09\/Sales-Script-Template.png","contentUrl":"https:\/\/sales-ai-agents.com\/wp-content\/uploads\/2022\/09\/Sales-Script-Template.png","width":1700,"height":1100,"caption":"Sales calls and pitches can be daunting without prior planning or structuring."},{"@type":"WebSite","@id":"https:\/\/sales-ai-agents.com\/#website","url":"https:\/\/sales-ai-agents.com\/","name":"FuseBase","description":"Nimbus Platform - Free Online Collaboration Software for Remote Teams. Build your wikis, client portals and more with the Nimbus Platform collaboration tool ? A perfect space for online work","publisher":{"@id":"https:\/\/sales-ai-agents.com\/#organization"},"potentialAction":[{"@type":"SearchAction","target":{"@type":"EntryPoint","urlTemplate":"https:\/\/sales-ai-agents.com\/?s={search_term_string}"},"query-input":{"@type":"PropertyValueSpecification","valueRequired":true,"valueName":"search_term_string"}}],"inLanguage":"de-DE"},{"@type":"Organization","@id":"https:\/\/sales-ai-agents.com\/#organization","name":"FuseBase","url":"https:\/\/sales-ai-agents.com\/","logo":{"@type":"ImageObject","inLanguage":"de-DE","@id":"https:\/\/sales-ai-agents.com\/#\/schema\/logo\/image\/","url":"https:\/\/sales-ai-agents.com\/wp-content\/uploads\/2023\/11\/icon-7.svg","contentUrl":"https:\/\/sales-ai-agents.com\/wp-content\/uploads\/2023\/11\/icon-7.svg","width":128,"height":128,"caption":"FuseBase"},"image":{"@id":"https:\/\/sales-ai-agents.com\/#\/schema\/logo\/image\/"}}]}},"_links":{"self":[{"href":"https:\/\/sales-ai-agents.com\/de\/wp-json\/wp\/v2\/product\/57820","targetHints":{"allow":["GET"]}}],"collection":[{"href":"https:\/\/sales-ai-agents.com\/de\/wp-json\/wp\/v2\/product"}],"about":[{"href":"https:\/\/sales-ai-agents.com\/de\/wp-json\/wp\/v2\/types\/product"}],"wp:featuredmedia":[{"embeddable":true,"href":"https:\/\/sales-ai-agents.com\/de\/wp-json\/wp\/v2\/media\/25788"}],"wp:attachment":[{"href":"https:\/\/sales-ai-agents.com\/de\/wp-json\/wp\/v2\/media?parent=57820"}],"wp:term":[{"taxonomy":"product_brand","embeddable":true,"href":"https:\/\/sales-ai-agents.com\/de\/wp-json\/wp\/v2\/product_brand?post=57820"},{"taxonomy":"product_cat","embeddable":true,"href":"https:\/\/sales-ai-agents.com\/de\/wp-json\/wp\/v2\/product_cat?post=57820"},{"taxonomy":"product_tag","embeddable":true,"href":"https:\/\/sales-ai-agents.com\/de\/wp-json\/wp\/v2\/product_tag?post=57820"}],"curies":[{"name":"wp","href":"https:\/\/api.w.org\/{rel}","templated":true}]}}