{"id":57838,"date":"2022-09-26T12:08:24","date_gmt":"2022-09-26T12:08:24","guid":{"rendered":"https:\/\/sales-ai-agents.com\/templates\/student-tracking\/"},"modified":"2023-12-27T15:53:54","modified_gmt":"2023-12-27T15:53:54","slug":"student-tracking","status":"publish","type":"product","link":"https:\/\/sales-ai-agents.com\/de\/templates\/student-tracking\/","title":{"rendered":"Verfolgung von Studenten"},"content":{"rendered":"<p>&nbsp;<\/p>\n<h2>Vorlage f\u00fcr die Nachverfolgung von Studenten<\/h2>\n<p class=\"desc-text\">Bei einer Handvoll Sch\u00fcler, die es zu beaufsichtigen gilt, ist die Verwaltung all dieser Informationen mit einer Menge Arbeit verbunden. Unsere anpassbare Vorlage f\u00fcr die Nachverfolgung hilft bei der Organisation von Daten \u00fcber jeden Sch\u00fcler. Es ist hilfreich, egal ob Sie Studenten auf dem Campus verwalten oder auf einer Online-Bildungsplattform arbeiten. Geben Sie das Datum des Abschlusses, die erworbenen Credits, Berater und mehr an. Bewahren Sie alle Daten in einer voll funktionsf\u00e4higen Tabelle auf. Mit einfachen Lehrmitteln k\u00f6nnen Sie sicherstellen, dass alle Sch\u00fcler auf dem richtigen Weg sind. Nutzen Sie es, um Informationen auszutauschen, Zeitpl\u00e4ne zu erstellen, akademische Stufen zu gruppieren und vieles mehr.<\/p>\n<h5>Wie zu verwenden:<\/h5>\n<ul class=\"desc-item_list\">\n<li class=\"desc-item_list__point\">Hinzuf\u00fcgen von Sch\u00fclernamen und IDs zur Tabelle<\/li>\n<li class=\"desc-item_list__point\">F\u00fcgen Sie ein Foto oder einen Schnappschuss jedes Sch\u00fclers\/jeder Sch\u00fclerin bei<\/li>\n<li class=\"desc-item_list__point\">W\u00e4hlen Sie farbige Etiketten, um Abteilungen und Abschlusssemester anzuzeigen<\/li>\n<li class=\"desc-item_list__point\">Verwendung von Schecks zur Verfolgung des Praktikumsstatus<\/li>\n<li class=\"desc-item_list__point\">Fertige Einheiten hinzuf\u00fcgen und farbige Etiketten f\u00fcr den Status ausw\u00e4hlen<\/li>\n<li class=\"desc-item_list__point\">Kontaktinformationen des akademischen Beraters einf\u00fcgen<\/li>\n<\/ul>\n","protected":false},"excerpt":{"rendered":"<p>Wenn Sie viele Sch\u00fcler haben, kann die Verwaltung all ihrer Informationen eine Herausforderung sein. Diese Vorlage zur Nachverfolgung kann Ihnen helfen, Ihre Daten \u00fcber jeden Sch\u00fcler zu organisieren.<\/p>\n","protected":false},"featured_media":20650,"template":"","meta":{"_acf_changed":false,"inline_featured_image":false},"product_brand":[],"product_cat":[198],"product_tag":[],"class_list":{"0":"post-57838","1":"product","2":"type-product","3":"status-publish","4":"has-post-thumbnail","6":"product_cat-teacher","8":"first","9":"instock","10":"virtual","11":"sold-individually","12":"product-type-simple"},"acf":[],"yoast_head":"<!-- This site is optimized with the Yoast SEO plugin v25.3.1 - https:\/\/yoast.com\/wordpress\/plugins\/seo\/ -->\n<title>Vorlage f\u00fcr die Nachverfolgung von Sch\u00fclern - Sales AI Agents<\/title>\n<meta name=\"description\" content=\"Wenn Sie viele Sch\u00fcler haben, kann die Verwaltung all ihrer Informationen eine Herausforderung sein. Diese Vorlage zur Nachverfolgung kann Ihnen helfen, Ihre Daten \u00fcber jeden Sch\u00fcler zu organisieren.\" \/>\n<meta name=\"robots\" content=\"index, follow, max-snippet:-1, max-image-preview:large, max-video-preview:-1\" \/>\n<link rel=\"canonical\" href=\"https:\/\/sales-ai-agents.com\/de\/templates\/student-tracking\/\" \/>\n<meta property=\"og:locale\" content=\"de_DE\" \/>\n<meta property=\"og:type\" content=\"article\" \/>\n<meta property=\"og:title\" content=\"Vorlage f\u00fcr die Nachverfolgung von Sch\u00fclern - Sales AI Agents\" \/>\n<meta property=\"og:description\" content=\"Wenn Sie viele Sch\u00fcler haben, kann die Verwaltung all ihrer Informationen eine Herausforderung sein. Diese Vorlage zur Nachverfolgung kann Ihnen helfen, Ihre Daten \u00fcber jeden Sch\u00fcler zu organisieren.\" \/>\n<meta property=\"og:url\" content=\"https:\/\/sales-ai-agents.com\/de\/templates\/student-tracking\/\" \/>\n<meta property=\"og:site_name\" content=\"Sales AI Agents\" \/>\n<meta property=\"article:modified_time\" content=\"2023-12-27T15:53:54+00:00\" \/>\n<meta property=\"og:image\" content=\"https:\/\/sales-ai-agents.com\/wp-content\/uploads\/2023\/01\/image-preview122045.png\" \/>\n\t<meta property=\"og:image:width\" content=\"1078\" \/>\n\t<meta property=\"og:image:height\" content=\"760\" \/>\n\t<meta property=\"og:image:type\" content=\"image\/png\" \/>\n<meta name=\"twitter:card\" content=\"summary_large_image\" \/>\n<script type=\"application\/ld+json\" class=\"yoast-schema-graph\">{\"@context\":\"https:\/\/schema.org\",\"@graph\":[{\"@type\":\"WebPage\",\"@id\":\"https:\/\/sales-ai-agents.com\/de\/templates\/student-tracking\/\",\"url\":\"https:\/\/sales-ai-agents.com\/de\/templates\/student-tracking\/\",\"name\":\"Vorlage f\u00fcr die Nachverfolgung von Sch\u00fclern - Sales AI Agents\",\"isPartOf\":{\"@id\":\"https:\/\/sales-ai-agents.com\/#website\"},\"primaryImageOfPage\":{\"@id\":\"https:\/\/sales-ai-agents.com\/de\/templates\/student-tracking\/#primaryimage\"},\"image\":{\"@id\":\"https:\/\/sales-ai-agents.com\/de\/templates\/student-tracking\/#primaryimage\"},\"thumbnailUrl\":\"https:\/\/sales-ai-agents.com\/wp-content\/uploads\/2023\/01\/image-preview122045.png\",\"datePublished\":\"2022-09-26T12:08:24+00:00\",\"dateModified\":\"2023-12-27T15:53:54+00:00\",\"description\":\"Wenn Sie viele Sch\u00fcler haben, kann die Verwaltung all ihrer Informationen eine Herausforderung sein. Diese Vorlage zur Nachverfolgung kann Ihnen helfen, Ihre Daten \u00fcber jeden Sch\u00fcler zu organisieren.\",\"inLanguage\":\"de-DE\",\"potentialAction\":[{\"@type\":\"ReadAction\",\"target\":[\"https:\/\/sales-ai-agents.com\/de\/templates\/student-tracking\/\"]}]},{\"@type\":\"ImageObject\",\"inLanguage\":\"de-DE\",\"@id\":\"https:\/\/sales-ai-agents.com\/de\/templates\/student-tracking\/#primaryimage\",\"url\":\"https:\/\/sales-ai-agents.com\/wp-content\/uploads\/2023\/01\/image-preview122045.png\",\"contentUrl\":\"https:\/\/sales-ai-agents.com\/wp-content\/uploads\/2023\/01\/image-preview122045.png\",\"width\":1078,\"height\":760,\"caption\":\"Student Tracking Template - Nimbus Platform\"},{\"@type\":\"WebSite\",\"@id\":\"https:\/\/sales-ai-agents.com\/#website\",\"url\":\"https:\/\/sales-ai-agents.com\/\",\"name\":\"FuseBase\",\"description\":\"Nimbus Platform - Free Online Collaboration Software for Remote Teams. Build your wikis, client portals and more with the Nimbus Platform collaboration tool ? A perfect space for online work\",\"publisher\":{\"@id\":\"https:\/\/sales-ai-agents.com\/#organization\"},\"potentialAction\":[{\"@type\":\"SearchAction\",\"target\":{\"@type\":\"EntryPoint\",\"urlTemplate\":\"https:\/\/sales-ai-agents.com\/?s={search_term_string}\"},\"query-input\":{\"@type\":\"PropertyValueSpecification\",\"valueRequired\":true,\"valueName\":\"search_term_string\"}}],\"inLanguage\":\"de-DE\"},{\"@type\":\"Organization\",\"@id\":\"https:\/\/sales-ai-agents.com\/#organization\",\"name\":\"FuseBase\",\"url\":\"https:\/\/sales-ai-agents.com\/\",\"logo\":{\"@type\":\"ImageObject\",\"inLanguage\":\"de-DE\",\"@id\":\"https:\/\/sales-ai-agents.com\/#\/schema\/logo\/image\/\",\"url\":\"https:\/\/sales-ai-agents.com\/wp-content\/uploads\/2023\/11\/icon-7.svg\",\"contentUrl\":\"https:\/\/sales-ai-agents.com\/wp-content\/uploads\/2023\/11\/icon-7.svg\",\"width\":128,\"height\":128,\"caption\":\"FuseBase\"},\"image\":{\"@id\":\"https:\/\/sales-ai-agents.com\/#\/schema\/logo\/image\/\"}}]}<\/script>\n<!-- \/ Yoast SEO plugin. -->","yoast_head_json":{"title":"Vorlage f\u00fcr die Nachverfolgung von Sch\u00fclern - Sales AI Agents","description":"Wenn Sie viele Sch\u00fcler haben, kann die Verwaltung all ihrer Informationen eine Herausforderung sein. Diese Vorlage zur Nachverfolgung kann Ihnen helfen, Ihre Daten \u00fcber jeden Sch\u00fcler zu organisieren.","robots":{"index":"index","follow":"follow","max-snippet":"max-snippet:-1","max-image-preview":"max-image-preview:large","max-video-preview":"max-video-preview:-1"},"canonical":"https:\/\/sales-ai-agents.com\/de\/templates\/student-tracking\/","og_locale":"de_DE","og_type":"article","og_title":"Vorlage f\u00fcr die Nachverfolgung von Sch\u00fclern - Sales AI Agents","og_description":"Wenn Sie viele Sch\u00fcler haben, kann die Verwaltung all ihrer Informationen eine Herausforderung sein. Diese Vorlage zur Nachverfolgung kann Ihnen helfen, Ihre Daten \u00fcber jeden Sch\u00fcler zu organisieren.","og_url":"https:\/\/sales-ai-agents.com\/de\/templates\/student-tracking\/","og_site_name":"Sales AI Agents","article_modified_time":"2023-12-27T15:53:54+00:00","og_image":[{"width":1078,"height":760,"url":"https:\/\/sales-ai-agents.com\/wp-content\/uploads\/2023\/01\/image-preview122045.png","type":"image\/png"}],"twitter_card":"summary_large_image","schema":{"@context":"https:\/\/schema.org","@graph":[{"@type":"WebPage","@id":"https:\/\/sales-ai-agents.com\/de\/templates\/student-tracking\/","url":"https:\/\/sales-ai-agents.com\/de\/templates\/student-tracking\/","name":"Vorlage f\u00fcr die Nachverfolgung von Sch\u00fclern - Sales AI Agents","isPartOf":{"@id":"https:\/\/sales-ai-agents.com\/#website"},"primaryImageOfPage":{"@id":"https:\/\/sales-ai-agents.com\/de\/templates\/student-tracking\/#primaryimage"},"image":{"@id":"https:\/\/sales-ai-agents.com\/de\/templates\/student-tracking\/#primaryimage"},"thumbnailUrl":"https:\/\/sales-ai-agents.com\/wp-content\/uploads\/2023\/01\/image-preview122045.png","datePublished":"2022-09-26T12:08:24+00:00","dateModified":"2023-12-27T15:53:54+00:00","description":"Wenn Sie viele Sch\u00fcler haben, kann die Verwaltung all ihrer Informationen eine Herausforderung sein. Diese Vorlage zur Nachverfolgung kann Ihnen helfen, Ihre Daten \u00fcber jeden Sch\u00fcler zu organisieren.","inLanguage":"de-DE","potentialAction":[{"@type":"ReadAction","target":["https:\/\/sales-ai-agents.com\/de\/templates\/student-tracking\/"]}]},{"@type":"ImageObject","inLanguage":"de-DE","@id":"https:\/\/sales-ai-agents.com\/de\/templates\/student-tracking\/#primaryimage","url":"https:\/\/sales-ai-agents.com\/wp-content\/uploads\/2023\/01\/image-preview122045.png","contentUrl":"https:\/\/sales-ai-agents.com\/wp-content\/uploads\/2023\/01\/image-preview122045.png","width":1078,"height":760,"caption":"Student Tracking Template - Nimbus Platform"},{"@type":"WebSite","@id":"https:\/\/sales-ai-agents.com\/#website","url":"https:\/\/sales-ai-agents.com\/","name":"FuseBase","description":"Nimbus Platform - Free Online Collaboration Software for Remote Teams. Build your wikis, client portals and more with the Nimbus Platform collaboration tool ? A perfect space for online work","publisher":{"@id":"https:\/\/sales-ai-agents.com\/#organization"},"potentialAction":[{"@type":"SearchAction","target":{"@type":"EntryPoint","urlTemplate":"https:\/\/sales-ai-agents.com\/?s={search_term_string}"},"query-input":{"@type":"PropertyValueSpecification","valueRequired":true,"valueName":"search_term_string"}}],"inLanguage":"de-DE"},{"@type":"Organization","@id":"https:\/\/sales-ai-agents.com\/#organization","name":"FuseBase","url":"https:\/\/sales-ai-agents.com\/","logo":{"@type":"ImageObject","inLanguage":"de-DE","@id":"https:\/\/sales-ai-agents.com\/#\/schema\/logo\/image\/","url":"https:\/\/sales-ai-agents.com\/wp-content\/uploads\/2023\/11\/icon-7.svg","contentUrl":"https:\/\/sales-ai-agents.com\/wp-content\/uploads\/2023\/11\/icon-7.svg","width":128,"height":128,"caption":"FuseBase"},"image":{"@id":"https:\/\/sales-ai-agents.com\/#\/schema\/logo\/image\/"}}]}},"_links":{"self":[{"href":"https:\/\/sales-ai-agents.com\/de\/wp-json\/wp\/v2\/product\/57838","targetHints":{"allow":["GET"]}}],"collection":[{"href":"https:\/\/sales-ai-agents.com\/de\/wp-json\/wp\/v2\/product"}],"about":[{"href":"https:\/\/sales-ai-agents.com\/de\/wp-json\/wp\/v2\/types\/product"}],"wp:featuredmedia":[{"embeddable":true,"href":"https:\/\/sales-ai-agents.com\/de\/wp-json\/wp\/v2\/media\/20650"}],"wp:attachment":[{"href":"https:\/\/sales-ai-agents.com\/de\/wp-json\/wp\/v2\/media?parent=57838"}],"wp:term":[{"taxonomy":"product_brand","embeddable":true,"href":"https:\/\/sales-ai-agents.com\/de\/wp-json\/wp\/v2\/product_brand?post=57838"},{"taxonomy":"product_cat","embeddable":true,"href":"https:\/\/sales-ai-agents.com\/de\/wp-json\/wp\/v2\/product_cat?post=57838"},{"taxonomy":"product_tag","embeddable":true,"href":"https:\/\/sales-ai-agents.com\/de\/wp-json\/wp\/v2\/product_tag?post=57838"}],"curies":[{"name":"wp","href":"https:\/\/api.w.org\/{rel}","templated":true}]}}