{"id":57843,"date":"2022-09-26T12:08:20","date_gmt":"2022-09-26T12:08:20","guid":{"rendered":"https:\/\/sales-ai-agents.com\/templates\/cv\/"},"modified":"2023-12-27T15:25:14","modified_gmt":"2023-12-27T15:25:14","slug":"cv","status":"publish","type":"product","link":"https:\/\/sales-ai-agents.com\/de\/templates\/cv\/","title":{"rendered":"CV"},"content":{"rendered":"<p>&nbsp;<\/p>\n<h2>CV-Vorlage<\/h2>\n<p class=\"desc-text\">Ein guter Lebenslauf ist f\u00fcr Bewerbungen unerl\u00e4sslich, unabh\u00e4ngig davon, ob Sie sich um eine Vollzeit- oder Teilzeitstelle, eine interne oder externe Stelle bewerben. Sie werden auch f\u00fcr Bef\u00f6rderungen, Laufbahnwechsel und Praktika ben\u00f6tigt &#8211; im Grunde immer dann, wenn ein Arbeitgeber oder Entscheidungstr\u00e4ger Bewerber in die engere Wahl nimmt, ein Vorstellungsgespr\u00e4ch f\u00fchrt oder eine Auswahl trifft. Verwenden Sie diese Vorlage, um einen Lebenslauf zu erstellen, der Ihre Erfahrung besser zur Geltung bringt.<\/p>\n<h5>Wie zu verwenden:<\/h5>\n<ul class=\"desc-item_list\">\n<li class=\"desc-item_list__point\">F\u00fcgen Sie Ihre Kontaktinformationen hinzu<\/li>\n<li class=\"desc-item_list__point\">Ihr Foto hochladen<\/li>\n<li class=\"desc-item_list__point\">Erkl\u00e4ren Sie mehr \u00fcber Ihre Ziele im Abschnitt Profil<\/li>\n<li class=\"desc-item_list__point\">Geben Sie Informationen \u00fcber Ihre Berufserfahrung und Ausbildung an<\/li>\n<li class=\"desc-item_list__point\">Verwenden Sie die Bewertungsleiste, um Ihr Sprachniveau anzuzeigen<\/li>\n<li class=\"desc-item_list__point\">Verwenden Sie den Fortschrittsbalken, um den Stand Ihrer kognitiven Eigenschaften anzuzeigen<\/li>\n<\/ul>\n","protected":false},"excerpt":{"rendered":"<p>Ein guter Lebenslauf ist f\u00fcr Bewerbungen unerl\u00e4sslich. Diese kostenlose anpassbare Vorlage kann Ihnen dabei helfen. Geben Sie Ihre Erfahrung und Ihren Hintergrund an, um eine Stelle zu finden.<\/p>\n","protected":false},"featured_media":20648,"template":"","meta":{"_acf_changed":false,"inline_featured_image":false},"product_brand":[],"product_cat":[180,185,197],"product_tag":[],"class_list":{"0":"post-57843","1":"product","2":"type-product","3":"status-publish","4":"has-post-thumbnail","6":"product_cat-personal","7":"product_cat-personal-work","8":"product_cat-student","10":"first","11":"instock","12":"virtual","13":"sold-individually","14":"product-type-simple"},"acf":[],"yoast_head":"<!-- This site is optimized with the Yoast SEO plugin v25.3.1 - https:\/\/yoast.com\/wordpress\/plugins\/seo\/ -->\n<title>CV-Vorlagen Vorlage - Sales AI Agents<\/title>\n<meta name=\"description\" content=\"Ein guter Lebenslauf ist f\u00fcr Bewerbungen unerl\u00e4sslich. Diese kostenlose, anpassbare Vorlage kann Ihnen helfen, Ihre Erfahrung und Ihren Hintergrund auszuf\u00fcllen, um einen Job zu bekommen!\" \/>\n<meta name=\"robots\" content=\"index, follow, max-snippet:-1, max-image-preview:large, max-video-preview:-1\" \/>\n<link rel=\"canonical\" href=\"https:\/\/sales-ai-agents.com\/de\/templates\/cv\/\" \/>\n<meta property=\"og:locale\" content=\"de_DE\" \/>\n<meta property=\"og:type\" content=\"article\" \/>\n<meta property=\"og:title\" content=\"CV-Vorlagen Vorlage - Sales AI Agents\" \/>\n<meta property=\"og:description\" content=\"Ein guter Lebenslauf ist f\u00fcr Bewerbungen unerl\u00e4sslich. Diese kostenlose, anpassbare Vorlage kann Ihnen helfen, Ihre Erfahrung und Ihren Hintergrund auszuf\u00fcllen, um einen Job zu bekommen!\" \/>\n<meta property=\"og:url\" content=\"https:\/\/sales-ai-agents.com\/de\/templates\/cv\/\" \/>\n<meta property=\"og:site_name\" content=\"Sales AI Agents\" \/>\n<meta property=\"article:modified_time\" content=\"2023-12-27T15:25:14+00:00\" \/>\n<meta property=\"og:image\" content=\"https:\/\/sales-ai-agents.com\/wp-content\/uploads\/2023\/01\/image-preview122042.png\" \/>\n\t<meta property=\"og:image:width\" content=\"1078\" \/>\n\t<meta property=\"og:image:height\" content=\"2500\" \/>\n\t<meta property=\"og:image:type\" content=\"image\/png\" \/>\n<meta name=\"twitter:card\" content=\"summary_large_image\" \/>\n<script type=\"application\/ld+json\" class=\"yoast-schema-graph\">{\"@context\":\"https:\/\/schema.org\",\"@graph\":[{\"@type\":\"WebPage\",\"@id\":\"https:\/\/sales-ai-agents.com\/de\/templates\/cv\/\",\"url\":\"https:\/\/sales-ai-agents.com\/de\/templates\/cv\/\",\"name\":\"CV-Vorlagen Vorlage - Sales AI Agents\",\"isPartOf\":{\"@id\":\"https:\/\/sales-ai-agents.com\/#website\"},\"primaryImageOfPage\":{\"@id\":\"https:\/\/sales-ai-agents.com\/de\/templates\/cv\/#primaryimage\"},\"image\":{\"@id\":\"https:\/\/sales-ai-agents.com\/de\/templates\/cv\/#primaryimage\"},\"thumbnailUrl\":\"https:\/\/sales-ai-agents.com\/wp-content\/uploads\/2023\/01\/image-preview122042.png\",\"datePublished\":\"2022-09-26T12:08:20+00:00\",\"dateModified\":\"2023-12-27T15:25:14+00:00\",\"description\":\"Ein guter Lebenslauf ist f\u00fcr Bewerbungen unerl\u00e4sslich. Diese kostenlose, anpassbare Vorlage kann Ihnen helfen, Ihre Erfahrung und Ihren Hintergrund auszuf\u00fcllen, um einen Job zu bekommen!\",\"inLanguage\":\"de-DE\",\"potentialAction\":[{\"@type\":\"ReadAction\",\"target\":[\"https:\/\/sales-ai-agents.com\/de\/templates\/cv\/\"]}]},{\"@type\":\"ImageObject\",\"inLanguage\":\"de-DE\",\"@id\":\"https:\/\/sales-ai-agents.com\/de\/templates\/cv\/#primaryimage\",\"url\":\"https:\/\/sales-ai-agents.com\/wp-content\/uploads\/2023\/01\/image-preview122042.png\",\"contentUrl\":\"https:\/\/sales-ai-agents.com\/wp-content\/uploads\/2023\/01\/image-preview122042.png\",\"width\":1078,\"height\":2500,\"caption\":\"CV Template - Nimbus Platform\"},{\"@type\":\"WebSite\",\"@id\":\"https:\/\/sales-ai-agents.com\/#website\",\"url\":\"https:\/\/sales-ai-agents.com\/\",\"name\":\"FuseBase\",\"description\":\"Nimbus Platform - Free Online Collaboration Software for Remote Teams. Build your wikis, client portals and more with the Nimbus Platform collaboration tool ? A perfect space for online work\",\"publisher\":{\"@id\":\"https:\/\/sales-ai-agents.com\/#organization\"},\"potentialAction\":[{\"@type\":\"SearchAction\",\"target\":{\"@type\":\"EntryPoint\",\"urlTemplate\":\"https:\/\/sales-ai-agents.com\/?s={search_term_string}\"},\"query-input\":{\"@type\":\"PropertyValueSpecification\",\"valueRequired\":true,\"valueName\":\"search_term_string\"}}],\"inLanguage\":\"de-DE\"},{\"@type\":\"Organization\",\"@id\":\"https:\/\/sales-ai-agents.com\/#organization\",\"name\":\"FuseBase\",\"url\":\"https:\/\/sales-ai-agents.com\/\",\"logo\":{\"@type\":\"ImageObject\",\"inLanguage\":\"de-DE\",\"@id\":\"https:\/\/sales-ai-agents.com\/#\/schema\/logo\/image\/\",\"url\":\"https:\/\/sales-ai-agents.com\/wp-content\/uploads\/2023\/11\/icon-7.svg\",\"contentUrl\":\"https:\/\/sales-ai-agents.com\/wp-content\/uploads\/2023\/11\/icon-7.svg\",\"width\":128,\"height\":128,\"caption\":\"FuseBase\"},\"image\":{\"@id\":\"https:\/\/sales-ai-agents.com\/#\/schema\/logo\/image\/\"}}]}<\/script>\n<!-- \/ Yoast SEO plugin. -->","yoast_head_json":{"title":"CV-Vorlagen Vorlage - Sales AI Agents","description":"Ein guter Lebenslauf ist f\u00fcr Bewerbungen unerl\u00e4sslich. Diese kostenlose, anpassbare Vorlage kann Ihnen helfen, Ihre Erfahrung und Ihren Hintergrund auszuf\u00fcllen, um einen Job zu bekommen!","robots":{"index":"index","follow":"follow","max-snippet":"max-snippet:-1","max-image-preview":"max-image-preview:large","max-video-preview":"max-video-preview:-1"},"canonical":"https:\/\/sales-ai-agents.com\/de\/templates\/cv\/","og_locale":"de_DE","og_type":"article","og_title":"CV-Vorlagen Vorlage - Sales AI Agents","og_description":"Ein guter Lebenslauf ist f\u00fcr Bewerbungen unerl\u00e4sslich. Diese kostenlose, anpassbare Vorlage kann Ihnen helfen, Ihre Erfahrung und Ihren Hintergrund auszuf\u00fcllen, um einen Job zu bekommen!","og_url":"https:\/\/sales-ai-agents.com\/de\/templates\/cv\/","og_site_name":"Sales AI Agents","article_modified_time":"2023-12-27T15:25:14+00:00","og_image":[{"width":1078,"height":2500,"url":"https:\/\/sales-ai-agents.com\/wp-content\/uploads\/2023\/01\/image-preview122042.png","type":"image\/png"}],"twitter_card":"summary_large_image","schema":{"@context":"https:\/\/schema.org","@graph":[{"@type":"WebPage","@id":"https:\/\/sales-ai-agents.com\/de\/templates\/cv\/","url":"https:\/\/sales-ai-agents.com\/de\/templates\/cv\/","name":"CV-Vorlagen Vorlage - Sales AI Agents","isPartOf":{"@id":"https:\/\/sales-ai-agents.com\/#website"},"primaryImageOfPage":{"@id":"https:\/\/sales-ai-agents.com\/de\/templates\/cv\/#primaryimage"},"image":{"@id":"https:\/\/sales-ai-agents.com\/de\/templates\/cv\/#primaryimage"},"thumbnailUrl":"https:\/\/sales-ai-agents.com\/wp-content\/uploads\/2023\/01\/image-preview122042.png","datePublished":"2022-09-26T12:08:20+00:00","dateModified":"2023-12-27T15:25:14+00:00","description":"Ein guter Lebenslauf ist f\u00fcr Bewerbungen unerl\u00e4sslich. Diese kostenlose, anpassbare Vorlage kann Ihnen helfen, Ihre Erfahrung und Ihren Hintergrund auszuf\u00fcllen, um einen Job zu bekommen!","inLanguage":"de-DE","potentialAction":[{"@type":"ReadAction","target":["https:\/\/sales-ai-agents.com\/de\/templates\/cv\/"]}]},{"@type":"ImageObject","inLanguage":"de-DE","@id":"https:\/\/sales-ai-agents.com\/de\/templates\/cv\/#primaryimage","url":"https:\/\/sales-ai-agents.com\/wp-content\/uploads\/2023\/01\/image-preview122042.png","contentUrl":"https:\/\/sales-ai-agents.com\/wp-content\/uploads\/2023\/01\/image-preview122042.png","width":1078,"height":2500,"caption":"CV Template - Nimbus Platform"},{"@type":"WebSite","@id":"https:\/\/sales-ai-agents.com\/#website","url":"https:\/\/sales-ai-agents.com\/","name":"FuseBase","description":"Nimbus Platform - Free Online Collaboration Software for Remote Teams. Build your wikis, client portals and more with the Nimbus Platform collaboration tool ? A perfect space for online work","publisher":{"@id":"https:\/\/sales-ai-agents.com\/#organization"},"potentialAction":[{"@type":"SearchAction","target":{"@type":"EntryPoint","urlTemplate":"https:\/\/sales-ai-agents.com\/?s={search_term_string}"},"query-input":{"@type":"PropertyValueSpecification","valueRequired":true,"valueName":"search_term_string"}}],"inLanguage":"de-DE"},{"@type":"Organization","@id":"https:\/\/sales-ai-agents.com\/#organization","name":"FuseBase","url":"https:\/\/sales-ai-agents.com\/","logo":{"@type":"ImageObject","inLanguage":"de-DE","@id":"https:\/\/sales-ai-agents.com\/#\/schema\/logo\/image\/","url":"https:\/\/sales-ai-agents.com\/wp-content\/uploads\/2023\/11\/icon-7.svg","contentUrl":"https:\/\/sales-ai-agents.com\/wp-content\/uploads\/2023\/11\/icon-7.svg","width":128,"height":128,"caption":"FuseBase"},"image":{"@id":"https:\/\/sales-ai-agents.com\/#\/schema\/logo\/image\/"}}]}},"_links":{"self":[{"href":"https:\/\/sales-ai-agents.com\/de\/wp-json\/wp\/v2\/product\/57843","targetHints":{"allow":["GET"]}}],"collection":[{"href":"https:\/\/sales-ai-agents.com\/de\/wp-json\/wp\/v2\/product"}],"about":[{"href":"https:\/\/sales-ai-agents.com\/de\/wp-json\/wp\/v2\/types\/product"}],"wp:featuredmedia":[{"embeddable":true,"href":"https:\/\/sales-ai-agents.com\/de\/wp-json\/wp\/v2\/media\/20648"}],"wp:attachment":[{"href":"https:\/\/sales-ai-agents.com\/de\/wp-json\/wp\/v2\/media?parent=57843"}],"wp:term":[{"taxonomy":"product_brand","embeddable":true,"href":"https:\/\/sales-ai-agents.com\/de\/wp-json\/wp\/v2\/product_brand?post=57843"},{"taxonomy":"product_cat","embeddable":true,"href":"https:\/\/sales-ai-agents.com\/de\/wp-json\/wp\/v2\/product_cat?post=57843"},{"taxonomy":"product_tag","embeddable":true,"href":"https:\/\/sales-ai-agents.com\/de\/wp-json\/wp\/v2\/product_tag?post=57843"}],"curies":[{"name":"wp","href":"https:\/\/api.w.org\/{rel}","templated":true}]}}