{"id":57846,"date":"2022-09-26T12:05:51","date_gmt":"2022-09-26T12:05:51","guid":{"rendered":"https:\/\/sales-ai-agents.com\/templates\/workout-log\/"},"modified":"2023-12-26T20:35:13","modified_gmt":"2023-12-26T20:35:13","slug":"workout-log","status":"publish","type":"product","link":"https:\/\/sales-ai-agents.com\/de\/templates\/workout-log\/","title":{"rendered":"Workout-Protokoll"},"content":{"rendered":"<p>&nbsp;<\/p>\n<h2>Workout Log Vorlage<\/h2>\n<p class=\"desc-text\">Ein kluges Vorgehen ist es, \u00fcber jedes Training Buch zu f\u00fchren. Mit Hilfe dieser Vorlage k\u00f6nnen Sie Ihre Fortschritte beim Aufbau von Muskeln und Kraft verfolgen. Erh\u00f6hen Sie Ihre Zahlen, um Wachstum zu erm\u00f6glichen.<\/p>\n<h5>Wie zu verwenden:<\/h5>\n<ul class=\"desc-item_list\">\n<li class=\"desc-item_list__point\">F\u00fcgen Sie ein Datum, die Muskelgruppen, die Sie trainieren m\u00f6chten, die Trainingsdauer und Ihr Gewicht hinzu.<\/li>\n<li class=\"desc-item_list__point\">Planen Sie Ihre \u00dcbungen, indem Sie die Art des Trainings, die Anzahl der Wiederholungen und die Gewichte f\u00fcr jeden Satz angeben.<\/li>\n<li class=\"desc-item_list__point\">Bewerten Sie das Training<\/li>\n<li class=\"desc-item_list__point\">Kopieren Sie die Tabelle, um Ihr n\u00e4chstes Training zu planen und Ihre Fortschritte zu verfolgen.<\/li>\n<\/ul>\n","protected":false},"excerpt":{"rendered":"<p>Ein kluges Vorgehen ist es, \u00fcber jedes Training Buch zu f\u00fchren. Diese kostenlose Vorlage hilft Ihnen, Ihre Fortschritte bei der Entwicklung Ihrer Muskeln und Kraft zu verfolgen.<\/p>\n","protected":false},"featured_media":20764,"template":"","meta":{"_acf_changed":false,"inline_featured_image":false},"product_brand":[],"product_cat":[179,180,183],"product_tag":[],"class_list":{"0":"post-57846","1":"product","2":"type-product","3":"status-publish","4":"has-post-thumbnail","6":"product_cat-organizers-planners","7":"product_cat-personal","8":"product_cat-personal-health","10":"first","11":"instock","12":"virtual","13":"sold-individually","14":"product-type-simple"},"acf":[],"yoast_head":"<!-- This site is optimized with the Yoast SEO plugin v25.3.1 - https:\/\/yoast.com\/wordpress\/plugins\/seo\/ -->\n<title>Trainingstagebuch Vorlage - Sales AI Agents<\/title>\n<meta name=\"description\" content=\"Ein kluges Vorgehen ist es, \u00fcber jedes Training Buch zu f\u00fchren. Diese kostenlose Vorlage hilft Ihnen, Ihre Fortschritte bei der Entwicklung Ihrer Muskeln und Kraft zu verfolgen.\" \/>\n<meta name=\"robots\" content=\"index, follow, max-snippet:-1, max-image-preview:large, max-video-preview:-1\" \/>\n<link rel=\"canonical\" href=\"https:\/\/sales-ai-agents.com\/de\/templates\/workout-log\/\" \/>\n<meta property=\"og:locale\" content=\"de_DE\" \/>\n<meta property=\"og:type\" content=\"article\" \/>\n<meta property=\"og:title\" content=\"Trainingstagebuch Vorlage - Sales AI Agents\" \/>\n<meta property=\"og:description\" content=\"Ein kluges Vorgehen ist es, \u00fcber jedes Training Buch zu f\u00fchren. Diese kostenlose Vorlage hilft Ihnen, Ihre Fortschritte bei der Entwicklung Ihrer Muskeln und Kraft zu verfolgen.\" \/>\n<meta property=\"og:url\" content=\"https:\/\/sales-ai-agents.com\/de\/templates\/workout-log\/\" \/>\n<meta property=\"og:site_name\" content=\"Sales AI Agents\" \/>\n<meta property=\"article:modified_time\" content=\"2023-12-26T20:35:13+00:00\" \/>\n<meta property=\"og:image\" content=\"https:\/\/sales-ai-agents.com\/wp-content\/uploads\/2023\/01\/image-preview122808.png\" \/>\n\t<meta property=\"og:image:width\" content=\"1078\" \/>\n\t<meta property=\"og:image:height\" content=\"1342\" \/>\n\t<meta property=\"og:image:type\" content=\"image\/png\" \/>\n<meta name=\"twitter:card\" content=\"summary_large_image\" \/>\n<script type=\"application\/ld+json\" class=\"yoast-schema-graph\">{\"@context\":\"https:\/\/schema.org\",\"@graph\":[{\"@type\":\"WebPage\",\"@id\":\"https:\/\/sales-ai-agents.com\/de\/templates\/workout-log\/\",\"url\":\"https:\/\/sales-ai-agents.com\/de\/templates\/workout-log\/\",\"name\":\"Trainingstagebuch Vorlage - Sales AI Agents\",\"isPartOf\":{\"@id\":\"https:\/\/sales-ai-agents.com\/#website\"},\"primaryImageOfPage\":{\"@id\":\"https:\/\/sales-ai-agents.com\/de\/templates\/workout-log\/#primaryimage\"},\"image\":{\"@id\":\"https:\/\/sales-ai-agents.com\/de\/templates\/workout-log\/#primaryimage\"},\"thumbnailUrl\":\"https:\/\/sales-ai-agents.com\/wp-content\/uploads\/2023\/01\/image-preview122808.png\",\"datePublished\":\"2022-09-26T12:05:51+00:00\",\"dateModified\":\"2023-12-26T20:35:13+00:00\",\"description\":\"Ein kluges Vorgehen ist es, \u00fcber jedes Training Buch zu f\u00fchren. Diese kostenlose Vorlage hilft Ihnen, Ihre Fortschritte bei der Entwicklung Ihrer Muskeln und Kraft zu verfolgen.\",\"inLanguage\":\"de-DE\",\"potentialAction\":[{\"@type\":\"ReadAction\",\"target\":[\"https:\/\/sales-ai-agents.com\/de\/templates\/workout-log\/\"]}]},{\"@type\":\"ImageObject\",\"inLanguage\":\"de-DE\",\"@id\":\"https:\/\/sales-ai-agents.com\/de\/templates\/workout-log\/#primaryimage\",\"url\":\"https:\/\/sales-ai-agents.com\/wp-content\/uploads\/2023\/01\/image-preview122808.png\",\"contentUrl\":\"https:\/\/sales-ai-agents.com\/wp-content\/uploads\/2023\/01\/image-preview122808.png\",\"width\":1078,\"height\":1342,\"caption\":\"Workout Log Template - Nimbus Platform\"},{\"@type\":\"WebSite\",\"@id\":\"https:\/\/sales-ai-agents.com\/#website\",\"url\":\"https:\/\/sales-ai-agents.com\/\",\"name\":\"FuseBase\",\"description\":\"Nimbus Platform - Free Online Collaboration Software for Remote Teams. Build your wikis, client portals and more with the Nimbus Platform collaboration tool ? A perfect space for online work\",\"publisher\":{\"@id\":\"https:\/\/sales-ai-agents.com\/#organization\"},\"potentialAction\":[{\"@type\":\"SearchAction\",\"target\":{\"@type\":\"EntryPoint\",\"urlTemplate\":\"https:\/\/sales-ai-agents.com\/?s={search_term_string}\"},\"query-input\":{\"@type\":\"PropertyValueSpecification\",\"valueRequired\":true,\"valueName\":\"search_term_string\"}}],\"inLanguage\":\"de-DE\"},{\"@type\":\"Organization\",\"@id\":\"https:\/\/sales-ai-agents.com\/#organization\",\"name\":\"FuseBase\",\"url\":\"https:\/\/sales-ai-agents.com\/\",\"logo\":{\"@type\":\"ImageObject\",\"inLanguage\":\"de-DE\",\"@id\":\"https:\/\/sales-ai-agents.com\/#\/schema\/logo\/image\/\",\"url\":\"https:\/\/sales-ai-agents.com\/wp-content\/uploads\/2023\/11\/icon-7.svg\",\"contentUrl\":\"https:\/\/sales-ai-agents.com\/wp-content\/uploads\/2023\/11\/icon-7.svg\",\"width\":128,\"height\":128,\"caption\":\"FuseBase\"},\"image\":{\"@id\":\"https:\/\/sales-ai-agents.com\/#\/schema\/logo\/image\/\"}}]}<\/script>\n<!-- \/ Yoast SEO plugin. -->","yoast_head_json":{"title":"Trainingstagebuch Vorlage - Sales AI Agents","description":"Ein kluges Vorgehen ist es, \u00fcber jedes Training Buch zu f\u00fchren. Diese kostenlose Vorlage hilft Ihnen, Ihre Fortschritte bei der Entwicklung Ihrer Muskeln und Kraft zu verfolgen.","robots":{"index":"index","follow":"follow","max-snippet":"max-snippet:-1","max-image-preview":"max-image-preview:large","max-video-preview":"max-video-preview:-1"},"canonical":"https:\/\/sales-ai-agents.com\/de\/templates\/workout-log\/","og_locale":"de_DE","og_type":"article","og_title":"Trainingstagebuch Vorlage - Sales AI Agents","og_description":"Ein kluges Vorgehen ist es, \u00fcber jedes Training Buch zu f\u00fchren. Diese kostenlose Vorlage hilft Ihnen, Ihre Fortschritte bei der Entwicklung Ihrer Muskeln und Kraft zu verfolgen.","og_url":"https:\/\/sales-ai-agents.com\/de\/templates\/workout-log\/","og_site_name":"Sales AI Agents","article_modified_time":"2023-12-26T20:35:13+00:00","og_image":[{"width":1078,"height":1342,"url":"https:\/\/sales-ai-agents.com\/wp-content\/uploads\/2023\/01\/image-preview122808.png","type":"image\/png"}],"twitter_card":"summary_large_image","schema":{"@context":"https:\/\/schema.org","@graph":[{"@type":"WebPage","@id":"https:\/\/sales-ai-agents.com\/de\/templates\/workout-log\/","url":"https:\/\/sales-ai-agents.com\/de\/templates\/workout-log\/","name":"Trainingstagebuch Vorlage - Sales AI Agents","isPartOf":{"@id":"https:\/\/sales-ai-agents.com\/#website"},"primaryImageOfPage":{"@id":"https:\/\/sales-ai-agents.com\/de\/templates\/workout-log\/#primaryimage"},"image":{"@id":"https:\/\/sales-ai-agents.com\/de\/templates\/workout-log\/#primaryimage"},"thumbnailUrl":"https:\/\/sales-ai-agents.com\/wp-content\/uploads\/2023\/01\/image-preview122808.png","datePublished":"2022-09-26T12:05:51+00:00","dateModified":"2023-12-26T20:35:13+00:00","description":"Ein kluges Vorgehen ist es, \u00fcber jedes Training Buch zu f\u00fchren. Diese kostenlose Vorlage hilft Ihnen, Ihre Fortschritte bei der Entwicklung Ihrer Muskeln und Kraft zu verfolgen.","inLanguage":"de-DE","potentialAction":[{"@type":"ReadAction","target":["https:\/\/sales-ai-agents.com\/de\/templates\/workout-log\/"]}]},{"@type":"ImageObject","inLanguage":"de-DE","@id":"https:\/\/sales-ai-agents.com\/de\/templates\/workout-log\/#primaryimage","url":"https:\/\/sales-ai-agents.com\/wp-content\/uploads\/2023\/01\/image-preview122808.png","contentUrl":"https:\/\/sales-ai-agents.com\/wp-content\/uploads\/2023\/01\/image-preview122808.png","width":1078,"height":1342,"caption":"Workout Log Template - Nimbus Platform"},{"@type":"WebSite","@id":"https:\/\/sales-ai-agents.com\/#website","url":"https:\/\/sales-ai-agents.com\/","name":"FuseBase","description":"Nimbus Platform - Free Online Collaboration Software for Remote Teams. Build your wikis, client portals and more with the Nimbus Platform collaboration tool ? A perfect space for online work","publisher":{"@id":"https:\/\/sales-ai-agents.com\/#organization"},"potentialAction":[{"@type":"SearchAction","target":{"@type":"EntryPoint","urlTemplate":"https:\/\/sales-ai-agents.com\/?s={search_term_string}"},"query-input":{"@type":"PropertyValueSpecification","valueRequired":true,"valueName":"search_term_string"}}],"inLanguage":"de-DE"},{"@type":"Organization","@id":"https:\/\/sales-ai-agents.com\/#organization","name":"FuseBase","url":"https:\/\/sales-ai-agents.com\/","logo":{"@type":"ImageObject","inLanguage":"de-DE","@id":"https:\/\/sales-ai-agents.com\/#\/schema\/logo\/image\/","url":"https:\/\/sales-ai-agents.com\/wp-content\/uploads\/2023\/11\/icon-7.svg","contentUrl":"https:\/\/sales-ai-agents.com\/wp-content\/uploads\/2023\/11\/icon-7.svg","width":128,"height":128,"caption":"FuseBase"},"image":{"@id":"https:\/\/sales-ai-agents.com\/#\/schema\/logo\/image\/"}}]}},"_links":{"self":[{"href":"https:\/\/sales-ai-agents.com\/de\/wp-json\/wp\/v2\/product\/57846","targetHints":{"allow":["GET"]}}],"collection":[{"href":"https:\/\/sales-ai-agents.com\/de\/wp-json\/wp\/v2\/product"}],"about":[{"href":"https:\/\/sales-ai-agents.com\/de\/wp-json\/wp\/v2\/types\/product"}],"wp:featuredmedia":[{"embeddable":true,"href":"https:\/\/sales-ai-agents.com\/de\/wp-json\/wp\/v2\/media\/20764"}],"wp:attachment":[{"href":"https:\/\/sales-ai-agents.com\/de\/wp-json\/wp\/v2\/media?parent=57846"}],"wp:term":[{"taxonomy":"product_brand","embeddable":true,"href":"https:\/\/sales-ai-agents.com\/de\/wp-json\/wp\/v2\/product_brand?post=57846"},{"taxonomy":"product_cat","embeddable":true,"href":"https:\/\/sales-ai-agents.com\/de\/wp-json\/wp\/v2\/product_cat?post=57846"},{"taxonomy":"product_tag","embeddable":true,"href":"https:\/\/sales-ai-agents.com\/de\/wp-json\/wp\/v2\/product_tag?post=57846"}],"curies":[{"name":"wp","href":"https:\/\/api.w.org\/{rel}","templated":true}]}}