{"id":57850,"date":"2022-09-26T12:05:47","date_gmt":"2022-09-26T12:05:47","guid":{"rendered":"https:\/\/sales-ai-agents.com\/templates\/rolling-quarters\/"},"modified":"2023-12-26T15:10:08","modified_gmt":"2023-12-26T15:10:08","slug":"rolling-quarters","status":"publish","type":"product","link":"https:\/\/sales-ai-agents.com\/de\/templates\/rolling-quarters\/","title":{"rendered":"Rollende Quartiere"},"content":{"rendered":"<p>&nbsp;<\/p>\n<h2>Rolling Quarters Vorlage<\/h2>\n<p class=\"desc-text\">Planen Sie Monate im Voraus, damit Sie Ihre Zielerreichung f\u00fcr die kommenden Quartale im Auge behalten k\u00f6nnen. Verwenden Sie diese Vorlage, um alle Ziele zu nummerieren, die Sie im n\u00e4chsten Quartal erreichen wollen, und halten Sie den Fortschritt mit Hilfe einer Checkliste fest.<\/p>\n<h5>Wie zu verwenden:<\/h5>\n<ul class=\"desc-item_list\">\n<li class=\"desc-item_list__point\">Geben Sie die Nummer des Quartals und das Jahr ein<\/li>\n<li class=\"desc-item_list__point\">F\u00fcgen Sie alle Ziele hinzu, die Sie im n\u00e4chsten Quartal erreichen wollen.<\/li>\n<li class=\"desc-item_list__point\">Verwenden Sie eine Checkliste, um zu markieren, was erledigt wurde.<\/li>\n<\/ul>\n","protected":false},"excerpt":{"rendered":"<p>Planen Sie Monate im Voraus, um Ihre Zielerreichung im Auge zu behalten. Verwenden Sie diese anpassbare Vorlage, um alle Ziele zu nummerieren, die Sie im n\u00e4chsten Quartal erreichen wollen.<\/p>\n","protected":false},"featured_media":26621,"template":"","meta":{"_acf_changed":false,"inline_featured_image":false},"product_brand":[],"product_cat":[179,180],"product_tag":[],"class_list":{"0":"post-57850","1":"product","2":"type-product","3":"status-publish","4":"has-post-thumbnail","6":"product_cat-organizers-planners","7":"product_cat-personal","9":"first","10":"instock","11":"virtual","12":"sold-individually","13":"product-type-simple"},"acf":[],"yoast_head":"<!-- This site is optimized with the Yoast SEO plugin v25.3.1 - https:\/\/yoast.com\/wordpress\/plugins\/seo\/ -->\n<title>Rolling Quarters Vorlage - Sales AI Agents<\/title>\n<meta name=\"description\" content=\"Planen Sie Monate im Voraus, um Ihre Zielerreichung im Auge zu behalten. Verwenden Sie diese anpassbare Vorlage, um alle Ziele zu nummerieren, die Sie im n\u00e4chsten Quartal erreichen wollen\" \/>\n<meta name=\"robots\" content=\"index, follow, max-snippet:-1, max-image-preview:large, max-video-preview:-1\" \/>\n<link rel=\"canonical\" href=\"https:\/\/sales-ai-agents.com\/de\/templates\/rolling-quarters\/\" \/>\n<meta property=\"og:locale\" content=\"de_DE\" \/>\n<meta property=\"og:type\" content=\"article\" \/>\n<meta property=\"og:title\" content=\"Rolling Quarters Vorlage - Sales AI Agents\" \/>\n<meta property=\"og:description\" content=\"Planen Sie Monate im Voraus, um Ihre Zielerreichung im Auge zu behalten. Verwenden Sie diese anpassbare Vorlage, um alle Ziele zu nummerieren, die Sie im n\u00e4chsten Quartal erreichen wollen\" \/>\n<meta property=\"og:url\" content=\"https:\/\/sales-ai-agents.com\/de\/templates\/rolling-quarters\/\" \/>\n<meta property=\"og:site_name\" content=\"Sales AI Agents\" \/>\n<meta property=\"article:modified_time\" content=\"2023-12-26T15:10:08+00:00\" \/>\n<meta property=\"og:image\" content=\"https:\/\/sales-ai-agents.com\/wp-content\/uploads\/2022\/09\/Rolling-Quarters-Template.png\" \/>\n\t<meta property=\"og:image:width\" content=\"1700\" \/>\n\t<meta property=\"og:image:height\" content=\"1100\" \/>\n\t<meta property=\"og:image:type\" content=\"image\/png\" \/>\n<meta name=\"twitter:card\" content=\"summary_large_image\" \/>\n<script type=\"application\/ld+json\" class=\"yoast-schema-graph\">{\"@context\":\"https:\/\/schema.org\",\"@graph\":[{\"@type\":\"WebPage\",\"@id\":\"https:\/\/sales-ai-agents.com\/de\/templates\/rolling-quarters\/\",\"url\":\"https:\/\/sales-ai-agents.com\/de\/templates\/rolling-quarters\/\",\"name\":\"Rolling Quarters Vorlage - Sales AI Agents\",\"isPartOf\":{\"@id\":\"https:\/\/sales-ai-agents.com\/#website\"},\"primaryImageOfPage\":{\"@id\":\"https:\/\/sales-ai-agents.com\/de\/templates\/rolling-quarters\/#primaryimage\"},\"image\":{\"@id\":\"https:\/\/sales-ai-agents.com\/de\/templates\/rolling-quarters\/#primaryimage\"},\"thumbnailUrl\":\"https:\/\/sales-ai-agents.com\/wp-content\/uploads\/2022\/09\/Rolling-Quarters-Template.png\",\"datePublished\":\"2022-09-26T12:05:47+00:00\",\"dateModified\":\"2023-12-26T15:10:08+00:00\",\"description\":\"Planen Sie Monate im Voraus, um Ihre Zielerreichung im Auge zu behalten. Verwenden Sie diese anpassbare Vorlage, um alle Ziele zu nummerieren, die Sie im n\u00e4chsten Quartal erreichen wollen\",\"inLanguage\":\"de-DE\",\"potentialAction\":[{\"@type\":\"ReadAction\",\"target\":[\"https:\/\/sales-ai-agents.com\/de\/templates\/rolling-quarters\/\"]}]},{\"@type\":\"ImageObject\",\"inLanguage\":\"de-DE\",\"@id\":\"https:\/\/sales-ai-agents.com\/de\/templates\/rolling-quarters\/#primaryimage\",\"url\":\"https:\/\/sales-ai-agents.com\/wp-content\/uploads\/2022\/09\/Rolling-Quarters-Template.png\",\"contentUrl\":\"https:\/\/sales-ai-agents.com\/wp-content\/uploads\/2022\/09\/Rolling-Quarters-Template.png\",\"width\":1700,\"height\":1100,\"caption\":\"Plan months in advance to keep track of your goal achievement.\"},{\"@type\":\"WebSite\",\"@id\":\"https:\/\/sales-ai-agents.com\/#website\",\"url\":\"https:\/\/sales-ai-agents.com\/\",\"name\":\"FuseBase\",\"description\":\"Nimbus Platform - Free Online Collaboration Software for Remote Teams. Build your wikis, client portals and more with the Nimbus Platform collaboration tool ? A perfect space for online work\",\"publisher\":{\"@id\":\"https:\/\/sales-ai-agents.com\/#organization\"},\"potentialAction\":[{\"@type\":\"SearchAction\",\"target\":{\"@type\":\"EntryPoint\",\"urlTemplate\":\"https:\/\/sales-ai-agents.com\/?s={search_term_string}\"},\"query-input\":{\"@type\":\"PropertyValueSpecification\",\"valueRequired\":true,\"valueName\":\"search_term_string\"}}],\"inLanguage\":\"de-DE\"},{\"@type\":\"Organization\",\"@id\":\"https:\/\/sales-ai-agents.com\/#organization\",\"name\":\"FuseBase\",\"url\":\"https:\/\/sales-ai-agents.com\/\",\"logo\":{\"@type\":\"ImageObject\",\"inLanguage\":\"de-DE\",\"@id\":\"https:\/\/sales-ai-agents.com\/#\/schema\/logo\/image\/\",\"url\":\"https:\/\/sales-ai-agents.com\/wp-content\/uploads\/2023\/11\/icon-7.svg\",\"contentUrl\":\"https:\/\/sales-ai-agents.com\/wp-content\/uploads\/2023\/11\/icon-7.svg\",\"width\":128,\"height\":128,\"caption\":\"FuseBase\"},\"image\":{\"@id\":\"https:\/\/sales-ai-agents.com\/#\/schema\/logo\/image\/\"}}]}<\/script>\n<!-- \/ Yoast SEO plugin. -->","yoast_head_json":{"title":"Rolling Quarters Vorlage - Sales AI Agents","description":"Planen Sie Monate im Voraus, um Ihre Zielerreichung im Auge zu behalten. Verwenden Sie diese anpassbare Vorlage, um alle Ziele zu nummerieren, die Sie im n\u00e4chsten Quartal erreichen wollen","robots":{"index":"index","follow":"follow","max-snippet":"max-snippet:-1","max-image-preview":"max-image-preview:large","max-video-preview":"max-video-preview:-1"},"canonical":"https:\/\/sales-ai-agents.com\/de\/templates\/rolling-quarters\/","og_locale":"de_DE","og_type":"article","og_title":"Rolling Quarters Vorlage - Sales AI Agents","og_description":"Planen Sie Monate im Voraus, um Ihre Zielerreichung im Auge zu behalten. Verwenden Sie diese anpassbare Vorlage, um alle Ziele zu nummerieren, die Sie im n\u00e4chsten Quartal erreichen wollen","og_url":"https:\/\/sales-ai-agents.com\/de\/templates\/rolling-quarters\/","og_site_name":"Sales AI Agents","article_modified_time":"2023-12-26T15:10:08+00:00","og_image":[{"width":1700,"height":1100,"url":"https:\/\/sales-ai-agents.com\/wp-content\/uploads\/2022\/09\/Rolling-Quarters-Template.png","type":"image\/png"}],"twitter_card":"summary_large_image","schema":{"@context":"https:\/\/schema.org","@graph":[{"@type":"WebPage","@id":"https:\/\/sales-ai-agents.com\/de\/templates\/rolling-quarters\/","url":"https:\/\/sales-ai-agents.com\/de\/templates\/rolling-quarters\/","name":"Rolling Quarters Vorlage - Sales AI Agents","isPartOf":{"@id":"https:\/\/sales-ai-agents.com\/#website"},"primaryImageOfPage":{"@id":"https:\/\/sales-ai-agents.com\/de\/templates\/rolling-quarters\/#primaryimage"},"image":{"@id":"https:\/\/sales-ai-agents.com\/de\/templates\/rolling-quarters\/#primaryimage"},"thumbnailUrl":"https:\/\/sales-ai-agents.com\/wp-content\/uploads\/2022\/09\/Rolling-Quarters-Template.png","datePublished":"2022-09-26T12:05:47+00:00","dateModified":"2023-12-26T15:10:08+00:00","description":"Planen Sie Monate im Voraus, um Ihre Zielerreichung im Auge zu behalten. Verwenden Sie diese anpassbare Vorlage, um alle Ziele zu nummerieren, die Sie im n\u00e4chsten Quartal erreichen wollen","inLanguage":"de-DE","potentialAction":[{"@type":"ReadAction","target":["https:\/\/sales-ai-agents.com\/de\/templates\/rolling-quarters\/"]}]},{"@type":"ImageObject","inLanguage":"de-DE","@id":"https:\/\/sales-ai-agents.com\/de\/templates\/rolling-quarters\/#primaryimage","url":"https:\/\/sales-ai-agents.com\/wp-content\/uploads\/2022\/09\/Rolling-Quarters-Template.png","contentUrl":"https:\/\/sales-ai-agents.com\/wp-content\/uploads\/2022\/09\/Rolling-Quarters-Template.png","width":1700,"height":1100,"caption":"Plan months in advance to keep track of your goal achievement."},{"@type":"WebSite","@id":"https:\/\/sales-ai-agents.com\/#website","url":"https:\/\/sales-ai-agents.com\/","name":"FuseBase","description":"Nimbus Platform - Free Online Collaboration Software for Remote Teams. Build your wikis, client portals and more with the Nimbus Platform collaboration tool ? A perfect space for online work","publisher":{"@id":"https:\/\/sales-ai-agents.com\/#organization"},"potentialAction":[{"@type":"SearchAction","target":{"@type":"EntryPoint","urlTemplate":"https:\/\/sales-ai-agents.com\/?s={search_term_string}"},"query-input":{"@type":"PropertyValueSpecification","valueRequired":true,"valueName":"search_term_string"}}],"inLanguage":"de-DE"},{"@type":"Organization","@id":"https:\/\/sales-ai-agents.com\/#organization","name":"FuseBase","url":"https:\/\/sales-ai-agents.com\/","logo":{"@type":"ImageObject","inLanguage":"de-DE","@id":"https:\/\/sales-ai-agents.com\/#\/schema\/logo\/image\/","url":"https:\/\/sales-ai-agents.com\/wp-content\/uploads\/2023\/11\/icon-7.svg","contentUrl":"https:\/\/sales-ai-agents.com\/wp-content\/uploads\/2023\/11\/icon-7.svg","width":128,"height":128,"caption":"FuseBase"},"image":{"@id":"https:\/\/sales-ai-agents.com\/#\/schema\/logo\/image\/"}}]}},"_links":{"self":[{"href":"https:\/\/sales-ai-agents.com\/de\/wp-json\/wp\/v2\/product\/57850","targetHints":{"allow":["GET"]}}],"collection":[{"href":"https:\/\/sales-ai-agents.com\/de\/wp-json\/wp\/v2\/product"}],"about":[{"href":"https:\/\/sales-ai-agents.com\/de\/wp-json\/wp\/v2\/types\/product"}],"wp:featuredmedia":[{"embeddable":true,"href":"https:\/\/sales-ai-agents.com\/de\/wp-json\/wp\/v2\/media\/26621"}],"wp:attachment":[{"href":"https:\/\/sales-ai-agents.com\/de\/wp-json\/wp\/v2\/media?parent=57850"}],"wp:term":[{"taxonomy":"product_brand","embeddable":true,"href":"https:\/\/sales-ai-agents.com\/de\/wp-json\/wp\/v2\/product_brand?post=57850"},{"taxonomy":"product_cat","embeddable":true,"href":"https:\/\/sales-ai-agents.com\/de\/wp-json\/wp\/v2\/product_cat?post=57850"},{"taxonomy":"product_tag","embeddable":true,"href":"https:\/\/sales-ai-agents.com\/de\/wp-json\/wp\/v2\/product_tag?post=57850"}],"curies":[{"name":"wp","href":"https:\/\/api.w.org\/{rel}","templated":true}]}}