{"id":57854,"date":"2022-09-26T12:05:44","date_gmt":"2022-09-26T12:05:44","guid":{"rendered":"https:\/\/sales-ai-agents.com\/templates\/okr-planning\/"},"modified":"2023-12-26T21:09:42","modified_gmt":"2023-12-26T21:09:42","slug":"okr-planning","status":"publish","type":"product","link":"https:\/\/sales-ai-agents.com\/de\/templates\/okr-planning\/","title":{"rendered":"OKR-Planung"},"content":{"rendered":"<p>&nbsp;<\/p>\n<h2>OKR-Planungsvorlage<\/h2>\n<p class=\"desc-text\">Mit einem Plan ist es einfacher, Ziele zu verwirklichen. Verwenden Sie Ziele und Schl\u00fcsselergebnisse (OKRs), um Struktur in Ihre Bem\u00fchungen zu bringen. Beraten Sie sich mit Ihrem Team und legen Sie Ihre Ziele fest. Verwenden Sie diese \u00fcbersichtliche Vorlage, um Ihre Pl\u00e4ne \u00fcbersichtlich zu halten.<\/p>\n<h5>Wie zu verwenden:<\/h5>\n<ul class=\"desc-item_list\">\n<li class=\"desc-item_list__point\">Ziele und Vorgaben auflisten<\/li>\n<li class=\"desc-item_list__point\">Besprechen Sie die Pl\u00e4ne mit Ihrem Team<\/li>\n<li class=\"desc-item_list__point\">Messbare Ergebnisse f\u00fcr jedes Ziel hinzuf\u00fcgen<\/li>\n<li class=\"desc-item_list__point\">Auf die Erreichung Ihrer Ziele hinarbeiten<\/li>\n<\/ul>\n","protected":false},"excerpt":{"rendered":"<p>Mit einem wirksamen Plan ist es einfacher, Ziele zu verwirklichen. Verwenden Sie diese anpassbare Vorlage f\u00fcr Ziele und Schl\u00fcsselergebnisse (OKRs), um Struktur in Ihre Bem\u00fchungen zu bringen.<\/p>\n","protected":false},"featured_media":20754,"template":"","meta":{"_acf_changed":false,"inline_featured_image":false},"product_brand":[],"product_cat":[178,191],"product_tag":[],"class_list":{"0":"post-57854","1":"product","2":"type-product","3":"status-publish","4":"has-post-thumbnail","6":"product_cat-operations-hr","7":"product_cat-project-management","9":"first","10":"instock","11":"virtual","12":"sold-individually","13":"product-type-simple"},"acf":[],"yoast_head":"<!-- This site is optimized with the Yoast SEO plugin v25.3.1 - https:\/\/yoast.com\/wordpress\/plugins\/seo\/ -->\n<title>OKR-Planungsvorlage - Sales AI Agents<\/title>\n<meta name=\"description\" content=\"Mit einem wirksamen Plan ist es einfacher, Ziele zu verwirklichen. Verwenden Sie diese anpassbare Vorlage f\u00fcr Ziele und Schl\u00fcsselergebnisse (OKRs), um Struktur in Ihre Bem\u00fchungen zu bringen.\" \/>\n<meta name=\"robots\" content=\"index, follow, max-snippet:-1, max-image-preview:large, max-video-preview:-1\" \/>\n<link rel=\"canonical\" href=\"https:\/\/sales-ai-agents.com\/de\/templates\/okr-planning\/\" \/>\n<meta property=\"og:locale\" content=\"de_DE\" \/>\n<meta property=\"og:type\" content=\"article\" \/>\n<meta property=\"og:title\" content=\"OKR-Planungsvorlage - Sales AI Agents\" \/>\n<meta property=\"og:description\" content=\"Mit einem wirksamen Plan ist es einfacher, Ziele zu verwirklichen. Verwenden Sie diese anpassbare Vorlage f\u00fcr Ziele und Schl\u00fcsselergebnisse (OKRs), um Struktur in Ihre Bem\u00fchungen zu bringen.\" \/>\n<meta property=\"og:url\" content=\"https:\/\/sales-ai-agents.com\/de\/templates\/okr-planning\/\" \/>\n<meta property=\"og:site_name\" content=\"Sales AI Agents\" \/>\n<meta property=\"article:modified_time\" content=\"2023-12-26T21:09:42+00:00\" \/>\n<meta property=\"og:image\" content=\"https:\/\/sales-ai-agents.com\/wp-content\/uploads\/2023\/01\/image-preview122733.png\" \/>\n\t<meta property=\"og:image:width\" content=\"1078\" \/>\n\t<meta property=\"og:image:height\" content=\"760\" \/>\n\t<meta property=\"og:image:type\" content=\"image\/png\" \/>\n<meta name=\"twitter:card\" content=\"summary_large_image\" \/>\n<script type=\"application\/ld+json\" class=\"yoast-schema-graph\">{\"@context\":\"https:\/\/schema.org\",\"@graph\":[{\"@type\":\"WebPage\",\"@id\":\"https:\/\/sales-ai-agents.com\/de\/templates\/okr-planning\/\",\"url\":\"https:\/\/sales-ai-agents.com\/de\/templates\/okr-planning\/\",\"name\":\"OKR-Planungsvorlage - Sales AI Agents\",\"isPartOf\":{\"@id\":\"https:\/\/sales-ai-agents.com\/#website\"},\"primaryImageOfPage\":{\"@id\":\"https:\/\/sales-ai-agents.com\/de\/templates\/okr-planning\/#primaryimage\"},\"image\":{\"@id\":\"https:\/\/sales-ai-agents.com\/de\/templates\/okr-planning\/#primaryimage\"},\"thumbnailUrl\":\"https:\/\/sales-ai-agents.com\/wp-content\/uploads\/2023\/01\/image-preview122733.png\",\"datePublished\":\"2022-09-26T12:05:44+00:00\",\"dateModified\":\"2023-12-26T21:09:42+00:00\",\"description\":\"Mit einem wirksamen Plan ist es einfacher, Ziele zu verwirklichen. Verwenden Sie diese anpassbare Vorlage f\u00fcr Ziele und Schl\u00fcsselergebnisse (OKRs), um Struktur in Ihre Bem\u00fchungen zu bringen.\",\"inLanguage\":\"de-DE\",\"potentialAction\":[{\"@type\":\"ReadAction\",\"target\":[\"https:\/\/sales-ai-agents.com\/de\/templates\/okr-planning\/\"]}]},{\"@type\":\"ImageObject\",\"inLanguage\":\"de-DE\",\"@id\":\"https:\/\/sales-ai-agents.com\/de\/templates\/okr-planning\/#primaryimage\",\"url\":\"https:\/\/sales-ai-agents.com\/wp-content\/uploads\/2023\/01\/image-preview122733.png\",\"contentUrl\":\"https:\/\/sales-ai-agents.com\/wp-content\/uploads\/2023\/01\/image-preview122733.png\",\"width\":1078,\"height\":760,\"caption\":\"OKR Planning Template - Nimbus Platform\"},{\"@type\":\"WebSite\",\"@id\":\"https:\/\/sales-ai-agents.com\/#website\",\"url\":\"https:\/\/sales-ai-agents.com\/\",\"name\":\"FuseBase\",\"description\":\"Nimbus Platform - Free Online Collaboration Software for Remote Teams. Build your wikis, client portals and more with the Nimbus Platform collaboration tool ? A perfect space for online work\",\"publisher\":{\"@id\":\"https:\/\/sales-ai-agents.com\/#organization\"},\"potentialAction\":[{\"@type\":\"SearchAction\",\"target\":{\"@type\":\"EntryPoint\",\"urlTemplate\":\"https:\/\/sales-ai-agents.com\/?s={search_term_string}\"},\"query-input\":{\"@type\":\"PropertyValueSpecification\",\"valueRequired\":true,\"valueName\":\"search_term_string\"}}],\"inLanguage\":\"de-DE\"},{\"@type\":\"Organization\",\"@id\":\"https:\/\/sales-ai-agents.com\/#organization\",\"name\":\"FuseBase\",\"url\":\"https:\/\/sales-ai-agents.com\/\",\"logo\":{\"@type\":\"ImageObject\",\"inLanguage\":\"de-DE\",\"@id\":\"https:\/\/sales-ai-agents.com\/#\/schema\/logo\/image\/\",\"url\":\"https:\/\/sales-ai-agents.com\/wp-content\/uploads\/2023\/11\/icon-7.svg\",\"contentUrl\":\"https:\/\/sales-ai-agents.com\/wp-content\/uploads\/2023\/11\/icon-7.svg\",\"width\":128,\"height\":128,\"caption\":\"FuseBase\"},\"image\":{\"@id\":\"https:\/\/sales-ai-agents.com\/#\/schema\/logo\/image\/\"}}]}<\/script>\n<!-- \/ Yoast SEO plugin. -->","yoast_head_json":{"title":"OKR-Planungsvorlage - Sales AI Agents","description":"Mit einem wirksamen Plan ist es einfacher, Ziele zu verwirklichen. Verwenden Sie diese anpassbare Vorlage f\u00fcr Ziele und Schl\u00fcsselergebnisse (OKRs), um Struktur in Ihre Bem\u00fchungen zu bringen.","robots":{"index":"index","follow":"follow","max-snippet":"max-snippet:-1","max-image-preview":"max-image-preview:large","max-video-preview":"max-video-preview:-1"},"canonical":"https:\/\/sales-ai-agents.com\/de\/templates\/okr-planning\/","og_locale":"de_DE","og_type":"article","og_title":"OKR-Planungsvorlage - Sales AI Agents","og_description":"Mit einem wirksamen Plan ist es einfacher, Ziele zu verwirklichen. Verwenden Sie diese anpassbare Vorlage f\u00fcr Ziele und Schl\u00fcsselergebnisse (OKRs), um Struktur in Ihre Bem\u00fchungen zu bringen.","og_url":"https:\/\/sales-ai-agents.com\/de\/templates\/okr-planning\/","og_site_name":"Sales AI Agents","article_modified_time":"2023-12-26T21:09:42+00:00","og_image":[{"width":1078,"height":760,"url":"https:\/\/sales-ai-agents.com\/wp-content\/uploads\/2023\/01\/image-preview122733.png","type":"image\/png"}],"twitter_card":"summary_large_image","schema":{"@context":"https:\/\/schema.org","@graph":[{"@type":"WebPage","@id":"https:\/\/sales-ai-agents.com\/de\/templates\/okr-planning\/","url":"https:\/\/sales-ai-agents.com\/de\/templates\/okr-planning\/","name":"OKR-Planungsvorlage - Sales AI Agents","isPartOf":{"@id":"https:\/\/sales-ai-agents.com\/#website"},"primaryImageOfPage":{"@id":"https:\/\/sales-ai-agents.com\/de\/templates\/okr-planning\/#primaryimage"},"image":{"@id":"https:\/\/sales-ai-agents.com\/de\/templates\/okr-planning\/#primaryimage"},"thumbnailUrl":"https:\/\/sales-ai-agents.com\/wp-content\/uploads\/2023\/01\/image-preview122733.png","datePublished":"2022-09-26T12:05:44+00:00","dateModified":"2023-12-26T21:09:42+00:00","description":"Mit einem wirksamen Plan ist es einfacher, Ziele zu verwirklichen. Verwenden Sie diese anpassbare Vorlage f\u00fcr Ziele und Schl\u00fcsselergebnisse (OKRs), um Struktur in Ihre Bem\u00fchungen zu bringen.","inLanguage":"de-DE","potentialAction":[{"@type":"ReadAction","target":["https:\/\/sales-ai-agents.com\/de\/templates\/okr-planning\/"]}]},{"@type":"ImageObject","inLanguage":"de-DE","@id":"https:\/\/sales-ai-agents.com\/de\/templates\/okr-planning\/#primaryimage","url":"https:\/\/sales-ai-agents.com\/wp-content\/uploads\/2023\/01\/image-preview122733.png","contentUrl":"https:\/\/sales-ai-agents.com\/wp-content\/uploads\/2023\/01\/image-preview122733.png","width":1078,"height":760,"caption":"OKR Planning Template - Nimbus Platform"},{"@type":"WebSite","@id":"https:\/\/sales-ai-agents.com\/#website","url":"https:\/\/sales-ai-agents.com\/","name":"FuseBase","description":"Nimbus Platform - Free Online Collaboration Software for Remote Teams. Build your wikis, client portals and more with the Nimbus Platform collaboration tool ? A perfect space for online work","publisher":{"@id":"https:\/\/sales-ai-agents.com\/#organization"},"potentialAction":[{"@type":"SearchAction","target":{"@type":"EntryPoint","urlTemplate":"https:\/\/sales-ai-agents.com\/?s={search_term_string}"},"query-input":{"@type":"PropertyValueSpecification","valueRequired":true,"valueName":"search_term_string"}}],"inLanguage":"de-DE"},{"@type":"Organization","@id":"https:\/\/sales-ai-agents.com\/#organization","name":"FuseBase","url":"https:\/\/sales-ai-agents.com\/","logo":{"@type":"ImageObject","inLanguage":"de-DE","@id":"https:\/\/sales-ai-agents.com\/#\/schema\/logo\/image\/","url":"https:\/\/sales-ai-agents.com\/wp-content\/uploads\/2023\/11\/icon-7.svg","contentUrl":"https:\/\/sales-ai-agents.com\/wp-content\/uploads\/2023\/11\/icon-7.svg","width":128,"height":128,"caption":"FuseBase"},"image":{"@id":"https:\/\/sales-ai-agents.com\/#\/schema\/logo\/image\/"}}]}},"_links":{"self":[{"href":"https:\/\/sales-ai-agents.com\/de\/wp-json\/wp\/v2\/product\/57854","targetHints":{"allow":["GET"]}}],"collection":[{"href":"https:\/\/sales-ai-agents.com\/de\/wp-json\/wp\/v2\/product"}],"about":[{"href":"https:\/\/sales-ai-agents.com\/de\/wp-json\/wp\/v2\/types\/product"}],"wp:featuredmedia":[{"embeddable":true,"href":"https:\/\/sales-ai-agents.com\/de\/wp-json\/wp\/v2\/media\/20754"}],"wp:attachment":[{"href":"https:\/\/sales-ai-agents.com\/de\/wp-json\/wp\/v2\/media?parent=57854"}],"wp:term":[{"taxonomy":"product_brand","embeddable":true,"href":"https:\/\/sales-ai-agents.com\/de\/wp-json\/wp\/v2\/product_brand?post=57854"},{"taxonomy":"product_cat","embeddable":true,"href":"https:\/\/sales-ai-agents.com\/de\/wp-json\/wp\/v2\/product_cat?post=57854"},{"taxonomy":"product_tag","embeddable":true,"href":"https:\/\/sales-ai-agents.com\/de\/wp-json\/wp\/v2\/product_tag?post=57854"}],"curies":[{"name":"wp","href":"https:\/\/api.w.org\/{rel}","templated":true}]}}