{"id":57857,"date":"2022-09-26T12:05:17","date_gmt":"2022-09-26T12:05:17","guid":{"rendered":"https:\/\/sales-ai-agents.com\/templates\/sales-pipeline-table\/"},"modified":"2023-12-27T19:53:19","modified_gmt":"2023-12-27T19:53:19","slug":"sales-pipeline-table","status":"publish","type":"product","link":"https:\/\/sales-ai-agents.com\/de\/templates\/sales-pipeline-table\/","title":{"rendered":"Vertriebspipeline-Tabelle"},"content":{"rendered":"<p>&nbsp;<\/p>\n<h2>Sales Pipeline Tabelle Vorlage<\/h2>\n<p class=\"desc-text\">Verwenden Sie diese Tabelle als Datenbank f\u00fcr Ihre Verkaufspipelines. Organisieren Sie alle Ihre Leads an einem Ort und f\u00fcgen Sie die wichtigsten Informationen zu Ihren Gesch\u00e4ftsvorschl\u00e4gen hinzu. \u00dcberlegen Sie gemeinsam mit Ihrem Team, wie Sie am besten vorgehen k\u00f6nnen. Aktualisieren Sie die Tabelle nach und nach und behalten Sie den \u00dcberblick \u00fcber die n\u00e4chsten Schritte, die Sie unternehmen m\u00fcssen.<\/p>\n<h5>Verwenden Sie diese Vorlage zum:<\/h5>\n<ul class=\"desc-item_list\">\n<li class=\"desc-item_list__point\">Listen Sie Ihre potenziellen Gesch\u00e4fte in der Tabelle auf<\/li>\n<li class=\"desc-item_list__point\">Aktualisieren Sie die B\u00fchne w\u00e4hrend der Fahrt<\/li>\n<li class=\"desc-item_list__point\">Geben Sie den Betrag des Gesch\u00e4fts an<\/li>\n<li class=\"desc-item_list__point\">Verwenden Sie den Fortschrittsbalken, um Ihre Gewinnwahrscheinlichkeit anzuzeigen<\/li>\n<li class=\"desc-item_list__point\">Hinzuf\u00fcgen einer gewichteten Prognose<\/li>\n<li class=\"desc-item_list__point\">Verwenden Sie @-Erw\u00e4hnungen, um einen Vertriebsmitarbeiter zu markieren<\/li>\n<li class=\"desc-item_list__point\">N\u00e4chste Schritte einbeziehen<\/li>\n<\/ul>\n","protected":false},"excerpt":{"rendered":"<p>Verwenden Sie diese Tabelle als Datenbank f\u00fcr Ihre Verkaufspipelines. Organisieren Sie alle Ihre Leads an einem Ort und f\u00fcgen Sie die wichtigsten Informationen zu Ihren Gesch\u00e4ftsvorschl\u00e4gen hinzu.<\/p>\n","protected":false},"featured_media":25839,"template":"","meta":{"_acf_changed":false,"inline_featured_image":false},"product_brand":[],"product_cat":[193,194,195],"product_tag":[166],"class_list":{"0":"post-57857","1":"product","2":"type-product","3":"status-publish","4":"has-post-thumbnail","6":"product_cat-sales","7":"product_cat-sales-account","8":"product_cat-sales-management","9":"product_tag-hit","11":"first","12":"instock","13":"virtual","14":"sold-individually","15":"product-type-simple"},"acf":[],"yoast_head":"<!-- This site is optimized with the Yoast SEO plugin v25.3.1 - https:\/\/yoast.com\/wordpress\/plugins\/seo\/ -->\n<title>Vertriebs-Pipeline-Tabelle Vorlage - Sales AI Agents<\/title>\n<meta name=\"description\" content=\"Verwenden Sie diese Tabelle als Datenbank f\u00fcr Ihre Verkaufspipelines. Organisieren Sie alle Ihre Leads an einem Ort und f\u00fcgen Sie die wichtigsten Informationen zu Ihren Gesch\u00e4ftsvorschl\u00e4gen hinzu.\" \/>\n<meta name=\"robots\" content=\"index, follow, max-snippet:-1, max-image-preview:large, max-video-preview:-1\" \/>\n<link rel=\"canonical\" href=\"https:\/\/sales-ai-agents.com\/de\/templates\/sales-pipeline-table\/\" \/>\n<meta property=\"og:locale\" content=\"de_DE\" \/>\n<meta property=\"og:type\" content=\"article\" \/>\n<meta property=\"og:title\" content=\"Vertriebs-Pipeline-Tabelle Vorlage - Sales AI Agents\" \/>\n<meta property=\"og:description\" content=\"Verwenden Sie diese Tabelle als Datenbank f\u00fcr Ihre Verkaufspipelines. Organisieren Sie alle Ihre Leads an einem Ort und f\u00fcgen Sie die wichtigsten Informationen zu Ihren Gesch\u00e4ftsvorschl\u00e4gen hinzu.\" \/>\n<meta property=\"og:url\" content=\"https:\/\/sales-ai-agents.com\/de\/templates\/sales-pipeline-table\/\" \/>\n<meta property=\"og:site_name\" content=\"Sales AI Agents\" \/>\n<meta property=\"article:modified_time\" content=\"2023-12-27T19:53:19+00:00\" \/>\n<meta property=\"og:image\" content=\"https:\/\/sales-ai-agents.com\/wp-content\/uploads\/2022\/09\/Sales-Pipeline-Table-Template.png\" \/>\n\t<meta property=\"og:image:width\" content=\"1700\" \/>\n\t<meta property=\"og:image:height\" content=\"1100\" \/>\n\t<meta property=\"og:image:type\" content=\"image\/png\" \/>\n<meta name=\"twitter:card\" content=\"summary_large_image\" \/>\n<script type=\"application\/ld+json\" class=\"yoast-schema-graph\">{\"@context\":\"https:\/\/schema.org\",\"@graph\":[{\"@type\":\"WebPage\",\"@id\":\"https:\/\/sales-ai-agents.com\/de\/templates\/sales-pipeline-table\/\",\"url\":\"https:\/\/sales-ai-agents.com\/de\/templates\/sales-pipeline-table\/\",\"name\":\"Vertriebs-Pipeline-Tabelle Vorlage - Sales AI Agents\",\"isPartOf\":{\"@id\":\"https:\/\/sales-ai-agents.com\/#website\"},\"primaryImageOfPage\":{\"@id\":\"https:\/\/sales-ai-agents.com\/de\/templates\/sales-pipeline-table\/#primaryimage\"},\"image\":{\"@id\":\"https:\/\/sales-ai-agents.com\/de\/templates\/sales-pipeline-table\/#primaryimage\"},\"thumbnailUrl\":\"https:\/\/sales-ai-agents.com\/wp-content\/uploads\/2022\/09\/Sales-Pipeline-Table-Template.png\",\"datePublished\":\"2022-09-26T12:05:17+00:00\",\"dateModified\":\"2023-12-27T19:53:19+00:00\",\"description\":\"Verwenden Sie diese Tabelle als Datenbank f\u00fcr Ihre Verkaufspipelines. Organisieren Sie alle Ihre Leads an einem Ort und f\u00fcgen Sie die wichtigsten Informationen zu Ihren Gesch\u00e4ftsvorschl\u00e4gen hinzu.\",\"inLanguage\":\"de-DE\",\"potentialAction\":[{\"@type\":\"ReadAction\",\"target\":[\"https:\/\/sales-ai-agents.com\/de\/templates\/sales-pipeline-table\/\"]}]},{\"@type\":\"ImageObject\",\"inLanguage\":\"de-DE\",\"@id\":\"https:\/\/sales-ai-agents.com\/de\/templates\/sales-pipeline-table\/#primaryimage\",\"url\":\"https:\/\/sales-ai-agents.com\/wp-content\/uploads\/2022\/09\/Sales-Pipeline-Table-Template.png\",\"contentUrl\":\"https:\/\/sales-ai-agents.com\/wp-content\/uploads\/2022\/09\/Sales-Pipeline-Table-Template.png\",\"width\":1700,\"height\":1100,\"caption\":\"Use this table as a database for your sales pipelines.\"},{\"@type\":\"WebSite\",\"@id\":\"https:\/\/sales-ai-agents.com\/#website\",\"url\":\"https:\/\/sales-ai-agents.com\/\",\"name\":\"FuseBase\",\"description\":\"Nimbus Platform - Free Online Collaboration Software for Remote Teams. Build your wikis, client portals and more with the Nimbus Platform collaboration tool ? A perfect space for online work\",\"publisher\":{\"@id\":\"https:\/\/sales-ai-agents.com\/#organization\"},\"potentialAction\":[{\"@type\":\"SearchAction\",\"target\":{\"@type\":\"EntryPoint\",\"urlTemplate\":\"https:\/\/sales-ai-agents.com\/?s={search_term_string}\"},\"query-input\":{\"@type\":\"PropertyValueSpecification\",\"valueRequired\":true,\"valueName\":\"search_term_string\"}}],\"inLanguage\":\"de-DE\"},{\"@type\":\"Organization\",\"@id\":\"https:\/\/sales-ai-agents.com\/#organization\",\"name\":\"FuseBase\",\"url\":\"https:\/\/sales-ai-agents.com\/\",\"logo\":{\"@type\":\"ImageObject\",\"inLanguage\":\"de-DE\",\"@id\":\"https:\/\/sales-ai-agents.com\/#\/schema\/logo\/image\/\",\"url\":\"https:\/\/sales-ai-agents.com\/wp-content\/uploads\/2023\/11\/icon-7.svg\",\"contentUrl\":\"https:\/\/sales-ai-agents.com\/wp-content\/uploads\/2023\/11\/icon-7.svg\",\"width\":128,\"height\":128,\"caption\":\"FuseBase\"},\"image\":{\"@id\":\"https:\/\/sales-ai-agents.com\/#\/schema\/logo\/image\/\"}}]}<\/script>\n<!-- \/ Yoast SEO plugin. -->","yoast_head_json":{"title":"Vertriebs-Pipeline-Tabelle Vorlage - Sales AI Agents","description":"Verwenden Sie diese Tabelle als Datenbank f\u00fcr Ihre Verkaufspipelines. Organisieren Sie alle Ihre Leads an einem Ort und f\u00fcgen Sie die wichtigsten Informationen zu Ihren Gesch\u00e4ftsvorschl\u00e4gen hinzu.","robots":{"index":"index","follow":"follow","max-snippet":"max-snippet:-1","max-image-preview":"max-image-preview:large","max-video-preview":"max-video-preview:-1"},"canonical":"https:\/\/sales-ai-agents.com\/de\/templates\/sales-pipeline-table\/","og_locale":"de_DE","og_type":"article","og_title":"Vertriebs-Pipeline-Tabelle Vorlage - Sales AI Agents","og_description":"Verwenden Sie diese Tabelle als Datenbank f\u00fcr Ihre Verkaufspipelines. Organisieren Sie alle Ihre Leads an einem Ort und f\u00fcgen Sie die wichtigsten Informationen zu Ihren Gesch\u00e4ftsvorschl\u00e4gen hinzu.","og_url":"https:\/\/sales-ai-agents.com\/de\/templates\/sales-pipeline-table\/","og_site_name":"Sales AI Agents","article_modified_time":"2023-12-27T19:53:19+00:00","og_image":[{"width":1700,"height":1100,"url":"https:\/\/sales-ai-agents.com\/wp-content\/uploads\/2022\/09\/Sales-Pipeline-Table-Template.png","type":"image\/png"}],"twitter_card":"summary_large_image","schema":{"@context":"https:\/\/schema.org","@graph":[{"@type":"WebPage","@id":"https:\/\/sales-ai-agents.com\/de\/templates\/sales-pipeline-table\/","url":"https:\/\/sales-ai-agents.com\/de\/templates\/sales-pipeline-table\/","name":"Vertriebs-Pipeline-Tabelle Vorlage - Sales AI Agents","isPartOf":{"@id":"https:\/\/sales-ai-agents.com\/#website"},"primaryImageOfPage":{"@id":"https:\/\/sales-ai-agents.com\/de\/templates\/sales-pipeline-table\/#primaryimage"},"image":{"@id":"https:\/\/sales-ai-agents.com\/de\/templates\/sales-pipeline-table\/#primaryimage"},"thumbnailUrl":"https:\/\/sales-ai-agents.com\/wp-content\/uploads\/2022\/09\/Sales-Pipeline-Table-Template.png","datePublished":"2022-09-26T12:05:17+00:00","dateModified":"2023-12-27T19:53:19+00:00","description":"Verwenden Sie diese Tabelle als Datenbank f\u00fcr Ihre Verkaufspipelines. Organisieren Sie alle Ihre Leads an einem Ort und f\u00fcgen Sie die wichtigsten Informationen zu Ihren Gesch\u00e4ftsvorschl\u00e4gen hinzu.","inLanguage":"de-DE","potentialAction":[{"@type":"ReadAction","target":["https:\/\/sales-ai-agents.com\/de\/templates\/sales-pipeline-table\/"]}]},{"@type":"ImageObject","inLanguage":"de-DE","@id":"https:\/\/sales-ai-agents.com\/de\/templates\/sales-pipeline-table\/#primaryimage","url":"https:\/\/sales-ai-agents.com\/wp-content\/uploads\/2022\/09\/Sales-Pipeline-Table-Template.png","contentUrl":"https:\/\/sales-ai-agents.com\/wp-content\/uploads\/2022\/09\/Sales-Pipeline-Table-Template.png","width":1700,"height":1100,"caption":"Use this table as a database for your sales pipelines."},{"@type":"WebSite","@id":"https:\/\/sales-ai-agents.com\/#website","url":"https:\/\/sales-ai-agents.com\/","name":"FuseBase","description":"Nimbus Platform - Free Online Collaboration Software for Remote Teams. Build your wikis, client portals and more with the Nimbus Platform collaboration tool ? A perfect space for online work","publisher":{"@id":"https:\/\/sales-ai-agents.com\/#organization"},"potentialAction":[{"@type":"SearchAction","target":{"@type":"EntryPoint","urlTemplate":"https:\/\/sales-ai-agents.com\/?s={search_term_string}"},"query-input":{"@type":"PropertyValueSpecification","valueRequired":true,"valueName":"search_term_string"}}],"inLanguage":"de-DE"},{"@type":"Organization","@id":"https:\/\/sales-ai-agents.com\/#organization","name":"FuseBase","url":"https:\/\/sales-ai-agents.com\/","logo":{"@type":"ImageObject","inLanguage":"de-DE","@id":"https:\/\/sales-ai-agents.com\/#\/schema\/logo\/image\/","url":"https:\/\/sales-ai-agents.com\/wp-content\/uploads\/2023\/11\/icon-7.svg","contentUrl":"https:\/\/sales-ai-agents.com\/wp-content\/uploads\/2023\/11\/icon-7.svg","width":128,"height":128,"caption":"FuseBase"},"image":{"@id":"https:\/\/sales-ai-agents.com\/#\/schema\/logo\/image\/"}}]}},"_links":{"self":[{"href":"https:\/\/sales-ai-agents.com\/de\/wp-json\/wp\/v2\/product\/57857","targetHints":{"allow":["GET"]}}],"collection":[{"href":"https:\/\/sales-ai-agents.com\/de\/wp-json\/wp\/v2\/product"}],"about":[{"href":"https:\/\/sales-ai-agents.com\/de\/wp-json\/wp\/v2\/types\/product"}],"wp:featuredmedia":[{"embeddable":true,"href":"https:\/\/sales-ai-agents.com\/de\/wp-json\/wp\/v2\/media\/25839"}],"wp:attachment":[{"href":"https:\/\/sales-ai-agents.com\/de\/wp-json\/wp\/v2\/media?parent=57857"}],"wp:term":[{"taxonomy":"product_brand","embeddable":true,"href":"https:\/\/sales-ai-agents.com\/de\/wp-json\/wp\/v2\/product_brand?post=57857"},{"taxonomy":"product_cat","embeddable":true,"href":"https:\/\/sales-ai-agents.com\/de\/wp-json\/wp\/v2\/product_cat?post=57857"},{"taxonomy":"product_tag","embeddable":true,"href":"https:\/\/sales-ai-agents.com\/de\/wp-json\/wp\/v2\/product_tag?post=57857"}],"curies":[{"name":"wp","href":"https:\/\/api.w.org\/{rel}","templated":true}]}}