{"id":57862,"date":"2022-09-26T12:05:12","date_gmt":"2022-09-26T12:05:12","guid":{"rendered":"https:\/\/sales-ai-agents.com\/templates\/daily-log\/"},"modified":"2023-12-26T20:31:01","modified_gmt":"2023-12-26T20:31:01","slug":"daily-log","status":"publish","type":"product","link":"https:\/\/sales-ai-agents.com\/de\/templates\/daily-log\/","title":{"rendered":"T\u00e4gliches Protokoll"},"content":{"rendered":"<p>&nbsp;<\/p>\n<h2>T\u00e4gliches Protokoll Vorlage<\/h2>\n<p class=\"desc-text\">Die Vorlage f\u00fcr das Tagesprotokoll hilft Ihnen, den \u00dcberblick \u00fcber alle erledigten oder noch zu erledigenden Aufgaben zu behalten. Mit diesem Protokoll k\u00f6nnen Sie auch Ihre Aufgabenliste leicht verwalten. Organisieren Sie Ihren Arbeitstag und planen Sie wichtige Termine, Veranstaltungen und Daten im Voraus. Sie k\u00f6nnen diese Vorlage auch an Mitarbeiter oder Kollegen weitergeben, damit diese Ihren Zeitplan kennen und entsprechend arbeiten k\u00f6nnen.<\/p>\n<h5>Wie zu verwenden:<\/h5>\n<ul class=\"desc-item_list\">\n<li class=\"desc-item_list__point\">Geben Sie die wichtigste Aufgabe f\u00fcr den Tag an.<\/li>\n<li class=\"desc-item_list__point\">Definieren Sie die zus\u00e4tzlichen Aktivit\u00e4ten, die Sie durchf\u00fchren m\u00f6chten.<\/li>\n<li class=\"desc-item_list__point\">F\u00fcllen Sie die Tabelle mit den Aufgaben, die Sie erledigen m\u00fcssen.<\/li>\n<li class=\"desc-item_list__point\">Markieren Sie die Aufgaben, die Sie produktiv erledigt haben.<\/li>\n<li class=\"desc-item_list__point\">Verwenden Sie den Abschnitt Notizen, um Priorit\u00e4ten und wichtige Erinnerungen festzuhalten.<\/li>\n<\/ul>\n","protected":false},"excerpt":{"rendered":"<p>Die Vorlage f\u00fcr das Tagesprotokoll hilft Ihnen, den \u00dcberblick \u00fcber alle Aktionen zu behalten. Organisieren Sie Ihren Arbeitstag und planen Sie wichtige Termine, Veranstaltungen und Daten.<\/p>\n","protected":false},"featured_media":27119,"template":"","meta":{"_acf_changed":false,"inline_featured_image":false},"product_brand":[],"product_cat":[180,185],"product_tag":[],"class_list":{"0":"post-57862","1":"product","2":"type-product","3":"status-publish","4":"has-post-thumbnail","6":"product_cat-personal","7":"product_cat-personal-work","9":"first","10":"instock","11":"virtual","12":"sold-individually","13":"product-type-simple"},"acf":[],"yoast_head":"<!-- This site is optimized with the Yoast SEO plugin v25.3.1 - https:\/\/yoast.com\/wordpress\/plugins\/seo\/ -->\n<title>T\u00e4gliches Protokoll Vorlage - Sales AI Agents<\/title>\n<meta name=\"description\" content=\"Die Vorlage f\u00fcr das Tagesprotokoll hilft Ihnen, den \u00dcberblick \u00fcber alle Aktionen zu behalten. Organisieren Sie Ihren Arbeitstag und planen Sie wichtige Termine, Veranstaltungen und Daten im Voraus.\" \/>\n<meta name=\"robots\" content=\"index, follow, max-snippet:-1, max-image-preview:large, max-video-preview:-1\" \/>\n<link rel=\"canonical\" href=\"https:\/\/sales-ai-agents.com\/de\/templates\/daily-log\/\" \/>\n<meta property=\"og:locale\" content=\"de_DE\" \/>\n<meta property=\"og:type\" content=\"article\" \/>\n<meta property=\"og:title\" content=\"T\u00e4gliches Protokoll Vorlage - Sales AI Agents\" \/>\n<meta property=\"og:description\" content=\"Die Vorlage f\u00fcr das Tagesprotokoll hilft Ihnen, den \u00dcberblick \u00fcber alle Aktionen zu behalten. Organisieren Sie Ihren Arbeitstag und planen Sie wichtige Termine, Veranstaltungen und Daten im Voraus.\" \/>\n<meta property=\"og:url\" content=\"https:\/\/sales-ai-agents.com\/de\/templates\/daily-log\/\" \/>\n<meta property=\"og:site_name\" content=\"Sales AI Agents\" \/>\n<meta property=\"article:modified_time\" content=\"2023-12-26T20:31:01+00:00\" \/>\n<meta property=\"og:image\" content=\"https:\/\/sales-ai-agents.com\/wp-content\/uploads\/2022\/09\/Daily-Log-Template.png\" \/>\n\t<meta property=\"og:image:width\" content=\"1700\" \/>\n\t<meta property=\"og:image:height\" content=\"1047\" \/>\n\t<meta property=\"og:image:type\" content=\"image\/png\" \/>\n<meta name=\"twitter:card\" content=\"summary_large_image\" \/>\n<script type=\"application\/ld+json\" class=\"yoast-schema-graph\">{\"@context\":\"https:\/\/schema.org\",\"@graph\":[{\"@type\":\"WebPage\",\"@id\":\"https:\/\/sales-ai-agents.com\/de\/templates\/daily-log\/\",\"url\":\"https:\/\/sales-ai-agents.com\/de\/templates\/daily-log\/\",\"name\":\"T\u00e4gliches Protokoll Vorlage - Sales AI Agents\",\"isPartOf\":{\"@id\":\"https:\/\/sales-ai-agents.com\/#website\"},\"primaryImageOfPage\":{\"@id\":\"https:\/\/sales-ai-agents.com\/de\/templates\/daily-log\/#primaryimage\"},\"image\":{\"@id\":\"https:\/\/sales-ai-agents.com\/de\/templates\/daily-log\/#primaryimage\"},\"thumbnailUrl\":\"https:\/\/sales-ai-agents.com\/wp-content\/uploads\/2022\/09\/Daily-Log-Template.png\",\"datePublished\":\"2022-09-26T12:05:12+00:00\",\"dateModified\":\"2023-12-26T20:31:01+00:00\",\"description\":\"Die Vorlage f\u00fcr das Tagesprotokoll hilft Ihnen, den \u00dcberblick \u00fcber alle Aktionen zu behalten. Organisieren Sie Ihren Arbeitstag und planen Sie wichtige Termine, Veranstaltungen und Daten im Voraus.\",\"inLanguage\":\"de-DE\",\"potentialAction\":[{\"@type\":\"ReadAction\",\"target\":[\"https:\/\/sales-ai-agents.com\/de\/templates\/daily-log\/\"]}]},{\"@type\":\"ImageObject\",\"inLanguage\":\"de-DE\",\"@id\":\"https:\/\/sales-ai-agents.com\/de\/templates\/daily-log\/#primaryimage\",\"url\":\"https:\/\/sales-ai-agents.com\/wp-content\/uploads\/2022\/09\/Daily-Log-Template.png\",\"contentUrl\":\"https:\/\/sales-ai-agents.com\/wp-content\/uploads\/2022\/09\/Daily-Log-Template.png\",\"width\":1700,\"height\":1047,\"caption\":\"The Daily Log template helps you keep track of all the actions.\"},{\"@type\":\"WebSite\",\"@id\":\"https:\/\/sales-ai-agents.com\/#website\",\"url\":\"https:\/\/sales-ai-agents.com\/\",\"name\":\"FuseBase\",\"description\":\"Nimbus Platform - Free Online Collaboration Software for Remote Teams. Build your wikis, client portals and more with the Nimbus Platform collaboration tool ? A perfect space for online work\",\"publisher\":{\"@id\":\"https:\/\/sales-ai-agents.com\/#organization\"},\"potentialAction\":[{\"@type\":\"SearchAction\",\"target\":{\"@type\":\"EntryPoint\",\"urlTemplate\":\"https:\/\/sales-ai-agents.com\/?s={search_term_string}\"},\"query-input\":{\"@type\":\"PropertyValueSpecification\",\"valueRequired\":true,\"valueName\":\"search_term_string\"}}],\"inLanguage\":\"de-DE\"},{\"@type\":\"Organization\",\"@id\":\"https:\/\/sales-ai-agents.com\/#organization\",\"name\":\"FuseBase\",\"url\":\"https:\/\/sales-ai-agents.com\/\",\"logo\":{\"@type\":\"ImageObject\",\"inLanguage\":\"de-DE\",\"@id\":\"https:\/\/sales-ai-agents.com\/#\/schema\/logo\/image\/\",\"url\":\"https:\/\/sales-ai-agents.com\/wp-content\/uploads\/2023\/11\/icon-7.svg\",\"contentUrl\":\"https:\/\/sales-ai-agents.com\/wp-content\/uploads\/2023\/11\/icon-7.svg\",\"width\":128,\"height\":128,\"caption\":\"FuseBase\"},\"image\":{\"@id\":\"https:\/\/sales-ai-agents.com\/#\/schema\/logo\/image\/\"}}]}<\/script>\n<!-- \/ Yoast SEO plugin. -->","yoast_head_json":{"title":"T\u00e4gliches Protokoll Vorlage - Sales AI Agents","description":"Die Vorlage f\u00fcr das Tagesprotokoll hilft Ihnen, den \u00dcberblick \u00fcber alle Aktionen zu behalten. Organisieren Sie Ihren Arbeitstag und planen Sie wichtige Termine, Veranstaltungen und Daten im Voraus.","robots":{"index":"index","follow":"follow","max-snippet":"max-snippet:-1","max-image-preview":"max-image-preview:large","max-video-preview":"max-video-preview:-1"},"canonical":"https:\/\/sales-ai-agents.com\/de\/templates\/daily-log\/","og_locale":"de_DE","og_type":"article","og_title":"T\u00e4gliches Protokoll Vorlage - Sales AI Agents","og_description":"Die Vorlage f\u00fcr das Tagesprotokoll hilft Ihnen, den \u00dcberblick \u00fcber alle Aktionen zu behalten. Organisieren Sie Ihren Arbeitstag und planen Sie wichtige Termine, Veranstaltungen und Daten im Voraus.","og_url":"https:\/\/sales-ai-agents.com\/de\/templates\/daily-log\/","og_site_name":"Sales AI Agents","article_modified_time":"2023-12-26T20:31:01+00:00","og_image":[{"width":1700,"height":1047,"url":"https:\/\/sales-ai-agents.com\/wp-content\/uploads\/2022\/09\/Daily-Log-Template.png","type":"image\/png"}],"twitter_card":"summary_large_image","schema":{"@context":"https:\/\/schema.org","@graph":[{"@type":"WebPage","@id":"https:\/\/sales-ai-agents.com\/de\/templates\/daily-log\/","url":"https:\/\/sales-ai-agents.com\/de\/templates\/daily-log\/","name":"T\u00e4gliches Protokoll Vorlage - Sales AI Agents","isPartOf":{"@id":"https:\/\/sales-ai-agents.com\/#website"},"primaryImageOfPage":{"@id":"https:\/\/sales-ai-agents.com\/de\/templates\/daily-log\/#primaryimage"},"image":{"@id":"https:\/\/sales-ai-agents.com\/de\/templates\/daily-log\/#primaryimage"},"thumbnailUrl":"https:\/\/sales-ai-agents.com\/wp-content\/uploads\/2022\/09\/Daily-Log-Template.png","datePublished":"2022-09-26T12:05:12+00:00","dateModified":"2023-12-26T20:31:01+00:00","description":"Die Vorlage f\u00fcr das Tagesprotokoll hilft Ihnen, den \u00dcberblick \u00fcber alle Aktionen zu behalten. Organisieren Sie Ihren Arbeitstag und planen Sie wichtige Termine, Veranstaltungen und Daten im Voraus.","inLanguage":"de-DE","potentialAction":[{"@type":"ReadAction","target":["https:\/\/sales-ai-agents.com\/de\/templates\/daily-log\/"]}]},{"@type":"ImageObject","inLanguage":"de-DE","@id":"https:\/\/sales-ai-agents.com\/de\/templates\/daily-log\/#primaryimage","url":"https:\/\/sales-ai-agents.com\/wp-content\/uploads\/2022\/09\/Daily-Log-Template.png","contentUrl":"https:\/\/sales-ai-agents.com\/wp-content\/uploads\/2022\/09\/Daily-Log-Template.png","width":1700,"height":1047,"caption":"The Daily Log template helps you keep track of all the actions."},{"@type":"WebSite","@id":"https:\/\/sales-ai-agents.com\/#website","url":"https:\/\/sales-ai-agents.com\/","name":"FuseBase","description":"Nimbus Platform - Free Online Collaboration Software for Remote Teams. Build your wikis, client portals and more with the Nimbus Platform collaboration tool ? A perfect space for online work","publisher":{"@id":"https:\/\/sales-ai-agents.com\/#organization"},"potentialAction":[{"@type":"SearchAction","target":{"@type":"EntryPoint","urlTemplate":"https:\/\/sales-ai-agents.com\/?s={search_term_string}"},"query-input":{"@type":"PropertyValueSpecification","valueRequired":true,"valueName":"search_term_string"}}],"inLanguage":"de-DE"},{"@type":"Organization","@id":"https:\/\/sales-ai-agents.com\/#organization","name":"FuseBase","url":"https:\/\/sales-ai-agents.com\/","logo":{"@type":"ImageObject","inLanguage":"de-DE","@id":"https:\/\/sales-ai-agents.com\/#\/schema\/logo\/image\/","url":"https:\/\/sales-ai-agents.com\/wp-content\/uploads\/2023\/11\/icon-7.svg","contentUrl":"https:\/\/sales-ai-agents.com\/wp-content\/uploads\/2023\/11\/icon-7.svg","width":128,"height":128,"caption":"FuseBase"},"image":{"@id":"https:\/\/sales-ai-agents.com\/#\/schema\/logo\/image\/"}}]}},"_links":{"self":[{"href":"https:\/\/sales-ai-agents.com\/de\/wp-json\/wp\/v2\/product\/57862","targetHints":{"allow":["GET"]}}],"collection":[{"href":"https:\/\/sales-ai-agents.com\/de\/wp-json\/wp\/v2\/product"}],"about":[{"href":"https:\/\/sales-ai-agents.com\/de\/wp-json\/wp\/v2\/types\/product"}],"wp:featuredmedia":[{"embeddable":true,"href":"https:\/\/sales-ai-agents.com\/de\/wp-json\/wp\/v2\/media\/27119"}],"wp:attachment":[{"href":"https:\/\/sales-ai-agents.com\/de\/wp-json\/wp\/v2\/media?parent=57862"}],"wp:term":[{"taxonomy":"product_brand","embeddable":true,"href":"https:\/\/sales-ai-agents.com\/de\/wp-json\/wp\/v2\/product_brand?post=57862"},{"taxonomy":"product_cat","embeddable":true,"href":"https:\/\/sales-ai-agents.com\/de\/wp-json\/wp\/v2\/product_cat?post=57862"},{"taxonomy":"product_tag","embeddable":true,"href":"https:\/\/sales-ai-agents.com\/de\/wp-json\/wp\/v2\/product_tag?post=57862"}],"curies":[{"name":"wp","href":"https:\/\/api.w.org\/{rel}","templated":true}]}}