{"id":57867,"date":"2022-09-26T12:05:08","date_gmt":"2022-09-26T12:05:08","guid":{"rendered":"https:\/\/sales-ai-agents.com\/templates\/design-system\/"},"modified":"2023-12-27T14:41:21","modified_gmt":"2023-12-27T14:41:21","slug":"design-system","status":"publish","type":"product","link":"https:\/\/sales-ai-agents.com\/de\/templates\/design-system\/","title":{"rendered":"Entwurfssystem"},"content":{"rendered":"<p>&nbsp;<\/p>\n<h2>Systemvorlage entwerfen<\/h2>\n<p class=\"desc-text\">Bilder und visuelles Branding sollten durchg\u00e4ngig in Ihren sozialen Medien und Anzeigen verwendet werden. Mit dieser Vorlage k\u00f6nnen Sie Ihre Bilder und Design-Assets katalogisieren. Passen Sie es an Ihre Bed\u00fcrfnisse an. Erfassen Sie Ihre Marke und geben Sie das Dokument an Ihr Designteam weiter, damit alle auf derselben Seite stehen.<\/p>\n<h5>Wie zu verwenden:<\/h5>\n<ul class=\"desc-item_list\">\n<li class=\"desc-item_list__point\">F\u00fcgen Sie Bilder f\u00fcr jeden Gestaltungsaspekt hinzu<\/li>\n<li class=\"desc-item_list__point\">F\u00fcgen Sie wichtige Hinweise zum visuellen Design Ihres Unternehmens ein<\/li>\n<li class=\"desc-item_list__point\">Halten Sie alle Ihre Bilder und Designs einheitlich<\/li>\n<li class=\"desc-item_list__point\">Teilen Sie es mit Ihrem Team, damit alle auf dem Laufenden sind<\/li>\n<li class=\"desc-item_list__point\">Passen Sie die Vorlage an und f\u00fcgen Sie Abschnitte f\u00fcr alle wichtigen visuellen Elemente hinzu<\/li>\n<\/ul>\n","protected":false},"excerpt":{"rendered":"<p>Verwenden Sie Bilder und visuelles Branding konsequent in Ihren sozialen Medien und Anzeigen. Probieren Sie diese Vorlage aus und katalogisieren Sie Ihre Bilder und Designobjekte!<\/p>\n","protected":false},"featured_media":20686,"template":"","meta":{"_acf_changed":false,"inline_featured_image":false},"product_brand":[],"product_cat":[165],"product_tag":[],"class_list":{"0":"post-57867","1":"product","2":"type-product","3":"status-publish","4":"has-post-thumbnail","6":"product_cat-designer","8":"first","9":"instock","10":"virtual","11":"sold-individually","12":"product-type-simple"},"acf":[],"yoast_head":"<!-- This site is optimized with the Yoast SEO plugin v25.3.1 - https:\/\/yoast.com\/wordpress\/plugins\/seo\/ -->\n<title>Design System Vorlage - Sales AI Agents<\/title>\n<meta name=\"description\" content=\"Verwenden Sie Bilder und visuelles Branding konsequent in Ihren sozialen Medien und Anzeigen. Probieren Sie diese Vorlage aus und katalogisieren Sie Ihre Bilder und Designobjekte!\" \/>\n<meta name=\"robots\" content=\"index, follow, max-snippet:-1, max-image-preview:large, max-video-preview:-1\" \/>\n<link rel=\"canonical\" href=\"https:\/\/sales-ai-agents.com\/de\/templates\/design-system\/\" \/>\n<meta property=\"og:locale\" content=\"de_DE\" \/>\n<meta property=\"og:type\" content=\"article\" \/>\n<meta property=\"og:title\" content=\"Design System Vorlage - Sales AI Agents\" \/>\n<meta property=\"og:description\" content=\"Verwenden Sie Bilder und visuelles Branding konsequent in Ihren sozialen Medien und Anzeigen. Probieren Sie diese Vorlage aus und katalogisieren Sie Ihre Bilder und Designobjekte!\" \/>\n<meta property=\"og:url\" content=\"https:\/\/sales-ai-agents.com\/de\/templates\/design-system\/\" \/>\n<meta property=\"og:site_name\" content=\"Sales AI Agents\" \/>\n<meta property=\"article:modified_time\" content=\"2023-12-27T14:41:21+00:00\" \/>\n<meta property=\"og:image\" content=\"https:\/\/sales-ai-agents.com\/wp-content\/uploads\/2023\/01\/image-preview122231.png\" \/>\n\t<meta property=\"og:image:width\" content=\"1078\" \/>\n\t<meta property=\"og:image:height\" content=\"1985\" \/>\n\t<meta property=\"og:image:type\" content=\"image\/png\" \/>\n<meta name=\"twitter:card\" content=\"summary_large_image\" \/>\n<script type=\"application\/ld+json\" class=\"yoast-schema-graph\">{\"@context\":\"https:\/\/schema.org\",\"@graph\":[{\"@type\":\"WebPage\",\"@id\":\"https:\/\/sales-ai-agents.com\/de\/templates\/design-system\/\",\"url\":\"https:\/\/sales-ai-agents.com\/de\/templates\/design-system\/\",\"name\":\"Design System Vorlage - Sales AI Agents\",\"isPartOf\":{\"@id\":\"https:\/\/sales-ai-agents.com\/#website\"},\"primaryImageOfPage\":{\"@id\":\"https:\/\/sales-ai-agents.com\/de\/templates\/design-system\/#primaryimage\"},\"image\":{\"@id\":\"https:\/\/sales-ai-agents.com\/de\/templates\/design-system\/#primaryimage\"},\"thumbnailUrl\":\"https:\/\/sales-ai-agents.com\/wp-content\/uploads\/2023\/01\/image-preview122231.png\",\"datePublished\":\"2022-09-26T12:05:08+00:00\",\"dateModified\":\"2023-12-27T14:41:21+00:00\",\"description\":\"Verwenden Sie Bilder und visuelles Branding konsequent in Ihren sozialen Medien und Anzeigen. Probieren Sie diese Vorlage aus und katalogisieren Sie Ihre Bilder und Designobjekte!\",\"inLanguage\":\"de-DE\",\"potentialAction\":[{\"@type\":\"ReadAction\",\"target\":[\"https:\/\/sales-ai-agents.com\/de\/templates\/design-system\/\"]}]},{\"@type\":\"ImageObject\",\"inLanguage\":\"de-DE\",\"@id\":\"https:\/\/sales-ai-agents.com\/de\/templates\/design-system\/#primaryimage\",\"url\":\"https:\/\/sales-ai-agents.com\/wp-content\/uploads\/2023\/01\/image-preview122231.png\",\"contentUrl\":\"https:\/\/sales-ai-agents.com\/wp-content\/uploads\/2023\/01\/image-preview122231.png\",\"width\":1078,\"height\":1985,\"caption\":\"Design System Template - Nimbus Platform\"},{\"@type\":\"WebSite\",\"@id\":\"https:\/\/sales-ai-agents.com\/#website\",\"url\":\"https:\/\/sales-ai-agents.com\/\",\"name\":\"FuseBase\",\"description\":\"Nimbus Platform - Free Online Collaboration Software for Remote Teams. Build your wikis, client portals and more with the Nimbus Platform collaboration tool ? A perfect space for online work\",\"publisher\":{\"@id\":\"https:\/\/sales-ai-agents.com\/#organization\"},\"potentialAction\":[{\"@type\":\"SearchAction\",\"target\":{\"@type\":\"EntryPoint\",\"urlTemplate\":\"https:\/\/sales-ai-agents.com\/?s={search_term_string}\"},\"query-input\":{\"@type\":\"PropertyValueSpecification\",\"valueRequired\":true,\"valueName\":\"search_term_string\"}}],\"inLanguage\":\"de-DE\"},{\"@type\":\"Organization\",\"@id\":\"https:\/\/sales-ai-agents.com\/#organization\",\"name\":\"FuseBase\",\"url\":\"https:\/\/sales-ai-agents.com\/\",\"logo\":{\"@type\":\"ImageObject\",\"inLanguage\":\"de-DE\",\"@id\":\"https:\/\/sales-ai-agents.com\/#\/schema\/logo\/image\/\",\"url\":\"https:\/\/sales-ai-agents.com\/wp-content\/uploads\/2023\/11\/icon-7.svg\",\"contentUrl\":\"https:\/\/sales-ai-agents.com\/wp-content\/uploads\/2023\/11\/icon-7.svg\",\"width\":128,\"height\":128,\"caption\":\"FuseBase\"},\"image\":{\"@id\":\"https:\/\/sales-ai-agents.com\/#\/schema\/logo\/image\/\"}}]}<\/script>\n<!-- \/ Yoast SEO plugin. -->","yoast_head_json":{"title":"Design System Vorlage - Sales AI Agents","description":"Verwenden Sie Bilder und visuelles Branding konsequent in Ihren sozialen Medien und Anzeigen. Probieren Sie diese Vorlage aus und katalogisieren Sie Ihre Bilder und Designobjekte!","robots":{"index":"index","follow":"follow","max-snippet":"max-snippet:-1","max-image-preview":"max-image-preview:large","max-video-preview":"max-video-preview:-1"},"canonical":"https:\/\/sales-ai-agents.com\/de\/templates\/design-system\/","og_locale":"de_DE","og_type":"article","og_title":"Design System Vorlage - Sales AI Agents","og_description":"Verwenden Sie Bilder und visuelles Branding konsequent in Ihren sozialen Medien und Anzeigen. Probieren Sie diese Vorlage aus und katalogisieren Sie Ihre Bilder und Designobjekte!","og_url":"https:\/\/sales-ai-agents.com\/de\/templates\/design-system\/","og_site_name":"Sales AI Agents","article_modified_time":"2023-12-27T14:41:21+00:00","og_image":[{"width":1078,"height":1985,"url":"https:\/\/sales-ai-agents.com\/wp-content\/uploads\/2023\/01\/image-preview122231.png","type":"image\/png"}],"twitter_card":"summary_large_image","schema":{"@context":"https:\/\/schema.org","@graph":[{"@type":"WebPage","@id":"https:\/\/sales-ai-agents.com\/de\/templates\/design-system\/","url":"https:\/\/sales-ai-agents.com\/de\/templates\/design-system\/","name":"Design System Vorlage - Sales AI Agents","isPartOf":{"@id":"https:\/\/sales-ai-agents.com\/#website"},"primaryImageOfPage":{"@id":"https:\/\/sales-ai-agents.com\/de\/templates\/design-system\/#primaryimage"},"image":{"@id":"https:\/\/sales-ai-agents.com\/de\/templates\/design-system\/#primaryimage"},"thumbnailUrl":"https:\/\/sales-ai-agents.com\/wp-content\/uploads\/2023\/01\/image-preview122231.png","datePublished":"2022-09-26T12:05:08+00:00","dateModified":"2023-12-27T14:41:21+00:00","description":"Verwenden Sie Bilder und visuelles Branding konsequent in Ihren sozialen Medien und Anzeigen. Probieren Sie diese Vorlage aus und katalogisieren Sie Ihre Bilder und Designobjekte!","inLanguage":"de-DE","potentialAction":[{"@type":"ReadAction","target":["https:\/\/sales-ai-agents.com\/de\/templates\/design-system\/"]}]},{"@type":"ImageObject","inLanguage":"de-DE","@id":"https:\/\/sales-ai-agents.com\/de\/templates\/design-system\/#primaryimage","url":"https:\/\/sales-ai-agents.com\/wp-content\/uploads\/2023\/01\/image-preview122231.png","contentUrl":"https:\/\/sales-ai-agents.com\/wp-content\/uploads\/2023\/01\/image-preview122231.png","width":1078,"height":1985,"caption":"Design System Template - Nimbus Platform"},{"@type":"WebSite","@id":"https:\/\/sales-ai-agents.com\/#website","url":"https:\/\/sales-ai-agents.com\/","name":"FuseBase","description":"Nimbus Platform - Free Online Collaboration Software for Remote Teams. Build your wikis, client portals and more with the Nimbus Platform collaboration tool ? A perfect space for online work","publisher":{"@id":"https:\/\/sales-ai-agents.com\/#organization"},"potentialAction":[{"@type":"SearchAction","target":{"@type":"EntryPoint","urlTemplate":"https:\/\/sales-ai-agents.com\/?s={search_term_string}"},"query-input":{"@type":"PropertyValueSpecification","valueRequired":true,"valueName":"search_term_string"}}],"inLanguage":"de-DE"},{"@type":"Organization","@id":"https:\/\/sales-ai-agents.com\/#organization","name":"FuseBase","url":"https:\/\/sales-ai-agents.com\/","logo":{"@type":"ImageObject","inLanguage":"de-DE","@id":"https:\/\/sales-ai-agents.com\/#\/schema\/logo\/image\/","url":"https:\/\/sales-ai-agents.com\/wp-content\/uploads\/2023\/11\/icon-7.svg","contentUrl":"https:\/\/sales-ai-agents.com\/wp-content\/uploads\/2023\/11\/icon-7.svg","width":128,"height":128,"caption":"FuseBase"},"image":{"@id":"https:\/\/sales-ai-agents.com\/#\/schema\/logo\/image\/"}}]}},"_links":{"self":[{"href":"https:\/\/sales-ai-agents.com\/de\/wp-json\/wp\/v2\/product\/57867","targetHints":{"allow":["GET"]}}],"collection":[{"href":"https:\/\/sales-ai-agents.com\/de\/wp-json\/wp\/v2\/product"}],"about":[{"href":"https:\/\/sales-ai-agents.com\/de\/wp-json\/wp\/v2\/types\/product"}],"wp:featuredmedia":[{"embeddable":true,"href":"https:\/\/sales-ai-agents.com\/de\/wp-json\/wp\/v2\/media\/20686"}],"wp:attachment":[{"href":"https:\/\/sales-ai-agents.com\/de\/wp-json\/wp\/v2\/media?parent=57867"}],"wp:term":[{"taxonomy":"product_brand","embeddable":true,"href":"https:\/\/sales-ai-agents.com\/de\/wp-json\/wp\/v2\/product_brand?post=57867"},{"taxonomy":"product_cat","embeddable":true,"href":"https:\/\/sales-ai-agents.com\/de\/wp-json\/wp\/v2\/product_cat?post=57867"},{"taxonomy":"product_tag","embeddable":true,"href":"https:\/\/sales-ai-agents.com\/de\/wp-json\/wp\/v2\/product_tag?post=57867"}],"curies":[{"name":"wp","href":"https:\/\/api.w.org\/{rel}","templated":true}]}}