{"id":57872,"date":"2022-09-26T12:04:51","date_gmt":"2022-09-26T12:04:51","guid":{"rendered":"https:\/\/sales-ai-agents.com\/templates\/competitive-feature-analysis\/"},"modified":"2023-12-27T14:55:14","modified_gmt":"2023-12-27T14:55:14","slug":"competitive-feature-analysis","status":"publish","type":"product","link":"https:\/\/sales-ai-agents.com\/de\/templates\/competitive-feature-analysis\/","title":{"rendered":"Analyse der wettbewerbsrelevanten Merkmale"},"content":{"rendered":"<p>&nbsp;<\/p>\n<h2>Vorlage f\u00fcr die Analyse von Wettbewerbsmerkmalen<\/h2>\n<p class=\"desc-text\">Mit dieser Vorlage f\u00fcr eine Wettbewerbsanalyse k\u00f6nnen Sie die Merkmale Ihrer Mitbewerber im Auge behalten. Sie k\u00f6nnen sich deren Angebote und Preise ansehen und sich von ihnen abgrenzen. Bei der Entwicklung eines Produkts oder der F\u00fchrung eines Unternehmens ist es wichtig zu wissen, was die Konkurrenz macht. Mit einer effektiven Planung k\u00f6nnen Sie sicherstellen, dass sich Ihr Unternehmen abhebt.<\/p>\n<h5>Wie zu verwenden:<\/h5>\n<ul class=\"desc-item_list\">\n<li class=\"desc-item_list__point\">Liste der Marken und Produkte der Wettbewerber<\/li>\n<li class=\"desc-item_list__point\">Geben Sie den Preis f\u00fcr jedes Produkt an<\/li>\n<li class=\"desc-item_list__point\">Notieren Sie sich die wichtigsten Merkmale in jedem<\/li>\n<li><span data-preserver-spaces=\"true\">Ihre Website als Referenz hinzuf\u00fcgen<\/span><\/li>\n<\/ul>\n","protected":false},"excerpt":{"rendered":"<p>Mit dieser Vorlage f\u00fcr eine Wettbewerbsanalyse k\u00f6nnen Sie die Merkmale Ihrer Mitbewerber verfolgen. Achten Sie auf deren Angebote und Preise, und heben Sie sich von ihnen ab.<\/p>\n","protected":false},"featured_media":34240,"template":"","meta":{"_acf_changed":false,"inline_featured_image":false},"product_brand":[],"product_cat":[171,172,186],"product_tag":[],"class_list":{"0":"post-57872","1":"product","2":"type-product","3":"status-publish","4":"has-post-thumbnail","6":"product_cat-marketing","7":"product_cat-marketing-analysis","8":"product_cat-product","10":"first","11":"instock","12":"virtual","13":"sold-individually","14":"product-type-simple"},"acf":[],"yoast_head":"<!-- This site is optimized with the Yoast SEO plugin v25.3.1 - https:\/\/yoast.com\/wordpress\/plugins\/seo\/ -->\n<title>Vorlage f\u00fcr die Analyse von Wettbewerbsmerkmalen - Sales AI Agents<\/title>\n<meta name=\"description\" content=\"Mit dieser Vorlage f\u00fcr eine Wettbewerbsanalyse k\u00f6nnen Sie die Merkmale Ihrer Mitbewerber verfolgen. Achten Sie auf deren Angebote und Preise, und heben Sie sich von ihnen ab.\" \/>\n<meta name=\"robots\" content=\"index, follow, max-snippet:-1, max-image-preview:large, max-video-preview:-1\" \/>\n<link rel=\"canonical\" href=\"https:\/\/sales-ai-agents.com\/de\/templates\/competitive-feature-analysis\/\" \/>\n<meta property=\"og:locale\" content=\"de_DE\" \/>\n<meta property=\"og:type\" content=\"article\" \/>\n<meta property=\"og:title\" content=\"Vorlage f\u00fcr die Analyse von Wettbewerbsmerkmalen - Sales AI Agents\" \/>\n<meta property=\"og:description\" content=\"Mit dieser Vorlage f\u00fcr eine Wettbewerbsanalyse k\u00f6nnen Sie die Merkmale Ihrer Mitbewerber verfolgen. Achten Sie auf deren Angebote und Preise, und heben Sie sich von ihnen ab.\" \/>\n<meta property=\"og:url\" content=\"https:\/\/sales-ai-agents.com\/de\/templates\/competitive-feature-analysis\/\" \/>\n<meta property=\"og:site_name\" content=\"Sales AI Agents\" \/>\n<meta property=\"article:modified_time\" content=\"2023-12-27T14:55:14+00:00\" \/>\n<meta property=\"og:image\" content=\"https:\/\/sales-ai-agents.com\/wp-content\/uploads\/2022\/09\/Competitive-Feature-Analysis-Template.png\" \/>\n\t<meta property=\"og:image:width\" content=\"1700\" \/>\n\t<meta property=\"og:image:height\" content=\"1100\" \/>\n\t<meta property=\"og:image:type\" content=\"image\/png\" \/>\n<meta name=\"twitter:card\" content=\"summary_large_image\" \/>\n<script type=\"application\/ld+json\" class=\"yoast-schema-graph\">{\"@context\":\"https:\/\/schema.org\",\"@graph\":[{\"@type\":\"WebPage\",\"@id\":\"https:\/\/sales-ai-agents.com\/de\/templates\/competitive-feature-analysis\/\",\"url\":\"https:\/\/sales-ai-agents.com\/de\/templates\/competitive-feature-analysis\/\",\"name\":\"Vorlage f\u00fcr die Analyse von Wettbewerbsmerkmalen - Sales AI Agents\",\"isPartOf\":{\"@id\":\"https:\/\/sales-ai-agents.com\/#website\"},\"primaryImageOfPage\":{\"@id\":\"https:\/\/sales-ai-agents.com\/de\/templates\/competitive-feature-analysis\/#primaryimage\"},\"image\":{\"@id\":\"https:\/\/sales-ai-agents.com\/de\/templates\/competitive-feature-analysis\/#primaryimage\"},\"thumbnailUrl\":\"https:\/\/sales-ai-agents.com\/wp-content\/uploads\/2022\/09\/Competitive-Feature-Analysis-Template.png\",\"datePublished\":\"2022-09-26T12:04:51+00:00\",\"dateModified\":\"2023-12-27T14:55:14+00:00\",\"description\":\"Mit dieser Vorlage f\u00fcr eine Wettbewerbsanalyse k\u00f6nnen Sie die Merkmale Ihrer Mitbewerber verfolgen. Achten Sie auf deren Angebote und Preise, und heben Sie sich von ihnen ab.\",\"inLanguage\":\"de-DE\",\"potentialAction\":[{\"@type\":\"ReadAction\",\"target\":[\"https:\/\/sales-ai-agents.com\/de\/templates\/competitive-feature-analysis\/\"]}]},{\"@type\":\"ImageObject\",\"inLanguage\":\"de-DE\",\"@id\":\"https:\/\/sales-ai-agents.com\/de\/templates\/competitive-feature-analysis\/#primaryimage\",\"url\":\"https:\/\/sales-ai-agents.com\/wp-content\/uploads\/2022\/09\/Competitive-Feature-Analysis-Template.png\",\"contentUrl\":\"https:\/\/sales-ai-agents.com\/wp-content\/uploads\/2022\/09\/Competitive-Feature-Analysis-Template.png\",\"width\":1700,\"height\":1100,\"caption\":\"With this competitive analysis template, you can track your competitor's features.\"},{\"@type\":\"WebSite\",\"@id\":\"https:\/\/sales-ai-agents.com\/#website\",\"url\":\"https:\/\/sales-ai-agents.com\/\",\"name\":\"FuseBase\",\"description\":\"Nimbus Platform - Free Online Collaboration Software for Remote Teams. Build your wikis, client portals and more with the Nimbus Platform collaboration tool ? A perfect space for online work\",\"publisher\":{\"@id\":\"https:\/\/sales-ai-agents.com\/#organization\"},\"potentialAction\":[{\"@type\":\"SearchAction\",\"target\":{\"@type\":\"EntryPoint\",\"urlTemplate\":\"https:\/\/sales-ai-agents.com\/?s={search_term_string}\"},\"query-input\":{\"@type\":\"PropertyValueSpecification\",\"valueRequired\":true,\"valueName\":\"search_term_string\"}}],\"inLanguage\":\"de-DE\"},{\"@type\":\"Organization\",\"@id\":\"https:\/\/sales-ai-agents.com\/#organization\",\"name\":\"FuseBase\",\"url\":\"https:\/\/sales-ai-agents.com\/\",\"logo\":{\"@type\":\"ImageObject\",\"inLanguage\":\"de-DE\",\"@id\":\"https:\/\/sales-ai-agents.com\/#\/schema\/logo\/image\/\",\"url\":\"https:\/\/sales-ai-agents.com\/wp-content\/uploads\/2023\/11\/icon-7.svg\",\"contentUrl\":\"https:\/\/sales-ai-agents.com\/wp-content\/uploads\/2023\/11\/icon-7.svg\",\"width\":128,\"height\":128,\"caption\":\"FuseBase\"},\"image\":{\"@id\":\"https:\/\/sales-ai-agents.com\/#\/schema\/logo\/image\/\"}}]}<\/script>\n<!-- \/ Yoast SEO plugin. -->","yoast_head_json":{"title":"Vorlage f\u00fcr die Analyse von Wettbewerbsmerkmalen - Sales AI Agents","description":"Mit dieser Vorlage f\u00fcr eine Wettbewerbsanalyse k\u00f6nnen Sie die Merkmale Ihrer Mitbewerber verfolgen. Achten Sie auf deren Angebote und Preise, und heben Sie sich von ihnen ab.","robots":{"index":"index","follow":"follow","max-snippet":"max-snippet:-1","max-image-preview":"max-image-preview:large","max-video-preview":"max-video-preview:-1"},"canonical":"https:\/\/sales-ai-agents.com\/de\/templates\/competitive-feature-analysis\/","og_locale":"de_DE","og_type":"article","og_title":"Vorlage f\u00fcr die Analyse von Wettbewerbsmerkmalen - Sales AI Agents","og_description":"Mit dieser Vorlage f\u00fcr eine Wettbewerbsanalyse k\u00f6nnen Sie die Merkmale Ihrer Mitbewerber verfolgen. Achten Sie auf deren Angebote und Preise, und heben Sie sich von ihnen ab.","og_url":"https:\/\/sales-ai-agents.com\/de\/templates\/competitive-feature-analysis\/","og_site_name":"Sales AI Agents","article_modified_time":"2023-12-27T14:55:14+00:00","og_image":[{"width":1700,"height":1100,"url":"https:\/\/sales-ai-agents.com\/wp-content\/uploads\/2022\/09\/Competitive-Feature-Analysis-Template.png","type":"image\/png"}],"twitter_card":"summary_large_image","schema":{"@context":"https:\/\/schema.org","@graph":[{"@type":"WebPage","@id":"https:\/\/sales-ai-agents.com\/de\/templates\/competitive-feature-analysis\/","url":"https:\/\/sales-ai-agents.com\/de\/templates\/competitive-feature-analysis\/","name":"Vorlage f\u00fcr die Analyse von Wettbewerbsmerkmalen - Sales AI Agents","isPartOf":{"@id":"https:\/\/sales-ai-agents.com\/#website"},"primaryImageOfPage":{"@id":"https:\/\/sales-ai-agents.com\/de\/templates\/competitive-feature-analysis\/#primaryimage"},"image":{"@id":"https:\/\/sales-ai-agents.com\/de\/templates\/competitive-feature-analysis\/#primaryimage"},"thumbnailUrl":"https:\/\/sales-ai-agents.com\/wp-content\/uploads\/2022\/09\/Competitive-Feature-Analysis-Template.png","datePublished":"2022-09-26T12:04:51+00:00","dateModified":"2023-12-27T14:55:14+00:00","description":"Mit dieser Vorlage f\u00fcr eine Wettbewerbsanalyse k\u00f6nnen Sie die Merkmale Ihrer Mitbewerber verfolgen. Achten Sie auf deren Angebote und Preise, und heben Sie sich von ihnen ab.","inLanguage":"de-DE","potentialAction":[{"@type":"ReadAction","target":["https:\/\/sales-ai-agents.com\/de\/templates\/competitive-feature-analysis\/"]}]},{"@type":"ImageObject","inLanguage":"de-DE","@id":"https:\/\/sales-ai-agents.com\/de\/templates\/competitive-feature-analysis\/#primaryimage","url":"https:\/\/sales-ai-agents.com\/wp-content\/uploads\/2022\/09\/Competitive-Feature-Analysis-Template.png","contentUrl":"https:\/\/sales-ai-agents.com\/wp-content\/uploads\/2022\/09\/Competitive-Feature-Analysis-Template.png","width":1700,"height":1100,"caption":"With this competitive analysis template, you can track your competitor's features."},{"@type":"WebSite","@id":"https:\/\/sales-ai-agents.com\/#website","url":"https:\/\/sales-ai-agents.com\/","name":"FuseBase","description":"Nimbus Platform - Free Online Collaboration Software for Remote Teams. Build your wikis, client portals and more with the Nimbus Platform collaboration tool ? A perfect space for online work","publisher":{"@id":"https:\/\/sales-ai-agents.com\/#organization"},"potentialAction":[{"@type":"SearchAction","target":{"@type":"EntryPoint","urlTemplate":"https:\/\/sales-ai-agents.com\/?s={search_term_string}"},"query-input":{"@type":"PropertyValueSpecification","valueRequired":true,"valueName":"search_term_string"}}],"inLanguage":"de-DE"},{"@type":"Organization","@id":"https:\/\/sales-ai-agents.com\/#organization","name":"FuseBase","url":"https:\/\/sales-ai-agents.com\/","logo":{"@type":"ImageObject","inLanguage":"de-DE","@id":"https:\/\/sales-ai-agents.com\/#\/schema\/logo\/image\/","url":"https:\/\/sales-ai-agents.com\/wp-content\/uploads\/2023\/11\/icon-7.svg","contentUrl":"https:\/\/sales-ai-agents.com\/wp-content\/uploads\/2023\/11\/icon-7.svg","width":128,"height":128,"caption":"FuseBase"},"image":{"@id":"https:\/\/sales-ai-agents.com\/#\/schema\/logo\/image\/"}}]}},"_links":{"self":[{"href":"https:\/\/sales-ai-agents.com\/de\/wp-json\/wp\/v2\/product\/57872","targetHints":{"allow":["GET"]}}],"collection":[{"href":"https:\/\/sales-ai-agents.com\/de\/wp-json\/wp\/v2\/product"}],"about":[{"href":"https:\/\/sales-ai-agents.com\/de\/wp-json\/wp\/v2\/types\/product"}],"wp:featuredmedia":[{"embeddable":true,"href":"https:\/\/sales-ai-agents.com\/de\/wp-json\/wp\/v2\/media\/34240"}],"wp:attachment":[{"href":"https:\/\/sales-ai-agents.com\/de\/wp-json\/wp\/v2\/media?parent=57872"}],"wp:term":[{"taxonomy":"product_brand","embeddable":true,"href":"https:\/\/sales-ai-agents.com\/de\/wp-json\/wp\/v2\/product_brand?post=57872"},{"taxonomy":"product_cat","embeddable":true,"href":"https:\/\/sales-ai-agents.com\/de\/wp-json\/wp\/v2\/product_cat?post=57872"},{"taxonomy":"product_tag","embeddable":true,"href":"https:\/\/sales-ai-agents.com\/de\/wp-json\/wp\/v2\/product_tag?post=57872"}],"curies":[{"name":"wp","href":"https:\/\/api.w.org\/{rel}","templated":true}]}}