{"id":57878,"date":"2022-09-26T12:04:34","date_gmt":"2022-09-26T12:04:34","guid":{"rendered":"https:\/\/sales-ai-agents.com\/templates\/opportunity-notes\/"},"modified":"2023-12-26T20:39:19","modified_gmt":"2023-12-26T20:39:19","slug":"opportunity-notes","status":"publish","type":"product","link":"https:\/\/sales-ai-agents.com\/de\/templates\/opportunity-notes\/","title":{"rendered":"Anmerkungen zu Gelegenheiten"},"content":{"rendered":"<p>&nbsp;<\/p>\n<h2>Opportunity Notes Vorlage<\/h2>\n<p class=\"desc-text\">Mit dieser Notizvorlage k\u00f6nnen Sie laufende Besprechungen und Gesch\u00e4fte verfolgen. Verwenden Sie ein einziges Dokument, um den \u00dcberblick \u00fcber wichtige Personen und Informationen zu behalten. Machen Sie sich bei Kundengespr\u00e4chen Notizen, um sich an alles zu erinnern, was besprochen wurde. Bleiben Sie organisiert, damit Sie Gesch\u00e4fte effizient abschlie\u00dfen k\u00f6nnen.<\/p>\n<h5>Wie zu verwenden:<\/h5>\n<ul class=\"desc-item_list\">\n<li class=\"desc-item_list__point\">Informationen \u00fcber das Gesch\u00e4ft einf\u00fcgen<\/li>\n<li class=\"desc-item_list__point\">Gewinnpl\u00e4ne beif\u00fcgen<\/li>\n<li class=\"desc-item_list__point\">Beteiligte Personen markieren<\/li>\n<li class=\"desc-item_list__point\">Wichtige Kundeninformationen beachten<\/li>\n<li class=\"desc-item_list__point\">Aufzeichnung von Notizen bei Kundengespr\u00e4chen<\/li>\n<\/ul>\n","protected":false},"excerpt":{"rendered":"<p>Verfolgen Sie Meetings und laufende Gesch\u00e4fte mit dieser kostenlosen, anpassbaren Notizvorlage. Verwenden Sie ein einziges Dokument, um den \u00dcberblick \u00fcber wichtige Personen und Informationen zu behalten.<\/p>\n","protected":false},"featured_media":26554,"template":"","meta":{"_acf_changed":false,"inline_featured_image":false},"product_brand":[],"product_cat":[177,195],"product_tag":[],"class_list":{"0":"post-57878","1":"product","2":"type-product","3":"status-publish","4":"has-post-thumbnail","6":"product_cat-meeting","7":"product_cat-sales-management","8":"collections-team","10":"first","11":"instock","12":"virtual","13":"sold-individually","14":"product-type-simple"},"acf":[],"yoast_head":"<!-- This site is optimized with the Yoast SEO plugin v25.3.1 - https:\/\/yoast.com\/wordpress\/plugins\/seo\/ -->\n<title>Opportunity Notes Vorlage - Sales AI Agents<\/title>\n<meta name=\"description\" content=\"Verfolgen Sie Meetings und Gesch\u00e4fte mit dieser kostenlosen, anpassbaren Notizvorlage. Verwenden Sie ein einziges Dokument, um den \u00dcberblick \u00fcber wichtige Personen und Informationen zu behalten.\" \/>\n<meta name=\"robots\" content=\"index, follow, max-snippet:-1, max-image-preview:large, max-video-preview:-1\" \/>\n<link rel=\"canonical\" href=\"https:\/\/sales-ai-agents.com\/de\/templates\/opportunity-notes\/\" \/>\n<meta property=\"og:locale\" content=\"de_DE\" \/>\n<meta property=\"og:type\" content=\"article\" \/>\n<meta property=\"og:title\" content=\"Opportunity Notes Vorlage - Sales AI Agents\" \/>\n<meta property=\"og:description\" content=\"Verfolgen Sie Meetings und Gesch\u00e4fte mit dieser kostenlosen, anpassbaren Notizvorlage. Verwenden Sie ein einziges Dokument, um den \u00dcberblick \u00fcber wichtige Personen und Informationen zu behalten.\" \/>\n<meta property=\"og:url\" content=\"https:\/\/sales-ai-agents.com\/de\/templates\/opportunity-notes\/\" \/>\n<meta property=\"og:site_name\" content=\"Sales AI Agents\" \/>\n<meta property=\"article:modified_time\" content=\"2023-12-26T20:39:19+00:00\" \/>\n<meta property=\"og:image\" content=\"https:\/\/sales-ai-agents.com\/wp-content\/uploads\/2022\/09\/Opportunity-Notes-Templates.png\" \/>\n\t<meta property=\"og:image:width\" content=\"1700\" \/>\n\t<meta property=\"og:image:height\" content=\"1100\" \/>\n\t<meta property=\"og:image:type\" content=\"image\/png\" \/>\n<meta name=\"twitter:card\" content=\"summary_large_image\" \/>\n<script type=\"application\/ld+json\" class=\"yoast-schema-graph\">{\"@context\":\"https:\/\/schema.org\",\"@graph\":[{\"@type\":\"WebPage\",\"@id\":\"https:\/\/sales-ai-agents.com\/de\/templates\/opportunity-notes\/\",\"url\":\"https:\/\/sales-ai-agents.com\/de\/templates\/opportunity-notes\/\",\"name\":\"Opportunity Notes Vorlage - Sales AI Agents\",\"isPartOf\":{\"@id\":\"https:\/\/sales-ai-agents.com\/#website\"},\"primaryImageOfPage\":{\"@id\":\"https:\/\/sales-ai-agents.com\/de\/templates\/opportunity-notes\/#primaryimage\"},\"image\":{\"@id\":\"https:\/\/sales-ai-agents.com\/de\/templates\/opportunity-notes\/#primaryimage\"},\"thumbnailUrl\":\"https:\/\/sales-ai-agents.com\/wp-content\/uploads\/2022\/09\/Opportunity-Notes-Templates.png\",\"datePublished\":\"2022-09-26T12:04:34+00:00\",\"dateModified\":\"2023-12-26T20:39:19+00:00\",\"description\":\"Verfolgen Sie Meetings und Gesch\u00e4fte mit dieser kostenlosen, anpassbaren Notizvorlage. Verwenden Sie ein einziges Dokument, um den \u00dcberblick \u00fcber wichtige Personen und Informationen zu behalten.\",\"inLanguage\":\"de-DE\",\"potentialAction\":[{\"@type\":\"ReadAction\",\"target\":[\"https:\/\/sales-ai-agents.com\/de\/templates\/opportunity-notes\/\"]}]},{\"@type\":\"ImageObject\",\"inLanguage\":\"de-DE\",\"@id\":\"https:\/\/sales-ai-agents.com\/de\/templates\/opportunity-notes\/#primaryimage\",\"url\":\"https:\/\/sales-ai-agents.com\/wp-content\/uploads\/2022\/09\/Opportunity-Notes-Templates.png\",\"contentUrl\":\"https:\/\/sales-ai-agents.com\/wp-content\/uploads\/2022\/09\/Opportunity-Notes-Templates.png\",\"width\":1700,\"height\":1100,\"caption\":\"Track meetings and deals in progress with this free customizable note template.\"},{\"@type\":\"WebSite\",\"@id\":\"https:\/\/sales-ai-agents.com\/#website\",\"url\":\"https:\/\/sales-ai-agents.com\/\",\"name\":\"FuseBase\",\"description\":\"Nimbus Platform - Free Online Collaboration Software for Remote Teams. Build your wikis, client portals and more with the Nimbus Platform collaboration tool ? A perfect space for online work\",\"publisher\":{\"@id\":\"https:\/\/sales-ai-agents.com\/#organization\"},\"potentialAction\":[{\"@type\":\"SearchAction\",\"target\":{\"@type\":\"EntryPoint\",\"urlTemplate\":\"https:\/\/sales-ai-agents.com\/?s={search_term_string}\"},\"query-input\":{\"@type\":\"PropertyValueSpecification\",\"valueRequired\":true,\"valueName\":\"search_term_string\"}}],\"inLanguage\":\"de-DE\"},{\"@type\":\"Organization\",\"@id\":\"https:\/\/sales-ai-agents.com\/#organization\",\"name\":\"FuseBase\",\"url\":\"https:\/\/sales-ai-agents.com\/\",\"logo\":{\"@type\":\"ImageObject\",\"inLanguage\":\"de-DE\",\"@id\":\"https:\/\/sales-ai-agents.com\/#\/schema\/logo\/image\/\",\"url\":\"https:\/\/sales-ai-agents.com\/wp-content\/uploads\/2023\/11\/icon-7.svg\",\"contentUrl\":\"https:\/\/sales-ai-agents.com\/wp-content\/uploads\/2023\/11\/icon-7.svg\",\"width\":128,\"height\":128,\"caption\":\"FuseBase\"},\"image\":{\"@id\":\"https:\/\/sales-ai-agents.com\/#\/schema\/logo\/image\/\"}}]}<\/script>\n<!-- \/ Yoast SEO plugin. -->","yoast_head_json":{"title":"Opportunity Notes Vorlage - Sales AI Agents","description":"Verfolgen Sie Meetings und Gesch\u00e4fte mit dieser kostenlosen, anpassbaren Notizvorlage. Verwenden Sie ein einziges Dokument, um den \u00dcberblick \u00fcber wichtige Personen und Informationen zu behalten.","robots":{"index":"index","follow":"follow","max-snippet":"max-snippet:-1","max-image-preview":"max-image-preview:large","max-video-preview":"max-video-preview:-1"},"canonical":"https:\/\/sales-ai-agents.com\/de\/templates\/opportunity-notes\/","og_locale":"de_DE","og_type":"article","og_title":"Opportunity Notes Vorlage - Sales AI Agents","og_description":"Verfolgen Sie Meetings und Gesch\u00e4fte mit dieser kostenlosen, anpassbaren Notizvorlage. Verwenden Sie ein einziges Dokument, um den \u00dcberblick \u00fcber wichtige Personen und Informationen zu behalten.","og_url":"https:\/\/sales-ai-agents.com\/de\/templates\/opportunity-notes\/","og_site_name":"Sales AI Agents","article_modified_time":"2023-12-26T20:39:19+00:00","og_image":[{"width":1700,"height":1100,"url":"https:\/\/sales-ai-agents.com\/wp-content\/uploads\/2022\/09\/Opportunity-Notes-Templates.png","type":"image\/png"}],"twitter_card":"summary_large_image","schema":{"@context":"https:\/\/schema.org","@graph":[{"@type":"WebPage","@id":"https:\/\/sales-ai-agents.com\/de\/templates\/opportunity-notes\/","url":"https:\/\/sales-ai-agents.com\/de\/templates\/opportunity-notes\/","name":"Opportunity Notes Vorlage - Sales AI Agents","isPartOf":{"@id":"https:\/\/sales-ai-agents.com\/#website"},"primaryImageOfPage":{"@id":"https:\/\/sales-ai-agents.com\/de\/templates\/opportunity-notes\/#primaryimage"},"image":{"@id":"https:\/\/sales-ai-agents.com\/de\/templates\/opportunity-notes\/#primaryimage"},"thumbnailUrl":"https:\/\/sales-ai-agents.com\/wp-content\/uploads\/2022\/09\/Opportunity-Notes-Templates.png","datePublished":"2022-09-26T12:04:34+00:00","dateModified":"2023-12-26T20:39:19+00:00","description":"Verfolgen Sie Meetings und Gesch\u00e4fte mit dieser kostenlosen, anpassbaren Notizvorlage. Verwenden Sie ein einziges Dokument, um den \u00dcberblick \u00fcber wichtige Personen und Informationen zu behalten.","inLanguage":"de-DE","potentialAction":[{"@type":"ReadAction","target":["https:\/\/sales-ai-agents.com\/de\/templates\/opportunity-notes\/"]}]},{"@type":"ImageObject","inLanguage":"de-DE","@id":"https:\/\/sales-ai-agents.com\/de\/templates\/opportunity-notes\/#primaryimage","url":"https:\/\/sales-ai-agents.com\/wp-content\/uploads\/2022\/09\/Opportunity-Notes-Templates.png","contentUrl":"https:\/\/sales-ai-agents.com\/wp-content\/uploads\/2022\/09\/Opportunity-Notes-Templates.png","width":1700,"height":1100,"caption":"Track meetings and deals in progress with this free customizable note template."},{"@type":"WebSite","@id":"https:\/\/sales-ai-agents.com\/#website","url":"https:\/\/sales-ai-agents.com\/","name":"FuseBase","description":"Nimbus Platform - Free Online Collaboration Software for Remote Teams. Build your wikis, client portals and more with the Nimbus Platform collaboration tool ? A perfect space for online work","publisher":{"@id":"https:\/\/sales-ai-agents.com\/#organization"},"potentialAction":[{"@type":"SearchAction","target":{"@type":"EntryPoint","urlTemplate":"https:\/\/sales-ai-agents.com\/?s={search_term_string}"},"query-input":{"@type":"PropertyValueSpecification","valueRequired":true,"valueName":"search_term_string"}}],"inLanguage":"de-DE"},{"@type":"Organization","@id":"https:\/\/sales-ai-agents.com\/#organization","name":"FuseBase","url":"https:\/\/sales-ai-agents.com\/","logo":{"@type":"ImageObject","inLanguage":"de-DE","@id":"https:\/\/sales-ai-agents.com\/#\/schema\/logo\/image\/","url":"https:\/\/sales-ai-agents.com\/wp-content\/uploads\/2023\/11\/icon-7.svg","contentUrl":"https:\/\/sales-ai-agents.com\/wp-content\/uploads\/2023\/11\/icon-7.svg","width":128,"height":128,"caption":"FuseBase"},"image":{"@id":"https:\/\/sales-ai-agents.com\/#\/schema\/logo\/image\/"}}]}},"_links":{"self":[{"href":"https:\/\/sales-ai-agents.com\/de\/wp-json\/wp\/v2\/product\/57878","targetHints":{"allow":["GET"]}}],"collection":[{"href":"https:\/\/sales-ai-agents.com\/de\/wp-json\/wp\/v2\/product"}],"about":[{"href":"https:\/\/sales-ai-agents.com\/de\/wp-json\/wp\/v2\/types\/product"}],"wp:featuredmedia":[{"embeddable":true,"href":"https:\/\/sales-ai-agents.com\/de\/wp-json\/wp\/v2\/media\/26554"}],"wp:attachment":[{"href":"https:\/\/sales-ai-agents.com\/de\/wp-json\/wp\/v2\/media?parent=57878"}],"wp:term":[{"taxonomy":"product_brand","embeddable":true,"href":"https:\/\/sales-ai-agents.com\/de\/wp-json\/wp\/v2\/product_brand?post=57878"},{"taxonomy":"product_cat","embeddable":true,"href":"https:\/\/sales-ai-agents.com\/de\/wp-json\/wp\/v2\/product_cat?post=57878"},{"taxonomy":"product_tag","embeddable":true,"href":"https:\/\/sales-ai-agents.com\/de\/wp-json\/wp\/v2\/product_tag?post=57878"}],"curies":[{"name":"wp","href":"https:\/\/api.w.org\/{rel}","templated":true}]}}