{"id":57885,"date":"2022-09-26T12:04:18","date_gmt":"2022-09-26T12:04:18","guid":{"rendered":"https:\/\/sales-ai-agents.com\/templates\/meal-planner\/"},"modified":"2023-12-26T15:04:55","modified_gmt":"2023-12-26T15:04:55","slug":"meal-planner","status":"publish","type":"product","link":"https:\/\/sales-ai-agents.com\/de\/templates\/meal-planner\/","title":{"rendered":"Essensplaner"},"content":{"rendered":"<p>&nbsp;<\/p>\n<h2>Essensplaner Vorlage<\/h2>\n<p class=\"desc-text\">Die Planung Ihrer Mahlzeiten kann Ihren Tag vereinfachen. Anstatt \u00fcber Rezepte zu gr\u00fcbeln und in letzter Minute Lebensmittel einzukaufen, k\u00f6nnen Sie diese Vorlage verwenden, um Ihre Pl\u00e4ne zu erstellen. F\u00fcgen Sie f\u00fcr jeden Tag drei Mahlzeiten ein, und verwenden Sie unsere vorgefertigten Tabellen, um die Zutaten der einzelnen Gerichte zu kategorisieren. Verwenden Sie Checklisten, um alles zu verfolgen und sicherzustellen, dass Sie nichts \u00fcbersehen. Nehmen Sie diese Vorlage zur Hand, wenn Sie auf dem Markt die G\u00e4nge durchst\u00f6bern. Wenn Sie sich im Voraus darauf vorbereiten, m\u00fcssen Sie sich w\u00e4hrend der Woche um eine Sache weniger k\u00fcmmern.<\/p>\n<h5>Wie zu verwenden:<\/h5>\n<ul class=\"desc-item_list\">\n<li class=\"desc-item_list__point\">Essensideen f\u00fcr jeden Tag der Woche<\/li>\n<li class=\"desc-item_list__point\">Liste der Inhaltsstoffe nach Kategorie<\/li>\n<li class=\"desc-item_list__point\">Beim Lebensmitteleinkauf auf die Liste verweisen<\/li>\n<li class=\"desc-item_list__point\">Kreuzen Sie die Zutaten an, die Sie haben<\/li>\n<\/ul>\n","protected":false},"excerpt":{"rendered":"<p>Die Planung Ihrer Mahlzeiten kann Ihren Tag vereinfachen. Verwenden Sie daf\u00fcr diese Vorlage. F\u00fcgen Sie drei Mahlzeiten hinzu, und verwenden Sie unsere vorgefertigten Tabellen, um die Zutaten zu kategorisieren.<\/p>\n","protected":false},"featured_media":20688,"template":"","meta":{"_acf_changed":false,"inline_featured_image":false},"product_brand":[],"product_cat":[180,183],"product_tag":[],"class_list":{"0":"post-57885","1":"product","2":"type-product","3":"status-publish","4":"has-post-thumbnail","6":"product_cat-personal","7":"product_cat-personal-health","9":"first","10":"instock","11":"virtual","12":"sold-individually","13":"product-type-simple"},"acf":[],"yoast_head":"<!-- This site is optimized with the Yoast SEO plugin v25.3.1 - https:\/\/yoast.com\/wordpress\/plugins\/seo\/ -->\n<title>Essensplaner Vorlage - Sales AI Agents<\/title>\n<meta name=\"description\" content=\"Die Planung Ihrer Mahlzeiten kann Ihren Tag vereinfachen. Verwenden Sie daf\u00fcr diese Vorlage. F\u00fcgen Sie drei Mahlzeiten hinzu, und verwenden Sie unsere vorgefertigten Tabellen, um die Zutaten zu kategorisieren.\" \/>\n<meta name=\"robots\" content=\"index, follow, max-snippet:-1, max-image-preview:large, max-video-preview:-1\" \/>\n<link rel=\"canonical\" href=\"https:\/\/sales-ai-agents.com\/de\/templates\/meal-planner\/\" \/>\n<meta property=\"og:locale\" content=\"de_DE\" \/>\n<meta property=\"og:type\" content=\"article\" \/>\n<meta property=\"og:title\" content=\"Essensplaner Vorlage - Sales AI Agents\" \/>\n<meta property=\"og:description\" content=\"Die Planung Ihrer Mahlzeiten kann Ihren Tag vereinfachen. Verwenden Sie daf\u00fcr diese Vorlage. F\u00fcgen Sie drei Mahlzeiten hinzu, und verwenden Sie unsere vorgefertigten Tabellen, um die Zutaten zu kategorisieren.\" \/>\n<meta property=\"og:url\" content=\"https:\/\/sales-ai-agents.com\/de\/templates\/meal-planner\/\" \/>\n<meta property=\"og:site_name\" content=\"Sales AI Agents\" \/>\n<meta property=\"article:modified_time\" content=\"2023-12-26T15:04:55+00:00\" \/>\n<meta property=\"og:image\" content=\"https:\/\/sales-ai-agents.com\/wp-content\/uploads\/2023\/01\/image-preview122248.png\" \/>\n\t<meta property=\"og:image:width\" content=\"1078\" \/>\n\t<meta property=\"og:image:height\" content=\"2540\" \/>\n\t<meta property=\"og:image:type\" content=\"image\/png\" \/>\n<meta name=\"twitter:card\" content=\"summary_large_image\" \/>\n<script type=\"application\/ld+json\" class=\"yoast-schema-graph\">{\"@context\":\"https:\/\/schema.org\",\"@graph\":[{\"@type\":\"WebPage\",\"@id\":\"https:\/\/sales-ai-agents.com\/de\/templates\/meal-planner\/\",\"url\":\"https:\/\/sales-ai-agents.com\/de\/templates\/meal-planner\/\",\"name\":\"Essensplaner Vorlage - Sales AI Agents\",\"isPartOf\":{\"@id\":\"https:\/\/sales-ai-agents.com\/#website\"},\"primaryImageOfPage\":{\"@id\":\"https:\/\/sales-ai-agents.com\/de\/templates\/meal-planner\/#primaryimage\"},\"image\":{\"@id\":\"https:\/\/sales-ai-agents.com\/de\/templates\/meal-planner\/#primaryimage\"},\"thumbnailUrl\":\"https:\/\/sales-ai-agents.com\/wp-content\/uploads\/2023\/01\/image-preview122248.png\",\"datePublished\":\"2022-09-26T12:04:18+00:00\",\"dateModified\":\"2023-12-26T15:04:55+00:00\",\"description\":\"Die Planung Ihrer Mahlzeiten kann Ihren Tag vereinfachen. Verwenden Sie daf\u00fcr diese Vorlage. F\u00fcgen Sie drei Mahlzeiten hinzu, und verwenden Sie unsere vorgefertigten Tabellen, um die Zutaten zu kategorisieren.\",\"inLanguage\":\"de-DE\",\"potentialAction\":[{\"@type\":\"ReadAction\",\"target\":[\"https:\/\/sales-ai-agents.com\/de\/templates\/meal-planner\/\"]}]},{\"@type\":\"ImageObject\",\"inLanguage\":\"de-DE\",\"@id\":\"https:\/\/sales-ai-agents.com\/de\/templates\/meal-planner\/#primaryimage\",\"url\":\"https:\/\/sales-ai-agents.com\/wp-content\/uploads\/2023\/01\/image-preview122248.png\",\"contentUrl\":\"https:\/\/sales-ai-agents.com\/wp-content\/uploads\/2023\/01\/image-preview122248.png\",\"width\":1078,\"height\":2540,\"caption\":\"Meal Planner Template - Nimbus Platform\"},{\"@type\":\"WebSite\",\"@id\":\"https:\/\/sales-ai-agents.com\/#website\",\"url\":\"https:\/\/sales-ai-agents.com\/\",\"name\":\"FuseBase\",\"description\":\"Nimbus Platform - Free Online Collaboration Software for Remote Teams. Build your wikis, client portals and more with the Nimbus Platform collaboration tool ? A perfect space for online work\",\"publisher\":{\"@id\":\"https:\/\/sales-ai-agents.com\/#organization\"},\"potentialAction\":[{\"@type\":\"SearchAction\",\"target\":{\"@type\":\"EntryPoint\",\"urlTemplate\":\"https:\/\/sales-ai-agents.com\/?s={search_term_string}\"},\"query-input\":{\"@type\":\"PropertyValueSpecification\",\"valueRequired\":true,\"valueName\":\"search_term_string\"}}],\"inLanguage\":\"de-DE\"},{\"@type\":\"Organization\",\"@id\":\"https:\/\/sales-ai-agents.com\/#organization\",\"name\":\"FuseBase\",\"url\":\"https:\/\/sales-ai-agents.com\/\",\"logo\":{\"@type\":\"ImageObject\",\"inLanguage\":\"de-DE\",\"@id\":\"https:\/\/sales-ai-agents.com\/#\/schema\/logo\/image\/\",\"url\":\"https:\/\/sales-ai-agents.com\/wp-content\/uploads\/2023\/11\/icon-7.svg\",\"contentUrl\":\"https:\/\/sales-ai-agents.com\/wp-content\/uploads\/2023\/11\/icon-7.svg\",\"width\":128,\"height\":128,\"caption\":\"FuseBase\"},\"image\":{\"@id\":\"https:\/\/sales-ai-agents.com\/#\/schema\/logo\/image\/\"}}]}<\/script>\n<!-- \/ Yoast SEO plugin. -->","yoast_head_json":{"title":"Essensplaner Vorlage - Sales AI Agents","description":"Die Planung Ihrer Mahlzeiten kann Ihren Tag vereinfachen. Verwenden Sie daf\u00fcr diese Vorlage. F\u00fcgen Sie drei Mahlzeiten hinzu, und verwenden Sie unsere vorgefertigten Tabellen, um die Zutaten zu kategorisieren.","robots":{"index":"index","follow":"follow","max-snippet":"max-snippet:-1","max-image-preview":"max-image-preview:large","max-video-preview":"max-video-preview:-1"},"canonical":"https:\/\/sales-ai-agents.com\/de\/templates\/meal-planner\/","og_locale":"de_DE","og_type":"article","og_title":"Essensplaner Vorlage - Sales AI Agents","og_description":"Die Planung Ihrer Mahlzeiten kann Ihren Tag vereinfachen. Verwenden Sie daf\u00fcr diese Vorlage. F\u00fcgen Sie drei Mahlzeiten hinzu, und verwenden Sie unsere vorgefertigten Tabellen, um die Zutaten zu kategorisieren.","og_url":"https:\/\/sales-ai-agents.com\/de\/templates\/meal-planner\/","og_site_name":"Sales AI Agents","article_modified_time":"2023-12-26T15:04:55+00:00","og_image":[{"width":1078,"height":2540,"url":"https:\/\/sales-ai-agents.com\/wp-content\/uploads\/2023\/01\/image-preview122248.png","type":"image\/png"}],"twitter_card":"summary_large_image","schema":{"@context":"https:\/\/schema.org","@graph":[{"@type":"WebPage","@id":"https:\/\/sales-ai-agents.com\/de\/templates\/meal-planner\/","url":"https:\/\/sales-ai-agents.com\/de\/templates\/meal-planner\/","name":"Essensplaner Vorlage - Sales AI Agents","isPartOf":{"@id":"https:\/\/sales-ai-agents.com\/#website"},"primaryImageOfPage":{"@id":"https:\/\/sales-ai-agents.com\/de\/templates\/meal-planner\/#primaryimage"},"image":{"@id":"https:\/\/sales-ai-agents.com\/de\/templates\/meal-planner\/#primaryimage"},"thumbnailUrl":"https:\/\/sales-ai-agents.com\/wp-content\/uploads\/2023\/01\/image-preview122248.png","datePublished":"2022-09-26T12:04:18+00:00","dateModified":"2023-12-26T15:04:55+00:00","description":"Die Planung Ihrer Mahlzeiten kann Ihren Tag vereinfachen. Verwenden Sie daf\u00fcr diese Vorlage. F\u00fcgen Sie drei Mahlzeiten hinzu, und verwenden Sie unsere vorgefertigten Tabellen, um die Zutaten zu kategorisieren.","inLanguage":"de-DE","potentialAction":[{"@type":"ReadAction","target":["https:\/\/sales-ai-agents.com\/de\/templates\/meal-planner\/"]}]},{"@type":"ImageObject","inLanguage":"de-DE","@id":"https:\/\/sales-ai-agents.com\/de\/templates\/meal-planner\/#primaryimage","url":"https:\/\/sales-ai-agents.com\/wp-content\/uploads\/2023\/01\/image-preview122248.png","contentUrl":"https:\/\/sales-ai-agents.com\/wp-content\/uploads\/2023\/01\/image-preview122248.png","width":1078,"height":2540,"caption":"Meal Planner Template - Nimbus Platform"},{"@type":"WebSite","@id":"https:\/\/sales-ai-agents.com\/#website","url":"https:\/\/sales-ai-agents.com\/","name":"FuseBase","description":"Nimbus Platform - Free Online Collaboration Software for Remote Teams. Build your wikis, client portals and more with the Nimbus Platform collaboration tool ? A perfect space for online work","publisher":{"@id":"https:\/\/sales-ai-agents.com\/#organization"},"potentialAction":[{"@type":"SearchAction","target":{"@type":"EntryPoint","urlTemplate":"https:\/\/sales-ai-agents.com\/?s={search_term_string}"},"query-input":{"@type":"PropertyValueSpecification","valueRequired":true,"valueName":"search_term_string"}}],"inLanguage":"de-DE"},{"@type":"Organization","@id":"https:\/\/sales-ai-agents.com\/#organization","name":"FuseBase","url":"https:\/\/sales-ai-agents.com\/","logo":{"@type":"ImageObject","inLanguage":"de-DE","@id":"https:\/\/sales-ai-agents.com\/#\/schema\/logo\/image\/","url":"https:\/\/sales-ai-agents.com\/wp-content\/uploads\/2023\/11\/icon-7.svg","contentUrl":"https:\/\/sales-ai-agents.com\/wp-content\/uploads\/2023\/11\/icon-7.svg","width":128,"height":128,"caption":"FuseBase"},"image":{"@id":"https:\/\/sales-ai-agents.com\/#\/schema\/logo\/image\/"}}]}},"_links":{"self":[{"href":"https:\/\/sales-ai-agents.com\/de\/wp-json\/wp\/v2\/product\/57885","targetHints":{"allow":["GET"]}}],"collection":[{"href":"https:\/\/sales-ai-agents.com\/de\/wp-json\/wp\/v2\/product"}],"about":[{"href":"https:\/\/sales-ai-agents.com\/de\/wp-json\/wp\/v2\/types\/product"}],"wp:featuredmedia":[{"embeddable":true,"href":"https:\/\/sales-ai-agents.com\/de\/wp-json\/wp\/v2\/media\/20688"}],"wp:attachment":[{"href":"https:\/\/sales-ai-agents.com\/de\/wp-json\/wp\/v2\/media?parent=57885"}],"wp:term":[{"taxonomy":"product_brand","embeddable":true,"href":"https:\/\/sales-ai-agents.com\/de\/wp-json\/wp\/v2\/product_brand?post=57885"},{"taxonomy":"product_cat","embeddable":true,"href":"https:\/\/sales-ai-agents.com\/de\/wp-json\/wp\/v2\/product_cat?post=57885"},{"taxonomy":"product_tag","embeddable":true,"href":"https:\/\/sales-ai-agents.com\/de\/wp-json\/wp\/v2\/product_tag?post=57885"}],"curies":[{"name":"wp","href":"https:\/\/api.w.org\/{rel}","templated":true}]}}