{"id":57890,"date":"2022-09-26T12:04:14","date_gmt":"2022-09-26T12:04:14","guid":{"rendered":"https:\/\/sales-ai-agents.com\/templates\/to-do-for-engineers\/"},"modified":"2023-12-26T16:03:32","modified_gmt":"2023-12-26T16:03:32","slug":"to-do-for-engineers","status":"publish","type":"product","link":"https:\/\/sales-ai-agents.com\/de\/templates\/to-do-for-engineers\/","title":{"rendered":"To-Do f\u00fcr Ingenieure"},"content":{"rendered":"<p>&nbsp;<\/p>\n<h2>To-Do-Vorlage f\u00fcr Ingenieure<\/h2>\n<p class=\"desc-text\">Mit dieser farblich gekennzeichneten und vollst\u00e4ndig anpassbaren Aufgabenliste behalten Sie den \u00dcberblick \u00fcber die Aufgaben Ihres gesamten Teams. Alle k\u00f6nnen zusammenarbeiten und sich neue Schritte ausdenken. Behalten Sie den \u00dcberblick \u00fcber Ihre Fristen, indem Sie dringende oder wichtige Dinge farblich markieren.<\/p>\n<h5>Wie zu verwenden:<\/h5>\n<ul class=\"desc-item_list\">\n<li class=\"desc-item_list__point\">Aufgaben in den entsprechenden Spalten auflisten<\/li>\n<li class=\"desc-item_list__point\">Arbeit durch @-Erw\u00e4hnungen zuweisen<\/li>\n<li class=\"desc-item_list__point\">Markieren Sie jedes Element nach Priorit\u00e4tsstufe<\/li>\n<li class=\"desc-item_list__point\">Ziehen Sie Aufgaben in verschiedene Spalten, wenn sich ihr Status \u00e4ndert<\/li>\n<li class=\"desc-item_list__point\">Erledigte Aufgaben abhaken<\/li>\n<\/ul>\n","protected":false},"excerpt":{"rendered":"<p>Mit dieser kostenlosen, anpassbaren Aufgabenliste behalten Sie den \u00dcberblick \u00fcber die Aufgaben Ihres gesamten Teams. Alle k\u00f6nnen zusammenarbeiten und neue Schritte vorschlagen<\/p>\n","protected":false},"featured_media":20684,"template":"","meta":{"_acf_changed":false,"inline_featured_image":false},"product_brand":[],"product_cat":[192],"product_tag":[],"class_list":{"0":"post-57890","1":"product","2":"type-product","3":"status-publish","4":"has-post-thumbnail","6":"product_cat-programmer-engineer","8":"first","9":"instock","10":"virtual","11":"sold-individually","12":"product-type-simple"},"acf":[],"yoast_head":"<!-- This site is optimized with the Yoast SEO plugin v25.3.1 - https:\/\/yoast.com\/wordpress\/plugins\/seo\/ -->\n<title>To-Do-Vorlage f\u00fcr Ingenieure - Sales AI Agents<\/title>\n<meta name=\"description\" content=\"Mit dieser kostenlosen, anpassbaren Aufgabenliste behalten Sie den \u00dcberblick \u00fcber die Aufgaben Ihres gesamten Teams. Alle k\u00f6nnen zusammenarbeiten und sich neue Schritte ausdenken.\" \/>\n<meta name=\"robots\" content=\"index, follow, max-snippet:-1, max-image-preview:large, max-video-preview:-1\" \/>\n<link rel=\"canonical\" href=\"https:\/\/sales-ai-agents.com\/de\/templates\/to-do-for-engineers\/\" \/>\n<meta property=\"og:locale\" content=\"de_DE\" \/>\n<meta property=\"og:type\" content=\"article\" \/>\n<meta property=\"og:title\" content=\"To-Do-Vorlage f\u00fcr Ingenieure - Sales AI Agents\" \/>\n<meta property=\"og:description\" content=\"Mit dieser kostenlosen, anpassbaren Aufgabenliste behalten Sie den \u00dcberblick \u00fcber die Aufgaben Ihres gesamten Teams. Alle k\u00f6nnen zusammenarbeiten und sich neue Schritte ausdenken.\" \/>\n<meta property=\"og:url\" content=\"https:\/\/sales-ai-agents.com\/de\/templates\/to-do-for-engineers\/\" \/>\n<meta property=\"og:site_name\" content=\"Sales AI Agents\" \/>\n<meta property=\"article:modified_time\" content=\"2023-12-26T16:03:32+00:00\" \/>\n<meta property=\"og:image\" content=\"https:\/\/sales-ai-agents.com\/wp-content\/uploads\/2023\/01\/image-preview122229.png\" \/>\n\t<meta property=\"og:image:width\" content=\"1078\" \/>\n\t<meta property=\"og:image:height\" content=\"760\" \/>\n\t<meta property=\"og:image:type\" content=\"image\/png\" \/>\n<meta name=\"twitter:card\" content=\"summary_large_image\" \/>\n<script type=\"application\/ld+json\" class=\"yoast-schema-graph\">{\"@context\":\"https:\/\/schema.org\",\"@graph\":[{\"@type\":\"WebPage\",\"@id\":\"https:\/\/sales-ai-agents.com\/de\/templates\/to-do-for-engineers\/\",\"url\":\"https:\/\/sales-ai-agents.com\/de\/templates\/to-do-for-engineers\/\",\"name\":\"To-Do-Vorlage f\u00fcr Ingenieure - Sales AI Agents\",\"isPartOf\":{\"@id\":\"https:\/\/sales-ai-agents.com\/#website\"},\"primaryImageOfPage\":{\"@id\":\"https:\/\/sales-ai-agents.com\/de\/templates\/to-do-for-engineers\/#primaryimage\"},\"image\":{\"@id\":\"https:\/\/sales-ai-agents.com\/de\/templates\/to-do-for-engineers\/#primaryimage\"},\"thumbnailUrl\":\"https:\/\/sales-ai-agents.com\/wp-content\/uploads\/2023\/01\/image-preview122229.png\",\"datePublished\":\"2022-09-26T12:04:14+00:00\",\"dateModified\":\"2023-12-26T16:03:32+00:00\",\"description\":\"Mit dieser kostenlosen, anpassbaren Aufgabenliste behalten Sie den \u00dcberblick \u00fcber die Aufgaben Ihres gesamten Teams. Alle k\u00f6nnen zusammenarbeiten und sich neue Schritte ausdenken.\",\"inLanguage\":\"de-DE\",\"potentialAction\":[{\"@type\":\"ReadAction\",\"target\":[\"https:\/\/sales-ai-agents.com\/de\/templates\/to-do-for-engineers\/\"]}]},{\"@type\":\"ImageObject\",\"inLanguage\":\"de-DE\",\"@id\":\"https:\/\/sales-ai-agents.com\/de\/templates\/to-do-for-engineers\/#primaryimage\",\"url\":\"https:\/\/sales-ai-agents.com\/wp-content\/uploads\/2023\/01\/image-preview122229.png\",\"contentUrl\":\"https:\/\/sales-ai-agents.com\/wp-content\/uploads\/2023\/01\/image-preview122229.png\",\"width\":1078,\"height\":760,\"caption\":\"To-Do for Engineers Template - Nimbus Platform\"},{\"@type\":\"WebSite\",\"@id\":\"https:\/\/sales-ai-agents.com\/#website\",\"url\":\"https:\/\/sales-ai-agents.com\/\",\"name\":\"FuseBase\",\"description\":\"Nimbus Platform - Free Online Collaboration Software for Remote Teams. Build your wikis, client portals and more with the Nimbus Platform collaboration tool ? A perfect space for online work\",\"publisher\":{\"@id\":\"https:\/\/sales-ai-agents.com\/#organization\"},\"potentialAction\":[{\"@type\":\"SearchAction\",\"target\":{\"@type\":\"EntryPoint\",\"urlTemplate\":\"https:\/\/sales-ai-agents.com\/?s={search_term_string}\"},\"query-input\":{\"@type\":\"PropertyValueSpecification\",\"valueRequired\":true,\"valueName\":\"search_term_string\"}}],\"inLanguage\":\"de-DE\"},{\"@type\":\"Organization\",\"@id\":\"https:\/\/sales-ai-agents.com\/#organization\",\"name\":\"FuseBase\",\"url\":\"https:\/\/sales-ai-agents.com\/\",\"logo\":{\"@type\":\"ImageObject\",\"inLanguage\":\"de-DE\",\"@id\":\"https:\/\/sales-ai-agents.com\/#\/schema\/logo\/image\/\",\"url\":\"https:\/\/sales-ai-agents.com\/wp-content\/uploads\/2023\/11\/icon-7.svg\",\"contentUrl\":\"https:\/\/sales-ai-agents.com\/wp-content\/uploads\/2023\/11\/icon-7.svg\",\"width\":128,\"height\":128,\"caption\":\"FuseBase\"},\"image\":{\"@id\":\"https:\/\/sales-ai-agents.com\/#\/schema\/logo\/image\/\"}}]}<\/script>\n<!-- \/ Yoast SEO plugin. -->","yoast_head_json":{"title":"To-Do-Vorlage f\u00fcr Ingenieure - Sales AI Agents","description":"Mit dieser kostenlosen, anpassbaren Aufgabenliste behalten Sie den \u00dcberblick \u00fcber die Aufgaben Ihres gesamten Teams. Alle k\u00f6nnen zusammenarbeiten und sich neue Schritte ausdenken.","robots":{"index":"index","follow":"follow","max-snippet":"max-snippet:-1","max-image-preview":"max-image-preview:large","max-video-preview":"max-video-preview:-1"},"canonical":"https:\/\/sales-ai-agents.com\/de\/templates\/to-do-for-engineers\/","og_locale":"de_DE","og_type":"article","og_title":"To-Do-Vorlage f\u00fcr Ingenieure - Sales AI Agents","og_description":"Mit dieser kostenlosen, anpassbaren Aufgabenliste behalten Sie den \u00dcberblick \u00fcber die Aufgaben Ihres gesamten Teams. Alle k\u00f6nnen zusammenarbeiten und sich neue Schritte ausdenken.","og_url":"https:\/\/sales-ai-agents.com\/de\/templates\/to-do-for-engineers\/","og_site_name":"Sales AI Agents","article_modified_time":"2023-12-26T16:03:32+00:00","og_image":[{"width":1078,"height":760,"url":"https:\/\/sales-ai-agents.com\/wp-content\/uploads\/2023\/01\/image-preview122229.png","type":"image\/png"}],"twitter_card":"summary_large_image","schema":{"@context":"https:\/\/schema.org","@graph":[{"@type":"WebPage","@id":"https:\/\/sales-ai-agents.com\/de\/templates\/to-do-for-engineers\/","url":"https:\/\/sales-ai-agents.com\/de\/templates\/to-do-for-engineers\/","name":"To-Do-Vorlage f\u00fcr Ingenieure - Sales AI Agents","isPartOf":{"@id":"https:\/\/sales-ai-agents.com\/#website"},"primaryImageOfPage":{"@id":"https:\/\/sales-ai-agents.com\/de\/templates\/to-do-for-engineers\/#primaryimage"},"image":{"@id":"https:\/\/sales-ai-agents.com\/de\/templates\/to-do-for-engineers\/#primaryimage"},"thumbnailUrl":"https:\/\/sales-ai-agents.com\/wp-content\/uploads\/2023\/01\/image-preview122229.png","datePublished":"2022-09-26T12:04:14+00:00","dateModified":"2023-12-26T16:03:32+00:00","description":"Mit dieser kostenlosen, anpassbaren Aufgabenliste behalten Sie den \u00dcberblick \u00fcber die Aufgaben Ihres gesamten Teams. Alle k\u00f6nnen zusammenarbeiten und sich neue Schritte ausdenken.","inLanguage":"de-DE","potentialAction":[{"@type":"ReadAction","target":["https:\/\/sales-ai-agents.com\/de\/templates\/to-do-for-engineers\/"]}]},{"@type":"ImageObject","inLanguage":"de-DE","@id":"https:\/\/sales-ai-agents.com\/de\/templates\/to-do-for-engineers\/#primaryimage","url":"https:\/\/sales-ai-agents.com\/wp-content\/uploads\/2023\/01\/image-preview122229.png","contentUrl":"https:\/\/sales-ai-agents.com\/wp-content\/uploads\/2023\/01\/image-preview122229.png","width":1078,"height":760,"caption":"To-Do for Engineers Template - Nimbus Platform"},{"@type":"WebSite","@id":"https:\/\/sales-ai-agents.com\/#website","url":"https:\/\/sales-ai-agents.com\/","name":"FuseBase","description":"Nimbus Platform - Free Online Collaboration Software for Remote Teams. Build your wikis, client portals and more with the Nimbus Platform collaboration tool ? A perfect space for online work","publisher":{"@id":"https:\/\/sales-ai-agents.com\/#organization"},"potentialAction":[{"@type":"SearchAction","target":{"@type":"EntryPoint","urlTemplate":"https:\/\/sales-ai-agents.com\/?s={search_term_string}"},"query-input":{"@type":"PropertyValueSpecification","valueRequired":true,"valueName":"search_term_string"}}],"inLanguage":"de-DE"},{"@type":"Organization","@id":"https:\/\/sales-ai-agents.com\/#organization","name":"FuseBase","url":"https:\/\/sales-ai-agents.com\/","logo":{"@type":"ImageObject","inLanguage":"de-DE","@id":"https:\/\/sales-ai-agents.com\/#\/schema\/logo\/image\/","url":"https:\/\/sales-ai-agents.com\/wp-content\/uploads\/2023\/11\/icon-7.svg","contentUrl":"https:\/\/sales-ai-agents.com\/wp-content\/uploads\/2023\/11\/icon-7.svg","width":128,"height":128,"caption":"FuseBase"},"image":{"@id":"https:\/\/sales-ai-agents.com\/#\/schema\/logo\/image\/"}}]}},"_links":{"self":[{"href":"https:\/\/sales-ai-agents.com\/de\/wp-json\/wp\/v2\/product\/57890","targetHints":{"allow":["GET"]}}],"collection":[{"href":"https:\/\/sales-ai-agents.com\/de\/wp-json\/wp\/v2\/product"}],"about":[{"href":"https:\/\/sales-ai-agents.com\/de\/wp-json\/wp\/v2\/types\/product"}],"wp:featuredmedia":[{"embeddable":true,"href":"https:\/\/sales-ai-agents.com\/de\/wp-json\/wp\/v2\/media\/20684"}],"wp:attachment":[{"href":"https:\/\/sales-ai-agents.com\/de\/wp-json\/wp\/v2\/media?parent=57890"}],"wp:term":[{"taxonomy":"product_brand","embeddable":true,"href":"https:\/\/sales-ai-agents.com\/de\/wp-json\/wp\/v2\/product_brand?post=57890"},{"taxonomy":"product_cat","embeddable":true,"href":"https:\/\/sales-ai-agents.com\/de\/wp-json\/wp\/v2\/product_cat?post=57890"},{"taxonomy":"product_tag","embeddable":true,"href":"https:\/\/sales-ai-agents.com\/de\/wp-json\/wp\/v2\/product_tag?post=57890"}],"curies":[{"name":"wp","href":"https:\/\/api.w.org\/{rel}","templated":true}]}}