{"id":57924,"date":"2022-09-26T12:04:11","date_gmt":"2022-09-26T12:04:11","guid":{"rendered":"https:\/\/sales-ai-agents.com\/templates\/performance-rating-review\/"},"modified":"2023-12-27T19:52:26","modified_gmt":"2023-12-27T19:52:26","slug":"performance-rating-review","status":"publish","type":"product","link":"https:\/\/sales-ai-agents.com\/de\/templates\/performance-rating-review\/","title":{"rendered":"\u00dcberpr\u00fcfung der Leistungsbewertung"},"content":{"rendered":"<p>&nbsp;<\/p>\n<h2>Vorlage f\u00fcr die Leistungsbewertung<\/h2>\n<p class=\"desc-text\">Mit dieser Vorlage k\u00f6nnen Ihre Mitarbeiter ihre F\u00e4higkeiten und Eigenschaften mithilfe eines Sternebewertungssystems bewerten. Der Tisch kann individuell an Ihre Bed\u00fcrfnisse angepasst werden. Es k\u00f6nnen neue Attribute hinzugef\u00fcgt und irrelevante gel\u00f6scht werden. Nutzen Sie diese Leistungsbeurteilung, um Ziele zu setzen und Ihre Mitarbeiter zum Erfolg zu motivieren.<\/p>\n<h5>Wie zu verwenden:<\/h5>\n<ul class=\"desc-item_list\">\n<li class=\"desc-item_list__point\">Verwenden Sie @-Erw\u00e4hnungen, um den Mitarbeiter und den Pr\u00fcfer zu markieren.<\/li>\n<li class=\"desc-item_list__point\">Weisen Sie den Mitarbeiter an, jedes Attribut zu bewerten<\/li>\n<li class=\"desc-item_list__point\">Bitten Sie den Mitarbeiter, seine Bewertung mit Beispielen zu untermauern.<\/li>\n<li class=\"desc-item_list__point\">Erstellen Sie einen Plan auf der Grundlage der \u00dcberpr\u00fcfung<\/li>\n<li class=\"desc-item_list__point\">Definieren Sie Ziele und f\u00fcgen Sie weitere Kommentare oder Notizen hinzu<\/li>\n<li class=\"desc-item_list__point\">Ziele und Erfolge gemeinsam besprechen<\/li>\n<\/ul>\n","protected":false},"excerpt":{"rendered":"<p>Diese Vorlage erm\u00f6glicht es Ihren Mitarbeitern, ihre F\u00e4higkeiten und Eigenschaften mit einem Sternesystem zu bewerten. Nutzen Sie diese Leistungsbewertung, um Ziele zu setzen und ein Team zu motivieren.<\/p>\n","protected":false},"featured_media":20682,"template":"","meta":{"_acf_changed":false,"inline_featured_image":false},"product_brand":[],"product_cat":[178],"product_tag":[],"class_list":{"0":"post-57924","1":"product","2":"type-product","3":"status-publish","4":"has-post-thumbnail","6":"product_cat-operations-hr","8":"first","9":"instock","10":"virtual","11":"sold-individually","12":"product-type-simple"},"acf":[],"yoast_head":"<!-- This site is optimized with the Yoast SEO plugin v25.3.1 - https:\/\/yoast.com\/wordpress\/plugins\/seo\/ -->\n<title>Vorlage f\u00fcr die Leistungsbewertung - Sales AI Agents<\/title>\n<meta name=\"description\" content=\"Diese Vorlage erm\u00f6glicht es Ihren Mitarbeitern, ihre F\u00e4higkeiten und Eigenschaften mit einem Sternesystem zu bewerten. Nutzen Sie diese Leistungsbewertung, um Ziele zu setzen und ein Team zu motivieren\" \/>\n<meta name=\"robots\" content=\"index, follow, max-snippet:-1, max-image-preview:large, max-video-preview:-1\" \/>\n<link rel=\"canonical\" href=\"https:\/\/sales-ai-agents.com\/de\/templates\/performance-rating-review\/\" \/>\n<meta property=\"og:locale\" content=\"de_DE\" \/>\n<meta property=\"og:type\" content=\"article\" \/>\n<meta property=\"og:title\" content=\"Vorlage f\u00fcr die Leistungsbewertung - Sales AI Agents\" \/>\n<meta property=\"og:description\" content=\"Diese Vorlage erm\u00f6glicht es Ihren Mitarbeitern, ihre F\u00e4higkeiten und Eigenschaften mit einem Sternesystem zu bewerten. Nutzen Sie diese Leistungsbewertung, um Ziele zu setzen und ein Team zu motivieren\" \/>\n<meta property=\"og:url\" content=\"https:\/\/sales-ai-agents.com\/de\/templates\/performance-rating-review\/\" \/>\n<meta property=\"og:site_name\" content=\"Sales AI Agents\" \/>\n<meta property=\"article:modified_time\" content=\"2023-12-27T19:52:26+00:00\" \/>\n<meta property=\"og:image\" content=\"https:\/\/sales-ai-agents.com\/wp-content\/uploads\/2023\/01\/image-preview122226.png\" \/>\n\t<meta property=\"og:image:width\" content=\"1078\" \/>\n\t<meta property=\"og:image:height\" content=\"1692\" \/>\n\t<meta property=\"og:image:type\" content=\"image\/png\" \/>\n<meta name=\"twitter:card\" content=\"summary_large_image\" \/>\n<script type=\"application\/ld+json\" class=\"yoast-schema-graph\">{\"@context\":\"https:\/\/schema.org\",\"@graph\":[{\"@type\":\"WebPage\",\"@id\":\"https:\/\/sales-ai-agents.com\/de\/templates\/performance-rating-review\/\",\"url\":\"https:\/\/sales-ai-agents.com\/de\/templates\/performance-rating-review\/\",\"name\":\"Vorlage f\u00fcr die Leistungsbewertung - Sales AI Agents\",\"isPartOf\":{\"@id\":\"https:\/\/sales-ai-agents.com\/#website\"},\"primaryImageOfPage\":{\"@id\":\"https:\/\/sales-ai-agents.com\/de\/templates\/performance-rating-review\/#primaryimage\"},\"image\":{\"@id\":\"https:\/\/sales-ai-agents.com\/de\/templates\/performance-rating-review\/#primaryimage\"},\"thumbnailUrl\":\"https:\/\/sales-ai-agents.com\/wp-content\/uploads\/2023\/01\/image-preview122226.png\",\"datePublished\":\"2022-09-26T12:04:11+00:00\",\"dateModified\":\"2023-12-27T19:52:26+00:00\",\"description\":\"Diese Vorlage erm\u00f6glicht es Ihren Mitarbeitern, ihre F\u00e4higkeiten und Eigenschaften mit einem Sternesystem zu bewerten. Nutzen Sie diese Leistungsbewertung, um Ziele zu setzen und ein Team zu motivieren\",\"inLanguage\":\"de-DE\",\"potentialAction\":[{\"@type\":\"ReadAction\",\"target\":[\"https:\/\/sales-ai-agents.com\/de\/templates\/performance-rating-review\/\"]}]},{\"@type\":\"ImageObject\",\"inLanguage\":\"de-DE\",\"@id\":\"https:\/\/sales-ai-agents.com\/de\/templates\/performance-rating-review\/#primaryimage\",\"url\":\"https:\/\/sales-ai-agents.com\/wp-content\/uploads\/2023\/01\/image-preview122226.png\",\"contentUrl\":\"https:\/\/sales-ai-agents.com\/wp-content\/uploads\/2023\/01\/image-preview122226.png\",\"width\":1078,\"height\":1692,\"caption\":\"Performance Rating Review Template - Nimbus Platform\"},{\"@type\":\"WebSite\",\"@id\":\"https:\/\/sales-ai-agents.com\/#website\",\"url\":\"https:\/\/sales-ai-agents.com\/\",\"name\":\"FuseBase\",\"description\":\"Nimbus Platform - Free Online Collaboration Software for Remote Teams. Build your wikis, client portals and more with the Nimbus Platform collaboration tool ? A perfect space for online work\",\"publisher\":{\"@id\":\"https:\/\/sales-ai-agents.com\/#organization\"},\"potentialAction\":[{\"@type\":\"SearchAction\",\"target\":{\"@type\":\"EntryPoint\",\"urlTemplate\":\"https:\/\/sales-ai-agents.com\/?s={search_term_string}\"},\"query-input\":{\"@type\":\"PropertyValueSpecification\",\"valueRequired\":true,\"valueName\":\"search_term_string\"}}],\"inLanguage\":\"de-DE\"},{\"@type\":\"Organization\",\"@id\":\"https:\/\/sales-ai-agents.com\/#organization\",\"name\":\"FuseBase\",\"url\":\"https:\/\/sales-ai-agents.com\/\",\"logo\":{\"@type\":\"ImageObject\",\"inLanguage\":\"de-DE\",\"@id\":\"https:\/\/sales-ai-agents.com\/#\/schema\/logo\/image\/\",\"url\":\"https:\/\/sales-ai-agents.com\/wp-content\/uploads\/2023\/11\/icon-7.svg\",\"contentUrl\":\"https:\/\/sales-ai-agents.com\/wp-content\/uploads\/2023\/11\/icon-7.svg\",\"width\":128,\"height\":128,\"caption\":\"FuseBase\"},\"image\":{\"@id\":\"https:\/\/sales-ai-agents.com\/#\/schema\/logo\/image\/\"}}]}<\/script>\n<!-- \/ Yoast SEO plugin. -->","yoast_head_json":{"title":"Vorlage f\u00fcr die Leistungsbewertung - Sales AI Agents","description":"Diese Vorlage erm\u00f6glicht es Ihren Mitarbeitern, ihre F\u00e4higkeiten und Eigenschaften mit einem Sternesystem zu bewerten. Nutzen Sie diese Leistungsbewertung, um Ziele zu setzen und ein Team zu motivieren","robots":{"index":"index","follow":"follow","max-snippet":"max-snippet:-1","max-image-preview":"max-image-preview:large","max-video-preview":"max-video-preview:-1"},"canonical":"https:\/\/sales-ai-agents.com\/de\/templates\/performance-rating-review\/","og_locale":"de_DE","og_type":"article","og_title":"Vorlage f\u00fcr die Leistungsbewertung - Sales AI Agents","og_description":"Diese Vorlage erm\u00f6glicht es Ihren Mitarbeitern, ihre F\u00e4higkeiten und Eigenschaften mit einem Sternesystem zu bewerten. Nutzen Sie diese Leistungsbewertung, um Ziele zu setzen und ein Team zu motivieren","og_url":"https:\/\/sales-ai-agents.com\/de\/templates\/performance-rating-review\/","og_site_name":"Sales AI Agents","article_modified_time":"2023-12-27T19:52:26+00:00","og_image":[{"width":1078,"height":1692,"url":"https:\/\/sales-ai-agents.com\/wp-content\/uploads\/2023\/01\/image-preview122226.png","type":"image\/png"}],"twitter_card":"summary_large_image","schema":{"@context":"https:\/\/schema.org","@graph":[{"@type":"WebPage","@id":"https:\/\/sales-ai-agents.com\/de\/templates\/performance-rating-review\/","url":"https:\/\/sales-ai-agents.com\/de\/templates\/performance-rating-review\/","name":"Vorlage f\u00fcr die Leistungsbewertung - Sales AI Agents","isPartOf":{"@id":"https:\/\/sales-ai-agents.com\/#website"},"primaryImageOfPage":{"@id":"https:\/\/sales-ai-agents.com\/de\/templates\/performance-rating-review\/#primaryimage"},"image":{"@id":"https:\/\/sales-ai-agents.com\/de\/templates\/performance-rating-review\/#primaryimage"},"thumbnailUrl":"https:\/\/sales-ai-agents.com\/wp-content\/uploads\/2023\/01\/image-preview122226.png","datePublished":"2022-09-26T12:04:11+00:00","dateModified":"2023-12-27T19:52:26+00:00","description":"Diese Vorlage erm\u00f6glicht es Ihren Mitarbeitern, ihre F\u00e4higkeiten und Eigenschaften mit einem Sternesystem zu bewerten. Nutzen Sie diese Leistungsbewertung, um Ziele zu setzen und ein Team zu motivieren","inLanguage":"de-DE","potentialAction":[{"@type":"ReadAction","target":["https:\/\/sales-ai-agents.com\/de\/templates\/performance-rating-review\/"]}]},{"@type":"ImageObject","inLanguage":"de-DE","@id":"https:\/\/sales-ai-agents.com\/de\/templates\/performance-rating-review\/#primaryimage","url":"https:\/\/sales-ai-agents.com\/wp-content\/uploads\/2023\/01\/image-preview122226.png","contentUrl":"https:\/\/sales-ai-agents.com\/wp-content\/uploads\/2023\/01\/image-preview122226.png","width":1078,"height":1692,"caption":"Performance Rating Review Template - Nimbus Platform"},{"@type":"WebSite","@id":"https:\/\/sales-ai-agents.com\/#website","url":"https:\/\/sales-ai-agents.com\/","name":"FuseBase","description":"Nimbus Platform - Free Online Collaboration Software for Remote Teams. Build your wikis, client portals and more with the Nimbus Platform collaboration tool ? A perfect space for online work","publisher":{"@id":"https:\/\/sales-ai-agents.com\/#organization"},"potentialAction":[{"@type":"SearchAction","target":{"@type":"EntryPoint","urlTemplate":"https:\/\/sales-ai-agents.com\/?s={search_term_string}"},"query-input":{"@type":"PropertyValueSpecification","valueRequired":true,"valueName":"search_term_string"}}],"inLanguage":"de-DE"},{"@type":"Organization","@id":"https:\/\/sales-ai-agents.com\/#organization","name":"FuseBase","url":"https:\/\/sales-ai-agents.com\/","logo":{"@type":"ImageObject","inLanguage":"de-DE","@id":"https:\/\/sales-ai-agents.com\/#\/schema\/logo\/image\/","url":"https:\/\/sales-ai-agents.com\/wp-content\/uploads\/2023\/11\/icon-7.svg","contentUrl":"https:\/\/sales-ai-agents.com\/wp-content\/uploads\/2023\/11\/icon-7.svg","width":128,"height":128,"caption":"FuseBase"},"image":{"@id":"https:\/\/sales-ai-agents.com\/#\/schema\/logo\/image\/"}}]}},"_links":{"self":[{"href":"https:\/\/sales-ai-agents.com\/de\/wp-json\/wp\/v2\/product\/57924","targetHints":{"allow":["GET"]}}],"collection":[{"href":"https:\/\/sales-ai-agents.com\/de\/wp-json\/wp\/v2\/product"}],"about":[{"href":"https:\/\/sales-ai-agents.com\/de\/wp-json\/wp\/v2\/types\/product"}],"wp:featuredmedia":[{"embeddable":true,"href":"https:\/\/sales-ai-agents.com\/de\/wp-json\/wp\/v2\/media\/20682"}],"wp:attachment":[{"href":"https:\/\/sales-ai-agents.com\/de\/wp-json\/wp\/v2\/media?parent=57924"}],"wp:term":[{"taxonomy":"product_brand","embeddable":true,"href":"https:\/\/sales-ai-agents.com\/de\/wp-json\/wp\/v2\/product_brand?post=57924"},{"taxonomy":"product_cat","embeddable":true,"href":"https:\/\/sales-ai-agents.com\/de\/wp-json\/wp\/v2\/product_cat?post=57924"},{"taxonomy":"product_tag","embeddable":true,"href":"https:\/\/sales-ai-agents.com\/de\/wp-json\/wp\/v2\/product_tag?post=57924"}],"curies":[{"name":"wp","href":"https:\/\/api.w.org\/{rel}","templated":true}]}}