{"id":57927,"date":"2022-09-26T12:03:35","date_gmt":"2022-09-26T12:03:35","guid":{"rendered":"https:\/\/sales-ai-agents.com\/templates\/employee-directory\/"},"modified":"2023-12-27T19:51:23","modified_gmt":"2023-12-27T19:51:23","slug":"employee-directory","status":"publish","type":"product","link":"https:\/\/sales-ai-agents.com\/de\/templates\/employee-directory\/","title":{"rendered":"Mitarbeiterverzeichnis"},"content":{"rendered":"<p>&nbsp;<\/p>\n<h2>Mitarbeiterverzeichnis Vorlage<\/h2>\n<p class=\"desc-text\">Erweitern Sie Ihre Teams? Haben Sie neue Mitarbeiter in Ihrem Unternehmen? Verzeichnisse sind notwendig, um genau zu zeigen, wer in Ihrem Unternehmen arbeitet. Egal, ob Sie Unternehmer, Personalleiter oder Gruppenleiter sind, diese Vorlage f\u00fcr ein Mitarbeiterverzeichnis eignet sich perfekt, um die Struktur Ihres Teams zu skizzieren. F\u00fcgen Sie Kontaktinformationen, Bilder, Berufsbezeichnungen und mehr hinzu. Machen Sie alles zug\u00e4nglich, damit Ihre gesamte Organisation auf dem Laufenden bleibt.<\/p>\n<h5>Wie zu verwenden:<\/h5>\n<ul class=\"desc-item_list\">\n<li class=\"desc-item_list__point\">F\u00fcgen Sie die Namen aller Ihrer Mitarbeiter hinzu<\/li>\n<li class=\"desc-item_list__point\">Hochladen von Bildern oder Schnappsch\u00fcssen<\/li>\n<li class=\"desc-item_list__point\">Stellenbezeichnungen hinzuf\u00fcgen und Vorgesetzte der einzelnen Mitarbeiter auflisten<\/li>\n<li class=\"desc-item_list__point\">Verwenden Sie farblich gekennzeichnete Etiketten, um den Status der Besch\u00e4ftigung anzuzeigen.<\/li>\n<li class=\"desc-item_list__point\">Hinzuf\u00fcgen von Kontaktinformationen, Geburtstagen und Lebensl\u00e4ufen<\/li>\n<li class=\"desc-item_list__point\">W\u00e4hlen Sie Etiketten aus, um die Interessen und Hobbys der einzelnen Mitarbeiter zu kennzeichnen<\/li>\n<\/ul>\n","protected":false},"excerpt":{"rendered":"<p>Egal, ob Sie Unternehmer, Personalleiter oder Gruppenleiter sind, diese kostenlose, anpassbare Vorlage f\u00fcr ein Mitarbeiterverzeichnis eignet sich perfekt f\u00fcr die Darstellung Ihrer Teamstruktur.<\/p>\n","protected":false},"featured_media":20758,"template":"","meta":{"_acf_changed":false,"inline_featured_image":false},"product_brand":[],"product_cat":[178],"product_tag":[],"class_list":{"0":"post-57927","1":"product","2":"type-product","3":"status-publish","4":"has-post-thumbnail","6":"product_cat-operations-hr","8":"first","9":"instock","10":"virtual","11":"sold-individually","12":"product-type-simple"},"acf":[],"yoast_head":"<!-- This site is optimized with the Yoast SEO plugin v25.3.1 - https:\/\/yoast.com\/wordpress\/plugins\/seo\/ -->\n<title>Mitarbeiterverzeichnis Vorlage - Sales AI Agents<\/title>\n<meta name=\"description\" content=\"Egal, ob Sie Unternehmer oder Personalleiter sind, diese kostenlose, anpassbare Vorlage f\u00fcr ein Mitarbeiterverzeichnis eignet sich perfekt f\u00fcr die Darstellung Ihrer Teamstruktur.\" \/>\n<meta name=\"robots\" content=\"index, follow, max-snippet:-1, max-image-preview:large, max-video-preview:-1\" \/>\n<link rel=\"canonical\" href=\"https:\/\/sales-ai-agents.com\/de\/templates\/employee-directory\/\" \/>\n<meta property=\"og:locale\" content=\"de_DE\" \/>\n<meta property=\"og:type\" content=\"article\" \/>\n<meta property=\"og:title\" content=\"Mitarbeiterverzeichnis Vorlage - Sales AI Agents\" \/>\n<meta property=\"og:description\" content=\"Egal, ob Sie Unternehmer oder Personalleiter sind, diese kostenlose, anpassbare Vorlage f\u00fcr ein Mitarbeiterverzeichnis eignet sich perfekt f\u00fcr die Darstellung Ihrer Teamstruktur.\" \/>\n<meta property=\"og:url\" content=\"https:\/\/sales-ai-agents.com\/de\/templates\/employee-directory\/\" \/>\n<meta property=\"og:site_name\" content=\"Sales AI Agents\" \/>\n<meta property=\"article:modified_time\" content=\"2023-12-27T19:51:23+00:00\" \/>\n<meta property=\"og:image\" content=\"https:\/\/sales-ai-agents.com\/wp-content\/uploads\/2023\/01\/image-preview122738.png\" \/>\n\t<meta property=\"og:image:width\" content=\"1078\" \/>\n\t<meta property=\"og:image:height\" content=\"760\" \/>\n\t<meta property=\"og:image:type\" content=\"image\/png\" \/>\n<meta name=\"twitter:card\" content=\"summary_large_image\" \/>\n<script type=\"application\/ld+json\" class=\"yoast-schema-graph\">{\"@context\":\"https:\/\/schema.org\",\"@graph\":[{\"@type\":\"WebPage\",\"@id\":\"https:\/\/sales-ai-agents.com\/de\/templates\/employee-directory\/\",\"url\":\"https:\/\/sales-ai-agents.com\/de\/templates\/employee-directory\/\",\"name\":\"Mitarbeiterverzeichnis Vorlage - Sales AI Agents\",\"isPartOf\":{\"@id\":\"https:\/\/sales-ai-agents.com\/#website\"},\"primaryImageOfPage\":{\"@id\":\"https:\/\/sales-ai-agents.com\/de\/templates\/employee-directory\/#primaryimage\"},\"image\":{\"@id\":\"https:\/\/sales-ai-agents.com\/de\/templates\/employee-directory\/#primaryimage\"},\"thumbnailUrl\":\"https:\/\/sales-ai-agents.com\/wp-content\/uploads\/2023\/01\/image-preview122738.png\",\"datePublished\":\"2022-09-26T12:03:35+00:00\",\"dateModified\":\"2023-12-27T19:51:23+00:00\",\"description\":\"Egal, ob Sie Unternehmer oder Personalleiter sind, diese kostenlose, anpassbare Vorlage f\u00fcr ein Mitarbeiterverzeichnis eignet sich perfekt f\u00fcr die Darstellung Ihrer Teamstruktur.\",\"inLanguage\":\"de-DE\",\"potentialAction\":[{\"@type\":\"ReadAction\",\"target\":[\"https:\/\/sales-ai-agents.com\/de\/templates\/employee-directory\/\"]}]},{\"@type\":\"ImageObject\",\"inLanguage\":\"de-DE\",\"@id\":\"https:\/\/sales-ai-agents.com\/de\/templates\/employee-directory\/#primaryimage\",\"url\":\"https:\/\/sales-ai-agents.com\/wp-content\/uploads\/2023\/01\/image-preview122738.png\",\"contentUrl\":\"https:\/\/sales-ai-agents.com\/wp-content\/uploads\/2023\/01\/image-preview122738.png\",\"width\":1078,\"height\":760,\"caption\":\"Employee Directory Template - Nimbus Platform\"},{\"@type\":\"WebSite\",\"@id\":\"https:\/\/sales-ai-agents.com\/#website\",\"url\":\"https:\/\/sales-ai-agents.com\/\",\"name\":\"FuseBase\",\"description\":\"Nimbus Platform - Free Online Collaboration Software for Remote Teams. Build your wikis, client portals and more with the Nimbus Platform collaboration tool ? A perfect space for online work\",\"publisher\":{\"@id\":\"https:\/\/sales-ai-agents.com\/#organization\"},\"potentialAction\":[{\"@type\":\"SearchAction\",\"target\":{\"@type\":\"EntryPoint\",\"urlTemplate\":\"https:\/\/sales-ai-agents.com\/?s={search_term_string}\"},\"query-input\":{\"@type\":\"PropertyValueSpecification\",\"valueRequired\":true,\"valueName\":\"search_term_string\"}}],\"inLanguage\":\"de-DE\"},{\"@type\":\"Organization\",\"@id\":\"https:\/\/sales-ai-agents.com\/#organization\",\"name\":\"FuseBase\",\"url\":\"https:\/\/sales-ai-agents.com\/\",\"logo\":{\"@type\":\"ImageObject\",\"inLanguage\":\"de-DE\",\"@id\":\"https:\/\/sales-ai-agents.com\/#\/schema\/logo\/image\/\",\"url\":\"https:\/\/sales-ai-agents.com\/wp-content\/uploads\/2023\/11\/icon-7.svg\",\"contentUrl\":\"https:\/\/sales-ai-agents.com\/wp-content\/uploads\/2023\/11\/icon-7.svg\",\"width\":128,\"height\":128,\"caption\":\"FuseBase\"},\"image\":{\"@id\":\"https:\/\/sales-ai-agents.com\/#\/schema\/logo\/image\/\"}}]}<\/script>\n<!-- \/ Yoast SEO plugin. -->","yoast_head_json":{"title":"Mitarbeiterverzeichnis Vorlage - Sales AI Agents","description":"Egal, ob Sie Unternehmer oder Personalleiter sind, diese kostenlose, anpassbare Vorlage f\u00fcr ein Mitarbeiterverzeichnis eignet sich perfekt f\u00fcr die Darstellung Ihrer Teamstruktur.","robots":{"index":"index","follow":"follow","max-snippet":"max-snippet:-1","max-image-preview":"max-image-preview:large","max-video-preview":"max-video-preview:-1"},"canonical":"https:\/\/sales-ai-agents.com\/de\/templates\/employee-directory\/","og_locale":"de_DE","og_type":"article","og_title":"Mitarbeiterverzeichnis Vorlage - Sales AI Agents","og_description":"Egal, ob Sie Unternehmer oder Personalleiter sind, diese kostenlose, anpassbare Vorlage f\u00fcr ein Mitarbeiterverzeichnis eignet sich perfekt f\u00fcr die Darstellung Ihrer Teamstruktur.","og_url":"https:\/\/sales-ai-agents.com\/de\/templates\/employee-directory\/","og_site_name":"Sales AI Agents","article_modified_time":"2023-12-27T19:51:23+00:00","og_image":[{"width":1078,"height":760,"url":"https:\/\/sales-ai-agents.com\/wp-content\/uploads\/2023\/01\/image-preview122738.png","type":"image\/png"}],"twitter_card":"summary_large_image","schema":{"@context":"https:\/\/schema.org","@graph":[{"@type":"WebPage","@id":"https:\/\/sales-ai-agents.com\/de\/templates\/employee-directory\/","url":"https:\/\/sales-ai-agents.com\/de\/templates\/employee-directory\/","name":"Mitarbeiterverzeichnis Vorlage - Sales AI Agents","isPartOf":{"@id":"https:\/\/sales-ai-agents.com\/#website"},"primaryImageOfPage":{"@id":"https:\/\/sales-ai-agents.com\/de\/templates\/employee-directory\/#primaryimage"},"image":{"@id":"https:\/\/sales-ai-agents.com\/de\/templates\/employee-directory\/#primaryimage"},"thumbnailUrl":"https:\/\/sales-ai-agents.com\/wp-content\/uploads\/2023\/01\/image-preview122738.png","datePublished":"2022-09-26T12:03:35+00:00","dateModified":"2023-12-27T19:51:23+00:00","description":"Egal, ob Sie Unternehmer oder Personalleiter sind, diese kostenlose, anpassbare Vorlage f\u00fcr ein Mitarbeiterverzeichnis eignet sich perfekt f\u00fcr die Darstellung Ihrer Teamstruktur.","inLanguage":"de-DE","potentialAction":[{"@type":"ReadAction","target":["https:\/\/sales-ai-agents.com\/de\/templates\/employee-directory\/"]}]},{"@type":"ImageObject","inLanguage":"de-DE","@id":"https:\/\/sales-ai-agents.com\/de\/templates\/employee-directory\/#primaryimage","url":"https:\/\/sales-ai-agents.com\/wp-content\/uploads\/2023\/01\/image-preview122738.png","contentUrl":"https:\/\/sales-ai-agents.com\/wp-content\/uploads\/2023\/01\/image-preview122738.png","width":1078,"height":760,"caption":"Employee Directory Template - Nimbus Platform"},{"@type":"WebSite","@id":"https:\/\/sales-ai-agents.com\/#website","url":"https:\/\/sales-ai-agents.com\/","name":"FuseBase","description":"Nimbus Platform - Free Online Collaboration Software for Remote Teams. Build your wikis, client portals and more with the Nimbus Platform collaboration tool ? A perfect space for online work","publisher":{"@id":"https:\/\/sales-ai-agents.com\/#organization"},"potentialAction":[{"@type":"SearchAction","target":{"@type":"EntryPoint","urlTemplate":"https:\/\/sales-ai-agents.com\/?s={search_term_string}"},"query-input":{"@type":"PropertyValueSpecification","valueRequired":true,"valueName":"search_term_string"}}],"inLanguage":"de-DE"},{"@type":"Organization","@id":"https:\/\/sales-ai-agents.com\/#organization","name":"FuseBase","url":"https:\/\/sales-ai-agents.com\/","logo":{"@type":"ImageObject","inLanguage":"de-DE","@id":"https:\/\/sales-ai-agents.com\/#\/schema\/logo\/image\/","url":"https:\/\/sales-ai-agents.com\/wp-content\/uploads\/2023\/11\/icon-7.svg","contentUrl":"https:\/\/sales-ai-agents.com\/wp-content\/uploads\/2023\/11\/icon-7.svg","width":128,"height":128,"caption":"FuseBase"},"image":{"@id":"https:\/\/sales-ai-agents.com\/#\/schema\/logo\/image\/"}}]}},"_links":{"self":[{"href":"https:\/\/sales-ai-agents.com\/de\/wp-json\/wp\/v2\/product\/57927","targetHints":{"allow":["GET"]}}],"collection":[{"href":"https:\/\/sales-ai-agents.com\/de\/wp-json\/wp\/v2\/product"}],"about":[{"href":"https:\/\/sales-ai-agents.com\/de\/wp-json\/wp\/v2\/types\/product"}],"wp:featuredmedia":[{"embeddable":true,"href":"https:\/\/sales-ai-agents.com\/de\/wp-json\/wp\/v2\/media\/20758"}],"wp:attachment":[{"href":"https:\/\/sales-ai-agents.com\/de\/wp-json\/wp\/v2\/media?parent=57927"}],"wp:term":[{"taxonomy":"product_brand","embeddable":true,"href":"https:\/\/sales-ai-agents.com\/de\/wp-json\/wp\/v2\/product_brand?post=57927"},{"taxonomy":"product_cat","embeddable":true,"href":"https:\/\/sales-ai-agents.com\/de\/wp-json\/wp\/v2\/product_cat?post=57927"},{"taxonomy":"product_tag","embeddable":true,"href":"https:\/\/sales-ai-agents.com\/de\/wp-json\/wp\/v2\/product_tag?post=57927"}],"curies":[{"name":"wp","href":"https:\/\/api.w.org\/{rel}","templated":true}]}}