{"id":57930,"date":"2022-09-26T12:03:32","date_gmt":"2022-09-26T12:03:32","guid":{"rendered":"https:\/\/sales-ai-agents.com\/templates\/candidate-interview\/"},"modified":"2023-12-27T14:45:45","modified_gmt":"2023-12-27T14:45:45","slug":"candidate-interview","status":"publish","type":"product","link":"https:\/\/sales-ai-agents.com\/de\/templates\/candidate-interview\/","title":{"rendered":"Interview mit Bewerbern"},"content":{"rendered":"<p>&nbsp;<\/p>\n<h2>Vorlage f\u00fcr Bewerberinterviews<\/h2>\n<p class=\"desc-text\">W\u00e4hrend des Einstellungsverfahrens kann es vorkommen, dass f\u00fcr eine Stelle mehrere Screenings mit verschiedenen Teammitgliedern erforderlich sind. Bei so vielen verschiedenen Schritten kann man sich leicht verirren oder den \u00dcberblick verlieren. Deshalb haben wir diese Vorlage erstellt, damit Ihr Team nach jedem Gespr\u00e4ch miteinander kommunizieren und sich gegenseitig informieren kann. Optimieren Sie Ihre Prozesse, damit Ihr gesamtes Team die richtigen Einstellungsentscheidungen treffen kann.<\/p>\n<h5>Wie zu verwenden:<\/h5>\n<ul class=\"desc-item_list\">\n<li class=\"desc-item_list__point\">Enthalten Sie wichtige Informationen \u00fcber die Bewerber<\/li>\n<li class=\"desc-item_list__point\">Verkn\u00fcpfung von Konten in sozialen Medien und Hochladen von Lebensl\u00e4ufen<\/li>\n<li class=\"desc-item_list__point\">Verwenden Sie Kontrollk\u00e4stchen, um einen Zeitplan f\u00fcr Interviews zu erstellen<\/li>\n<li class=\"desc-item_list__point\">Geben Sie Daten und Zeiten f\u00fcr Interviews an<\/li>\n<li class=\"desc-item_list__point\">Markieren Sie die Beteiligten f\u00fcr einen bequemen Zugang<\/li>\n<li class=\"desc-item_list__point\">Kreuzen Sie nach jedem Interview die entsprechenden K\u00e4stchen an<\/li>\n<li class=\"desc-item_list__point\">Notizen am unteren Rand hinzuf\u00fcgen<\/li>\n<li class=\"desc-item_list__point\">Kommunizieren Sie mit Ihrem Team \u00fcber die n\u00e4chsten Schritte<\/li>\n<\/ul>\n","protected":false},"excerpt":{"rendered":"<p>Bei der Einstellung k\u00f6nnen f\u00fcr eine Stelle mehrere Screenings mit einem Team erforderlich sein. Verwenden Sie diese Vorlage, damit Ihr Team nach jedem Gespr\u00e4ch miteinander kommunizieren und sich gegenseitig informieren kann.<\/p>\n","protected":false},"featured_media":20750,"template":"","meta":{"_acf_changed":false,"inline_featured_image":false},"product_brand":[],"product_cat":[177,178],"product_tag":[],"class_list":{"0":"post-57930","1":"product","2":"type-product","3":"status-publish","4":"has-post-thumbnail","6":"product_cat-meeting","7":"product_cat-operations-hr","9":"first","10":"instock","11":"virtual","12":"sold-individually","13":"product-type-simple"},"acf":[],"yoast_head":"<!-- This site is optimized with the Yoast SEO plugin v25.3.1 - https:\/\/yoast.com\/wordpress\/plugins\/seo\/ -->\n<title>Vorlage f\u00fcr ein Vorstellungsgespr\u00e4ch - Sales AI Agents<\/title>\n<meta name=\"description\" content=\"Bei der Einstellung k\u00f6nnen f\u00fcr eine Stelle mehrere Screenings mit einem Team erforderlich sein. Verwenden Sie diese Vorlage, damit Ihr Team nach jedem Gespr\u00e4ch miteinander kommunizieren kann.\" \/>\n<meta name=\"robots\" content=\"index, follow, max-snippet:-1, max-image-preview:large, max-video-preview:-1\" \/>\n<link rel=\"canonical\" href=\"https:\/\/sales-ai-agents.com\/de\/templates\/candidate-interview\/\" \/>\n<meta property=\"og:locale\" content=\"de_DE\" \/>\n<meta property=\"og:type\" content=\"article\" \/>\n<meta property=\"og:title\" content=\"Vorlage f\u00fcr ein Vorstellungsgespr\u00e4ch - Sales AI Agents\" \/>\n<meta property=\"og:description\" content=\"Bei der Einstellung k\u00f6nnen f\u00fcr eine Stelle mehrere Screenings mit einem Team erforderlich sein. Verwenden Sie diese Vorlage, damit Ihr Team nach jedem Gespr\u00e4ch miteinander kommunizieren kann.\" \/>\n<meta property=\"og:url\" content=\"https:\/\/sales-ai-agents.com\/de\/templates\/candidate-interview\/\" \/>\n<meta property=\"og:site_name\" content=\"Sales AI Agents\" \/>\n<meta property=\"article:modified_time\" content=\"2023-12-27T14:45:45+00:00\" \/>\n<meta property=\"og:image\" content=\"https:\/\/sales-ai-agents.com\/wp-content\/uploads\/2023\/01\/image-preview122701.png\" \/>\n\t<meta property=\"og:image:width\" content=\"1078\" \/>\n\t<meta property=\"og:image:height\" content=\"969\" \/>\n\t<meta property=\"og:image:type\" content=\"image\/png\" \/>\n<meta name=\"twitter:card\" content=\"summary_large_image\" \/>\n<script type=\"application\/ld+json\" class=\"yoast-schema-graph\">{\"@context\":\"https:\/\/schema.org\",\"@graph\":[{\"@type\":\"WebPage\",\"@id\":\"https:\/\/sales-ai-agents.com\/de\/templates\/candidate-interview\/\",\"url\":\"https:\/\/sales-ai-agents.com\/de\/templates\/candidate-interview\/\",\"name\":\"Vorlage f\u00fcr ein Vorstellungsgespr\u00e4ch - Sales AI Agents\",\"isPartOf\":{\"@id\":\"https:\/\/sales-ai-agents.com\/#website\"},\"primaryImageOfPage\":{\"@id\":\"https:\/\/sales-ai-agents.com\/de\/templates\/candidate-interview\/#primaryimage\"},\"image\":{\"@id\":\"https:\/\/sales-ai-agents.com\/de\/templates\/candidate-interview\/#primaryimage\"},\"thumbnailUrl\":\"https:\/\/sales-ai-agents.com\/wp-content\/uploads\/2023\/01\/image-preview122701.png\",\"datePublished\":\"2022-09-26T12:03:32+00:00\",\"dateModified\":\"2023-12-27T14:45:45+00:00\",\"description\":\"Bei der Einstellung k\u00f6nnen f\u00fcr eine Stelle mehrere Screenings mit einem Team erforderlich sein. Verwenden Sie diese Vorlage, damit Ihr Team nach jedem Gespr\u00e4ch miteinander kommunizieren kann.\",\"inLanguage\":\"de-DE\",\"potentialAction\":[{\"@type\":\"ReadAction\",\"target\":[\"https:\/\/sales-ai-agents.com\/de\/templates\/candidate-interview\/\"]}]},{\"@type\":\"ImageObject\",\"inLanguage\":\"de-DE\",\"@id\":\"https:\/\/sales-ai-agents.com\/de\/templates\/candidate-interview\/#primaryimage\",\"url\":\"https:\/\/sales-ai-agents.com\/wp-content\/uploads\/2023\/01\/image-preview122701.png\",\"contentUrl\":\"https:\/\/sales-ai-agents.com\/wp-content\/uploads\/2023\/01\/image-preview122701.png\",\"width\":1078,\"height\":969,\"caption\":\"Candidate Interview Template - Nimbus Platform\"},{\"@type\":\"WebSite\",\"@id\":\"https:\/\/sales-ai-agents.com\/#website\",\"url\":\"https:\/\/sales-ai-agents.com\/\",\"name\":\"FuseBase\",\"description\":\"Nimbus Platform - Free Online Collaboration Software for Remote Teams. Build your wikis, client portals and more with the Nimbus Platform collaboration tool ? A perfect space for online work\",\"publisher\":{\"@id\":\"https:\/\/sales-ai-agents.com\/#organization\"},\"potentialAction\":[{\"@type\":\"SearchAction\",\"target\":{\"@type\":\"EntryPoint\",\"urlTemplate\":\"https:\/\/sales-ai-agents.com\/?s={search_term_string}\"},\"query-input\":{\"@type\":\"PropertyValueSpecification\",\"valueRequired\":true,\"valueName\":\"search_term_string\"}}],\"inLanguage\":\"de-DE\"},{\"@type\":\"Organization\",\"@id\":\"https:\/\/sales-ai-agents.com\/#organization\",\"name\":\"FuseBase\",\"url\":\"https:\/\/sales-ai-agents.com\/\",\"logo\":{\"@type\":\"ImageObject\",\"inLanguage\":\"de-DE\",\"@id\":\"https:\/\/sales-ai-agents.com\/#\/schema\/logo\/image\/\",\"url\":\"https:\/\/sales-ai-agents.com\/wp-content\/uploads\/2023\/11\/icon-7.svg\",\"contentUrl\":\"https:\/\/sales-ai-agents.com\/wp-content\/uploads\/2023\/11\/icon-7.svg\",\"width\":128,\"height\":128,\"caption\":\"FuseBase\"},\"image\":{\"@id\":\"https:\/\/sales-ai-agents.com\/#\/schema\/logo\/image\/\"}}]}<\/script>\n<!-- \/ Yoast SEO plugin. -->","yoast_head_json":{"title":"Vorlage f\u00fcr ein Vorstellungsgespr\u00e4ch - Sales AI Agents","description":"Bei der Einstellung k\u00f6nnen f\u00fcr eine Stelle mehrere Screenings mit einem Team erforderlich sein. Verwenden Sie diese Vorlage, damit Ihr Team nach jedem Gespr\u00e4ch miteinander kommunizieren kann.","robots":{"index":"index","follow":"follow","max-snippet":"max-snippet:-1","max-image-preview":"max-image-preview:large","max-video-preview":"max-video-preview:-1"},"canonical":"https:\/\/sales-ai-agents.com\/de\/templates\/candidate-interview\/","og_locale":"de_DE","og_type":"article","og_title":"Vorlage f\u00fcr ein Vorstellungsgespr\u00e4ch - Sales AI Agents","og_description":"Bei der Einstellung k\u00f6nnen f\u00fcr eine Stelle mehrere Screenings mit einem Team erforderlich sein. Verwenden Sie diese Vorlage, damit Ihr Team nach jedem Gespr\u00e4ch miteinander kommunizieren kann.","og_url":"https:\/\/sales-ai-agents.com\/de\/templates\/candidate-interview\/","og_site_name":"Sales AI Agents","article_modified_time":"2023-12-27T14:45:45+00:00","og_image":[{"width":1078,"height":969,"url":"https:\/\/sales-ai-agents.com\/wp-content\/uploads\/2023\/01\/image-preview122701.png","type":"image\/png"}],"twitter_card":"summary_large_image","schema":{"@context":"https:\/\/schema.org","@graph":[{"@type":"WebPage","@id":"https:\/\/sales-ai-agents.com\/de\/templates\/candidate-interview\/","url":"https:\/\/sales-ai-agents.com\/de\/templates\/candidate-interview\/","name":"Vorlage f\u00fcr ein Vorstellungsgespr\u00e4ch - Sales AI Agents","isPartOf":{"@id":"https:\/\/sales-ai-agents.com\/#website"},"primaryImageOfPage":{"@id":"https:\/\/sales-ai-agents.com\/de\/templates\/candidate-interview\/#primaryimage"},"image":{"@id":"https:\/\/sales-ai-agents.com\/de\/templates\/candidate-interview\/#primaryimage"},"thumbnailUrl":"https:\/\/sales-ai-agents.com\/wp-content\/uploads\/2023\/01\/image-preview122701.png","datePublished":"2022-09-26T12:03:32+00:00","dateModified":"2023-12-27T14:45:45+00:00","description":"Bei der Einstellung k\u00f6nnen f\u00fcr eine Stelle mehrere Screenings mit einem Team erforderlich sein. Verwenden Sie diese Vorlage, damit Ihr Team nach jedem Gespr\u00e4ch miteinander kommunizieren kann.","inLanguage":"de-DE","potentialAction":[{"@type":"ReadAction","target":["https:\/\/sales-ai-agents.com\/de\/templates\/candidate-interview\/"]}]},{"@type":"ImageObject","inLanguage":"de-DE","@id":"https:\/\/sales-ai-agents.com\/de\/templates\/candidate-interview\/#primaryimage","url":"https:\/\/sales-ai-agents.com\/wp-content\/uploads\/2023\/01\/image-preview122701.png","contentUrl":"https:\/\/sales-ai-agents.com\/wp-content\/uploads\/2023\/01\/image-preview122701.png","width":1078,"height":969,"caption":"Candidate Interview Template - Nimbus Platform"},{"@type":"WebSite","@id":"https:\/\/sales-ai-agents.com\/#website","url":"https:\/\/sales-ai-agents.com\/","name":"FuseBase","description":"Nimbus Platform - Free Online Collaboration Software for Remote Teams. Build your wikis, client portals and more with the Nimbus Platform collaboration tool ? A perfect space for online work","publisher":{"@id":"https:\/\/sales-ai-agents.com\/#organization"},"potentialAction":[{"@type":"SearchAction","target":{"@type":"EntryPoint","urlTemplate":"https:\/\/sales-ai-agents.com\/?s={search_term_string}"},"query-input":{"@type":"PropertyValueSpecification","valueRequired":true,"valueName":"search_term_string"}}],"inLanguage":"de-DE"},{"@type":"Organization","@id":"https:\/\/sales-ai-agents.com\/#organization","name":"FuseBase","url":"https:\/\/sales-ai-agents.com\/","logo":{"@type":"ImageObject","inLanguage":"de-DE","@id":"https:\/\/sales-ai-agents.com\/#\/schema\/logo\/image\/","url":"https:\/\/sales-ai-agents.com\/wp-content\/uploads\/2023\/11\/icon-7.svg","contentUrl":"https:\/\/sales-ai-agents.com\/wp-content\/uploads\/2023\/11\/icon-7.svg","width":128,"height":128,"caption":"FuseBase"},"image":{"@id":"https:\/\/sales-ai-agents.com\/#\/schema\/logo\/image\/"}}]}},"_links":{"self":[{"href":"https:\/\/sales-ai-agents.com\/de\/wp-json\/wp\/v2\/product\/57930","targetHints":{"allow":["GET"]}}],"collection":[{"href":"https:\/\/sales-ai-agents.com\/de\/wp-json\/wp\/v2\/product"}],"about":[{"href":"https:\/\/sales-ai-agents.com\/de\/wp-json\/wp\/v2\/types\/product"}],"wp:featuredmedia":[{"embeddable":true,"href":"https:\/\/sales-ai-agents.com\/de\/wp-json\/wp\/v2\/media\/20750"}],"wp:attachment":[{"href":"https:\/\/sales-ai-agents.com\/de\/wp-json\/wp\/v2\/media?parent=57930"}],"wp:term":[{"taxonomy":"product_brand","embeddable":true,"href":"https:\/\/sales-ai-agents.com\/de\/wp-json\/wp\/v2\/product_brand?post=57930"},{"taxonomy":"product_cat","embeddable":true,"href":"https:\/\/sales-ai-agents.com\/de\/wp-json\/wp\/v2\/product_cat?post=57930"},{"taxonomy":"product_tag","embeddable":true,"href":"https:\/\/sales-ai-agents.com\/de\/wp-json\/wp\/v2\/product_tag?post=57930"}],"curies":[{"name":"wp","href":"https:\/\/api.w.org\/{rel}","templated":true}]}}