{"id":57933,"date":"2022-09-26T12:03:29","date_gmt":"2022-09-26T12:03:29","guid":{"rendered":"https:\/\/sales-ai-agents.com\/templates\/consolidate-job-descriptions-2\/"},"modified":"2023-12-27T14:45:03","modified_gmt":"2023-12-27T14:45:03","slug":"consolidate-job-descriptions-2","status":"publish","type":"product","link":"https:\/\/sales-ai-agents.com\/de\/templates\/consolidate-job-descriptions-2\/","title":{"rendered":"Arbeitsbeschreibung"},"content":{"rendered":"<p>&nbsp;<\/p>\n<h2>Vorlage f\u00fcr eine Stellenbeschreibung<\/h2>\n<p class=\"desc-text\">Erstellen Sie umfassende Stellenausschreibungen mit Hilfe unserer Vorlage f\u00fcr Stellenbeschreibungen. Verwenden Sie diese Vorlage, um Informationen \u00fcber offene Rollen zu organisieren. Stellenausschreibungen erm\u00f6glichen es Bewerbern, mehr \u00fcber Ihr Unternehmen und Ihre Stellen zu erfahren. Fassen Sie Ihre Ziele zusammen und machen Sie alles einfach lesbar, indem Sie unsere strukturierten Tabellen verwenden. Stellen Sie die Vorlage auf die Website Ihres Unternehmens, damit sie leicht weitergegeben werden kann. Organisieren Sie alle Details, damit Sie Klarheit \u00fcber die Rollen in Ihrem Unternehmen schaffen k\u00f6nnen.<\/p>\n<h5>Wie zu verwenden:<\/h5>\n<ul class=\"desc-item_list\">\n<li class=\"desc-item_list__point\">Geben Sie die wichtigsten Informationen \u00fcber die Stelle an<\/li>\n<li class=\"desc-item_list__point\">Zusammenarbeit mit Ihrem Team bei der Ausarbeitung von Aufgaben<\/li>\n<li class=\"desc-item_list__point\">Verfassen einer Aufgabenbeschreibung, von Anforderungen und Verantwortlichkeiten<\/li>\n<li class=\"desc-item_list__point\">Kontaktinformationen einf\u00fcgen<\/li>\n<li class=\"desc-item_list__point\">Verwenden Sie farbige Etiketten zur Kennzeichnung der Kategorie<\/li>\n<\/ul>\n","protected":false},"excerpt":{"rendered":"<p>Erstellen Sie umfassende Stellenausschreibungen, indem Sie unsere kostenlose anpassbare Vorlage f\u00fcr Stellenbeschreibungen ausprobieren. Verwenden Sie diese Vorlage, um Informationen \u00fcber offene Rollen zu organisieren.<\/p>\n","protected":false},"featured_media":33973,"template":"","meta":{"_acf_changed":false,"inline_featured_image":false},"product_brand":[],"product_cat":[178],"product_tag":[],"class_list":{"0":"post-57933","1":"product","2":"type-product","3":"status-publish","4":"has-post-thumbnail","6":"product_cat-operations-hr","8":"first","9":"instock","10":"virtual","11":"sold-individually","12":"product-type-simple"},"acf":[],"yoast_head":"<!-- This site is optimized with the Yoast SEO plugin v25.3.1 - https:\/\/yoast.com\/wordpress\/plugins\/seo\/ -->\n<title>Vorlage f\u00fcr eine Stellenbeschreibung - Sales AI Agents<\/title>\n<meta name=\"description\" content=\"Erstellen Sie umfassende Stellenausschreibungen, indem Sie unsere kostenlose anpassbare Vorlage f\u00fcr Stellenbeschreibungen ausprobieren. Verwenden Sie diese Vorlage, um Informationen \u00fcber offene Rollen zu organisieren.\" \/>\n<meta name=\"robots\" content=\"index, follow, max-snippet:-1, max-image-preview:large, max-video-preview:-1\" \/>\n<link rel=\"canonical\" href=\"https:\/\/sales-ai-agents.com\/de\/templates\/consolidate-job-descriptions-2\/\" \/>\n<meta property=\"og:locale\" content=\"de_DE\" \/>\n<meta property=\"og:type\" content=\"article\" \/>\n<meta property=\"og:title\" content=\"Vorlage f\u00fcr eine Stellenbeschreibung - Sales AI Agents\" \/>\n<meta property=\"og:description\" content=\"Erstellen Sie umfassende Stellenausschreibungen, indem Sie unsere kostenlose anpassbare Vorlage f\u00fcr Stellenbeschreibungen ausprobieren. Verwenden Sie diese Vorlage, um Informationen \u00fcber offene Rollen zu organisieren.\" \/>\n<meta property=\"og:url\" content=\"https:\/\/sales-ai-agents.com\/de\/templates\/consolidate-job-descriptions-2\/\" \/>\n<meta property=\"og:site_name\" content=\"Sales AI Agents\" \/>\n<meta property=\"article:modified_time\" content=\"2023-12-27T14:45:03+00:00\" \/>\n<meta property=\"og:image\" content=\"https:\/\/sales-ai-agents.com\/wp-content\/uploads\/2022\/09\/Job-Description-Template.png\" \/>\n\t<meta property=\"og:image:width\" content=\"1700\" \/>\n\t<meta property=\"og:image:height\" content=\"1100\" \/>\n\t<meta property=\"og:image:type\" content=\"image\/png\" \/>\n<meta name=\"twitter:card\" content=\"summary_large_image\" \/>\n<script type=\"application\/ld+json\" class=\"yoast-schema-graph\">{\"@context\":\"https:\/\/schema.org\",\"@graph\":[{\"@type\":\"WebPage\",\"@id\":\"https:\/\/sales-ai-agents.com\/de\/templates\/consolidate-job-descriptions-2\/\",\"url\":\"https:\/\/sales-ai-agents.com\/de\/templates\/consolidate-job-descriptions-2\/\",\"name\":\"Vorlage f\u00fcr eine Stellenbeschreibung - Sales AI Agents\",\"isPartOf\":{\"@id\":\"https:\/\/sales-ai-agents.com\/#website\"},\"primaryImageOfPage\":{\"@id\":\"https:\/\/sales-ai-agents.com\/de\/templates\/consolidate-job-descriptions-2\/#primaryimage\"},\"image\":{\"@id\":\"https:\/\/sales-ai-agents.com\/de\/templates\/consolidate-job-descriptions-2\/#primaryimage\"},\"thumbnailUrl\":\"https:\/\/sales-ai-agents.com\/wp-content\/uploads\/2022\/09\/Job-Description-Template.png\",\"datePublished\":\"2022-09-26T12:03:29+00:00\",\"dateModified\":\"2023-12-27T14:45:03+00:00\",\"description\":\"Erstellen Sie umfassende Stellenausschreibungen, indem Sie unsere kostenlose anpassbare Vorlage f\u00fcr Stellenbeschreibungen ausprobieren. Verwenden Sie diese Vorlage, um Informationen \u00fcber offene Rollen zu organisieren.\",\"inLanguage\":\"de-DE\",\"potentialAction\":[{\"@type\":\"ReadAction\",\"target\":[\"https:\/\/sales-ai-agents.com\/de\/templates\/consolidate-job-descriptions-2\/\"]}]},{\"@type\":\"ImageObject\",\"inLanguage\":\"de-DE\",\"@id\":\"https:\/\/sales-ai-agents.com\/de\/templates\/consolidate-job-descriptions-2\/#primaryimage\",\"url\":\"https:\/\/sales-ai-agents.com\/wp-content\/uploads\/2022\/09\/Job-Description-Template.png\",\"contentUrl\":\"https:\/\/sales-ai-agents.com\/wp-content\/uploads\/2022\/09\/Job-Description-Template.png\",\"width\":1700,\"height\":1100,\"caption\":\"Job Description Template - Nimbus Platform\"},{\"@type\":\"WebSite\",\"@id\":\"https:\/\/sales-ai-agents.com\/#website\",\"url\":\"https:\/\/sales-ai-agents.com\/\",\"name\":\"FuseBase\",\"description\":\"Nimbus Platform - Free Online Collaboration Software for Remote Teams. Build your wikis, client portals and more with the Nimbus Platform collaboration tool ? A perfect space for online work\",\"publisher\":{\"@id\":\"https:\/\/sales-ai-agents.com\/#organization\"},\"potentialAction\":[{\"@type\":\"SearchAction\",\"target\":{\"@type\":\"EntryPoint\",\"urlTemplate\":\"https:\/\/sales-ai-agents.com\/?s={search_term_string}\"},\"query-input\":{\"@type\":\"PropertyValueSpecification\",\"valueRequired\":true,\"valueName\":\"search_term_string\"}}],\"inLanguage\":\"de-DE\"},{\"@type\":\"Organization\",\"@id\":\"https:\/\/sales-ai-agents.com\/#organization\",\"name\":\"FuseBase\",\"url\":\"https:\/\/sales-ai-agents.com\/\",\"logo\":{\"@type\":\"ImageObject\",\"inLanguage\":\"de-DE\",\"@id\":\"https:\/\/sales-ai-agents.com\/#\/schema\/logo\/image\/\",\"url\":\"https:\/\/sales-ai-agents.com\/wp-content\/uploads\/2023\/11\/icon-7.svg\",\"contentUrl\":\"https:\/\/sales-ai-agents.com\/wp-content\/uploads\/2023\/11\/icon-7.svg\",\"width\":128,\"height\":128,\"caption\":\"FuseBase\"},\"image\":{\"@id\":\"https:\/\/sales-ai-agents.com\/#\/schema\/logo\/image\/\"}}]}<\/script>\n<!-- \/ Yoast SEO plugin. -->","yoast_head_json":{"title":"Vorlage f\u00fcr eine Stellenbeschreibung - Sales AI Agents","description":"Erstellen Sie umfassende Stellenausschreibungen, indem Sie unsere kostenlose anpassbare Vorlage f\u00fcr Stellenbeschreibungen ausprobieren. Verwenden Sie diese Vorlage, um Informationen \u00fcber offene Rollen zu organisieren.","robots":{"index":"index","follow":"follow","max-snippet":"max-snippet:-1","max-image-preview":"max-image-preview:large","max-video-preview":"max-video-preview:-1"},"canonical":"https:\/\/sales-ai-agents.com\/de\/templates\/consolidate-job-descriptions-2\/","og_locale":"de_DE","og_type":"article","og_title":"Vorlage f\u00fcr eine Stellenbeschreibung - Sales AI Agents","og_description":"Erstellen Sie umfassende Stellenausschreibungen, indem Sie unsere kostenlose anpassbare Vorlage f\u00fcr Stellenbeschreibungen ausprobieren. Verwenden Sie diese Vorlage, um Informationen \u00fcber offene Rollen zu organisieren.","og_url":"https:\/\/sales-ai-agents.com\/de\/templates\/consolidate-job-descriptions-2\/","og_site_name":"Sales AI Agents","article_modified_time":"2023-12-27T14:45:03+00:00","og_image":[{"width":1700,"height":1100,"url":"https:\/\/sales-ai-agents.com\/wp-content\/uploads\/2022\/09\/Job-Description-Template.png","type":"image\/png"}],"twitter_card":"summary_large_image","schema":{"@context":"https:\/\/schema.org","@graph":[{"@type":"WebPage","@id":"https:\/\/sales-ai-agents.com\/de\/templates\/consolidate-job-descriptions-2\/","url":"https:\/\/sales-ai-agents.com\/de\/templates\/consolidate-job-descriptions-2\/","name":"Vorlage f\u00fcr eine Stellenbeschreibung - Sales AI Agents","isPartOf":{"@id":"https:\/\/sales-ai-agents.com\/#website"},"primaryImageOfPage":{"@id":"https:\/\/sales-ai-agents.com\/de\/templates\/consolidate-job-descriptions-2\/#primaryimage"},"image":{"@id":"https:\/\/sales-ai-agents.com\/de\/templates\/consolidate-job-descriptions-2\/#primaryimage"},"thumbnailUrl":"https:\/\/sales-ai-agents.com\/wp-content\/uploads\/2022\/09\/Job-Description-Template.png","datePublished":"2022-09-26T12:03:29+00:00","dateModified":"2023-12-27T14:45:03+00:00","description":"Erstellen Sie umfassende Stellenausschreibungen, indem Sie unsere kostenlose anpassbare Vorlage f\u00fcr Stellenbeschreibungen ausprobieren. Verwenden Sie diese Vorlage, um Informationen \u00fcber offene Rollen zu organisieren.","inLanguage":"de-DE","potentialAction":[{"@type":"ReadAction","target":["https:\/\/sales-ai-agents.com\/de\/templates\/consolidate-job-descriptions-2\/"]}]},{"@type":"ImageObject","inLanguage":"de-DE","@id":"https:\/\/sales-ai-agents.com\/de\/templates\/consolidate-job-descriptions-2\/#primaryimage","url":"https:\/\/sales-ai-agents.com\/wp-content\/uploads\/2022\/09\/Job-Description-Template.png","contentUrl":"https:\/\/sales-ai-agents.com\/wp-content\/uploads\/2022\/09\/Job-Description-Template.png","width":1700,"height":1100,"caption":"Job Description Template - Nimbus Platform"},{"@type":"WebSite","@id":"https:\/\/sales-ai-agents.com\/#website","url":"https:\/\/sales-ai-agents.com\/","name":"FuseBase","description":"Nimbus Platform - Free Online Collaboration Software for Remote Teams. Build your wikis, client portals and more with the Nimbus Platform collaboration tool ? A perfect space for online work","publisher":{"@id":"https:\/\/sales-ai-agents.com\/#organization"},"potentialAction":[{"@type":"SearchAction","target":{"@type":"EntryPoint","urlTemplate":"https:\/\/sales-ai-agents.com\/?s={search_term_string}"},"query-input":{"@type":"PropertyValueSpecification","valueRequired":true,"valueName":"search_term_string"}}],"inLanguage":"de-DE"},{"@type":"Organization","@id":"https:\/\/sales-ai-agents.com\/#organization","name":"FuseBase","url":"https:\/\/sales-ai-agents.com\/","logo":{"@type":"ImageObject","inLanguage":"de-DE","@id":"https:\/\/sales-ai-agents.com\/#\/schema\/logo\/image\/","url":"https:\/\/sales-ai-agents.com\/wp-content\/uploads\/2023\/11\/icon-7.svg","contentUrl":"https:\/\/sales-ai-agents.com\/wp-content\/uploads\/2023\/11\/icon-7.svg","width":128,"height":128,"caption":"FuseBase"},"image":{"@id":"https:\/\/sales-ai-agents.com\/#\/schema\/logo\/image\/"}}]}},"_links":{"self":[{"href":"https:\/\/sales-ai-agents.com\/de\/wp-json\/wp\/v2\/product\/57933","targetHints":{"allow":["GET"]}}],"collection":[{"href":"https:\/\/sales-ai-agents.com\/de\/wp-json\/wp\/v2\/product"}],"about":[{"href":"https:\/\/sales-ai-agents.com\/de\/wp-json\/wp\/v2\/types\/product"}],"wp:featuredmedia":[{"embeddable":true,"href":"https:\/\/sales-ai-agents.com\/de\/wp-json\/wp\/v2\/media\/33973"}],"wp:attachment":[{"href":"https:\/\/sales-ai-agents.com\/de\/wp-json\/wp\/v2\/media?parent=57933"}],"wp:term":[{"taxonomy":"product_brand","embeddable":true,"href":"https:\/\/sales-ai-agents.com\/de\/wp-json\/wp\/v2\/product_brand?post=57933"},{"taxonomy":"product_cat","embeddable":true,"href":"https:\/\/sales-ai-agents.com\/de\/wp-json\/wp\/v2\/product_cat?post=57933"},{"taxonomy":"product_tag","embeddable":true,"href":"https:\/\/sales-ai-agents.com\/de\/wp-json\/wp\/v2\/product_tag?post=57933"}],"curies":[{"name":"wp","href":"https:\/\/api.w.org\/{rel}","templated":true}]}}