{"id":57937,"date":"2022-09-26T12:03:26","date_gmt":"2022-09-26T12:03:26","guid":{"rendered":"https:\/\/sales-ai-agents.com\/templates\/user-story-table\/"},"modified":"2023-12-27T15:10:40","modified_gmt":"2023-12-27T15:10:40","slug":"user-story-table","status":"publish","type":"product","link":"https:\/\/sales-ai-agents.com\/de\/templates\/user-story-table\/","title":{"rendered":"User-Story-Tabelle"},"content":{"rendered":"<p>&nbsp;<\/p>\n<h2>User Story-Tabellenvorlage<\/h2>\n<p class=\"desc-text\">Diese Vorlage erm\u00f6glicht es Ihnen, wichtige Informationen \u00fcber Ihre Zielpersonen festzulegen. Indem Sie die W\u00fcnsche und Probleme Ihrer Zielgruppe erfassen, kann Ihr Team deren Bed\u00fcrfnisse bei der Entwicklung ber\u00fccksichtigen. Dieses Dokument sollte anhand von Daten und Recherchen ausgef\u00fcllt werden. Arbeiten Sie gemeinsam mit Ihrem Team an der Erstellung von Kundenprofilen, damit Sie ein Produkt entwickeln k\u00f6nnen, das besser auf Ihre Nutzer abgestimmt ist.<\/p>\n<h5>Wie zu verwenden:<\/h5>\n<ul class=\"desc-item_list\">\n<li class=\"desc-item_list__point\">Laden Sie ein Bild Ihres Motivs hoch<\/li>\n<li class=\"desc-item_list__point\">F\u00fcgen Sie eine Biographie \u00fcber ihren Hintergrund ein<\/li>\n<li class=\"desc-item_list__point\">F\u00fcllen Sie die Tabelle mit wichtigen Fakten aus<\/li>\n<li class=\"desc-item_list__point\">Ziele, W\u00fcnsche und Probleme auflisten<\/li>\n<li class=\"desc-item_list__point\">Notieren Sie alle Ressourcen, die sie derzeit nutzen k\u00f6nnten<\/li>\n<\/ul>\n","protected":false},"excerpt":{"rendered":"<p>Diese Vorlage hilft Ihnen, wichtige Informationen \u00fcber Ihre Zielpersona darzulegen. Erfassen Sie die W\u00fcnsche und Probleme der Zielgruppe und entwickeln Sie ein perfektes Design.<\/p>\n","protected":false},"featured_media":34244,"template":"","meta":{"_acf_changed":false,"inline_featured_image":false},"product_brand":[],"product_cat":[171,172,186],"product_tag":[],"class_list":{"0":"post-57937","1":"product","2":"type-product","3":"status-publish","4":"has-post-thumbnail","6":"product_cat-marketing","7":"product_cat-marketing-analysis","8":"product_cat-product","10":"first","11":"instock","12":"virtual","13":"sold-individually","14":"product-type-simple"},"acf":[],"yoast_head":"<!-- This site is optimized with the Yoast SEO plugin v25.3.1 - https:\/\/yoast.com\/wordpress\/plugins\/seo\/ -->\n<title>Benutzergeschichten-Tabellenvorlage - Sales AI Agents<\/title>\n<meta name=\"description\" content=\"Diese Vorlage hilft Ihnen, wichtige Informationen \u00fcber Ihre Zielpersona darzulegen. Erfassen Sie die W\u00fcnsche und Probleme der Zielgruppe und entwerfen Sie ein perfektes Design!\" \/>\n<meta name=\"robots\" content=\"index, follow, max-snippet:-1, max-image-preview:large, max-video-preview:-1\" \/>\n<link rel=\"canonical\" href=\"https:\/\/sales-ai-agents.com\/de\/templates\/user-story-table\/\" \/>\n<meta property=\"og:locale\" content=\"de_DE\" \/>\n<meta property=\"og:type\" content=\"article\" \/>\n<meta property=\"og:title\" content=\"Benutzergeschichten-Tabellenvorlage - Sales AI Agents\" \/>\n<meta property=\"og:description\" content=\"Diese Vorlage hilft Ihnen, wichtige Informationen \u00fcber Ihre Zielpersona darzulegen. Erfassen Sie die W\u00fcnsche und Probleme der Zielgruppe und entwerfen Sie ein perfektes Design!\" \/>\n<meta property=\"og:url\" content=\"https:\/\/sales-ai-agents.com\/de\/templates\/user-story-table\/\" \/>\n<meta property=\"og:site_name\" content=\"Sales AI Agents\" \/>\n<meta property=\"article:modified_time\" content=\"2023-12-27T15:10:40+00:00\" \/>\n<meta property=\"og:image\" content=\"https:\/\/sales-ai-agents.com\/wp-content\/uploads\/2022\/09\/User-Story-Table-Template.png\" \/>\n\t<meta property=\"og:image:width\" content=\"1700\" \/>\n\t<meta property=\"og:image:height\" content=\"1100\" \/>\n\t<meta property=\"og:image:type\" content=\"image\/png\" \/>\n<meta name=\"twitter:card\" content=\"summary_large_image\" \/>\n<script type=\"application\/ld+json\" class=\"yoast-schema-graph\">{\"@context\":\"https:\/\/schema.org\",\"@graph\":[{\"@type\":\"WebPage\",\"@id\":\"https:\/\/sales-ai-agents.com\/de\/templates\/user-story-table\/\",\"url\":\"https:\/\/sales-ai-agents.com\/de\/templates\/user-story-table\/\",\"name\":\"Benutzergeschichten-Tabellenvorlage - Sales AI Agents\",\"isPartOf\":{\"@id\":\"https:\/\/sales-ai-agents.com\/#website\"},\"primaryImageOfPage\":{\"@id\":\"https:\/\/sales-ai-agents.com\/de\/templates\/user-story-table\/#primaryimage\"},\"image\":{\"@id\":\"https:\/\/sales-ai-agents.com\/de\/templates\/user-story-table\/#primaryimage\"},\"thumbnailUrl\":\"https:\/\/sales-ai-agents.com\/wp-content\/uploads\/2022\/09\/User-Story-Table-Template.png\",\"datePublished\":\"2022-09-26T12:03:26+00:00\",\"dateModified\":\"2023-12-27T15:10:40+00:00\",\"description\":\"Diese Vorlage hilft Ihnen, wichtige Informationen \u00fcber Ihre Zielpersona darzulegen. Erfassen Sie die W\u00fcnsche und Probleme der Zielgruppe und entwerfen Sie ein perfektes Design!\",\"inLanguage\":\"de-DE\",\"potentialAction\":[{\"@type\":\"ReadAction\",\"target\":[\"https:\/\/sales-ai-agents.com\/de\/templates\/user-story-table\/\"]}]},{\"@type\":\"ImageObject\",\"inLanguage\":\"de-DE\",\"@id\":\"https:\/\/sales-ai-agents.com\/de\/templates\/user-story-table\/#primaryimage\",\"url\":\"https:\/\/sales-ai-agents.com\/wp-content\/uploads\/2022\/09\/User-Story-Table-Template.png\",\"contentUrl\":\"https:\/\/sales-ai-agents.com\/wp-content\/uploads\/2022\/09\/User-Story-Table-Template.png\",\"width\":1700,\"height\":1100,\"caption\":\"Capture the desires and pain points of the intended audience and create a perfect design.\"},{\"@type\":\"WebSite\",\"@id\":\"https:\/\/sales-ai-agents.com\/#website\",\"url\":\"https:\/\/sales-ai-agents.com\/\",\"name\":\"FuseBase\",\"description\":\"Nimbus Platform - Free Online Collaboration Software for Remote Teams. Build your wikis, client portals and more with the Nimbus Platform collaboration tool ? A perfect space for online work\",\"publisher\":{\"@id\":\"https:\/\/sales-ai-agents.com\/#organization\"},\"potentialAction\":[{\"@type\":\"SearchAction\",\"target\":{\"@type\":\"EntryPoint\",\"urlTemplate\":\"https:\/\/sales-ai-agents.com\/?s={search_term_string}\"},\"query-input\":{\"@type\":\"PropertyValueSpecification\",\"valueRequired\":true,\"valueName\":\"search_term_string\"}}],\"inLanguage\":\"de-DE\"},{\"@type\":\"Organization\",\"@id\":\"https:\/\/sales-ai-agents.com\/#organization\",\"name\":\"FuseBase\",\"url\":\"https:\/\/sales-ai-agents.com\/\",\"logo\":{\"@type\":\"ImageObject\",\"inLanguage\":\"de-DE\",\"@id\":\"https:\/\/sales-ai-agents.com\/#\/schema\/logo\/image\/\",\"url\":\"https:\/\/sales-ai-agents.com\/wp-content\/uploads\/2023\/11\/icon-7.svg\",\"contentUrl\":\"https:\/\/sales-ai-agents.com\/wp-content\/uploads\/2023\/11\/icon-7.svg\",\"width\":128,\"height\":128,\"caption\":\"FuseBase\"},\"image\":{\"@id\":\"https:\/\/sales-ai-agents.com\/#\/schema\/logo\/image\/\"}}]}<\/script>\n<!-- \/ Yoast SEO plugin. -->","yoast_head_json":{"title":"Benutzergeschichten-Tabellenvorlage - Sales AI Agents","description":"Diese Vorlage hilft Ihnen, wichtige Informationen \u00fcber Ihre Zielpersona darzulegen. Erfassen Sie die W\u00fcnsche und Probleme der Zielgruppe und entwerfen Sie ein perfektes Design!","robots":{"index":"index","follow":"follow","max-snippet":"max-snippet:-1","max-image-preview":"max-image-preview:large","max-video-preview":"max-video-preview:-1"},"canonical":"https:\/\/sales-ai-agents.com\/de\/templates\/user-story-table\/","og_locale":"de_DE","og_type":"article","og_title":"Benutzergeschichten-Tabellenvorlage - Sales AI Agents","og_description":"Diese Vorlage hilft Ihnen, wichtige Informationen \u00fcber Ihre Zielpersona darzulegen. Erfassen Sie die W\u00fcnsche und Probleme der Zielgruppe und entwerfen Sie ein perfektes Design!","og_url":"https:\/\/sales-ai-agents.com\/de\/templates\/user-story-table\/","og_site_name":"Sales AI Agents","article_modified_time":"2023-12-27T15:10:40+00:00","og_image":[{"width":1700,"height":1100,"url":"https:\/\/sales-ai-agents.com\/wp-content\/uploads\/2022\/09\/User-Story-Table-Template.png","type":"image\/png"}],"twitter_card":"summary_large_image","schema":{"@context":"https:\/\/schema.org","@graph":[{"@type":"WebPage","@id":"https:\/\/sales-ai-agents.com\/de\/templates\/user-story-table\/","url":"https:\/\/sales-ai-agents.com\/de\/templates\/user-story-table\/","name":"Benutzergeschichten-Tabellenvorlage - Sales AI Agents","isPartOf":{"@id":"https:\/\/sales-ai-agents.com\/#website"},"primaryImageOfPage":{"@id":"https:\/\/sales-ai-agents.com\/de\/templates\/user-story-table\/#primaryimage"},"image":{"@id":"https:\/\/sales-ai-agents.com\/de\/templates\/user-story-table\/#primaryimage"},"thumbnailUrl":"https:\/\/sales-ai-agents.com\/wp-content\/uploads\/2022\/09\/User-Story-Table-Template.png","datePublished":"2022-09-26T12:03:26+00:00","dateModified":"2023-12-27T15:10:40+00:00","description":"Diese Vorlage hilft Ihnen, wichtige Informationen \u00fcber Ihre Zielpersona darzulegen. Erfassen Sie die W\u00fcnsche und Probleme der Zielgruppe und entwerfen Sie ein perfektes Design!","inLanguage":"de-DE","potentialAction":[{"@type":"ReadAction","target":["https:\/\/sales-ai-agents.com\/de\/templates\/user-story-table\/"]}]},{"@type":"ImageObject","inLanguage":"de-DE","@id":"https:\/\/sales-ai-agents.com\/de\/templates\/user-story-table\/#primaryimage","url":"https:\/\/sales-ai-agents.com\/wp-content\/uploads\/2022\/09\/User-Story-Table-Template.png","contentUrl":"https:\/\/sales-ai-agents.com\/wp-content\/uploads\/2022\/09\/User-Story-Table-Template.png","width":1700,"height":1100,"caption":"Capture the desires and pain points of the intended audience and create a perfect design."},{"@type":"WebSite","@id":"https:\/\/sales-ai-agents.com\/#website","url":"https:\/\/sales-ai-agents.com\/","name":"FuseBase","description":"Nimbus Platform - Free Online Collaboration Software for Remote Teams. Build your wikis, client portals and more with the Nimbus Platform collaboration tool ? A perfect space for online work","publisher":{"@id":"https:\/\/sales-ai-agents.com\/#organization"},"potentialAction":[{"@type":"SearchAction","target":{"@type":"EntryPoint","urlTemplate":"https:\/\/sales-ai-agents.com\/?s={search_term_string}"},"query-input":{"@type":"PropertyValueSpecification","valueRequired":true,"valueName":"search_term_string"}}],"inLanguage":"de-DE"},{"@type":"Organization","@id":"https:\/\/sales-ai-agents.com\/#organization","name":"FuseBase","url":"https:\/\/sales-ai-agents.com\/","logo":{"@type":"ImageObject","inLanguage":"de-DE","@id":"https:\/\/sales-ai-agents.com\/#\/schema\/logo\/image\/","url":"https:\/\/sales-ai-agents.com\/wp-content\/uploads\/2023\/11\/icon-7.svg","contentUrl":"https:\/\/sales-ai-agents.com\/wp-content\/uploads\/2023\/11\/icon-7.svg","width":128,"height":128,"caption":"FuseBase"},"image":{"@id":"https:\/\/sales-ai-agents.com\/#\/schema\/logo\/image\/"}}]}},"_links":{"self":[{"href":"https:\/\/sales-ai-agents.com\/de\/wp-json\/wp\/v2\/product\/57937","targetHints":{"allow":["GET"]}}],"collection":[{"href":"https:\/\/sales-ai-agents.com\/de\/wp-json\/wp\/v2\/product"}],"about":[{"href":"https:\/\/sales-ai-agents.com\/de\/wp-json\/wp\/v2\/types\/product"}],"wp:featuredmedia":[{"embeddable":true,"href":"https:\/\/sales-ai-agents.com\/de\/wp-json\/wp\/v2\/media\/34244"}],"wp:attachment":[{"href":"https:\/\/sales-ai-agents.com\/de\/wp-json\/wp\/v2\/media?parent=57937"}],"wp:term":[{"taxonomy":"product_brand","embeddable":true,"href":"https:\/\/sales-ai-agents.com\/de\/wp-json\/wp\/v2\/product_brand?post=57937"},{"taxonomy":"product_cat","embeddable":true,"href":"https:\/\/sales-ai-agents.com\/de\/wp-json\/wp\/v2\/product_cat?post=57937"},{"taxonomy":"product_tag","embeddable":true,"href":"https:\/\/sales-ai-agents.com\/de\/wp-json\/wp\/v2\/product_tag?post=57937"}],"curies":[{"name":"wp","href":"https:\/\/api.w.org\/{rel}","templated":true}]}}