{"id":57942,"date":"2022-09-26T12:03:22","date_gmt":"2022-09-26T12:03:22","guid":{"rendered":"https:\/\/sales-ai-agents.com\/templates\/lesson-plan-2\/"},"modified":"2023-12-26T14:58:25","modified_gmt":"2023-12-26T14:58:25","slug":"lesson-plan-2","status":"publish","type":"product","link":"https:\/\/sales-ai-agents.com\/de\/templates\/lesson-plan-2\/","title":{"rendered":"Lektionsplan"},"content":{"rendered":"<p>&nbsp;<\/p>\n<h2>Lektionsplan-Vorlage<\/h2>\n<p class=\"desc-text\">Die Erstellung von Unterrichtspl\u00e4nen ohne ein Lehrer-Toolkit ist zeitaufw\u00e4ndig. Das Unterrichten erfordert eine sorgf\u00e4ltige Organisation, Zeitmanagement und eine gut durchdachte Unterrichtsstrategie. Es ist wichtig, alle Schritte zu planen. Aus diesem Grund haben wir diese praktische Unterrichtsvorlage erstellt. F\u00fcllen Sie es mit Ideen, Notizen und Pl\u00e4nen, bevor Sie unterrichten. Ziehen Sie es als Referenz im Klassenzimmer heran. Verwenden Sie es als Online-Lehrer-Stundenplaner, wenn Sie aus der Ferne arbeiten. Leiten Sie Ihre Klasse an, damit sie auf Kurs bleibt und ihre Ziele erreicht.<\/p>\n<h5>Wie zu verwenden:<\/h5>\n<ul class=\"desc-item_list\">\n<li class=\"desc-item_list__point\">F\u00fcgen Sie Details zu Ihrem Unterricht hinzu<\/li>\n<li class=\"desc-item_list__point\">F\u00fcgen Sie Ihre Lehrplanziele hinzu<\/li>\n<li class=\"desc-item_list__point\">Detaillierte Angaben zu jeder Aufgabe und Aktivit\u00e4t<\/li>\n<li class=\"desc-item_list__point\">Vergessen Sie nicht, die Zeit f\u00fcr jede Aufgabe aufzulisten<\/li>\n<li class=\"desc-item_list__point\">Notieren Sie die f\u00fcr den Unterricht ben\u00f6tigten Materialien<\/li>\n<li class=\"desc-item_list__point\">Notieren Sie sich Referenzen wie Websites, B\u00fccher, Lernsoftware und mehr.<\/li>\n<\/ul>\n","protected":false},"excerpt":{"rendered":"<p>Die Erstellung von Unterrichtspl\u00e4nen kann f\u00fcr Lehrer zeitaufw\u00e4ndig sein. Deshalb haben wir diese praktische Unterrichtsplanvorlage erstellt, die Ihnen die Organisation des Unterrichts erleichtert.<\/p>\n","protected":false},"featured_media":20742,"template":"","meta":{"_acf_changed":false,"inline_featured_image":false},"product_brand":[],"product_cat":[198,197],"product_tag":[],"class_list":{"0":"post-57942","1":"product","2":"type-product","3":"status-publish","4":"has-post-thumbnail","6":"product_cat-teacher","7":"product_cat-student","9":"first","10":"instock","11":"virtual","12":"sold-individually","13":"product-type-simple"},"acf":[],"yoast_head":"<!-- This site is optimized with the Yoast SEO plugin v25.3.1 - https:\/\/yoast.com\/wordpress\/plugins\/seo\/ -->\n<title>Lektionsplan-Vorlage - Sales AI Agents<\/title>\n<meta name=\"description\" content=\"Die Erstellung von Unterrichtspl\u00e4nen kann f\u00fcr Lehrer zeitaufw\u00e4ndig sein. Deshalb haben wir diese praktische Unterrichtsplanvorlage erstellt, die Ihnen die Organisation des Unterrichts erleichtert.\" \/>\n<meta name=\"robots\" content=\"index, follow, max-snippet:-1, max-image-preview:large, max-video-preview:-1\" \/>\n<link rel=\"canonical\" href=\"https:\/\/sales-ai-agents.com\/de\/templates\/lesson-plan-2\/\" \/>\n<meta property=\"og:locale\" content=\"de_DE\" \/>\n<meta property=\"og:type\" content=\"article\" \/>\n<meta property=\"og:title\" content=\"Lektionsplan-Vorlage - Sales AI Agents\" \/>\n<meta property=\"og:description\" content=\"Die Erstellung von Unterrichtspl\u00e4nen kann f\u00fcr Lehrer zeitaufw\u00e4ndig sein. Deshalb haben wir diese praktische Unterrichtsplanvorlage erstellt, die Ihnen die Organisation des Unterrichts erleichtert.\" \/>\n<meta property=\"og:url\" content=\"https:\/\/sales-ai-agents.com\/de\/templates\/lesson-plan-2\/\" \/>\n<meta property=\"og:site_name\" content=\"Sales AI Agents\" \/>\n<meta property=\"article:modified_time\" content=\"2023-12-26T14:58:25+00:00\" \/>\n<meta property=\"og:image\" content=\"https:\/\/sales-ai-agents.com\/wp-content\/uploads\/2023\/01\/image-preview122634.png\" \/>\n\t<meta property=\"og:image:width\" content=\"1078\" \/>\n\t<meta property=\"og:image:height\" content=\"1262\" \/>\n\t<meta property=\"og:image:type\" content=\"image\/png\" \/>\n<meta name=\"twitter:card\" content=\"summary_large_image\" \/>\n<script type=\"application\/ld+json\" class=\"yoast-schema-graph\">{\"@context\":\"https:\/\/schema.org\",\"@graph\":[{\"@type\":\"WebPage\",\"@id\":\"https:\/\/sales-ai-agents.com\/de\/templates\/lesson-plan-2\/\",\"url\":\"https:\/\/sales-ai-agents.com\/de\/templates\/lesson-plan-2\/\",\"name\":\"Lektionsplan-Vorlage - Sales AI Agents\",\"isPartOf\":{\"@id\":\"https:\/\/sales-ai-agents.com\/#website\"},\"primaryImageOfPage\":{\"@id\":\"https:\/\/sales-ai-agents.com\/de\/templates\/lesson-plan-2\/#primaryimage\"},\"image\":{\"@id\":\"https:\/\/sales-ai-agents.com\/de\/templates\/lesson-plan-2\/#primaryimage\"},\"thumbnailUrl\":\"https:\/\/sales-ai-agents.com\/wp-content\/uploads\/2023\/01\/image-preview122634.png\",\"datePublished\":\"2022-09-26T12:03:22+00:00\",\"dateModified\":\"2023-12-26T14:58:25+00:00\",\"description\":\"Die Erstellung von Unterrichtspl\u00e4nen kann f\u00fcr Lehrer zeitaufw\u00e4ndig sein. Deshalb haben wir diese praktische Unterrichtsplanvorlage erstellt, die Ihnen die Organisation des Unterrichts erleichtert.\",\"inLanguage\":\"de-DE\",\"potentialAction\":[{\"@type\":\"ReadAction\",\"target\":[\"https:\/\/sales-ai-agents.com\/de\/templates\/lesson-plan-2\/\"]}]},{\"@type\":\"ImageObject\",\"inLanguage\":\"de-DE\",\"@id\":\"https:\/\/sales-ai-agents.com\/de\/templates\/lesson-plan-2\/#primaryimage\",\"url\":\"https:\/\/sales-ai-agents.com\/wp-content\/uploads\/2023\/01\/image-preview122634.png\",\"contentUrl\":\"https:\/\/sales-ai-agents.com\/wp-content\/uploads\/2023\/01\/image-preview122634.png\",\"width\":1078,\"height\":1262,\"caption\":\"Lesson Plan Template - Nimbus Platform\"},{\"@type\":\"WebSite\",\"@id\":\"https:\/\/sales-ai-agents.com\/#website\",\"url\":\"https:\/\/sales-ai-agents.com\/\",\"name\":\"FuseBase\",\"description\":\"Nimbus Platform - Free Online Collaboration Software for Remote Teams. Build your wikis, client portals and more with the Nimbus Platform collaboration tool ? A perfect space for online work\",\"publisher\":{\"@id\":\"https:\/\/sales-ai-agents.com\/#organization\"},\"potentialAction\":[{\"@type\":\"SearchAction\",\"target\":{\"@type\":\"EntryPoint\",\"urlTemplate\":\"https:\/\/sales-ai-agents.com\/?s={search_term_string}\"},\"query-input\":{\"@type\":\"PropertyValueSpecification\",\"valueRequired\":true,\"valueName\":\"search_term_string\"}}],\"inLanguage\":\"de-DE\"},{\"@type\":\"Organization\",\"@id\":\"https:\/\/sales-ai-agents.com\/#organization\",\"name\":\"FuseBase\",\"url\":\"https:\/\/sales-ai-agents.com\/\",\"logo\":{\"@type\":\"ImageObject\",\"inLanguage\":\"de-DE\",\"@id\":\"https:\/\/sales-ai-agents.com\/#\/schema\/logo\/image\/\",\"url\":\"https:\/\/sales-ai-agents.com\/wp-content\/uploads\/2023\/11\/icon-7.svg\",\"contentUrl\":\"https:\/\/sales-ai-agents.com\/wp-content\/uploads\/2023\/11\/icon-7.svg\",\"width\":128,\"height\":128,\"caption\":\"FuseBase\"},\"image\":{\"@id\":\"https:\/\/sales-ai-agents.com\/#\/schema\/logo\/image\/\"}}]}<\/script>\n<!-- \/ Yoast SEO plugin. -->","yoast_head_json":{"title":"Lektionsplan-Vorlage - Sales AI Agents","description":"Die Erstellung von Unterrichtspl\u00e4nen kann f\u00fcr Lehrer zeitaufw\u00e4ndig sein. Deshalb haben wir diese praktische Unterrichtsplanvorlage erstellt, die Ihnen die Organisation des Unterrichts erleichtert.","robots":{"index":"index","follow":"follow","max-snippet":"max-snippet:-1","max-image-preview":"max-image-preview:large","max-video-preview":"max-video-preview:-1"},"canonical":"https:\/\/sales-ai-agents.com\/de\/templates\/lesson-plan-2\/","og_locale":"de_DE","og_type":"article","og_title":"Lektionsplan-Vorlage - Sales AI Agents","og_description":"Die Erstellung von Unterrichtspl\u00e4nen kann f\u00fcr Lehrer zeitaufw\u00e4ndig sein. Deshalb haben wir diese praktische Unterrichtsplanvorlage erstellt, die Ihnen die Organisation des Unterrichts erleichtert.","og_url":"https:\/\/sales-ai-agents.com\/de\/templates\/lesson-plan-2\/","og_site_name":"Sales AI Agents","article_modified_time":"2023-12-26T14:58:25+00:00","og_image":[{"width":1078,"height":1262,"url":"https:\/\/sales-ai-agents.com\/wp-content\/uploads\/2023\/01\/image-preview122634.png","type":"image\/png"}],"twitter_card":"summary_large_image","schema":{"@context":"https:\/\/schema.org","@graph":[{"@type":"WebPage","@id":"https:\/\/sales-ai-agents.com\/de\/templates\/lesson-plan-2\/","url":"https:\/\/sales-ai-agents.com\/de\/templates\/lesson-plan-2\/","name":"Lektionsplan-Vorlage - Sales AI Agents","isPartOf":{"@id":"https:\/\/sales-ai-agents.com\/#website"},"primaryImageOfPage":{"@id":"https:\/\/sales-ai-agents.com\/de\/templates\/lesson-plan-2\/#primaryimage"},"image":{"@id":"https:\/\/sales-ai-agents.com\/de\/templates\/lesson-plan-2\/#primaryimage"},"thumbnailUrl":"https:\/\/sales-ai-agents.com\/wp-content\/uploads\/2023\/01\/image-preview122634.png","datePublished":"2022-09-26T12:03:22+00:00","dateModified":"2023-12-26T14:58:25+00:00","description":"Die Erstellung von Unterrichtspl\u00e4nen kann f\u00fcr Lehrer zeitaufw\u00e4ndig sein. Deshalb haben wir diese praktische Unterrichtsplanvorlage erstellt, die Ihnen die Organisation des Unterrichts erleichtert.","inLanguage":"de-DE","potentialAction":[{"@type":"ReadAction","target":["https:\/\/sales-ai-agents.com\/de\/templates\/lesson-plan-2\/"]}]},{"@type":"ImageObject","inLanguage":"de-DE","@id":"https:\/\/sales-ai-agents.com\/de\/templates\/lesson-plan-2\/#primaryimage","url":"https:\/\/sales-ai-agents.com\/wp-content\/uploads\/2023\/01\/image-preview122634.png","contentUrl":"https:\/\/sales-ai-agents.com\/wp-content\/uploads\/2023\/01\/image-preview122634.png","width":1078,"height":1262,"caption":"Lesson Plan Template - Nimbus Platform"},{"@type":"WebSite","@id":"https:\/\/sales-ai-agents.com\/#website","url":"https:\/\/sales-ai-agents.com\/","name":"FuseBase","description":"Nimbus Platform - Free Online Collaboration Software for Remote Teams. Build your wikis, client portals and more with the Nimbus Platform collaboration tool ? A perfect space for online work","publisher":{"@id":"https:\/\/sales-ai-agents.com\/#organization"},"potentialAction":[{"@type":"SearchAction","target":{"@type":"EntryPoint","urlTemplate":"https:\/\/sales-ai-agents.com\/?s={search_term_string}"},"query-input":{"@type":"PropertyValueSpecification","valueRequired":true,"valueName":"search_term_string"}}],"inLanguage":"de-DE"},{"@type":"Organization","@id":"https:\/\/sales-ai-agents.com\/#organization","name":"FuseBase","url":"https:\/\/sales-ai-agents.com\/","logo":{"@type":"ImageObject","inLanguage":"de-DE","@id":"https:\/\/sales-ai-agents.com\/#\/schema\/logo\/image\/","url":"https:\/\/sales-ai-agents.com\/wp-content\/uploads\/2023\/11\/icon-7.svg","contentUrl":"https:\/\/sales-ai-agents.com\/wp-content\/uploads\/2023\/11\/icon-7.svg","width":128,"height":128,"caption":"FuseBase"},"image":{"@id":"https:\/\/sales-ai-agents.com\/#\/schema\/logo\/image\/"}}]}},"_links":{"self":[{"href":"https:\/\/sales-ai-agents.com\/de\/wp-json\/wp\/v2\/product\/57942","targetHints":{"allow":["GET"]}}],"collection":[{"href":"https:\/\/sales-ai-agents.com\/de\/wp-json\/wp\/v2\/product"}],"about":[{"href":"https:\/\/sales-ai-agents.com\/de\/wp-json\/wp\/v2\/types\/product"}],"wp:featuredmedia":[{"embeddable":true,"href":"https:\/\/sales-ai-agents.com\/de\/wp-json\/wp\/v2\/media\/20742"}],"wp:attachment":[{"href":"https:\/\/sales-ai-agents.com\/de\/wp-json\/wp\/v2\/media?parent=57942"}],"wp:term":[{"taxonomy":"product_brand","embeddable":true,"href":"https:\/\/sales-ai-agents.com\/de\/wp-json\/wp\/v2\/product_brand?post=57942"},{"taxonomy":"product_cat","embeddable":true,"href":"https:\/\/sales-ai-agents.com\/de\/wp-json\/wp\/v2\/product_cat?post=57942"},{"taxonomy":"product_tag","embeddable":true,"href":"https:\/\/sales-ai-agents.com\/de\/wp-json\/wp\/v2\/product_tag?post=57942"}],"curies":[{"name":"wp","href":"https:\/\/api.w.org\/{rel}","templated":true}]}}