{"id":57945,"date":"2022-09-26T12:03:18","date_gmt":"2022-09-26T12:03:18","guid":{"rendered":"https:\/\/sales-ai-agents.com\/templates\/design-brief\/"},"modified":"2023-12-26T20:36:16","modified_gmt":"2023-12-26T20:36:16","slug":"design-brief","status":"publish","type":"product","link":"https:\/\/sales-ai-agents.com\/de\/templates\/design-brief\/","title":{"rendered":"Briefentwurf"},"content":{"rendered":"<p>&nbsp;<\/p>\n<h2>Design Brief Vorlage<\/h2>\n<p class=\"desc-text\">Ein Designbriefing kann Ihnen helfen, Ihre Projekte zu steuern und Ihre Ideen zu organisieren. Diese Vorlage erm\u00f6glicht es Ihnen, Ihre Entw\u00fcrfe zu planen. Teilen Sie die Vorlage mit Ihren Kunden, damit Sie gemeinsam ein Brainstorming durchf\u00fchren k\u00f6nnen. Mit einer effektiven Planung k\u00f6nnen Sie eine Gliederung erstellen, die die Marke und die Botschaft Ihres Kunden erfolgreich vermittelt.<\/p>\n<h5>Wie zu verwenden:<\/h5>\n<ul class=\"desc-item_list\">\n<li class=\"desc-item_list__point\">F\u00fcgen Sie ein Bild Ihres Kunden und seiner Marke hinzu<\/li>\n<li class=\"desc-item_list__point\">Beschreiben Sie ihr Markenimage und ihre Pers\u00f6nlichkeit<\/li>\n<li class=\"desc-item_list__point\">Enthalten Sie wichtige Details \u00fcber die Zielgruppe<\/li>\n<li class=\"desc-item_list__point\">Ideen f\u00fcr die kreative Ausrichtung Ihres Projekts hinzuf\u00fcgen<\/li>\n<li class=\"desc-item_list__point\">Bilder hochladen und als Inspiration verwenden<\/li>\n<\/ul>\n","protected":false},"excerpt":{"rendered":"<p>Eine Vorlage f\u00fcr Design Briefs kann Ihnen helfen, Ihre Projekte zu leiten und zu organisieren. Teilen Sie die Vorlage mit Ihren Kunden, damit Sie gemeinsam ein Brainstorming durchf\u00fchren k\u00f6nnen!<\/p>\n","protected":false},"featured_media":20740,"template":"","meta":{"_acf_changed":false,"inline_featured_image":false},"product_brand":[],"product_cat":[165],"product_tag":[],"class_list":{"0":"post-57945","1":"product","2":"type-product","3":"status-publish","4":"has-post-thumbnail","6":"product_cat-designer","8":"first","9":"instock","10":"virtual","11":"sold-individually","12":"product-type-simple"},"acf":[],"yoast_head":"<!-- This site is optimized with the Yoast SEO plugin v25.3.1 - https:\/\/yoast.com\/wordpress\/plugins\/seo\/ -->\n<title>Design Brief Vorlage - Sales AI Agents<\/title>\n<meta name=\"description\" content=\"Eine Vorlage f\u00fcr Design Briefs kann Ihnen helfen, Ihre Projekte zu leiten und zu organisieren. Teilen Sie die Vorlage mit Ihren Kunden, damit Sie gemeinsam ein Brainstorming durchf\u00fchren k\u00f6nnen!\" \/>\n<meta name=\"robots\" content=\"index, follow, max-snippet:-1, max-image-preview:large, max-video-preview:-1\" \/>\n<link rel=\"canonical\" href=\"https:\/\/sales-ai-agents.com\/de\/templates\/design-brief\/\" \/>\n<meta property=\"og:locale\" content=\"de_DE\" \/>\n<meta property=\"og:type\" content=\"article\" \/>\n<meta property=\"og:title\" content=\"Design Brief Vorlage - Sales AI Agents\" \/>\n<meta property=\"og:description\" content=\"Eine Vorlage f\u00fcr Design Briefs kann Ihnen helfen, Ihre Projekte zu leiten und zu organisieren. Teilen Sie die Vorlage mit Ihren Kunden, damit Sie gemeinsam ein Brainstorming durchf\u00fchren k\u00f6nnen!\" \/>\n<meta property=\"og:url\" content=\"https:\/\/sales-ai-agents.com\/de\/templates\/design-brief\/\" \/>\n<meta property=\"og:site_name\" content=\"Sales AI Agents\" \/>\n<meta property=\"article:modified_time\" content=\"2023-12-26T20:36:16+00:00\" \/>\n<meta property=\"og:image\" content=\"https:\/\/sales-ai-agents.com\/wp-content\/uploads\/2023\/01\/image-preview122631.png\" \/>\n\t<meta property=\"og:image:width\" content=\"1078\" \/>\n\t<meta property=\"og:image:height\" content=\"2668\" \/>\n\t<meta property=\"og:image:type\" content=\"image\/png\" \/>\n<meta name=\"twitter:card\" content=\"summary_large_image\" \/>\n<script type=\"application\/ld+json\" class=\"yoast-schema-graph\">{\"@context\":\"https:\/\/schema.org\",\"@graph\":[{\"@type\":\"WebPage\",\"@id\":\"https:\/\/sales-ai-agents.com\/de\/templates\/design-brief\/\",\"url\":\"https:\/\/sales-ai-agents.com\/de\/templates\/design-brief\/\",\"name\":\"Design Brief Vorlage - Sales AI Agents\",\"isPartOf\":{\"@id\":\"https:\/\/sales-ai-agents.com\/#website\"},\"primaryImageOfPage\":{\"@id\":\"https:\/\/sales-ai-agents.com\/de\/templates\/design-brief\/#primaryimage\"},\"image\":{\"@id\":\"https:\/\/sales-ai-agents.com\/de\/templates\/design-brief\/#primaryimage\"},\"thumbnailUrl\":\"https:\/\/sales-ai-agents.com\/wp-content\/uploads\/2023\/01\/image-preview122631.png\",\"datePublished\":\"2022-09-26T12:03:18+00:00\",\"dateModified\":\"2023-12-26T20:36:16+00:00\",\"description\":\"Eine Vorlage f\u00fcr Design Briefs kann Ihnen helfen, Ihre Projekte zu leiten und zu organisieren. Teilen Sie die Vorlage mit Ihren Kunden, damit Sie gemeinsam ein Brainstorming durchf\u00fchren k\u00f6nnen!\",\"inLanguage\":\"de-DE\",\"potentialAction\":[{\"@type\":\"ReadAction\",\"target\":[\"https:\/\/sales-ai-agents.com\/de\/templates\/design-brief\/\"]}]},{\"@type\":\"ImageObject\",\"inLanguage\":\"de-DE\",\"@id\":\"https:\/\/sales-ai-agents.com\/de\/templates\/design-brief\/#primaryimage\",\"url\":\"https:\/\/sales-ai-agents.com\/wp-content\/uploads\/2023\/01\/image-preview122631.png\",\"contentUrl\":\"https:\/\/sales-ai-agents.com\/wp-content\/uploads\/2023\/01\/image-preview122631.png\",\"width\":1078,\"height\":2668,\"caption\":\"Design Brief Template - Nimbus Platform\"},{\"@type\":\"WebSite\",\"@id\":\"https:\/\/sales-ai-agents.com\/#website\",\"url\":\"https:\/\/sales-ai-agents.com\/\",\"name\":\"FuseBase\",\"description\":\"Nimbus Platform - Free Online Collaboration Software for Remote Teams. Build your wikis, client portals and more with the Nimbus Platform collaboration tool ? A perfect space for online work\",\"publisher\":{\"@id\":\"https:\/\/sales-ai-agents.com\/#organization\"},\"potentialAction\":[{\"@type\":\"SearchAction\",\"target\":{\"@type\":\"EntryPoint\",\"urlTemplate\":\"https:\/\/sales-ai-agents.com\/?s={search_term_string}\"},\"query-input\":{\"@type\":\"PropertyValueSpecification\",\"valueRequired\":true,\"valueName\":\"search_term_string\"}}],\"inLanguage\":\"de-DE\"},{\"@type\":\"Organization\",\"@id\":\"https:\/\/sales-ai-agents.com\/#organization\",\"name\":\"FuseBase\",\"url\":\"https:\/\/sales-ai-agents.com\/\",\"logo\":{\"@type\":\"ImageObject\",\"inLanguage\":\"de-DE\",\"@id\":\"https:\/\/sales-ai-agents.com\/#\/schema\/logo\/image\/\",\"url\":\"https:\/\/sales-ai-agents.com\/wp-content\/uploads\/2023\/11\/icon-7.svg\",\"contentUrl\":\"https:\/\/sales-ai-agents.com\/wp-content\/uploads\/2023\/11\/icon-7.svg\",\"width\":128,\"height\":128,\"caption\":\"FuseBase\"},\"image\":{\"@id\":\"https:\/\/sales-ai-agents.com\/#\/schema\/logo\/image\/\"}}]}<\/script>\n<!-- \/ Yoast SEO plugin. -->","yoast_head_json":{"title":"Design Brief Vorlage - Sales AI Agents","description":"Eine Vorlage f\u00fcr Design Briefs kann Ihnen helfen, Ihre Projekte zu leiten und zu organisieren. Teilen Sie die Vorlage mit Ihren Kunden, damit Sie gemeinsam ein Brainstorming durchf\u00fchren k\u00f6nnen!","robots":{"index":"index","follow":"follow","max-snippet":"max-snippet:-1","max-image-preview":"max-image-preview:large","max-video-preview":"max-video-preview:-1"},"canonical":"https:\/\/sales-ai-agents.com\/de\/templates\/design-brief\/","og_locale":"de_DE","og_type":"article","og_title":"Design Brief Vorlage - Sales AI Agents","og_description":"Eine Vorlage f\u00fcr Design Briefs kann Ihnen helfen, Ihre Projekte zu leiten und zu organisieren. Teilen Sie die Vorlage mit Ihren Kunden, damit Sie gemeinsam ein Brainstorming durchf\u00fchren k\u00f6nnen!","og_url":"https:\/\/sales-ai-agents.com\/de\/templates\/design-brief\/","og_site_name":"Sales AI Agents","article_modified_time":"2023-12-26T20:36:16+00:00","og_image":[{"width":1078,"height":2668,"url":"https:\/\/sales-ai-agents.com\/wp-content\/uploads\/2023\/01\/image-preview122631.png","type":"image\/png"}],"twitter_card":"summary_large_image","schema":{"@context":"https:\/\/schema.org","@graph":[{"@type":"WebPage","@id":"https:\/\/sales-ai-agents.com\/de\/templates\/design-brief\/","url":"https:\/\/sales-ai-agents.com\/de\/templates\/design-brief\/","name":"Design Brief Vorlage - Sales AI Agents","isPartOf":{"@id":"https:\/\/sales-ai-agents.com\/#website"},"primaryImageOfPage":{"@id":"https:\/\/sales-ai-agents.com\/de\/templates\/design-brief\/#primaryimage"},"image":{"@id":"https:\/\/sales-ai-agents.com\/de\/templates\/design-brief\/#primaryimage"},"thumbnailUrl":"https:\/\/sales-ai-agents.com\/wp-content\/uploads\/2023\/01\/image-preview122631.png","datePublished":"2022-09-26T12:03:18+00:00","dateModified":"2023-12-26T20:36:16+00:00","description":"Eine Vorlage f\u00fcr Design Briefs kann Ihnen helfen, Ihre Projekte zu leiten und zu organisieren. Teilen Sie die Vorlage mit Ihren Kunden, damit Sie gemeinsam ein Brainstorming durchf\u00fchren k\u00f6nnen!","inLanguage":"de-DE","potentialAction":[{"@type":"ReadAction","target":["https:\/\/sales-ai-agents.com\/de\/templates\/design-brief\/"]}]},{"@type":"ImageObject","inLanguage":"de-DE","@id":"https:\/\/sales-ai-agents.com\/de\/templates\/design-brief\/#primaryimage","url":"https:\/\/sales-ai-agents.com\/wp-content\/uploads\/2023\/01\/image-preview122631.png","contentUrl":"https:\/\/sales-ai-agents.com\/wp-content\/uploads\/2023\/01\/image-preview122631.png","width":1078,"height":2668,"caption":"Design Brief Template - Nimbus Platform"},{"@type":"WebSite","@id":"https:\/\/sales-ai-agents.com\/#website","url":"https:\/\/sales-ai-agents.com\/","name":"FuseBase","description":"Nimbus Platform - Free Online Collaboration Software for Remote Teams. Build your wikis, client portals and more with the Nimbus Platform collaboration tool ? A perfect space for online work","publisher":{"@id":"https:\/\/sales-ai-agents.com\/#organization"},"potentialAction":[{"@type":"SearchAction","target":{"@type":"EntryPoint","urlTemplate":"https:\/\/sales-ai-agents.com\/?s={search_term_string}"},"query-input":{"@type":"PropertyValueSpecification","valueRequired":true,"valueName":"search_term_string"}}],"inLanguage":"de-DE"},{"@type":"Organization","@id":"https:\/\/sales-ai-agents.com\/#organization","name":"FuseBase","url":"https:\/\/sales-ai-agents.com\/","logo":{"@type":"ImageObject","inLanguage":"de-DE","@id":"https:\/\/sales-ai-agents.com\/#\/schema\/logo\/image\/","url":"https:\/\/sales-ai-agents.com\/wp-content\/uploads\/2023\/11\/icon-7.svg","contentUrl":"https:\/\/sales-ai-agents.com\/wp-content\/uploads\/2023\/11\/icon-7.svg","width":128,"height":128,"caption":"FuseBase"},"image":{"@id":"https:\/\/sales-ai-agents.com\/#\/schema\/logo\/image\/"}}]}},"_links":{"self":[{"href":"https:\/\/sales-ai-agents.com\/de\/wp-json\/wp\/v2\/product\/57945","targetHints":{"allow":["GET"]}}],"collection":[{"href":"https:\/\/sales-ai-agents.com\/de\/wp-json\/wp\/v2\/product"}],"about":[{"href":"https:\/\/sales-ai-agents.com\/de\/wp-json\/wp\/v2\/types\/product"}],"wp:featuredmedia":[{"embeddable":true,"href":"https:\/\/sales-ai-agents.com\/de\/wp-json\/wp\/v2\/media\/20740"}],"wp:attachment":[{"href":"https:\/\/sales-ai-agents.com\/de\/wp-json\/wp\/v2\/media?parent=57945"}],"wp:term":[{"taxonomy":"product_brand","embeddable":true,"href":"https:\/\/sales-ai-agents.com\/de\/wp-json\/wp\/v2\/product_brand?post=57945"},{"taxonomy":"product_cat","embeddable":true,"href":"https:\/\/sales-ai-agents.com\/de\/wp-json\/wp\/v2\/product_cat?post=57945"},{"taxonomy":"product_tag","embeddable":true,"href":"https:\/\/sales-ai-agents.com\/de\/wp-json\/wp\/v2\/product_tag?post=57945"}],"curies":[{"name":"wp","href":"https:\/\/api.w.org\/{rel}","templated":true}]}}