{"id":57948,"date":"2022-09-26T12:03:13","date_gmt":"2022-09-26T12:03:13","guid":{"rendered":"https:\/\/sales-ai-agents.com\/templates\/meeting-minutes\/"},"modified":"2023-12-26T15:13:38","modified_gmt":"2023-12-26T15:13:38","slug":"meeting-minutes","status":"publish","type":"product","link":"https:\/\/sales-ai-agents.com\/de\/templates\/meeting-minutes\/","title":{"rendered":"Sitzungsprotokolle"},"content":{"rendered":"<p>&nbsp;<\/p>\n<h2>Vorlage f\u00fcr Sitzungsprotokolle<\/h2>\n<p class=\"desc-text\">Behalten Sie den \u00dcberblick \u00fcber Besprechungen und Protokolle mit dieser einfach zu verwendenden Vorlage. Organisieren Sie die zu besprechenden Themen, damit Sie Probleme mit Ihrem Team leicht l\u00f6sen k\u00f6nnen. \u00dcberlegen Sie sich die n\u00e4chsten Schritte, und stellen Sie sicher, dass Ihr Team auf dem richtigen Weg ist.<\/p>\n<h5>Wie zu verwenden:<\/h5>\n<ul class=\"desc-item_list\">\n<li class=\"desc-item_list__point\">Teilnehmer anmelden<\/li>\n<li class=\"desc-item_list__point\">Ziele und Erwartungen festlegen<\/li>\n<li class=\"desc-item_list__point\">Relevante Diskussionsthemen auflisten<\/li>\n<li class=\"desc-item_list__point\">Erstellen Sie Aktionspunkte, um offene Fragen zu kl\u00e4ren.<\/li>\n<\/ul>\n","protected":false},"excerpt":{"rendered":"<p>Behalten Sie den \u00dcberblick \u00fcber Besprechungen und Protokolle mit dieser kostenlosen, anpassbaren und benutzerfreundlichen Vorlage. Organisieren Sie Diskussionsthemen, damit Sie Probleme mit Ihrem Team l\u00f6sen k\u00f6nnen.<\/p>\n","protected":false},"featured_media":25231,"template":"","meta":{"_acf_changed":false,"inline_featured_image":false},"product_brand":[],"product_cat":[177,178],"product_tag":[],"class_list":{"0":"post-57948","1":"product","2":"type-product","3":"status-publish","4":"has-post-thumbnail","6":"product_cat-meeting","7":"product_cat-operations-hr","9":"first","10":"instock","11":"virtual","12":"sold-individually","13":"product-type-simple"},"acf":[],"yoast_head":"<!-- This site is optimized with the Yoast SEO plugin v25.3.1 - https:\/\/yoast.com\/wordpress\/plugins\/seo\/ -->\n<title>Sitzungsprotokoll Vorlage - Sales AI Agents<\/title>\n<meta name=\"description\" content=\"Behalten Sie den \u00dcberblick \u00fcber Besprechungen und Protokolle mit dieser kostenlosen, anpassbaren und benutzerfreundlichen Vorlage. Organisieren Sie Diskussionsthemen, damit Sie Probleme mit Ihrem Team l\u00f6sen k\u00f6nnen.\" \/>\n<meta name=\"robots\" content=\"index, follow, max-snippet:-1, max-image-preview:large, max-video-preview:-1\" \/>\n<link rel=\"canonical\" href=\"https:\/\/sales-ai-agents.com\/de\/templates\/meeting-minutes\/\" \/>\n<meta property=\"og:locale\" content=\"de_DE\" \/>\n<meta property=\"og:type\" content=\"article\" \/>\n<meta property=\"og:title\" content=\"Sitzungsprotokoll Vorlage - Sales AI Agents\" \/>\n<meta property=\"og:description\" content=\"Behalten Sie den \u00dcberblick \u00fcber Besprechungen und Protokolle mit dieser kostenlosen, anpassbaren und benutzerfreundlichen Vorlage. Organisieren Sie Diskussionsthemen, damit Sie Probleme mit Ihrem Team l\u00f6sen k\u00f6nnen.\" \/>\n<meta property=\"og:url\" content=\"https:\/\/sales-ai-agents.com\/de\/templates\/meeting-minutes\/\" \/>\n<meta property=\"og:site_name\" content=\"Sales AI Agents\" \/>\n<meta property=\"article:modified_time\" content=\"2023-12-26T15:13:38+00:00\" \/>\n<meta property=\"og:image\" content=\"https:\/\/sales-ai-agents.com\/wp-content\/uploads\/2022\/09\/Meeting-Minutes-Template.png\" \/>\n\t<meta property=\"og:image:width\" content=\"1700\" \/>\n\t<meta property=\"og:image:height\" content=\"1100\" \/>\n\t<meta property=\"og:image:type\" content=\"image\/png\" \/>\n<meta name=\"twitter:card\" content=\"summary_large_image\" \/>\n<script type=\"application\/ld+json\" class=\"yoast-schema-graph\">{\"@context\":\"https:\/\/schema.org\",\"@graph\":[{\"@type\":\"WebPage\",\"@id\":\"https:\/\/sales-ai-agents.com\/de\/templates\/meeting-minutes\/\",\"url\":\"https:\/\/sales-ai-agents.com\/de\/templates\/meeting-minutes\/\",\"name\":\"Sitzungsprotokoll Vorlage - Sales AI Agents\",\"isPartOf\":{\"@id\":\"https:\/\/sales-ai-agents.com\/#website\"},\"primaryImageOfPage\":{\"@id\":\"https:\/\/sales-ai-agents.com\/de\/templates\/meeting-minutes\/#primaryimage\"},\"image\":{\"@id\":\"https:\/\/sales-ai-agents.com\/de\/templates\/meeting-minutes\/#primaryimage\"},\"thumbnailUrl\":\"https:\/\/sales-ai-agents.com\/wp-content\/uploads\/2022\/09\/Meeting-Minutes-Template.png\",\"datePublished\":\"2022-09-26T12:03:13+00:00\",\"dateModified\":\"2023-12-26T15:13:38+00:00\",\"description\":\"Behalten Sie den \u00dcberblick \u00fcber Besprechungen und Protokolle mit dieser kostenlosen, anpassbaren und benutzerfreundlichen Vorlage. Organisieren Sie Diskussionsthemen, damit Sie Probleme mit Ihrem Team l\u00f6sen k\u00f6nnen.\",\"inLanguage\":\"de-DE\",\"potentialAction\":[{\"@type\":\"ReadAction\",\"target\":[\"https:\/\/sales-ai-agents.com\/de\/templates\/meeting-minutes\/\"]}]},{\"@type\":\"ImageObject\",\"inLanguage\":\"de-DE\",\"@id\":\"https:\/\/sales-ai-agents.com\/de\/templates\/meeting-minutes\/#primaryimage\",\"url\":\"https:\/\/sales-ai-agents.com\/wp-content\/uploads\/2022\/09\/Meeting-Minutes-Template.png\",\"contentUrl\":\"https:\/\/sales-ai-agents.com\/wp-content\/uploads\/2022\/09\/Meeting-Minutes-Template.png\",\"width\":1700,\"height\":1100,\"caption\":\"Keep track of meetings and minutes with this free customizable easy-to-use template.\"},{\"@type\":\"WebSite\",\"@id\":\"https:\/\/sales-ai-agents.com\/#website\",\"url\":\"https:\/\/sales-ai-agents.com\/\",\"name\":\"FuseBase\",\"description\":\"Nimbus Platform - Free Online Collaboration Software for Remote Teams. Build your wikis, client portals and more with the Nimbus Platform collaboration tool ? A perfect space for online work\",\"publisher\":{\"@id\":\"https:\/\/sales-ai-agents.com\/#organization\"},\"potentialAction\":[{\"@type\":\"SearchAction\",\"target\":{\"@type\":\"EntryPoint\",\"urlTemplate\":\"https:\/\/sales-ai-agents.com\/?s={search_term_string}\"},\"query-input\":{\"@type\":\"PropertyValueSpecification\",\"valueRequired\":true,\"valueName\":\"search_term_string\"}}],\"inLanguage\":\"de-DE\"},{\"@type\":\"Organization\",\"@id\":\"https:\/\/sales-ai-agents.com\/#organization\",\"name\":\"FuseBase\",\"url\":\"https:\/\/sales-ai-agents.com\/\",\"logo\":{\"@type\":\"ImageObject\",\"inLanguage\":\"de-DE\",\"@id\":\"https:\/\/sales-ai-agents.com\/#\/schema\/logo\/image\/\",\"url\":\"https:\/\/sales-ai-agents.com\/wp-content\/uploads\/2023\/11\/icon-7.svg\",\"contentUrl\":\"https:\/\/sales-ai-agents.com\/wp-content\/uploads\/2023\/11\/icon-7.svg\",\"width\":128,\"height\":128,\"caption\":\"FuseBase\"},\"image\":{\"@id\":\"https:\/\/sales-ai-agents.com\/#\/schema\/logo\/image\/\"}}]}<\/script>\n<!-- \/ Yoast SEO plugin. -->","yoast_head_json":{"title":"Sitzungsprotokoll Vorlage - Sales AI Agents","description":"Behalten Sie den \u00dcberblick \u00fcber Besprechungen und Protokolle mit dieser kostenlosen, anpassbaren und benutzerfreundlichen Vorlage. Organisieren Sie Diskussionsthemen, damit Sie Probleme mit Ihrem Team l\u00f6sen k\u00f6nnen.","robots":{"index":"index","follow":"follow","max-snippet":"max-snippet:-1","max-image-preview":"max-image-preview:large","max-video-preview":"max-video-preview:-1"},"canonical":"https:\/\/sales-ai-agents.com\/de\/templates\/meeting-minutes\/","og_locale":"de_DE","og_type":"article","og_title":"Sitzungsprotokoll Vorlage - Sales AI Agents","og_description":"Behalten Sie den \u00dcberblick \u00fcber Besprechungen und Protokolle mit dieser kostenlosen, anpassbaren und benutzerfreundlichen Vorlage. Organisieren Sie Diskussionsthemen, damit Sie Probleme mit Ihrem Team l\u00f6sen k\u00f6nnen.","og_url":"https:\/\/sales-ai-agents.com\/de\/templates\/meeting-minutes\/","og_site_name":"Sales AI Agents","article_modified_time":"2023-12-26T15:13:38+00:00","og_image":[{"width":1700,"height":1100,"url":"https:\/\/sales-ai-agents.com\/wp-content\/uploads\/2022\/09\/Meeting-Minutes-Template.png","type":"image\/png"}],"twitter_card":"summary_large_image","schema":{"@context":"https:\/\/schema.org","@graph":[{"@type":"WebPage","@id":"https:\/\/sales-ai-agents.com\/de\/templates\/meeting-minutes\/","url":"https:\/\/sales-ai-agents.com\/de\/templates\/meeting-minutes\/","name":"Sitzungsprotokoll Vorlage - Sales AI Agents","isPartOf":{"@id":"https:\/\/sales-ai-agents.com\/#website"},"primaryImageOfPage":{"@id":"https:\/\/sales-ai-agents.com\/de\/templates\/meeting-minutes\/#primaryimage"},"image":{"@id":"https:\/\/sales-ai-agents.com\/de\/templates\/meeting-minutes\/#primaryimage"},"thumbnailUrl":"https:\/\/sales-ai-agents.com\/wp-content\/uploads\/2022\/09\/Meeting-Minutes-Template.png","datePublished":"2022-09-26T12:03:13+00:00","dateModified":"2023-12-26T15:13:38+00:00","description":"Behalten Sie den \u00dcberblick \u00fcber Besprechungen und Protokolle mit dieser kostenlosen, anpassbaren und benutzerfreundlichen Vorlage. Organisieren Sie Diskussionsthemen, damit Sie Probleme mit Ihrem Team l\u00f6sen k\u00f6nnen.","inLanguage":"de-DE","potentialAction":[{"@type":"ReadAction","target":["https:\/\/sales-ai-agents.com\/de\/templates\/meeting-minutes\/"]}]},{"@type":"ImageObject","inLanguage":"de-DE","@id":"https:\/\/sales-ai-agents.com\/de\/templates\/meeting-minutes\/#primaryimage","url":"https:\/\/sales-ai-agents.com\/wp-content\/uploads\/2022\/09\/Meeting-Minutes-Template.png","contentUrl":"https:\/\/sales-ai-agents.com\/wp-content\/uploads\/2022\/09\/Meeting-Minutes-Template.png","width":1700,"height":1100,"caption":"Keep track of meetings and minutes with this free customizable easy-to-use template."},{"@type":"WebSite","@id":"https:\/\/sales-ai-agents.com\/#website","url":"https:\/\/sales-ai-agents.com\/","name":"FuseBase","description":"Nimbus Platform - Free Online Collaboration Software for Remote Teams. Build your wikis, client portals and more with the Nimbus Platform collaboration tool ? A perfect space for online work","publisher":{"@id":"https:\/\/sales-ai-agents.com\/#organization"},"potentialAction":[{"@type":"SearchAction","target":{"@type":"EntryPoint","urlTemplate":"https:\/\/sales-ai-agents.com\/?s={search_term_string}"},"query-input":{"@type":"PropertyValueSpecification","valueRequired":true,"valueName":"search_term_string"}}],"inLanguage":"de-DE"},{"@type":"Organization","@id":"https:\/\/sales-ai-agents.com\/#organization","name":"FuseBase","url":"https:\/\/sales-ai-agents.com\/","logo":{"@type":"ImageObject","inLanguage":"de-DE","@id":"https:\/\/sales-ai-agents.com\/#\/schema\/logo\/image\/","url":"https:\/\/sales-ai-agents.com\/wp-content\/uploads\/2023\/11\/icon-7.svg","contentUrl":"https:\/\/sales-ai-agents.com\/wp-content\/uploads\/2023\/11\/icon-7.svg","width":128,"height":128,"caption":"FuseBase"},"image":{"@id":"https:\/\/sales-ai-agents.com\/#\/schema\/logo\/image\/"}}]}},"_links":{"self":[{"href":"https:\/\/sales-ai-agents.com\/de\/wp-json\/wp\/v2\/product\/57948","targetHints":{"allow":["GET"]}}],"collection":[{"href":"https:\/\/sales-ai-agents.com\/de\/wp-json\/wp\/v2\/product"}],"about":[{"href":"https:\/\/sales-ai-agents.com\/de\/wp-json\/wp\/v2\/types\/product"}],"wp:featuredmedia":[{"embeddable":true,"href":"https:\/\/sales-ai-agents.com\/de\/wp-json\/wp\/v2\/media\/25231"}],"wp:attachment":[{"href":"https:\/\/sales-ai-agents.com\/de\/wp-json\/wp\/v2\/media?parent=57948"}],"wp:term":[{"taxonomy":"product_brand","embeddable":true,"href":"https:\/\/sales-ai-agents.com\/de\/wp-json\/wp\/v2\/product_brand?post=57948"},{"taxonomy":"product_cat","embeddable":true,"href":"https:\/\/sales-ai-agents.com\/de\/wp-json\/wp\/v2\/product_cat?post=57948"},{"taxonomy":"product_tag","embeddable":true,"href":"https:\/\/sales-ai-agents.com\/de\/wp-json\/wp\/v2\/product_tag?post=57948"}],"curies":[{"name":"wp","href":"https:\/\/api.w.org\/{rel}","templated":true}]}}